{"id":29536,"date":"2025-08-01T12:31:31","date_gmt":"2025-08-01T10:31:31","guid":{"rendered":"https:\/\/euroalter.com\/by-the-many-scrivi-al-tuo-eurodeputato\/"},"modified":"2025-08-01T12:31:31","modified_gmt":"2025-08-01T10:31:31","slug":"by-the-many-scrivi-al-tuo-eurodeputato","status":"publish","type":"page","link":"https:\/\/euroalter.com\/it\/by-the-many-scrivi-al-tuo-eurodeputato\/","title":{"rendered":"By The Many! Scrivi al tuo eurodeputato"},"content":{"rendered":"\r\n<h2 class=\"wp-block-heading\">Incoraggia il tuo candidato al Parlamento europeo a impegnarsi per un&#8217;Europa creata dai molti!<\/h2>\r\n\r\n\r\n\r\n<p>Inviando direttamente un&#8217;e-mail ai candidati al Parlamento europeo, fai loro capire quanto sia importante per gli elettori come te che siano in linea con i tuoi valori.<br><\/p>\r\n\r\n\r\n\r\n<p>Compila il modulo sottostante con il tuo indirizzo e-mail\/firma e provvederemo noi a inviare l&#8217;e-mail per te. Abbiamo preparato un testo da inviare, ma sentiti libero di personalizzarlo: sar\u00e0 pi\u00f9 probabile che venga letto se \u00e8 originale e unico.<br><\/p>\r\n\r\n\r\n\r\n<p>Chiedi anche ai tuoi amici di inviare un&#8217;e-mail ai loro candidati al Parlamento europeo!<\/p>\r\n\r\n\r\n\r\n<div class=\"wp-block-columns is-style-sixty-forty is-layout-flex wp-container-core-columns-is-layout-1 wp-block-columns-is-layout-flex\">\r\n<div class=\"wp-block-column has-accent-2-background-color has-background is-layout-flow wp-block-column-is-layout-flow\" style=\"flex-basis:40%\">\r\n<script src=\"https:\/\/widget.proca.app\/d\/ep2024_citizen_eualternatives\/eualternatives\/en\"><\/script>\r\n<\/div>\r\n<\/div>\r\n\r\n\r\n\r\n<p>Condividi il nostro badge di impegno qui sotto sul tuo sito web, sui social network o sulle immagini del tuo profilo!<a href=\"https:\/\/drive.google.com\/drive\/folders\/17zmwycN8FewiOERMiwFFq0HgAmI3_2Ow?usp=sharing\"> Clicca qui per scaricare il badge.<\/a><\/p>\r\n\r\n\r\n\r\n<figure class=\"wp-block-image size-full\"><img loading=\"lazy\" decoding=\"async\" width=\"695\" height=\"754\" src=\"https:\/\/euroalter.com\/wp-content\/uploads\/2024\/04\/By-the-many-pledge-badge-main.png\" alt=\"\" class=\"wp-image-25520\" srcset=\"https:\/\/euroalter.com\/wp-content\/uploads\/2024\/04\/By-the-many-pledge-badge-main.png 695w, https:\/\/euroalter.com\/wp-content\/uploads\/2024\/04\/By-the-many-pledge-badge-main-553x600.png 553w\" sizes=\"auto, (max-width: 695px) 100vw, 695px\" \/><\/figure>\r\n","protected":false},"excerpt":{"rendered":"<p>Incoraggia il tuo candidato al Parlamento europeo a impegnarsi per un&#8217;Europa creata dai molti! Inviando direttamente un&#8217;e-mail ai candidati al Parlamento europeo, fai loro capire&hellip;<\/p>\n","protected":false},"author":8,"featured_media":0,"parent":0,"menu_order":0,"comment_status":"closed","ping_status":"closed","template":"","meta":{"_acf_changed":false,"footnotes":""},"class_list":["post-29536","page","type-page","status-publish","hentry"],"acf":[],"yoast_head":"<!-- This site is optimized with the Yoast SEO plugin v24.6 - https:\/\/yoast.com\/wordpress\/plugins\/seo\/ -->\n<title>By The Many! Scrivi al tuo eurodeputato - European Alternatives<\/title>\n<meta name=\"robots\" content=\"index, follow, max-snippet:-1, max-image-preview:large, max-video-preview:-1\" \/>\n<link rel=\"canonical\" href=\"https:\/\/euroalter.com\/by-the-many-scrivi-al-tuo-eurodeputato\/\" \/>\n<meta property=\"og:locale\" content=\"it_IT\" \/>\n<meta property=\"og:type\" content=\"article\" \/>\n<meta property=\"og:title\" content=\"By The Many! Scrivi al tuo eurodeputato - European Alternatives\" \/>\n<meta property=\"og:description\" content=\"Incoraggia il tuo candidato al Parlamento europeo a impegnarsi per un&#8217;Europa creata dai molti! Inviando direttamente un&#8217;e-mail ai candidati al Parlamento europeo, fai loro capire&hellip;\" \/>\n<meta property=\"og:url\" content=\"https:\/\/euroalter.com\/by-the-many-scrivi-al-tuo-eurodeputato\/\" \/>\n<meta property=\"og:site_name\" content=\"European Alternatives\" \/>\n<meta property=\"og:image\" content=\"https:\/\/euroalter.com\/wp-content\/uploads\/2024\/04\/By-the-many-pledge-badge-main.png\" \/>\n\t<meta property=\"og:image:width\" content=\"695\" \/>\n\t<meta property=\"og:image:height\" content=\"754\" \/>\n\t<meta property=\"og:image:type\" content=\"image\/png\" \/>\n<meta name=\"twitter:card\" content=\"summary_large_image\" \/>\n<meta name=\"twitter:label1\" content=\"Est. reading time\" \/>\n\t<meta name=\"twitter:data1\" content=\"1 minute\" \/>\n<script type=\"application\/ld+json\" class=\"yoast-schema-graph\">{\"@context\":\"https:\/\/schema.org\",\"@graph\":[{\"@type\":\"WebPage\",\"@id\":\"https:\/\/euroalter.com\/by-the-many-scrivi-al-tuo-eurodeputato\/\",\"url\":\"https:\/\/euroalter.com\/by-the-many-scrivi-al-tuo-eurodeputato\/\",\"name\":\"By The Many! Scrivi al tuo eurodeputato - European Alternatives\",\"isPartOf\":{\"@id\":\"https:\/\/euroalter.com\/#website\"},\"primaryImageOfPage\":{\"@id\":\"https:\/\/euroalter.com\/by-the-many-scrivi-al-tuo-eurodeputato\/#primaryimage\"},\"image\":{\"@id\":\"https:\/\/euroalter.com\/by-the-many-scrivi-al-tuo-eurodeputato\/#primaryimage\"},\"thumbnailUrl\":\"https:\/\/euroalter.com\/wp-content\/uploads\/2024\/04\/By-the-many-pledge-badge-main.png\",\"datePublished\":\"2025-08-01T10:31:31+00:00\",\"breadcrumb\":{\"@id\":\"https:\/\/euroalter.com\/by-the-many-scrivi-al-tuo-eurodeputato\/#breadcrumb\"},\"inLanguage\":\"it-IT\",\"potentialAction\":[{\"@type\":\"ReadAction\",\"target\":[\"https:\/\/euroalter.com\/by-the-many-scrivi-al-tuo-eurodeputato\/\"]}]},{\"@type\":\"ImageObject\",\"inLanguage\":\"it-IT\",\"@id\":\"https:\/\/euroalter.com\/by-the-many-scrivi-al-tuo-eurodeputato\/#primaryimage\",\"url\":\"https:\/\/euroalter.com\/wp-content\/uploads\/2024\/04\/By-the-many-pledge-badge-main.png\",\"contentUrl\":\"https:\/\/euroalter.com\/wp-content\/uploads\/2024\/04\/By-the-many-pledge-badge-main.png\"},{\"@type\":\"BreadcrumbList\",\"@id\":\"https:\/\/euroalter.com\/by-the-many-scrivi-al-tuo-eurodeputato\/#breadcrumb\",\"itemListElement\":[{\"@type\":\"ListItem\",\"position\":1,\"name\":\"Home\",\"item\":\"https:\/\/euroalter.com\/it\/\"},{\"@type\":\"ListItem\",\"position\":2,\"name\":\"By The Many! Scrivi al tuo eurodeputato\"}]},{\"@type\":\"WebSite\",\"@id\":\"https:\/\/euroalter.com\/#website\",\"url\":\"https:\/\/euroalter.com\/\",\"name\":\"European Alternatives\",\"description\":\"Democracy, Equality and Culture beyond the nation\",\"potentialAction\":[{\"@type\":\"SearchAction\",\"target\":{\"@type\":\"EntryPoint\",\"urlTemplate\":\"https:\/\/euroalter.com\/?s={search_term_string}\"},\"query-input\":{\"@type\":\"PropertyValueSpecification\",\"valueRequired\":true,\"valueName\":\"search_term_string\"}}],\"inLanguage\":\"it-IT\"}]}<\/script>\n<!-- \/ Yoast SEO plugin. -->","yoast_head_json":{"title":"By The Many! Scrivi al tuo eurodeputato - European Alternatives","robots":{"index":"index","follow":"follow","max-snippet":"max-snippet:-1","max-image-preview":"max-image-preview:large","max-video-preview":"max-video-preview:-1"},"canonical":"https:\/\/euroalter.com\/by-the-many-scrivi-al-tuo-eurodeputato\/","og_locale":"it_IT","og_type":"article","og_title":"By The Many! Scrivi al tuo eurodeputato - European Alternatives","og_description":"Incoraggia il tuo candidato al Parlamento europeo a impegnarsi per un&#8217;Europa creata dai molti! Inviando direttamente un&#8217;e-mail ai candidati al Parlamento europeo, fai loro capire&hellip;","og_url":"https:\/\/euroalter.com\/by-the-many-scrivi-al-tuo-eurodeputato\/","og_site_name":"European Alternatives","og_image":[{"width":695,"height":754,"url":"https:\/\/euroalter.com\/wp-content\/uploads\/2024\/04\/By-the-many-pledge-badge-main.png","type":"image\/png"}],"twitter_card":"summary_large_image","twitter_misc":{"Est. reading time":"1 minute"},"schema":{"@context":"https:\/\/schema.org","@graph":[{"@type":"WebPage","@id":"https:\/\/euroalter.com\/by-the-many-scrivi-al-tuo-eurodeputato\/","url":"https:\/\/euroalter.com\/by-the-many-scrivi-al-tuo-eurodeputato\/","name":"By The Many! Scrivi al tuo eurodeputato - European Alternatives","isPartOf":{"@id":"https:\/\/euroalter.com\/#website"},"primaryImageOfPage":{"@id":"https:\/\/euroalter.com\/by-the-many-scrivi-al-tuo-eurodeputato\/#primaryimage"},"image":{"@id":"https:\/\/euroalter.com\/by-the-many-scrivi-al-tuo-eurodeputato\/#primaryimage"},"thumbnailUrl":"https:\/\/euroalter.com\/wp-content\/uploads\/2024\/04\/By-the-many-pledge-badge-main.png","datePublished":"2025-08-01T10:31:31+00:00","breadcrumb":{"@id":"https:\/\/euroalter.com\/by-the-many-scrivi-al-tuo-eurodeputato\/#breadcrumb"},"inLanguage":"it-IT","potentialAction":[{"@type":"ReadAction","target":["https:\/\/euroalter.com\/by-the-many-scrivi-al-tuo-eurodeputato\/"]}]},{"@type":"ImageObject","inLanguage":"it-IT","@id":"https:\/\/euroalter.com\/by-the-many-scrivi-al-tuo-eurodeputato\/#primaryimage","url":"https:\/\/euroalter.com\/wp-content\/uploads\/2024\/04\/By-the-many-pledge-badge-main.png","contentUrl":"https:\/\/euroalter.com\/wp-content\/uploads\/2024\/04\/By-the-many-pledge-badge-main.png"},{"@type":"BreadcrumbList","@id":"https:\/\/euroalter.com\/by-the-many-scrivi-al-tuo-eurodeputato\/#breadcrumb","itemListElement":[{"@type":"ListItem","position":1,"name":"Home","item":"https:\/\/euroalter.com\/it\/"},{"@type":"ListItem","position":2,"name":"By The Many! Scrivi al tuo eurodeputato"}]},{"@type":"WebSite","@id":"https:\/\/euroalter.com\/#website","url":"https:\/\/euroalter.com\/","name":"European Alternatives","description":"Democracy, Equality and Culture beyond the nation","potentialAction":[{"@type":"SearchAction","target":{"@type":"EntryPoint","urlTemplate":"https:\/\/euroalter.com\/?s={search_term_string}"},"query-input":{"@type":"PropertyValueSpecification","valueRequired":true,"valueName":"search_term_string"}}],"inLanguage":"it-IT"}]}},"_links":{"self":[{"href":"https:\/\/euroalter.com\/it\/wp-json\/wp\/v2\/pages\/29536","targetHints":{"allow":["GET"]}}],"collection":[{"href":"https:\/\/euroalter.com\/it\/wp-json\/wp\/v2\/pages"}],"about":[{"href":"https:\/\/euroalter.com\/it\/wp-json\/wp\/v2\/types\/page"}],"author":[{"embeddable":true,"href":"https:\/\/euroalter.com\/it\/wp-json\/wp\/v2\/users\/8"}],"replies":[{"embeddable":true,"href":"https:\/\/euroalter.com\/it\/wp-json\/wp\/v2\/comments?post=29536"}],"version-history":[{"count":0,"href":"https:\/\/euroalter.com\/it\/wp-json\/wp\/v2\/pages\/29536\/revisions"}],"wp:attachment":[{"href":"https:\/\/euroalter.com\/it\/wp-json\/wp\/v2\/media?parent=29536"}],"curies":[{"name":"wp","href":"https:\/\/api.w.org\/{rel}","templated":true}]}}