{"id":29526,"date":"2025-07-31T16:24:56","date_gmt":"2025-07-31T14:24:56","guid":{"rendered":"https:\/\/euroalter.com\/democratic-odyssey-la-campagna\/"},"modified":"2025-07-31T16:24:56","modified_gmt":"2025-07-31T14:24:56","slug":"democratic-odyssey-la-campagna","status":"publish","type":"page","link":"https:\/\/euroalter.com\/it\/democratic-odyssey-la-campagna\/","title":{"rendered":"Democratic Odyssey: La Campagna"},"content":{"rendered":"\r\n<div class=\"wp-block-columns is-style-sixty-forty is-layout-flex wp-container-core-columns-is-layout-1 wp-block-columns-is-layout-flex\">\r\n\r\n\r\n<div class=\"wp-block-column is-layout-flow wp-block-column-is-layout-flow\">\r\n\r\n\r\n<h5 class=\"wp-block-heading\"><a href=\"https:\/\/democratic-odyssey.k8s.osp.cat\/assemblies\/campaign\/f\/240\/\">UNISCITI AL VIAGGIO!<\/a><\/h5>\r\n\r\n\r\n\r\n<h6 class=\"wp-block-heading\"><strong>La <a href=\"https:\/\/euroalter.com\/projects\/democratic-odyssey\/\">Democratic Odyssey<\/a> ha dimostrato che un\u2019Assemblea Itinerante dei Popoli per l\u2019Europa \u00e8 possibile. Ora, aiutaci a renderla permanente!<\/strong><\/h6>\r\n\r\n\r\n\r\n\r\nCrediamo che sia necessario ripensare la democrazia in Europa e oltre.\r\n\r\n\r\n\r\n\r\n\r\nCrediamo che le persone debbano essere al centro di questa storia.\r\n\r\n\r\n\r\n\r\n\r\nCrediamo che la democrazia sia un atto collettivo di cura.\r\n\r\n\r\n\r\n\r\n\r\nCrediamo che le crisi debbano essere affrontate democraticamente.\r\n\r\n\r\n\r\n\r\n\r\nAbbiamo dimostrato che: si pu\u00f2 fare.\r\n\r\n\r\n\r\n<\/div>\r\n\r\n\r\n\r\n<div class=\"wp-block-column is-layout-flow wp-block-column-is-layout-flow\" style=\"flex-basis: 40%;\">\r\n\r\n\r\n<figure class=\"wp-block-image size-full is-resized\"><img loading=\"lazy\" decoding=\"async\" width=\"1080\" height=\"1350\" class=\"wp-image-28412\" style=\"width: 291px; height: auto;\" src=\"https:\/\/euroalter.com\/wp-content\/uploads\/2025\/06\/DO-VIENNA.jpg\" alt=\"\" srcset=\"https:\/\/euroalter.com\/wp-content\/uploads\/2025\/06\/DO-VIENNA.jpg 1080w, https:\/\/euroalter.com\/wp-content\/uploads\/2025\/06\/DO-VIENNA-819x1024.jpg 819w, https:\/\/euroalter.com\/wp-content\/uploads\/2025\/06\/DO-VIENNA-480x600.jpg 480w\" sizes=\"auto, (max-width: 1080px) 100vw, 1080px\" \/><\/figure>\r\n\r\n\r\n<\/div>\r\n\r\n\r\n<\/div>\r\n\r\n\r\n\r\n\r\n<strong>Un\u2019Assemblea Permanente Itinerante dei Popoli per l\u2019Europa pu\u00f2 affiancare le istituzioni attuali e metterle in connessione con ci\u00f2 che accade concretamente nelle nostre vite quotidiane, cos\u00ec come con le nostre speranze per il futuro.<\/strong>\r\n\r\n\r\n\r\n\r\n<ul class=\"wp-block-list\">\r\n \t<li style=\"list-style-type: none;\">\r\n<ul class=\"wp-block-list\">\r\n \t<li>Uno spazio democratico condiviso, dove persone comuni possono incontrarsi, ascoltarsi reciprocamente e concordare una visione per il futuro dell\u2019Europa.<\/li>\r\n<\/ul>\r\n<\/li>\r\n<\/ul>\r\n\r\n\r\n\r\n<ul class=\"wp-block-list\">\r\n \t<li style=\"list-style-type: none;\">\r\n<ul class=\"wp-block-list\">\r\n \t<li>Uno spazio democratico che dialoga con altri spazi democratici \u2013 dalle universit\u00e0 alla societ\u00e0 civile, ai musei e teatri, ai media, ai club e ad altre assemblee \u2013 e sviluppa strategie collettive per affrontare le crisi e i cambiamenti.<\/li>\r\n<\/ul>\r\n<\/li>\r\n<\/ul>\r\n\r\n\r\n\r\n\r\n\r\n\r\n<strong>Abbiamo fatto l\u2019impossibile: riunire persone ad Atene, Firenze, Vienna e online.<\/strong>\r\n\r\n\r\n\r\n\r\n<figure class=\"wp-block-gallery has-nested-images columns-default is-cropped wp-block-gallery-1 is-layout-flex wp-block-gallery-is-layout-flex\">\r\n<figure class=\"wp-block-image size-large\"><img loading=\"lazy\" decoding=\"async\" width=\"1500\" height=\"998\" data-id=\"28388\" class=\"wp-image-28388\" src=\"https:\/\/euroalter.com\/wp-content\/uploads\/2025\/06\/54031875451_18680139bf_k-1-1500x998.jpg\" alt=\"\" srcset=\"https:\/\/euroalter.com\/wp-content\/uploads\/2025\/06\/54031875451_18680139bf_k-1-1500x998.jpg 1500w, https:\/\/euroalter.com\/wp-content\/uploads\/2025\/06\/54031875451_18680139bf_k-1-1024x682.jpg 1024w, https:\/\/euroalter.com\/wp-content\/uploads\/2025\/06\/54031875451_18680139bf_k-1-600x399.jpg 600w, https:\/\/euroalter.com\/wp-content\/uploads\/2025\/06\/54031875451_18680139bf_k-1.jpg 2048w\" sizes=\"auto, (max-width: 1500px) 100vw, 1500px\" \/><figcaption class=\"wp-element-caption\">Atene, settembre 2024<\/figcaption><\/figure>\r\n\r\n\r\n\r\n<figure class=\"wp-block-image size-large\"><img loading=\"lazy\" decoding=\"async\" width=\"1500\" height=\"1000\" data-id=\"28401\" class=\"wp-image-28401\" src=\"https:\/\/euroalter.com\/wp-content\/uploads\/2025\/06\/54362020277_c7f0075983_k-3-2-1500x1000.jpg\" alt=\"\" srcset=\"https:\/\/euroalter.com\/wp-content\/uploads\/2025\/06\/54362020277_c7f0075983_k-3-2-1500x1000.jpg 1500w, https:\/\/euroalter.com\/wp-content\/uploads\/2025\/06\/54362020277_c7f0075983_k-3-2-1024x683.jpg 1024w, https:\/\/euroalter.com\/wp-content\/uploads\/2025\/06\/54362020277_c7f0075983_k-3-2-600x400.jpg 600w, https:\/\/euroalter.com\/wp-content\/uploads\/2025\/06\/54362020277_c7f0075983_k-3-2.jpg 2048w\" sizes=\"auto, (max-width: 1500px) 100vw, 1500px\" \/><figcaption class=\"wp-element-caption\">Firenze, febbraio 2025<\/figcaption><\/figure>\r\n\r\n\r\n\r\n<figure class=\"wp-block-image size-large\"><img loading=\"lazy\" decoding=\"async\" width=\"1500\" height=\"1000\" data-id=\"28393\" class=\"wp-image-28393\" src=\"https:\/\/euroalter.com\/wp-content\/uploads\/2025\/06\/54607593107_7c0aa1da3a_k-1500x1000.jpg\" alt=\"\" srcset=\"https:\/\/euroalter.com\/wp-content\/uploads\/2025\/06\/54607593107_7c0aa1da3a_k-1500x1000.jpg 1500w, https:\/\/euroalter.com\/wp-content\/uploads\/2025\/06\/54607593107_7c0aa1da3a_k-1024x683.jpg 1024w, https:\/\/euroalter.com\/wp-content\/uploads\/2025\/06\/54607593107_7c0aa1da3a_k-600x400.jpg 600w, https:\/\/euroalter.com\/wp-content\/uploads\/2025\/06\/54607593107_7c0aa1da3a_k.jpg 2047w\" sizes=\"auto, (max-width: 1500px) 100vw, 1500px\" \/><figcaption class=\"wp-element-caption\">Vienna, maggio 2025<\/figcaption><\/figure>\r\n<\/figure>\r\n\r\n\r\n\r\n\r\nCi\u00f2 che abbiamo imparato \u00e8 chiaro: quando ci incontriamo, parliamo e decidiamo insieme con rispetto, empatia e cura, creiamo qualcosa di potente. Forte della ricchezza dei loro contesti diversi, il popolo ha concordato una Carta con 10 principi per ripensare la democrazia europea. Per renderla pi\u00f9 forte, pi\u00f9 resiliente e per migliorare la vita di tutt\u0437. La Carta dimostra il potere di un\u2019assemblea itinerante, il potere della partecipazione senza populismo n\u00e9 polarizzazione, e il potere di un governo \u201ccon\u201dil popolo invece che semplicemente \u201cper\u201d il popolo.\r\n\r\n\r\n\r\n\r\n<p data-start=\"1979\" data-end=\"2054\"><strong>Ma perch\u00e9 questo potere duri nel tempo, serve pi\u00f9 di un evento occasionale.<\/strong><\/p>\r\n\r\n\r\n\r\n\r\nServe qualcosa di permanente. Una struttura che non sparisca alla fine di un progetto o con la consegna delle raccomandazioni. Un\u2019assemblea che appartenga a tutt\u0437, dove persone come te e me possano continuare a modellare il mondo in cui viviamo. Un\u2019assemblea che possa seguire le decisioni prese per trasformarle in realt\u00e0. Un\u2019assemblea che semini democrazia ovunque vada. Un\u2019assemblea che ti aiuti a diventare attiv\u0259 ovunque tu sia. Un\u2019assemblea che connetta assemblee a ogni scala in un grande movimento democratico transnazionale.\r\n\r\n\r\n\r\n\r\n\r\n<strong>Non \u00e8 solo per esperti o politici. \u00c8 per te.<\/strong>\r\n\r\n\r\n\r\n\r\n<h6 class=\"wp-block-heading\"><a href=\"https:\/\/democratic-odyssey.k8s.osp.cat\/assemblies\/campaign\/f\/240\/\" target=\"_blank\" rel=\"noreferrer noopener\"><strong>Unisciti a questo viaggio europeo per un\u2019Assemblea Permanente Itinerante dei Popoli e scopri come puoi contribuire a renderla realt\u00e0.<\/strong>\u00a0<\/a><\/h6>\r\n\r\n\r\n\r\n<h6 class=\"wp-block-heading\">Puoi fare di pi\u00f9?<\/h6>\r\n<h6 class=\"wp-block-heading\">Ecco altri modi per aiutare:<\/h6>\r\n\r\n\r\n\r\n<ol class=\"wp-block-list\">\r\n \t<li style=\"list-style-type: none;\">\r\n<ol class=\"wp-block-list\">\r\n \t<li><a href=\"https:\/\/democratic-odyssey.k8s.osp.cat\/assemblies\/campaign\/f\/242\/\" target=\"_blank\" rel=\"noreferrer noopener\"><strong>Sostieni la campagna con una piccola donazione<\/strong><\/a><\/li>\r\n<\/ol>\r\n<\/li>\r\n<\/ol>\r\n\r\n\r\n\r\n<ol class=\"wp-block-list\">\r\n \t<li style=\"list-style-type: none;\">\r\n<ol class=\"wp-block-list\">\r\n \t<li><a href=\"https:\/\/democratic-odyssey.k8s.osp.cat\/assemblies\/campaign\/f\/242\/\" target=\"_blank\" rel=\"noreferrer noopener\"><strong>Leggi di pi\u00f9 sull\u2019Odissea nel <em data-start=\"2940\" data-end=\"2971\">European Alternatives Journal<\/em><\/strong><\/a><\/li>\r\n<\/ol>\r\n<\/li>\r\n<\/ol>\r\n\r\n\r\n\r\n<ol class=\"wp-block-list\">\r\n \t<li style=\"list-style-type: none;\">\r\n<ol class=\"wp-block-list\">\r\n \t<li><a href=\"https:\/\/democratic-odyssey.k8s.osp.cat\/link?external_url=https%3A%2F%2Fcadmus.eui.eu%2Fserver%2Fapi%2Fcore%2Fbitstreams%2F9460fa92-ee2f-59ed-b418-ce775eb53108%2Fcontent\" target=\"_blank\" rel=\"noreferrer noopener\"><strong>Scarica il nostro E-Book: <em data-start=\"3002\" data-end=\"3074\">Una Assemblea dei Cittadini dovrebbe affiancare il Parlamento Europeo?<\/em><\/strong><\/a><\/li>\r\n<\/ol>\r\n<\/li>\r\n<\/ol>\r\n\r\n\r\n\r\n\r\n\r\n<h5 class=\"wp-block-heading\"><a href=\"https:\/\/democratic-odyssey.k8s.osp.cat\/assemblies\/campaign\/f\/240\/\">UNISCITI AL VIAGGIO!<\/a><\/h5>\r\n\r\n\r\n\r\n<figure class=\"wp-block-image size-large is-resized\"><img loading=\"lazy\" decoding=\"async\" width=\"1500\" height=\"1000\" class=\"wp-image-28273\" style=\"width: 578px; height: auto;\" src=\"https:\/\/euroalter.com\/wp-content\/uploads\/2025\/06\/Image-0-1500x1000.jpg\" alt=\"\" srcset=\"https:\/\/euroalter.com\/wp-content\/uploads\/2025\/06\/Image-0-1500x1000.jpg 1500w, https:\/\/euroalter.com\/wp-content\/uploads\/2025\/06\/Image-0-1024x683.jpg 1024w, https:\/\/euroalter.com\/wp-content\/uploads\/2025\/06\/Image-0-600x400.jpg 600w\" sizes=\"auto, (max-width: 1500px) 100vw, 1500px\" \/><\/figure>\r\n","protected":false},"excerpt":{"rendered":"<p>UNISCITI AL VIAGGIO! La Democratic Odyssey ha dimostrato che un\u2019Assemblea Itinerante dei Popoli per l\u2019Europa \u00e8 possibile. Ora, aiutaci a renderla permanente! Crediamo che sia&hellip;<\/p>\n","protected":false},"author":8,"featured_media":28395,"parent":0,"menu_order":0,"comment_status":"closed","ping_status":"closed","template":"","meta":{"_acf_changed":false,"footnotes":""},"class_list":["post-29526","page","type-page","status-publish","has-post-thumbnail","hentry"],"acf":[],"yoast_head":"<!-- This site is optimized with the Yoast SEO plugin v24.6 - https:\/\/yoast.com\/wordpress\/plugins\/seo\/ -->\n<title>Democratic Odyssey: La Campagna - European Alternatives<\/title>\n<meta name=\"robots\" content=\"index, follow, max-snippet:-1, max-image-preview:large, max-video-preview:-1\" \/>\n<link rel=\"canonical\" href=\"https:\/\/euroalter.com\/democratic-odyssey-la-campagna\/\" \/>\n<meta property=\"og:locale\" content=\"it_IT\" \/>\n<meta property=\"og:type\" content=\"article\" \/>\n<meta property=\"og:title\" content=\"Democratic Odyssey: La Campagna - European Alternatives\" \/>\n<meta property=\"og:description\" content=\"UNISCITI AL VIAGGIO! La Democratic Odyssey ha dimostrato che un\u2019Assemblea Itinerante dei Popoli per l\u2019Europa \u00e8 possibile. Ora, aiutaci a renderla permanente! Crediamo che sia&hellip;\" \/>\n<meta property=\"og:url\" content=\"https:\/\/euroalter.com\/democratic-odyssey-la-campagna\/\" \/>\n<meta property=\"og:site_name\" content=\"European Alternatives\" \/>\n<meta property=\"og:image\" content=\"https:\/\/euroalter.com\/wp-content\/uploads\/2025\/06\/DO-VIENNA.jpg\" \/>\n\t<meta property=\"og:image:width\" content=\"1080\" \/>\n\t<meta property=\"og:image:height\" content=\"1350\" \/>\n\t<meta property=\"og:image:type\" content=\"image\/jpeg\" \/>\n<meta name=\"twitter:card\" content=\"summary_large_image\" \/>\n<meta name=\"twitter:label1\" content=\"Est. reading time\" \/>\n\t<meta name=\"twitter:data1\" content=\"2 minutes\" \/>\n<script type=\"application\/ld+json\" class=\"yoast-schema-graph\">{\"@context\":\"https:\/\/schema.org\",\"@graph\":[{\"@type\":\"WebPage\",\"@id\":\"https:\/\/euroalter.com\/democratic-odyssey-la-campagna\/\",\"url\":\"https:\/\/euroalter.com\/democratic-odyssey-la-campagna\/\",\"name\":\"Democratic Odyssey: La Campagna - European Alternatives\",\"isPartOf\":{\"@id\":\"https:\/\/euroalter.com\/#website\"},\"primaryImageOfPage\":{\"@id\":\"https:\/\/euroalter.com\/democratic-odyssey-la-campagna\/#primaryimage\"},\"image\":{\"@id\":\"https:\/\/euroalter.com\/democratic-odyssey-la-campagna\/#primaryimage\"},\"thumbnailUrl\":\"https:\/\/euroalter.com\/wp-content\/uploads\/2025\/06\/54607593107_7c0aa1da3a_k.jpg\",\"datePublished\":\"2025-07-31T14:24:56+00:00\",\"breadcrumb\":{\"@id\":\"https:\/\/euroalter.com\/democratic-odyssey-la-campagna\/#breadcrumb\"},\"inLanguage\":\"it-IT\",\"potentialAction\":[{\"@type\":\"ReadAction\",\"target\":[\"https:\/\/euroalter.com\/democratic-odyssey-la-campagna\/\"]}]},{\"@type\":\"ImageObject\",\"inLanguage\":\"it-IT\",\"@id\":\"https:\/\/euroalter.com\/democratic-odyssey-la-campagna\/#primaryimage\",\"url\":\"https:\/\/euroalter.com\/wp-content\/uploads\/2025\/06\/54607593107_7c0aa1da3a_k.jpg\",\"contentUrl\":\"https:\/\/euroalter.com\/wp-content\/uploads\/2025\/06\/54607593107_7c0aa1da3a_k.jpg\",\"width\":2047,\"height\":1365,\"caption\":\"Vienna, May 2025\"},{\"@type\":\"BreadcrumbList\",\"@id\":\"https:\/\/euroalter.com\/democratic-odyssey-la-campagna\/#breadcrumb\",\"itemListElement\":[{\"@type\":\"ListItem\",\"position\":1,\"name\":\"Home\",\"item\":\"https:\/\/euroalter.com\/it\/\"},{\"@type\":\"ListItem\",\"position\":2,\"name\":\"Democratic Odyssey: La Campagna\"}]},{\"@type\":\"WebSite\",\"@id\":\"https:\/\/euroalter.com\/#website\",\"url\":\"https:\/\/euroalter.com\/\",\"name\":\"European Alternatives\",\"description\":\"Democracy, Equality and Culture beyond the nation\",\"potentialAction\":[{\"@type\":\"SearchAction\",\"target\":{\"@type\":\"EntryPoint\",\"urlTemplate\":\"https:\/\/euroalter.com\/?s={search_term_string}\"},\"query-input\":{\"@type\":\"PropertyValueSpecification\",\"valueRequired\":true,\"valueName\":\"search_term_string\"}}],\"inLanguage\":\"it-IT\"}]}<\/script>\n<!-- \/ Yoast SEO plugin. -->","yoast_head_json":{"title":"Democratic Odyssey: La Campagna - European Alternatives","robots":{"index":"index","follow":"follow","max-snippet":"max-snippet:-1","max-image-preview":"max-image-preview:large","max-video-preview":"max-video-preview:-1"},"canonical":"https:\/\/euroalter.com\/democratic-odyssey-la-campagna\/","og_locale":"it_IT","og_type":"article","og_title":"Democratic Odyssey: La Campagna - European Alternatives","og_description":"UNISCITI AL VIAGGIO! La Democratic Odyssey ha dimostrato che un\u2019Assemblea Itinerante dei Popoli per l\u2019Europa \u00e8 possibile. Ora, aiutaci a renderla permanente! Crediamo che sia&hellip;","og_url":"https:\/\/euroalter.com\/democratic-odyssey-la-campagna\/","og_site_name":"European Alternatives","og_image":[{"width":1080,"height":1350,"url":"https:\/\/euroalter.com\/wp-content\/uploads\/2025\/06\/DO-VIENNA.jpg","type":"image\/jpeg"}],"twitter_card":"summary_large_image","twitter_misc":{"Est. reading time":"2 minutes"},"schema":{"@context":"https:\/\/schema.org","@graph":[{"@type":"WebPage","@id":"https:\/\/euroalter.com\/democratic-odyssey-la-campagna\/","url":"https:\/\/euroalter.com\/democratic-odyssey-la-campagna\/","name":"Democratic Odyssey: La Campagna - European Alternatives","isPartOf":{"@id":"https:\/\/euroalter.com\/#website"},"primaryImageOfPage":{"@id":"https:\/\/euroalter.com\/democratic-odyssey-la-campagna\/#primaryimage"},"image":{"@id":"https:\/\/euroalter.com\/democratic-odyssey-la-campagna\/#primaryimage"},"thumbnailUrl":"https:\/\/euroalter.com\/wp-content\/uploads\/2025\/06\/54607593107_7c0aa1da3a_k.jpg","datePublished":"2025-07-31T14:24:56+00:00","breadcrumb":{"@id":"https:\/\/euroalter.com\/democratic-odyssey-la-campagna\/#breadcrumb"},"inLanguage":"it-IT","potentialAction":[{"@type":"ReadAction","target":["https:\/\/euroalter.com\/democratic-odyssey-la-campagna\/"]}]},{"@type":"ImageObject","inLanguage":"it-IT","@id":"https:\/\/euroalter.com\/democratic-odyssey-la-campagna\/#primaryimage","url":"https:\/\/euroalter.com\/wp-content\/uploads\/2025\/06\/54607593107_7c0aa1da3a_k.jpg","contentUrl":"https:\/\/euroalter.com\/wp-content\/uploads\/2025\/06\/54607593107_7c0aa1da3a_k.jpg","width":2047,"height":1365,"caption":"Vienna, May 2025"},{"@type":"BreadcrumbList","@id":"https:\/\/euroalter.com\/democratic-odyssey-la-campagna\/#breadcrumb","itemListElement":[{"@type":"ListItem","position":1,"name":"Home","item":"https:\/\/euroalter.com\/it\/"},{"@type":"ListItem","position":2,"name":"Democratic Odyssey: La Campagna"}]},{"@type":"WebSite","@id":"https:\/\/euroalter.com\/#website","url":"https:\/\/euroalter.com\/","name":"European Alternatives","description":"Democracy, Equality and Culture beyond the nation","potentialAction":[{"@type":"SearchAction","target":{"@type":"EntryPoint","urlTemplate":"https:\/\/euroalter.com\/?s={search_term_string}"},"query-input":{"@type":"PropertyValueSpecification","valueRequired":true,"valueName":"search_term_string"}}],"inLanguage":"it-IT"}]}},"_links":{"self":[{"href":"https:\/\/euroalter.com\/it\/wp-json\/wp\/v2\/pages\/29526","targetHints":{"allow":["GET"]}}],"collection":[{"href":"https:\/\/euroalter.com\/it\/wp-json\/wp\/v2\/pages"}],"about":[{"href":"https:\/\/euroalter.com\/it\/wp-json\/wp\/v2\/types\/page"}],"author":[{"embeddable":true,"href":"https:\/\/euroalter.com\/it\/wp-json\/wp\/v2\/users\/8"}],"replies":[{"embeddable":true,"href":"https:\/\/euroalter.com\/it\/wp-json\/wp\/v2\/comments?post=29526"}],"version-history":[{"count":0,"href":"https:\/\/euroalter.com\/it\/wp-json\/wp\/v2\/pages\/29526\/revisions"}],"wp:featuredmedia":[{"embeddable":true,"href":"https:\/\/euroalter.com\/it\/wp-json\/wp\/v2\/media\/28395"}],"wp:attachment":[{"href":"https:\/\/euroalter.com\/it\/wp-json\/wp\/v2\/media?parent=29526"}],"curies":[{"name":"wp","href":"https:\/\/api.w.org\/{rel}","templated":true}]}}