{"id":29515,"date":"2025-07-31T14:40:08","date_gmt":"2025-07-31T12:40:08","guid":{"rendered":"https:\/\/euroalter.com\/individui-organizzazioni-firmate-limpegno-by-the-many\/"},"modified":"2025-07-31T14:40:08","modified_gmt":"2025-07-31T12:40:08","slug":"individui-organizzazioni-firmate-limpegno-by-the-many","status":"publish","type":"page","link":"https:\/\/euroalter.com\/it\/individui-organizzazioni-firmate-limpegno-by-the-many\/","title":{"rendered":"Individui &amp; Organizzazioni: firmate l&#8217;impegno By The Many!"},"content":{"rendered":"\r\n<div class=\"wp-block-columns is-style-sixty-forty is-layout-flex wp-container-core-columns-is-layout-1 wp-block-columns-is-layout-flex\">\r\n<div class=\"wp-block-column is-layout-flow wp-block-column-is-layout-flow\">\r\n<p class=\"has-60-font-size\">Unisciti all&#8217;appello per creare un&#8217;Europa dei molti!<\/p>\r\n\r\n\r\n\r\n<p><\/p>\r\n<\/div>\r\n\r\n\r\n\r\n<div class=\"wp-block-column is-layout-flow wp-block-column-is-layout-flow\" style=\"flex-basis:40%\"><\/div>\r\n<\/div>\r\n\r\n\r\n\r\n<h3 class=\"wp-block-heading\"><strong>Firma l&#8217;impegno<\/strong><\/h3>\r\n\r\n\r\n\r\n<p>ISe sei un&#8217;organizzazione o un individuo interessato, firma l&#8217;impegno BY THE MANY! qui sotto. <\/p>\r\n\r\n\r\n\r\n<div class=\"wp-block-group has-accent-2-background-color has-background is-layout-constrained wp-container-core-group-is-layout-1 wp-block-group-is-layout-constrained\" style=\"padding-top:var(--wp--preset--spacing--20);padding-right:var(--wp--preset--spacing--20);padding-bottom:var(--wp--preset--spacing--20);padding-left:var(--wp--preset--spacing--20)\">\r\n<h4 class=\"wp-block-heading\"><strong>For a Europe and a planet shaped By the Many! I pledge to :<\/strong><\/h4>\r\n\r\n\r\n\r\n<ul class=\"wp-block-list\">\r\n<li><strong>Collaborare strettamente con le organizzazioni guidate dalla comunit\u00e0 che rappresentano le persone maggiormente interessate dalla legislazione e dalle politiche dell&#8217;UE, ovunque esse si trovino.<\/strong><\/li>\r\n\r\n\r\n\r\n<li><strong>Ridurre l&#8217;influenza degli interessi delle imprese nel processo decisionale politico<\/strong><\/li>\r\n\r\n\r\n\r\n<li><strong>Proteggere i diritti delle persone pi\u00f9 vulnerabili nelle nostre comunit\u00e0: migranti, rifugiati, minoranze razziali, etniche e religiose, comprese le comunit\u00e0 rom, donne e ragazze, l&#8217;intera comunit\u00e0 LGBTQIA, persone con disabilit\u00e0 e gruppi a basso reddito o senza reddito. <\/strong><\/li>\r\n\r\n\r\n\r\n<li><strong>Adottare misure immediate per il clima al fine di abbandonare i combustibili fossili in modo tale da non sostituire una forma di sfruttamento ed estrazione con un&#8217;altra, mettendo in pericolo le persone e il pianeta.<\/strong><\/li>\r\n\r\n\r\n\r\n<li><strong>Dare priorit\u00e0 ai diritti dei lavoratori e al potere collettivo<\/strong><\/li>\r\n\r\n\r\n\r\n<li><strong>Estendere il diritto di voto a tutti i residenti europei e migliorare la capacit\u00e0 di piena partecipazione democratica di tutti i membri della societ\u00e0, indipendentemente dalla nazionalit\u00e0 o dallo status di residenza.<\/strong><\/li>\r\n\r\n\r\n\r\n<li><strong>Proteggere tutti dal razzismo sistemico, dalla discriminazione e dalla violenza perpetrata dallo Stato, dalle autorit\u00e0 preposte all&#8217;applicazione della legge e dalle tecnologie di sorveglianza.<\/strong><\/li>\r\n<\/ul>\r\n<\/div>\r\n\r\n\r\n\r\n<p class=\"has-accent-2-background-color has-background\"><script src=\"https:\/\/widget.proca.app\/d\/ep2024_citizen_eualternatives\/sign\"><\/script><\/p>\r\n","protected":false},"excerpt":{"rendered":"<p>Unisciti all&#8217;appello per creare un&#8217;Europa dei molti! Firma l&#8217;impegno ISe sei un&#8217;organizzazione o un individuo interessato, firma l&#8217;impegno BY THE MANY! qui sotto. For a&hellip;<\/p>\n","protected":false},"author":8,"featured_media":25559,"parent":0,"menu_order":0,"comment_status":"closed","ping_status":"closed","template":"","meta":{"_acf_changed":false,"footnotes":""},"class_list":["post-29515","page","type-page","status-publish","has-post-thumbnail","hentry"],"acf":[],"yoast_head":"<!-- This site is optimized with the Yoast SEO plugin v24.6 - https:\/\/yoast.com\/wordpress\/plugins\/seo\/ -->\n<title>Individui &amp; Organizzazioni: firmate l&#039;impegno By The Many! - European Alternatives<\/title>\n<meta name=\"robots\" content=\"index, follow, max-snippet:-1, max-image-preview:large, max-video-preview:-1\" \/>\n<link rel=\"canonical\" href=\"https:\/\/euroalter.com\/individui-organizzazioni-firmate-limpegno-by-the-many\/\" \/>\n<meta property=\"og:locale\" content=\"it_IT\" \/>\n<meta property=\"og:type\" content=\"article\" \/>\n<meta property=\"og:title\" content=\"Individui &amp; Organizzazioni: firmate l&#039;impegno By The Many! - European Alternatives\" \/>\n<meta property=\"og:description\" content=\"Unisciti all&#8217;appello per creare un&#8217;Europa dei molti! Firma l&#8217;impegno ISe sei un&#8217;organizzazione o un individuo interessato, firma l&#8217;impegno BY THE MANY! qui sotto. For a&hellip;\" \/>\n<meta property=\"og:url\" content=\"https:\/\/euroalter.com\/individui-organizzazioni-firmate-limpegno-by-the-many\/\" \/>\n<meta property=\"og:site_name\" content=\"European Alternatives\" \/>\n<meta name=\"twitter:card\" content=\"summary_large_image\" \/>\n<meta name=\"twitter:label1\" content=\"Est. reading time\" \/>\n\t<meta name=\"twitter:data1\" content=\"1 minute\" \/>\n<script type=\"application\/ld+json\" class=\"yoast-schema-graph\">{\"@context\":\"https:\/\/schema.org\",\"@graph\":[{\"@type\":\"WebPage\",\"@id\":\"https:\/\/euroalter.com\/individui-organizzazioni-firmate-limpegno-by-the-many\/\",\"url\":\"https:\/\/euroalter.com\/individui-organizzazioni-firmate-limpegno-by-the-many\/\",\"name\":\"Individui &amp; Organizzazioni: firmate l'impegno By The Many! - European Alternatives\",\"isPartOf\":{\"@id\":\"https:\/\/euroalter.com\/#website\"},\"primaryImageOfPage\":{\"@id\":\"https:\/\/euroalter.com\/individui-organizzazioni-firmate-limpegno-by-the-many\/#primaryimage\"},\"image\":{\"@id\":\"https:\/\/euroalter.com\/individui-organizzazioni-firmate-limpegno-by-the-many\/#primaryimage\"},\"thumbnailUrl\":\"https:\/\/euroalter.com\/wp-content\/uploads\/2024\/04\/Screenshot_24-4-2024_115730_www.canva_.com_.jpeg\",\"datePublished\":\"2025-07-31T12:40:08+00:00\",\"breadcrumb\":{\"@id\":\"https:\/\/euroalter.com\/individui-organizzazioni-firmate-limpegno-by-the-many\/#breadcrumb\"},\"inLanguage\":\"it-IT\",\"potentialAction\":[{\"@type\":\"ReadAction\",\"target\":[\"https:\/\/euroalter.com\/individui-organizzazioni-firmate-limpegno-by-the-many\/\"]}]},{\"@type\":\"ImageObject\",\"inLanguage\":\"it-IT\",\"@id\":\"https:\/\/euroalter.com\/individui-organizzazioni-firmate-limpegno-by-the-many\/#primaryimage\",\"url\":\"https:\/\/euroalter.com\/wp-content\/uploads\/2024\/04\/Screenshot_24-4-2024_115730_www.canva_.com_.jpeg\",\"contentUrl\":\"https:\/\/euroalter.com\/wp-content\/uploads\/2024\/04\/Screenshot_24-4-2024_115730_www.canva_.com_.jpeg\",\"width\":2030,\"height\":1052},{\"@type\":\"BreadcrumbList\",\"@id\":\"https:\/\/euroalter.com\/individui-organizzazioni-firmate-limpegno-by-the-many\/#breadcrumb\",\"itemListElement\":[{\"@type\":\"ListItem\",\"position\":1,\"name\":\"Home\",\"item\":\"https:\/\/euroalter.com\/it\/\"},{\"@type\":\"ListItem\",\"position\":2,\"name\":\"Individui &amp; Organizzazioni: firmate l&#8217;impegno By The Many!\"}]},{\"@type\":\"WebSite\",\"@id\":\"https:\/\/euroalter.com\/#website\",\"url\":\"https:\/\/euroalter.com\/\",\"name\":\"European Alternatives\",\"description\":\"Democracy, Equality and Culture beyond the nation\",\"potentialAction\":[{\"@type\":\"SearchAction\",\"target\":{\"@type\":\"EntryPoint\",\"urlTemplate\":\"https:\/\/euroalter.com\/?s={search_term_string}\"},\"query-input\":{\"@type\":\"PropertyValueSpecification\",\"valueRequired\":true,\"valueName\":\"search_term_string\"}}],\"inLanguage\":\"it-IT\"}]}<\/script>\n<!-- \/ Yoast SEO plugin. -->","yoast_head_json":{"title":"Individui &amp; Organizzazioni: firmate l'impegno By The Many! - European Alternatives","robots":{"index":"index","follow":"follow","max-snippet":"max-snippet:-1","max-image-preview":"max-image-preview:large","max-video-preview":"max-video-preview:-1"},"canonical":"https:\/\/euroalter.com\/individui-organizzazioni-firmate-limpegno-by-the-many\/","og_locale":"it_IT","og_type":"article","og_title":"Individui &amp; Organizzazioni: firmate l'impegno By The Many! - European Alternatives","og_description":"Unisciti all&#8217;appello per creare un&#8217;Europa dei molti! Firma l&#8217;impegno ISe sei un&#8217;organizzazione o un individuo interessato, firma l&#8217;impegno BY THE MANY! qui sotto. For a&hellip;","og_url":"https:\/\/euroalter.com\/individui-organizzazioni-firmate-limpegno-by-the-many\/","og_site_name":"European Alternatives","twitter_card":"summary_large_image","twitter_misc":{"Est. reading time":"1 minute"},"schema":{"@context":"https:\/\/schema.org","@graph":[{"@type":"WebPage","@id":"https:\/\/euroalter.com\/individui-organizzazioni-firmate-limpegno-by-the-many\/","url":"https:\/\/euroalter.com\/individui-organizzazioni-firmate-limpegno-by-the-many\/","name":"Individui &amp; Organizzazioni: firmate l'impegno By The Many! - European Alternatives","isPartOf":{"@id":"https:\/\/euroalter.com\/#website"},"primaryImageOfPage":{"@id":"https:\/\/euroalter.com\/individui-organizzazioni-firmate-limpegno-by-the-many\/#primaryimage"},"image":{"@id":"https:\/\/euroalter.com\/individui-organizzazioni-firmate-limpegno-by-the-many\/#primaryimage"},"thumbnailUrl":"https:\/\/euroalter.com\/wp-content\/uploads\/2024\/04\/Screenshot_24-4-2024_115730_www.canva_.com_.jpeg","datePublished":"2025-07-31T12:40:08+00:00","breadcrumb":{"@id":"https:\/\/euroalter.com\/individui-organizzazioni-firmate-limpegno-by-the-many\/#breadcrumb"},"inLanguage":"it-IT","potentialAction":[{"@type":"ReadAction","target":["https:\/\/euroalter.com\/individui-organizzazioni-firmate-limpegno-by-the-many\/"]}]},{"@type":"ImageObject","inLanguage":"it-IT","@id":"https:\/\/euroalter.com\/individui-organizzazioni-firmate-limpegno-by-the-many\/#primaryimage","url":"https:\/\/euroalter.com\/wp-content\/uploads\/2024\/04\/Screenshot_24-4-2024_115730_www.canva_.com_.jpeg","contentUrl":"https:\/\/euroalter.com\/wp-content\/uploads\/2024\/04\/Screenshot_24-4-2024_115730_www.canva_.com_.jpeg","width":2030,"height":1052},{"@type":"BreadcrumbList","@id":"https:\/\/euroalter.com\/individui-organizzazioni-firmate-limpegno-by-the-many\/#breadcrumb","itemListElement":[{"@type":"ListItem","position":1,"name":"Home","item":"https:\/\/euroalter.com\/it\/"},{"@type":"ListItem","position":2,"name":"Individui &amp; Organizzazioni: firmate l&#8217;impegno By The Many!"}]},{"@type":"WebSite","@id":"https:\/\/euroalter.com\/#website","url":"https:\/\/euroalter.com\/","name":"European Alternatives","description":"Democracy, Equality and Culture beyond the nation","potentialAction":[{"@type":"SearchAction","target":{"@type":"EntryPoint","urlTemplate":"https:\/\/euroalter.com\/?s={search_term_string}"},"query-input":{"@type":"PropertyValueSpecification","valueRequired":true,"valueName":"search_term_string"}}],"inLanguage":"it-IT"}]}},"_links":{"self":[{"href":"https:\/\/euroalter.com\/it\/wp-json\/wp\/v2\/pages\/29515","targetHints":{"allow":["GET"]}}],"collection":[{"href":"https:\/\/euroalter.com\/it\/wp-json\/wp\/v2\/pages"}],"about":[{"href":"https:\/\/euroalter.com\/it\/wp-json\/wp\/v2\/types\/page"}],"author":[{"embeddable":true,"href":"https:\/\/euroalter.com\/it\/wp-json\/wp\/v2\/users\/8"}],"replies":[{"embeddable":true,"href":"https:\/\/euroalter.com\/it\/wp-json\/wp\/v2\/comments?post=29515"}],"version-history":[{"count":0,"href":"https:\/\/euroalter.com\/it\/wp-json\/wp\/v2\/pages\/29515\/revisions"}],"wp:featuredmedia":[{"embeddable":true,"href":"https:\/\/euroalter.com\/it\/wp-json\/wp\/v2\/media\/25559"}],"wp:attachment":[{"href":"https:\/\/euroalter.com\/it\/wp-json\/wp\/v2\/media?parent=29515"}],"curies":[{"name":"wp","href":"https:\/\/api.w.org\/{rel}","templated":true}]}}