{"id":29510,"date":"2025-07-31T12:00:02","date_gmt":"2025-07-31T10:00:02","guid":{"rendered":"https:\/\/euroalter.com\/candidati-al-parlamento-europeo-firmate-limpegno-di-by-the-many\/"},"modified":"2025-07-31T12:00:02","modified_gmt":"2025-07-31T10:00:02","slug":"candidati-al-parlamento-europeo-firmate-limpegno-di-by-the-many","status":"publish","type":"page","link":"https:\/\/euroalter.com\/it\/candidati-al-parlamento-europeo-firmate-limpegno-di-by-the-many\/","title":{"rendered":"Candidati al Parlamento europeo: firmate l&#8217;impegno di By The Many"},"content":{"rendered":"\r\n<div class=\"wp-block-columns is-style-sixty-forty is-layout-flex wp-container-core-columns-is-layout-1 wp-block-columns-is-layout-flex\">\r\n<div class=\"wp-block-column is-layout-flow wp-block-column-is-layout-flow\">\r\n<p class=\"has-60-font-size\">Impegnarsi per un&#8217;Europa guidata dai cittadini<\/p>\r\n\r\n\r\n\r\n<p>TIl pianeta e i suoi abitanti vengono sfruttati e danneggiati in nome dei superprofitti delle grandi aziende. Gran parte della classe politica continua a proporre solo soluzioni minime che servono a mantenere l&#8217;equilibrio di potere nelle mani di pochi. Le crisi climatiche e del costo della vita che ne derivano hanno un impatto sproporzionato sulle comunit\u00e0 vulnerabili nel mondo e in Europa.<\/p>\r\n\r\n\r\n\r\n<p><br><strong>Dobbiamo immaginare, richiedere e attuare alternative radicali. Abbiamo bisogno di un&#8217;Europa creata da molti e alimentata dal popolo.<\/strong><\/p>\r\n\r\n\r\n\r\n<p><br>Mettere il potere saldamente nelle mani della gente comune \u00e8 l&#8217;unico modo per smantellare un sistema fallimentare e ripristinare la promessa della democrazia. Chiediamo una ridistribuzione del potere dallo Stato agli attori locali che operano oltre i confini nazionali.<br><\/p>\r\n\r\n\r\n\r\n<p>Insieme possiamo combattere l&#8217;odio, la divisione, la discriminazione e l&#8217;esclusione. Possiamo attuare subito un&#8217;alternativa per dimostrare che un&#8217;altra Europa \u00e8 possibile e che un altro mondo sta nascendo.<\/p>\r\n<\/div>\r\n\r\n\r\n\r\n<div class=\"wp-block-column is-layout-flow wp-block-column-is-layout-flow\" style=\"flex-basis:40%\"><\/div>\r\n<\/div>\r\n\r\n\r\n\r\n<h3 class=\"wp-block-heading\"><strong>Firma l&#8217;impegno<\/strong><\/h3>\r\n\r\n\r\n\r\n<p>Se sei un candidato al Parlamento europeo, un&#8217;organizzazione o un privato cittadino interessato, firma l&#8217;impegno BY THE MANY! qui sotto. <strong>[Note the pledge text is not part of the widget at all. Might want to add it to the actual widget as a preamble]<\/strong><\/p>\r\n\r\n\r\n\r\n<div class=\"wp-block-group is-layout-constrained wp-container-core-group-is-layout-1 wp-block-group-is-layout-constrained\" style=\"padding-top:var(--wp--preset--spacing--20);padding-right:var(--wp--preset--spacing--20);padding-bottom:var(--wp--preset--spacing--20);padding-left:var(--wp--preset--spacing--20)\">\r\n<h4 class=\"wp-block-heading\"><strong>Per un&#8217;Europa e un pianeta plasmati dai molti! Mi impegno a:<\/strong><\/h4>\r\n\r\n\r\n\r\n<ul class=\"wp-block-list\">\r\n<li><strong>Collaborare strettamente con le organizzazioni guidate dalla comunit\u00e0 che rappresentano le persone maggiormente interessate dalla legislazione e dalle politiche dell&#8217;UE, ovunque esse si trovino.<\/strong><\/li>\r\n\r\n\r\n\r\n<li><strong>Ridurre l&#8217;influenza degli interessi delle imprese nel processo decisionale politico<\/strong><\/li>\r\n\r\n\r\n\r\n<li><strong>Proteggere i diritti delle persone pi\u00f9 vulnerabili nelle nostre comunit\u00e0: migranti, rifugiati, minoranze razziali, etniche e religiose, comprese le comunit\u00e0 rom, donne e ragazze, l&#8217;intera comunit\u00e0 LGBTQIA, persone con disabilit\u00e0 e gruppi a basso reddito o senza reddito. <\/strong><\/li>\r\n\r\n\r\n\r\n<li><strong>TAdottare misure immediate per il clima al fine di abbandonare i combustibili fossili in modo tale da non sostituire una forma di sfruttamento ed estrazione con un&#8217;altra, mettendo in pericolo le persone e il pianeta.<\/strong><\/li>\r\n\r\n\r\n\r\n<li><strong>Dare priorit\u00e0 ai diritti dei lavoratori e al potere collettivo<\/strong><\/li>\r\n\r\n\r\n\r\n<li><strong>Estendere il diritto di voto a tutti i residenti europei e migliorare la capacit\u00e0 di piena partecipazione democratica di tutti i membri della societ\u00e0, indipendentemente dalla nazionalit\u00e0 o dallo status di residenza.<\/strong><\/li>\r\n\r\n\r\n\r\n<li><strong>Proteggere tutti dal razzismo sistemico, dalla discriminazione e dalla violenza perpetrata dallo Stato, dalle autorit\u00e0 preposte all&#8217;applicazione della legge e dalle tecnologie di sorveglianza.<\/strong><\/li>\r\n<\/ul>\r\n<\/div>\r\n\r\n\r\n\r\n<p class=\"has-accent-2-color has-background-background-color has-text-color has-background has-link-color wp-elements-97a1ad46ab4ff3b3a34aa662ea4bb509\"><script src=\"https:\/\/widget.proca.app\/d\/ep2024_candidates_eualternatives\/eualternatives\/en\" async=\"\"><\/script><\/p>\r\n\r\n\r\n\r\n<h3><span class=\"proca-counter\"><\/span> candidati hanno firmato l&#8217;impegno.<\/h3>\r\n\r\n<div class=\"proca-supporters\"><\/div>\r\n\r\n\r\n\r\n<p>Condividi il nostro badge di impegno qui sotto sul tuo sito web, sui social network o sulle immagini del tuo profilo!<a href=\"https:\/\/drive.google.com\/drive\/folders\/17zmwycN8FewiOERMiwFFq0HgAmI3_2Ow?usp=sharing\"> Click here to download the badge.<\/a><\/p>\r\n\r\n\r\n\r\n<figure class=\"wp-block-image size-full\"><img loading=\"lazy\" decoding=\"async\" width=\"695\" height=\"754\" src=\"https:\/\/euroalter.com\/wp-content\/uploads\/2024\/04\/By-the-many-pledge-badge-main.png\" alt=\"\" class=\"wp-image-25520\" srcset=\"https:\/\/euroalter.com\/wp-content\/uploads\/2024\/04\/By-the-many-pledge-badge-main.png 695w, https:\/\/euroalter.com\/wp-content\/uploads\/2024\/04\/By-the-many-pledge-badge-main-553x600.png 553w\" sizes=\"auto, (max-width: 695px) 100vw, 695px\" \/><\/figure>\r\n","protected":false},"excerpt":{"rendered":"<p>Impegnarsi per un&#8217;Europa guidata dai cittadini TIl pianeta e i suoi abitanti vengono sfruttati e danneggiati in nome dei superprofitti delle grandi aziende. Gran parte&hellip;<\/p>\n","protected":false},"author":8,"featured_media":0,"parent":0,"menu_order":0,"comment_status":"closed","ping_status":"closed","template":"","meta":{"_acf_changed":false,"footnotes":""},"class_list":["post-29510","page","type-page","status-publish","hentry"],"acf":[],"yoast_head":"<!-- This site is optimized with the Yoast SEO plugin v24.6 - https:\/\/yoast.com\/wordpress\/plugins\/seo\/ -->\n<title>Candidati al Parlamento europeo: firmate l&#039;impegno di By The Many - European Alternatives<\/title>\n<meta name=\"robots\" content=\"index, follow, max-snippet:-1, max-image-preview:large, max-video-preview:-1\" \/>\n<link rel=\"canonical\" href=\"https:\/\/euroalter.com\/candidati-al-parlamento-europeo-firmate-limpegno-di-by-the-many\/\" \/>\n<meta property=\"og:locale\" content=\"it_IT\" \/>\n<meta property=\"og:type\" content=\"article\" \/>\n<meta property=\"og:title\" content=\"Candidati al Parlamento europeo: firmate l&#039;impegno di By The Many - European Alternatives\" \/>\n<meta property=\"og:description\" content=\"Impegnarsi per un&#8217;Europa guidata dai cittadini TIl pianeta e i suoi abitanti vengono sfruttati e danneggiati in nome dei superprofitti delle grandi aziende. Gran parte&hellip;\" \/>\n<meta property=\"og:url\" content=\"https:\/\/euroalter.com\/candidati-al-parlamento-europeo-firmate-limpegno-di-by-the-many\/\" \/>\n<meta property=\"og:site_name\" content=\"European Alternatives\" \/>\n<meta property=\"og:image\" content=\"https:\/\/euroalter.com\/wp-content\/uploads\/2024\/04\/By-the-many-pledge-badge-main.png\" \/>\n\t<meta property=\"og:image:width\" content=\"695\" \/>\n\t<meta property=\"og:image:height\" content=\"754\" \/>\n\t<meta property=\"og:image:type\" content=\"image\/png\" \/>\n<meta name=\"twitter:card\" content=\"summary_large_image\" \/>\n<meta name=\"twitter:label1\" content=\"Est. reading time\" \/>\n\t<meta name=\"twitter:data1\" content=\"2 minutes\" \/>\n<script type=\"application\/ld+json\" class=\"yoast-schema-graph\">{\"@context\":\"https:\/\/schema.org\",\"@graph\":[{\"@type\":\"WebPage\",\"@id\":\"https:\/\/euroalter.com\/candidati-al-parlamento-europeo-firmate-limpegno-di-by-the-many\/\",\"url\":\"https:\/\/euroalter.com\/candidati-al-parlamento-europeo-firmate-limpegno-di-by-the-many\/\",\"name\":\"Candidati al Parlamento europeo: firmate l'impegno di By The Many - European Alternatives\",\"isPartOf\":{\"@id\":\"https:\/\/euroalter.com\/#website\"},\"primaryImageOfPage\":{\"@id\":\"https:\/\/euroalter.com\/candidati-al-parlamento-europeo-firmate-limpegno-di-by-the-many\/#primaryimage\"},\"image\":{\"@id\":\"https:\/\/euroalter.com\/candidati-al-parlamento-europeo-firmate-limpegno-di-by-the-many\/#primaryimage\"},\"thumbnailUrl\":\"https:\/\/euroalter.com\/wp-content\/uploads\/2024\/04\/By-the-many-pledge-badge-main.png\",\"datePublished\":\"2025-07-31T10:00:02+00:00\",\"breadcrumb\":{\"@id\":\"https:\/\/euroalter.com\/candidati-al-parlamento-europeo-firmate-limpegno-di-by-the-many\/#breadcrumb\"},\"inLanguage\":\"it-IT\",\"potentialAction\":[{\"@type\":\"ReadAction\",\"target\":[\"https:\/\/euroalter.com\/candidati-al-parlamento-europeo-firmate-limpegno-di-by-the-many\/\"]}]},{\"@type\":\"ImageObject\",\"inLanguage\":\"it-IT\",\"@id\":\"https:\/\/euroalter.com\/candidati-al-parlamento-europeo-firmate-limpegno-di-by-the-many\/#primaryimage\",\"url\":\"https:\/\/euroalter.com\/wp-content\/uploads\/2024\/04\/By-the-many-pledge-badge-main.png\",\"contentUrl\":\"https:\/\/euroalter.com\/wp-content\/uploads\/2024\/04\/By-the-many-pledge-badge-main.png\"},{\"@type\":\"BreadcrumbList\",\"@id\":\"https:\/\/euroalter.com\/candidati-al-parlamento-europeo-firmate-limpegno-di-by-the-many\/#breadcrumb\",\"itemListElement\":[{\"@type\":\"ListItem\",\"position\":1,\"name\":\"Home\",\"item\":\"https:\/\/euroalter.com\/it\/\"},{\"@type\":\"ListItem\",\"position\":2,\"name\":\"Candidati al Parlamento europeo: firmate l&#8217;impegno di By The Many\"}]},{\"@type\":\"WebSite\",\"@id\":\"https:\/\/euroalter.com\/#website\",\"url\":\"https:\/\/euroalter.com\/\",\"name\":\"European Alternatives\",\"description\":\"Democracy, Equality and Culture beyond the nation\",\"potentialAction\":[{\"@type\":\"SearchAction\",\"target\":{\"@type\":\"EntryPoint\",\"urlTemplate\":\"https:\/\/euroalter.com\/?s={search_term_string}\"},\"query-input\":{\"@type\":\"PropertyValueSpecification\",\"valueRequired\":true,\"valueName\":\"search_term_string\"}}],\"inLanguage\":\"it-IT\"}]}<\/script>\n<!-- \/ Yoast SEO plugin. -->","yoast_head_json":{"title":"Candidati al Parlamento europeo: firmate l'impegno di By The Many - European Alternatives","robots":{"index":"index","follow":"follow","max-snippet":"max-snippet:-1","max-image-preview":"max-image-preview:large","max-video-preview":"max-video-preview:-1"},"canonical":"https:\/\/euroalter.com\/candidati-al-parlamento-europeo-firmate-limpegno-di-by-the-many\/","og_locale":"it_IT","og_type":"article","og_title":"Candidati al Parlamento europeo: firmate l'impegno di By The Many - European Alternatives","og_description":"Impegnarsi per un&#8217;Europa guidata dai cittadini TIl pianeta e i suoi abitanti vengono sfruttati e danneggiati in nome dei superprofitti delle grandi aziende. Gran parte&hellip;","og_url":"https:\/\/euroalter.com\/candidati-al-parlamento-europeo-firmate-limpegno-di-by-the-many\/","og_site_name":"European Alternatives","og_image":[{"width":695,"height":754,"url":"https:\/\/euroalter.com\/wp-content\/uploads\/2024\/04\/By-the-many-pledge-badge-main.png","type":"image\/png"}],"twitter_card":"summary_large_image","twitter_misc":{"Est. reading time":"2 minutes"},"schema":{"@context":"https:\/\/schema.org","@graph":[{"@type":"WebPage","@id":"https:\/\/euroalter.com\/candidati-al-parlamento-europeo-firmate-limpegno-di-by-the-many\/","url":"https:\/\/euroalter.com\/candidati-al-parlamento-europeo-firmate-limpegno-di-by-the-many\/","name":"Candidati al Parlamento europeo: firmate l'impegno di By The Many - European Alternatives","isPartOf":{"@id":"https:\/\/euroalter.com\/#website"},"primaryImageOfPage":{"@id":"https:\/\/euroalter.com\/candidati-al-parlamento-europeo-firmate-limpegno-di-by-the-many\/#primaryimage"},"image":{"@id":"https:\/\/euroalter.com\/candidati-al-parlamento-europeo-firmate-limpegno-di-by-the-many\/#primaryimage"},"thumbnailUrl":"https:\/\/euroalter.com\/wp-content\/uploads\/2024\/04\/By-the-many-pledge-badge-main.png","datePublished":"2025-07-31T10:00:02+00:00","breadcrumb":{"@id":"https:\/\/euroalter.com\/candidati-al-parlamento-europeo-firmate-limpegno-di-by-the-many\/#breadcrumb"},"inLanguage":"it-IT","potentialAction":[{"@type":"ReadAction","target":["https:\/\/euroalter.com\/candidati-al-parlamento-europeo-firmate-limpegno-di-by-the-many\/"]}]},{"@type":"ImageObject","inLanguage":"it-IT","@id":"https:\/\/euroalter.com\/candidati-al-parlamento-europeo-firmate-limpegno-di-by-the-many\/#primaryimage","url":"https:\/\/euroalter.com\/wp-content\/uploads\/2024\/04\/By-the-many-pledge-badge-main.png","contentUrl":"https:\/\/euroalter.com\/wp-content\/uploads\/2024\/04\/By-the-many-pledge-badge-main.png"},{"@type":"BreadcrumbList","@id":"https:\/\/euroalter.com\/candidati-al-parlamento-europeo-firmate-limpegno-di-by-the-many\/#breadcrumb","itemListElement":[{"@type":"ListItem","position":1,"name":"Home","item":"https:\/\/euroalter.com\/it\/"},{"@type":"ListItem","position":2,"name":"Candidati al Parlamento europeo: firmate l&#8217;impegno di By The Many"}]},{"@type":"WebSite","@id":"https:\/\/euroalter.com\/#website","url":"https:\/\/euroalter.com\/","name":"European Alternatives","description":"Democracy, Equality and Culture beyond the nation","potentialAction":[{"@type":"SearchAction","target":{"@type":"EntryPoint","urlTemplate":"https:\/\/euroalter.com\/?s={search_term_string}"},"query-input":{"@type":"PropertyValueSpecification","valueRequired":true,"valueName":"search_term_string"}}],"inLanguage":"it-IT"}]}},"_links":{"self":[{"href":"https:\/\/euroalter.com\/it\/wp-json\/wp\/v2\/pages\/29510","targetHints":{"allow":["GET"]}}],"collection":[{"href":"https:\/\/euroalter.com\/it\/wp-json\/wp\/v2\/pages"}],"about":[{"href":"https:\/\/euroalter.com\/it\/wp-json\/wp\/v2\/types\/page"}],"author":[{"embeddable":true,"href":"https:\/\/euroalter.com\/it\/wp-json\/wp\/v2\/users\/8"}],"replies":[{"embeddable":true,"href":"https:\/\/euroalter.com\/it\/wp-json\/wp\/v2\/comments?post=29510"}],"version-history":[{"count":0,"href":"https:\/\/euroalter.com\/it\/wp-json\/wp\/v2\/pages\/29510\/revisions"}],"wp:attachment":[{"href":"https:\/\/euroalter.com\/it\/wp-json\/wp\/v2\/media?parent=29510"}],"curies":[{"name":"wp","href":"https:\/\/api.w.org\/{rel}","templated":true}]}}