{"id":29507,"date":"2025-07-31T11:46:56","date_gmt":"2025-07-31T09:46:56","guid":{"rendered":"https:\/\/euroalter.com\/risorse\/formazione-apprendimento\/"},"modified":"2025-07-31T11:46:56","modified_gmt":"2025-07-31T09:46:56","slug":"formazione-apprendimento","status":"publish","type":"page","link":"https:\/\/euroalter.com\/it\/risorse\/formazione-apprendimento\/","title":{"rendered":"Formazione &#038; apprendimento"},"content":{"rendered":"\r\n<div class=\"wp-block-columns is-style-sixty-forty is-layout-flex wp-container-core-columns-is-layout-1 wp-block-columns-is-layout-flex\">\r\n\r\n\r\n<div class=\"wp-block-column is-layout-flow wp-block-column-is-layout-flow\">\r\n\r\n\r\n<p class=\"has-60-font-size\">In European Alternatives impariamo continuamente. Cerchiamo di creare spazi in cui condividere le nostre esperienze e apprendere da movimenti, comunit\u00e0 e partner pi\u00f9 ampi. A tal fine, partecipiamo e co-creiamo programmi di formazione e apprendimento destinati a principiant\u0437 ed esperti interessat\u0437 alla democrazia transnazionale e alla costruzione di un futuro oltre lo stato-nazione.<\/p>\r\n\r\n\r\n<\/div>\r\n\r\n\r\n\r\n<div class=\"wp-block-column is-layout-flow wp-block-column-is-layout-flow\" style=\"flex-basis: 40%;\"><\/div>\r\n\r\n\r\n<\/div>\r\n\r\n\r\n\r\n<div class=\"wp-block-columns is-style-forty-forty is-layout-flex wp-container-core-columns-is-layout-2 wp-block-columns-is-layout-flex\" style=\"margin-top: var(--wp--preset--spacing--80); margin-bottom: var(--wp--preset--spacing--80);\">\r\n\r\n\r\n<div class=\"wp-block-column is-layout-flow wp-block-column-is-layout-flow\" style=\"flex-basis: 40%;\">\r\n\r\n\r\n<figure class=\"wp-block-image size-full\"><img loading=\"lazy\" decoding=\"async\" width=\"2048\" height=\"1366\" class=\"wp-image-1110\" style=\"aspect-ratio: 1; object-fit: cover;\" src=\"https:\/\/euroalter.com\/wp-content\/uploads\/2020\/02\/33311873280_90b38bc627_k.jpg\" alt=\"\" srcset=\"https:\/\/euroalter.com\/wp-content\/uploads\/2020\/02\/33311873280_90b38bc627_k.jpg 2048w, https:\/\/euroalter.com\/wp-content\/uploads\/2020\/02\/33311873280_90b38bc627_k-1024x683.jpg 1024w, https:\/\/euroalter.com\/wp-content\/uploads\/2020\/02\/33311873280_90b38bc627_k-768x512.jpg 768w, https:\/\/euroalter.com\/wp-content\/uploads\/2020\/02\/33311873280_90b38bc627_k-1536x1025.jpg 1536w\" sizes=\"auto, (max-width: 2048px) 100vw, 2048px\" \/><\/figure>\r\n\r\n\r\n<\/div>\r\n\r\n\r\n\r\n<div class=\"wp-block-column is-layout-flow wp-block-column-is-layout-flow\" style=\"flex-basis: 40%;\">\r\n\r\n\r\n\r\nIl nostro approccio alla formazione coinvolge un&#8217;ampia comunit\u00e0 di formatrici e formatori, facilitator\u0437 ed educatori\/trici che si impegnano a formare e supportare attivist\u0437, organizzazioni e movimenti per guidare lotte pi\u00f9 potenti e pi\u00f9 speranzose nei loro paesi, citt\u00e0 e comunit\u00e0.\r\n\r\n\r\n\r\n\r\n\r\nI nostri corsi e workshop formativi, online e in presenza, non richiedono conoscenze accademiche pregresse n\u00e9 esperienza attivista, in modo che tutt\u0437 possano far parte della prossima generazione di organizzator\u0437 e movimenti che si prendono cura delle persone e del pianeta \u2014 uniti al di l\u00e0 delle divisioni e delle frontiere di lotte, comunit\u00e0 e nazioni. Sperimentiamo formati e metodologie ispirandoci all\u2019educazione popolare, all\u2019apprendimento trasformativo ed esperienziale, all\u2019educazione radicata nei territori e all\u2019organizzazione comunitaria.\r\n\r\n\r\n\r\n<\/div>\r\n\r\n\r\n<\/div>\r\n\r\n\r\n\r\n<figure class=\"wp-block-image alignwide size-full\"><img loading=\"lazy\" decoding=\"async\" width=\"2560\" height=\"1439\" class=\"wp-image-23789\" src=\"https:\/\/euroalter.com\/wp-content\/uploads\/2024\/04\/47463332701_6538e0f579_h-1.webp\" alt=\"\" srcset=\"https:\/\/euroalter.com\/wp-content\/uploads\/2024\/04\/47463332701_6538e0f579_h-1.webp 2560w, https:\/\/euroalter.com\/wp-content\/uploads\/2024\/04\/47463332701_6538e0f579_h-1-1024x576.webp 1024w, https:\/\/euroalter.com\/wp-content\/uploads\/2024\/04\/47463332701_6538e0f579_h-1-1500x843.webp 1500w, https:\/\/euroalter.com\/wp-content\/uploads\/2024\/04\/47463332701_6538e0f579_h-1-600x337.webp 600w\" sizes=\"auto, (max-width: 2560px) 100vw, 2560px\" \/><\/figure>\r\n\r\n\r\n\r\n<div class=\"wp-block-columns is-style-sixty-forty is-layout-flex wp-container-core-columns-is-layout-3 wp-block-columns-is-layout-flex\" style=\"margin-top: var(--wp--preset--spacing--80); margin-bottom: var(--wp--preset--spacing--80);\">\r\n\r\n\r\n<div class=\"wp-block-column is-layout-flow wp-block-column-is-layout-flow\">\r\n\r\n\r\n<h2 class=\"wp-block-heading\">Il nostro programma di formazione e apprendimento<\/h2>\r\n\r\n\r\n<\/div>\r\n\r\n\r\n\r\n<div class=\"wp-block-column is-layout-flow wp-block-column-is-layout-flow\" style=\"flex-basis: 40%;\">\r\n\r\n\r\n\r\nQui sotto troverai i nostri progetti attivi e passati che fanno parte del programma di formazione e apprendimento. Molte delle nostre risorse e dei nostri programmi sono aperti al pubblico \u2013 iscriviti alla nostra newsletter per ricevere tutti gli aggiornamenti su come partecipare.\r\n\r\n\r\n\r\n\r\n<div class=\"wp-block-buttons is-layout-flex wp-block-buttons-is-layout-flex\">\r\n\r\n\r\n<div class=\"wp-block-button has-custom-width wp-block-button__width-100\"><a class=\"wp-block-button__link wp-element-button\" href=\"https:\/\/transnationalorganizing.eu\/\">School of Transnational Organizing<\/a><\/div>\r\n\r\n\r\n\r\n<div class=\"wp-block-button has-custom-width wp-block-button__width-100\"><a class=\"wp-block-button__link wp-element-button\" href=\"https:\/\/euroalter.com\/projects\/movement-learning-catalyst\/\">Movement Learning Catalyst<\/a><\/div>\r\n\r\n\r\n\r\n<div class=\"wp-block-button has-custom-width wp-block-button__width-100\"><a class=\"wp-block-button__link wp-element-button\" href=\"https:\/\/www.roomtobloom.eu\/\">Room to Bloom<\/a><\/div>\r\n\r\n\r\n\r\n<div class=\"wp-block-button has-custom-width wp-block-button__width-100\"><a class=\"wp-block-button__link wp-element-button\" href=\"https:\/\/euroalter.com\/migrant-bipoc-organizing-train-the-trainer-series\/\" target=\"_blank\" rel=\"noreferrer noopener\">Migrant and BiPOC organising<\/a><\/div>\r\n\r\n\r\n<\/div>\r\n\r\n\r\n<\/div>\r\n\r\n\r\n<\/div>\r\n\r\n\r\n\r\n<div class=\"wp-block-spacer\" style=\"height: var(--wp--preset--spacing--70);\" aria-hidden=\"true\"><\/div>\r\n\r\n\r\n\r\n<figure class=\"wp-block-image alignwide size-full\"><img loading=\"lazy\" decoding=\"async\" width=\"2560\" height=\"1437\" class=\"wp-image-23704\" src=\"https:\/\/euroalter.com\/wp-content\/uploads\/2024\/04\/Our-story-2.webp\" alt=\"Our story 2\" srcset=\"https:\/\/euroalter.com\/wp-content\/uploads\/2024\/04\/Our-story-2.webp 2560w, https:\/\/euroalter.com\/wp-content\/uploads\/2024\/04\/Our-story-2-1024x575.webp 1024w, https:\/\/euroalter.com\/wp-content\/uploads\/2024\/04\/Our-story-2-1500x842.webp 1500w, https:\/\/euroalter.com\/wp-content\/uploads\/2024\/04\/Our-story-2-600x337.webp 600w\" sizes=\"auto, (max-width: 2560px) 100vw, 2560px\" \/><\/figure>\r\n","protected":false},"excerpt":{"rendered":"<p>In European Alternatives impariamo continuamente. Cerchiamo di creare spazi in cui condividere le nostre esperienze e apprendere da movimenti, comunit\u00e0 e partner pi\u00f9 ampi. A&hellip;<\/p>\n","protected":false},"author":12,"featured_media":0,"parent":29287,"menu_order":70,"comment_status":"closed","ping_status":"closed","template":"page-templates\/page-header-resources.php","meta":{"_acf_changed":false,"footnotes":""},"class_list":["post-29507","page","type-page","status-publish","hentry"],"acf":[],"yoast_head":"<!-- This site is optimized with the Yoast SEO plugin v24.6 - https:\/\/yoast.com\/wordpress\/plugins\/seo\/ -->\n<title>Formazione &amp; apprendimento - European Alternatives<\/title>\n<meta name=\"robots\" content=\"index, follow, max-snippet:-1, max-image-preview:large, max-video-preview:-1\" \/>\n<link rel=\"canonical\" href=\"https:\/\/euroalter.com\/risorse\/formazione-apprendimento\/\" \/>\n<meta property=\"og:locale\" content=\"it_IT\" \/>\n<meta property=\"og:type\" content=\"article\" \/>\n<meta property=\"og:title\" content=\"Formazione &amp; apprendimento - European Alternatives\" \/>\n<meta property=\"og:description\" content=\"In European Alternatives impariamo continuamente. Cerchiamo di creare spazi in cui condividere le nostre esperienze e apprendere da movimenti, comunit\u00e0 e partner pi\u00f9 ampi. A&hellip;\" \/>\n<meta property=\"og:url\" content=\"https:\/\/euroalter.com\/risorse\/formazione-apprendimento\/\" \/>\n<meta property=\"og:site_name\" content=\"European Alternatives\" \/>\n<meta property=\"og:image\" content=\"https:\/\/euroalter.com\/wp-content\/uploads\/2020\/02\/33311873280_90b38bc627_k.jpg\" \/>\n\t<meta property=\"og:image:width\" content=\"2048\" \/>\n\t<meta property=\"og:image:height\" content=\"1366\" \/>\n\t<meta property=\"og:image:type\" content=\"image\/jpeg\" \/>\n<meta name=\"twitter:card\" content=\"summary_large_image\" \/>\n<meta name=\"twitter:label1\" content=\"Est. reading time\" \/>\n\t<meta name=\"twitter:data1\" content=\"1 minute\" \/>\n<script type=\"application\/ld+json\" class=\"yoast-schema-graph\">{\"@context\":\"https:\/\/schema.org\",\"@graph\":[{\"@type\":\"WebPage\",\"@id\":\"https:\/\/euroalter.com\/risorse\/formazione-apprendimento\/\",\"url\":\"https:\/\/euroalter.com\/risorse\/formazione-apprendimento\/\",\"name\":\"Formazione & apprendimento - European Alternatives\",\"isPartOf\":{\"@id\":\"https:\/\/euroalter.com\/#website\"},\"primaryImageOfPage\":{\"@id\":\"https:\/\/euroalter.com\/risorse\/formazione-apprendimento\/#primaryimage\"},\"image\":{\"@id\":\"https:\/\/euroalter.com\/risorse\/formazione-apprendimento\/#primaryimage\"},\"thumbnailUrl\":\"https:\/\/euroalter.com\/wp-content\/uploads\/2020\/02\/33311873280_90b38bc627_k.jpg\",\"datePublished\":\"2025-07-31T09:46:56+00:00\",\"breadcrumb\":{\"@id\":\"https:\/\/euroalter.com\/risorse\/formazione-apprendimento\/#breadcrumb\"},\"inLanguage\":\"it-IT\",\"potentialAction\":[{\"@type\":\"ReadAction\",\"target\":[\"https:\/\/euroalter.com\/risorse\/formazione-apprendimento\/\"]}]},{\"@type\":\"ImageObject\",\"inLanguage\":\"it-IT\",\"@id\":\"https:\/\/euroalter.com\/risorse\/formazione-apprendimento\/#primaryimage\",\"url\":\"https:\/\/euroalter.com\/wp-content\/uploads\/2020\/02\/33311873280_90b38bc627_k.jpg\",\"contentUrl\":\"https:\/\/euroalter.com\/wp-content\/uploads\/2020\/02\/33311873280_90b38bc627_k.jpg\"},{\"@type\":\"BreadcrumbList\",\"@id\":\"https:\/\/euroalter.com\/risorse\/formazione-apprendimento\/#breadcrumb\",\"itemListElement\":[{\"@type\":\"ListItem\",\"position\":1,\"name\":\"Home\",\"item\":\"https:\/\/euroalter.com\/it\/\"},{\"@type\":\"ListItem\",\"position\":2,\"name\":\"Risorse\",\"item\":\"https:\/\/euroalter.com\/risorse\/\"},{\"@type\":\"ListItem\",\"position\":3,\"name\":\"Formazione &#038; apprendimento\"}]},{\"@type\":\"WebSite\",\"@id\":\"https:\/\/euroalter.com\/#website\",\"url\":\"https:\/\/euroalter.com\/\",\"name\":\"European Alternatives\",\"description\":\"Democracy, Equality and Culture beyond the nation\",\"potentialAction\":[{\"@type\":\"SearchAction\",\"target\":{\"@type\":\"EntryPoint\",\"urlTemplate\":\"https:\/\/euroalter.com\/?s={search_term_string}\"},\"query-input\":{\"@type\":\"PropertyValueSpecification\",\"valueRequired\":true,\"valueName\":\"search_term_string\"}}],\"inLanguage\":\"it-IT\"}]}<\/script>\n<!-- \/ Yoast SEO plugin. -->","yoast_head_json":{"title":"Formazione & apprendimento - European Alternatives","robots":{"index":"index","follow":"follow","max-snippet":"max-snippet:-1","max-image-preview":"max-image-preview:large","max-video-preview":"max-video-preview:-1"},"canonical":"https:\/\/euroalter.com\/risorse\/formazione-apprendimento\/","og_locale":"it_IT","og_type":"article","og_title":"Formazione & apprendimento - European Alternatives","og_description":"In European Alternatives impariamo continuamente. Cerchiamo di creare spazi in cui condividere le nostre esperienze e apprendere da movimenti, comunit\u00e0 e partner pi\u00f9 ampi. A&hellip;","og_url":"https:\/\/euroalter.com\/risorse\/formazione-apprendimento\/","og_site_name":"European Alternatives","og_image":[{"width":2048,"height":1366,"url":"https:\/\/euroalter.com\/wp-content\/uploads\/2020\/02\/33311873280_90b38bc627_k.jpg","type":"image\/jpeg"}],"twitter_card":"summary_large_image","twitter_misc":{"Est. reading time":"1 minute"},"schema":{"@context":"https:\/\/schema.org","@graph":[{"@type":"WebPage","@id":"https:\/\/euroalter.com\/risorse\/formazione-apprendimento\/","url":"https:\/\/euroalter.com\/risorse\/formazione-apprendimento\/","name":"Formazione & apprendimento - European Alternatives","isPartOf":{"@id":"https:\/\/euroalter.com\/#website"},"primaryImageOfPage":{"@id":"https:\/\/euroalter.com\/risorse\/formazione-apprendimento\/#primaryimage"},"image":{"@id":"https:\/\/euroalter.com\/risorse\/formazione-apprendimento\/#primaryimage"},"thumbnailUrl":"https:\/\/euroalter.com\/wp-content\/uploads\/2020\/02\/33311873280_90b38bc627_k.jpg","datePublished":"2025-07-31T09:46:56+00:00","breadcrumb":{"@id":"https:\/\/euroalter.com\/risorse\/formazione-apprendimento\/#breadcrumb"},"inLanguage":"it-IT","potentialAction":[{"@type":"ReadAction","target":["https:\/\/euroalter.com\/risorse\/formazione-apprendimento\/"]}]},{"@type":"ImageObject","inLanguage":"it-IT","@id":"https:\/\/euroalter.com\/risorse\/formazione-apprendimento\/#primaryimage","url":"https:\/\/euroalter.com\/wp-content\/uploads\/2020\/02\/33311873280_90b38bc627_k.jpg","contentUrl":"https:\/\/euroalter.com\/wp-content\/uploads\/2020\/02\/33311873280_90b38bc627_k.jpg"},{"@type":"BreadcrumbList","@id":"https:\/\/euroalter.com\/risorse\/formazione-apprendimento\/#breadcrumb","itemListElement":[{"@type":"ListItem","position":1,"name":"Home","item":"https:\/\/euroalter.com\/it\/"},{"@type":"ListItem","position":2,"name":"Risorse","item":"https:\/\/euroalter.com\/risorse\/"},{"@type":"ListItem","position":3,"name":"Formazione &#038; apprendimento"}]},{"@type":"WebSite","@id":"https:\/\/euroalter.com\/#website","url":"https:\/\/euroalter.com\/","name":"European Alternatives","description":"Democracy, Equality and Culture beyond the nation","potentialAction":[{"@type":"SearchAction","target":{"@type":"EntryPoint","urlTemplate":"https:\/\/euroalter.com\/?s={search_term_string}"},"query-input":{"@type":"PropertyValueSpecification","valueRequired":true,"valueName":"search_term_string"}}],"inLanguage":"it-IT"}]}},"_links":{"self":[{"href":"https:\/\/euroalter.com\/it\/wp-json\/wp\/v2\/pages\/29507","targetHints":{"allow":["GET"]}}],"collection":[{"href":"https:\/\/euroalter.com\/it\/wp-json\/wp\/v2\/pages"}],"about":[{"href":"https:\/\/euroalter.com\/it\/wp-json\/wp\/v2\/types\/page"}],"author":[{"embeddable":true,"href":"https:\/\/euroalter.com\/it\/wp-json\/wp\/v2\/users\/12"}],"replies":[{"embeddable":true,"href":"https:\/\/euroalter.com\/it\/wp-json\/wp\/v2\/comments?post=29507"}],"version-history":[{"count":0,"href":"https:\/\/euroalter.com\/it\/wp-json\/wp\/v2\/pages\/29507\/revisions"}],"up":[{"embeddable":true,"href":"https:\/\/euroalter.com\/it\/wp-json\/wp\/v2\/pages\/29287"}],"wp:attachment":[{"href":"https:\/\/euroalter.com\/it\/wp-json\/wp\/v2\/media?parent=29507"}],"curies":[{"name":"wp","href":"https:\/\/api.w.org\/{rel}","templated":true}]}}