{"id":29506,"date":"2025-07-31T11:44:17","date_gmt":"2025-07-31T09:44:17","guid":{"rendered":"https:\/\/euroalter.com\/risorse\/podcast\/"},"modified":"2025-07-31T11:44:17","modified_gmt":"2025-07-31T09:44:17","slug":"podcast","status":"publish","type":"page","link":"https:\/\/euroalter.com\/it\/risorse\/podcast\/","title":{"rendered":"Podcast"},"content":{"rendered":"\r\n<div class=\"wp-block-columns is-style-sixty-forty is-layout-flex wp-container-core-columns-is-layout-1 wp-block-columns-is-layout-flex\">\r\n<div class=\"wp-block-column is-layout-flow wp-block-column-is-layout-flow\">\r\n<p class=\"has-60-font-size\">European Alternatives gestisce una serie di podcast sui temi della democrazia, della cultura e dell&#8217;uguaglianza al di l\u00e0 dello Stato nazionale. Le nostre diverse serie esplorano questioni artistiche, tecnologiche, geopolitiche, accademiche e sociali da una prospettiva transnazionale e transfrontaliera. Dai un&#8217;occhiata alle nostre serie di podcast interne e collaborative qui sotto..&nbsp;<\/p>\r\n<\/div>\r\n\r\n\r\n\r\n<div class=\"wp-block-column is-layout-flow wp-block-column-is-layout-flow\" style=\"flex-basis:40%\"><\/div>\r\n<\/div>\r\n\r\n\r\n\r\n<div style=\"height:92px\" aria-hidden=\"true\" class=\"wp-block-spacer\"><\/div>\r\n\r\n\r\n\r\n<h2 class=\"wp-block-heading\" style=\"margin-top:0;margin-bottom:0\">Next time<\/h2>\r\n\r\n\r\n\r\n<iframe loading=\"lazy\" style=\"border-radius:12px src=\"https:\/\/podcasters.spotify.com\/pod\/show\/euroalter3\/embed\/episodes\/Lutter-pour-la-justice-climatique-en-franais--avec-Tshin-Ilya-Chardayre--activiste-climatique-et-membre-de-Seeding-for-Future-e2q28c6\/a-abjhn80\" width=\"100%\" height=\"352\" frameborder=\"0\" allowfullscreen=\"allowfullscreen\"><\/iframe>\r\n\r\n\r\n\r\n<h2 class=\"wp-block-heading\" style=\"margin-top:0;margin-bottom:0\">Beyond the Nation State<\/h2>\r\n\r\n\r\n\r\n<p><\/p>\r\n\r\n\r\n\r\n<iframe loading=\"lazy\" style=\"border-radius: 12px;\" src=\"https:\/\/open.spotify.com\/embed\/show\/0z6ZYcrHO9nqYo3yHjNBPT?utm_source=generator\" width=\"100%\" height=\"352\" frameborder=\"0\" allowfullscreen=\"allowfullscreen\"><\/iframe>\r\n\r\n\r\n\r\n<div class=\"wp-block-columns is-style-forty-forty is-layout-flex wp-container-core-columns-is-layout-2 wp-block-columns-is-layout-flex\">\r\n<div class=\"wp-block-column is-layout-flow wp-block-column-is-layout-flow\" style=\"flex-basis:40%\">\r\n<p>Come possiamo agire oltre i confini? Quali realt\u00e0 alternative possiamo costruire? Come possiamo prenderci cura delle persone e del pianeta, costruendo una societ\u00e0 solidale che funzioni per tutti, al di l\u00e0 delle differenze di classe, genere, orientamento sessuale e provenienza geografica? Come possiamo prenderci cura degli esseri non umani?<\/p>\r\n\r\n\r\n\r\n<p>European Alternatives lavora per promuovere la democrazia, l&#8217;uguaglianza e la cultura al di l\u00e0 dello Stato nazionale. In questa serie di podcast incontriamo attivisti transnazionali, accademici, operatori culturali e rappresentanti della societ\u00e0 civile per immaginare, richiedere &amp; attuare alternative.<\/p>\r\n<\/div>\r\n\r\n\r\n\r\n<div class=\"wp-block-column is-layout-flow wp-block-column-is-layout-flow\" style=\"flex-basis:40%\"><\/div>\r\n<\/div>\r\n\r\n\r\n\r\n<div style=\"height:var(--wp--preset--spacing--70)\" aria-hidden=\"true\" class=\"wp-block-spacer\"><\/div>\r\n\r\n\r\n\r\n<h2 class=\"wp-block-heading\" style=\"margin-top:0;margin-bottom:0\">Workers Without Borders<\/h2>\r\n\r\n\r\n\r\n<iframe loading=\"lazy\" style=\"border-radius: 12px;\" src=\"https:\/\/open.spotify.com\/embed\/episode\/1WDIrDsEC9oDz4foPYdKb2?utm_source=generator\" width=\"100%\" height=\"352\" frameborder=\"0\" allowfullscreen=\"allowfullscreen\"><\/iframe>\r\n\r\n\r\n\r\n<div class=\"wp-block-columns is-style-forty-forty is-layout-flex wp-container-core-columns-is-layout-3 wp-block-columns-is-layout-flex\">\r\n<div class=\"wp-block-column is-layout-flow wp-block-column-is-layout-flow\" style=\"flex-basis:40%\">\r\n<p>Workers Without Borders riunisce lavoratori migranti provenienti dai Balcani occidentali che attualmente lavorano o hanno lavorato in diversi paesi europei in diversi settori. Esploriamo le sfide che devono affrontare, le loro esperienze e le loro motivazioni per spostarsi da un paese all&#8217;altro.<\/p>\r\n<\/div>\r\n\r\n\r\n\r\n<div class=\"wp-block-column is-layout-flow wp-block-column-is-layout-flow\" style=\"flex-basis:40%\"><\/div>\r\n<\/div>\r\n\r\n\r\n\r\n<iframe loading=\"lazy\" style=\"border-radius: 12px;\" src=\"https:\/\/open.spotify.com\/embed\/episode\/3MkujZ4rLkIdwglaNfqvPR?utm_source=generator\" width=\"100%\" height=\"152\" frameborder=\"0\" allowfullscreen=\"allowfullscreen\"><\/iframe>\r\n\r\n\r\n\r\n<iframe loading=\"lazy\" style=\"border-radius: 12px;\" src=\"https:\/\/open.spotify.com\/embed\/episode\/1rI8aO9uSnaN9E6z7r3EkU?utm_source=generator\" width=\"100%\" height=\"152\" frameborder=\"0\" allowfullscreen=\"allowfullscreen\"><\/iframe>\r\n\r\n\r\n\r\n<div style=\"height:var(--wp--preset--spacing--70)\" aria-hidden=\"true\" class=\"wp-block-spacer\"><\/div>\r\n\r\n\r\n\r\n<h2 class=\"wp-block-heading\" style=\"margin-top:0;margin-bottom:0\">Ukraine and the World<\/h2>\r\n\r\n\r\n\r\n<iframe loading=\"lazy\" style=\"border-radius: 12px;\" src=\"https:\/\/open.spotify.com\/embed\/episode\/1eG6MCU6CRKRTi5sJI6moW?utm_source=generator\" width=\"100%\" height=\"352\" frameborder=\"0\" allowfullscreen=\"allowfullscreen\"><\/iframe>\r\n\r\n\r\n\r\n<div class=\"wp-block-columns is-style-forty-forty is-layout-flex wp-container-core-columns-is-layout-4 wp-block-columns-is-layout-flex\">\r\n<div class=\"wp-block-column is-layout-flow wp-block-column-is-layout-flow\" style=\"flex-basis:40%\">\r\n<p>La serie \u201cL&#8217;Ucraina e il mondo\u201d \u00e8 un&#8217;iniziativa intrapresa in collaborazione con Foreign Policy in Focus \u2013 Institute for Policy Studies negli Stati Uniti e il nostro partner di lunga data, Another Europe is Possible.<\/p>\r\n\r\n\r\n\r\n<p>Nel primo podcast della nostra serie \u201cL&#8217;Ucraina e il mondo\u201d, Luke Cooper intervista Masha Shynkarenko, ricercatrice associata del programma \u201cL&#8217;Ucraina nel dialogo europeo\u201d presso l&#8217;Institute for Human Sciences di Vienna ed esperta della colonizzazione russa della Crimea e del movimento nazionale dei tartari di Crimea.<\/p>\r\n\r\n\r\n\r\n<p>Discutono della lunga storia dell&#8217;imperialismo russo e sovietico nella penisola di Crimea, della vita sotto l&#8217;occupazione russa e della necessit\u00e0 di sfumature e complessit\u00e0 nella discussione su come dovrebbe essere in pratica la decolonizzazione della Crimea.<\/p>\r\n<\/div>\r\n\r\n\r\n\r\n<div class=\"wp-block-column is-layout-flow wp-block-column-is-layout-flow\" style=\"flex-basis:40%\"><\/div>\r\n<\/div>\r\n\r\n\r\n\r\n<div style=\"height:var(--wp--preset--spacing--70)\" aria-hidden=\"true\" class=\"wp-block-spacer\"><\/div>\r\n\r\n\r\n\r\n<h2 class=\"wp-block-heading\" style=\"margin-top:0;margin-bottom:0\">Resistance: Decolonising the Internet<\/h2>\r\n\r\n\r\n\r\n<iframe loading=\"lazy\" style=\"border-radius: 12px;\" src=\"https:\/\/open.spotify.com\/embed\/episode\/58WqUBI6fMDusRfL2q6Qnr?utm_source=generator\" width=\"100%\" height=\"352\" frameborder=\"0\" allowfullscreen=\"allowfullscreen\"><\/iframe>\r\n\r\n\r\n\r\n<div class=\"wp-block-columns is-style-forty-forty is-layout-flex wp-container-core-columns-is-layout-5 wp-block-columns-is-layout-flex\">\r\n<div class=\"wp-block-column is-layout-flow wp-block-column-is-layout-flow\" style=\"flex-basis:40%\">\r\n<p>Come possiamo utilizzare l&#8217;arte e gli spazi creativi per adottare un approccio decoloniale alla trasformazione digitale? ARTSFORMATION, un progetto di cui European Alternatives \u00e8 partner chiave, ha organizzato \u201cRESISTANCE\u201d, una residenza a Lesbo seguita da un&#8217;assemblea pubblica tenutasi al festival Transmediale 2023 di Berlino per approfondire questa questione.<\/p>\r\n\r\n\r\n\r\n<p>In questa serie di podcast incontriamo residenti, coordinatori e ricercatori per discutere della loro esperienza nella creazione di nuovi immaginari per sfidare la disuguaglianza e le strutture di potere esistenti nella trasformazione digitale dell&#8217;Europa. Creiamo uno spazio democratico condiviso che ridefinisce la narrativa attuale della sopravvivenza in una narrativa di sostenibilit\u00e0 e resilienza.<\/p>\r\n<\/div>\r\n\r\n\r\n\r\n<div class=\"wp-block-column is-layout-flow wp-block-column-is-layout-flow\" style=\"flex-basis:40%\"><\/div>\r\n<\/div>\r\n\r\n\r\n\r\n<iframe loading=\"lazy\" style=\"border-radius: 12px;\" src=\"https:\/\/open.spotify.com\/embed\/episode\/1E6SLv9URmR6UbGywsUOXk?utm_source=generator\" width=\"100%\" height=\"152\" frameborder=\"0\" allowfullscreen=\"allowfullscreen\"><\/iframe>\r\n\r\n\r\n\r\n<iframe loading=\"lazy\" style=\"border-radius: 12px;\" src=\"https:\/\/open.spotify.com\/embed\/episode\/56nLo12LaAkahdTaE1S9n3?utm_source=generator\" width=\"100%\" height=\"152\" frameborder=\"0\" allowfullscreen=\"allowfullscreen\"><\/iframe>\r\n","protected":false},"excerpt":{"rendered":"<p>European Alternatives gestisce una serie di podcast sui temi della democrazia, della cultura e dell&#8217;uguaglianza al di l\u00e0 dello Stato nazionale. Le nostre diverse serie&hellip;<\/p>\n","protected":false},"author":8,"featured_media":23072,"parent":29287,"menu_order":60,"comment_status":"closed","ping_status":"closed","template":"page-templates\/page-header-resources.php","meta":{"_acf_changed":false,"footnotes":""},"class_list":["post-29506","page","type-page","status-publish","has-post-thumbnail","hentry"],"acf":[],"yoast_head":"<!-- This site is optimized with the Yoast SEO plugin v24.6 - https:\/\/yoast.com\/wordpress\/plugins\/seo\/ -->\n<title>Podcast - European Alternatives<\/title>\n<meta name=\"robots\" content=\"index, follow, max-snippet:-1, max-image-preview:large, max-video-preview:-1\" \/>\n<link rel=\"canonical\" href=\"https:\/\/euroalter.com\/risorse\/podcast\/\" \/>\n<meta property=\"og:locale\" content=\"it_IT\" \/>\n<meta property=\"og:type\" content=\"article\" \/>\n<meta property=\"og:title\" content=\"Podcast - European Alternatives\" \/>\n<meta property=\"og:description\" content=\"European Alternatives gestisce una serie di podcast sui temi della democrazia, della cultura e dell&#8217;uguaglianza al di l\u00e0 dello Stato nazionale. Le nostre diverse serie&hellip;\" \/>\n<meta property=\"og:url\" content=\"https:\/\/euroalter.com\/risorse\/podcast\/\" \/>\n<meta property=\"og:site_name\" content=\"European Alternatives\" \/>\n<meta name=\"twitter:card\" content=\"summary_large_image\" \/>\n<script type=\"application\/ld+json\" class=\"yoast-schema-graph\">{\"@context\":\"https:\/\/schema.org\",\"@graph\":[{\"@type\":\"WebPage\",\"@id\":\"https:\/\/euroalter.com\/risorse\/podcast\/\",\"url\":\"https:\/\/euroalter.com\/risorse\/podcast\/\",\"name\":\"Podcast - European Alternatives\",\"isPartOf\":{\"@id\":\"https:\/\/euroalter.com\/#website\"},\"primaryImageOfPage\":{\"@id\":\"https:\/\/euroalter.com\/risorse\/podcast\/#primaryimage\"},\"image\":{\"@id\":\"https:\/\/euroalter.com\/risorse\/podcast\/#primaryimage\"},\"thumbnailUrl\":\"https:\/\/euroalter.com\/wp-content\/uploads\/2023\/12\/beyond-the-nation-state-1.png\",\"datePublished\":\"2025-07-31T09:44:17+00:00\",\"breadcrumb\":{\"@id\":\"https:\/\/euroalter.com\/risorse\/podcast\/#breadcrumb\"},\"inLanguage\":\"it-IT\",\"potentialAction\":[{\"@type\":\"ReadAction\",\"target\":[\"https:\/\/euroalter.com\/risorse\/podcast\/\"]}]},{\"@type\":\"ImageObject\",\"inLanguage\":\"it-IT\",\"@id\":\"https:\/\/euroalter.com\/risorse\/podcast\/#primaryimage\",\"url\":\"https:\/\/euroalter.com\/wp-content\/uploads\/2023\/12\/beyond-the-nation-state-1.png\",\"contentUrl\":\"https:\/\/euroalter.com\/wp-content\/uploads\/2023\/12\/beyond-the-nation-state-1.png\",\"width\":3000,\"height\":3000},{\"@type\":\"BreadcrumbList\",\"@id\":\"https:\/\/euroalter.com\/risorse\/podcast\/#breadcrumb\",\"itemListElement\":[{\"@type\":\"ListItem\",\"position\":1,\"name\":\"Home\",\"item\":\"https:\/\/euroalter.com\/it\/\"},{\"@type\":\"ListItem\",\"position\":2,\"name\":\"Risorse\",\"item\":\"https:\/\/euroalter.com\/risorse\/\"},{\"@type\":\"ListItem\",\"position\":3,\"name\":\"Podcast\"}]},{\"@type\":\"WebSite\",\"@id\":\"https:\/\/euroalter.com\/#website\",\"url\":\"https:\/\/euroalter.com\/\",\"name\":\"European Alternatives\",\"description\":\"Democracy, Equality and Culture beyond the nation\",\"potentialAction\":[{\"@type\":\"SearchAction\",\"target\":{\"@type\":\"EntryPoint\",\"urlTemplate\":\"https:\/\/euroalter.com\/?s={search_term_string}\"},\"query-input\":{\"@type\":\"PropertyValueSpecification\",\"valueRequired\":true,\"valueName\":\"search_term_string\"}}],\"inLanguage\":\"it-IT\"}]}<\/script>\n<!-- \/ Yoast SEO plugin. -->","yoast_head_json":{"title":"Podcast - European Alternatives","robots":{"index":"index","follow":"follow","max-snippet":"max-snippet:-1","max-image-preview":"max-image-preview:large","max-video-preview":"max-video-preview:-1"},"canonical":"https:\/\/euroalter.com\/risorse\/podcast\/","og_locale":"it_IT","og_type":"article","og_title":"Podcast - European Alternatives","og_description":"European Alternatives gestisce una serie di podcast sui temi della democrazia, della cultura e dell&#8217;uguaglianza al di l\u00e0 dello Stato nazionale. Le nostre diverse serie&hellip;","og_url":"https:\/\/euroalter.com\/risorse\/podcast\/","og_site_name":"European Alternatives","twitter_card":"summary_large_image","schema":{"@context":"https:\/\/schema.org","@graph":[{"@type":"WebPage","@id":"https:\/\/euroalter.com\/risorse\/podcast\/","url":"https:\/\/euroalter.com\/risorse\/podcast\/","name":"Podcast - European Alternatives","isPartOf":{"@id":"https:\/\/euroalter.com\/#website"},"primaryImageOfPage":{"@id":"https:\/\/euroalter.com\/risorse\/podcast\/#primaryimage"},"image":{"@id":"https:\/\/euroalter.com\/risorse\/podcast\/#primaryimage"},"thumbnailUrl":"https:\/\/euroalter.com\/wp-content\/uploads\/2023\/12\/beyond-the-nation-state-1.png","datePublished":"2025-07-31T09:44:17+00:00","breadcrumb":{"@id":"https:\/\/euroalter.com\/risorse\/podcast\/#breadcrumb"},"inLanguage":"it-IT","potentialAction":[{"@type":"ReadAction","target":["https:\/\/euroalter.com\/risorse\/podcast\/"]}]},{"@type":"ImageObject","inLanguage":"it-IT","@id":"https:\/\/euroalter.com\/risorse\/podcast\/#primaryimage","url":"https:\/\/euroalter.com\/wp-content\/uploads\/2023\/12\/beyond-the-nation-state-1.png","contentUrl":"https:\/\/euroalter.com\/wp-content\/uploads\/2023\/12\/beyond-the-nation-state-1.png","width":3000,"height":3000},{"@type":"BreadcrumbList","@id":"https:\/\/euroalter.com\/risorse\/podcast\/#breadcrumb","itemListElement":[{"@type":"ListItem","position":1,"name":"Home","item":"https:\/\/euroalter.com\/it\/"},{"@type":"ListItem","position":2,"name":"Risorse","item":"https:\/\/euroalter.com\/risorse\/"},{"@type":"ListItem","position":3,"name":"Podcast"}]},{"@type":"WebSite","@id":"https:\/\/euroalter.com\/#website","url":"https:\/\/euroalter.com\/","name":"European Alternatives","description":"Democracy, Equality and Culture beyond the nation","potentialAction":[{"@type":"SearchAction","target":{"@type":"EntryPoint","urlTemplate":"https:\/\/euroalter.com\/?s={search_term_string}"},"query-input":{"@type":"PropertyValueSpecification","valueRequired":true,"valueName":"search_term_string"}}],"inLanguage":"it-IT"}]}},"_links":{"self":[{"href":"https:\/\/euroalter.com\/it\/wp-json\/wp\/v2\/pages\/29506","targetHints":{"allow":["GET"]}}],"collection":[{"href":"https:\/\/euroalter.com\/it\/wp-json\/wp\/v2\/pages"}],"about":[{"href":"https:\/\/euroalter.com\/it\/wp-json\/wp\/v2\/types\/page"}],"author":[{"embeddable":true,"href":"https:\/\/euroalter.com\/it\/wp-json\/wp\/v2\/users\/8"}],"replies":[{"embeddable":true,"href":"https:\/\/euroalter.com\/it\/wp-json\/wp\/v2\/comments?post=29506"}],"version-history":[{"count":0,"href":"https:\/\/euroalter.com\/it\/wp-json\/wp\/v2\/pages\/29506\/revisions"}],"up":[{"embeddable":true,"href":"https:\/\/euroalter.com\/it\/wp-json\/wp\/v2\/pages\/29287"}],"wp:featuredmedia":[{"embeddable":true,"href":"https:\/\/euroalter.com\/it\/wp-json\/wp\/v2\/media\/23072"}],"wp:attachment":[{"href":"https:\/\/euroalter.com\/it\/wp-json\/wp\/v2\/media?parent=29506"}],"curies":[{"name":"wp","href":"https:\/\/api.w.org\/{rel}","templated":true}]}}