{"id":29286,"date":"2025-07-29T17:30:13","date_gmt":"2025-07-29T15:30:13","guid":{"rendered":"https:\/\/euroalter.com\/rapporto-sullaccademia-della-deliberazione\/"},"modified":"2025-07-29T17:30:13","modified_gmt":"2025-07-29T15:30:13","slug":"rapporto-sullaccademia-della-deliberazione","status":"publish","type":"page","link":"https:\/\/euroalter.com\/it\/rapporto-sullaccademia-della-deliberazione\/","title":{"rendered":"Rapporto sull\u2019Accademia della Deliberazione"},"content":{"rendered":"\r\n<div class=\"wp-block-columns is-style-sixty-forty is-layout-flex wp-container-core-columns-is-layout-1 wp-block-columns-is-layout-flex\">\r\n\r\n\r\n<div class=\"wp-block-column is-layout-flow wp-block-column-is-layout-flow\">\r\n\r\n\r\n<p class=\"has-60-font-size\">Parte della Democratic Odyssey<\/p>\r\n\r\n\r\n<\/div>\r\n\r\n\r\n<\/div>\r\n\r\n\r\n\r\n\r\nCome possiamo rendere la democrazia non solo accessibile, ma anche fonte di emancipazione?\r\n\r\n\r\n\r\n\r\n\r\nL\u2019Accademia della Deliberazione \u00e8 stata uno dei pilastri fondamentali della <a href=\"https:\/\/euroalter.com\/it\/democratic-odyssey-la-campagna\/\">Democratic Odyssey<\/a>, una campagna transnazionale per un\u2019Assemblea Permanente dei Popoli in Europa. Attraverso formazioni digitali e in presenza, pratiche artistiche civiche, supporto emotivo e facilitazione inclusiva, l\u2019Accademia ha preparato oltre 200 cittadin\u0437 in 26 paesi a partecipare alla democrazia deliberativa, per molt\u0437 di loro per la prima volta.\r\n\r\n\r\n\r\n\r\n\r\nL\u2019Accademia si \u00e8 svolta ad Atene, Firenze e Vienna, sia online che in presenza, con 203 partecipanti provenienti da 26 paesi, tra cui giovani, migranti, donne e gruppi sottorappresentati.\r\n\r\n\r\n\r\n\r\n<h4 class=\"wp-block-heading\">Cosa troverai nel rapporto<\/h4>\r\n\r\n\r\n\r\n<ul class=\"wp-block-list\">\r\n \t<li style=\"list-style-type: none;\">\r\n<ul class=\"wp-block-list\">\r\n \t<li>Percorsi di accoglienza inclusiva per nuov\u0437 cittadin\u0437 in ogni assemblea<\/li>\r\n<\/ul>\r\n<\/li>\r\n<\/ul>\r\n\r\n\r\n\r\n<ul class=\"wp-block-list\">\r\n \t<li style=\"list-style-type: none;\">\r\n<ul class=\"wp-block-list\">\r\n \t<li>Laboratori su ascolto attivo, alfabetizzazione emotiva e pratiche democratiche<\/li>\r\n<\/ul>\r\n<\/li>\r\n<\/ul>\r\n\r\n\r\n\r\n<ul class=\"wp-block-list\">\r\n \t<li style=\"list-style-type: none;\">\r\n<ul class=\"wp-block-list\">\r\n \t<li>Meccanismi di tutela per garantire cura e sicurezza<\/li>\r\n<\/ul>\r\n<\/li>\r\n<\/ul>\r\n\r\n\r\n\r\n<ul class=\"wp-block-list\">\r\n \t<li style=\"list-style-type: none;\">\r\n<ul class=\"wp-block-list\">\r\n \t<li>Arti civiche creative a supporto del dialogo e della partecipazione<\/li>\r\n<\/ul>\r\n<\/li>\r\n<\/ul>\r\n\r\n\r\n\r\n<ul class=\"wp-block-list\">\r\n \t<li style=\"list-style-type: none;\">\r\n<ul class=\"wp-block-list\">\r\n \t<li>Un modello per integrare cura, accesso e immaginazione nelle assemblee future<\/li>\r\n<\/ul>\r\n<\/li>\r\n<\/ul>\r\n\r\n\r\n\r\n\r\n\r\n\r\nQuesto non \u00e8 solo un bilancio, \u00e8 una mappa per costruire una democrazia deliberativa fondata sulla cura, la pluralit\u00e0 e la giustizia.\r\n\r\n\r\n\r\n\r\n\r\nScarica il rapporto completo <a href=\"https:\/\/euroalter.com\/wp-content\/uploads\/2025\/07\/Report-on-the-implementation-of-Deliberation-Academy.docx.pdf\">qui<\/a>.\r\n\r\n\r\n\r\n\r\n\r\n\r\n\r\n\r\n<figure class=\"wp-block-image is-resized\"><img loading=\"lazy\" decoding=\"async\" width=\"4119\" height=\"919\" class=\"wp-image-29026\" style=\"width: 328px; height: auto;\" src=\"https:\/\/euroalter.com\/wp-content\/uploads\/2025\/07\/EN_Co-fundedbytheEU_RGB_NEG.png\" alt=\"\" srcset=\"https:\/\/euroalter.com\/wp-content\/uploads\/2025\/07\/EN_Co-fundedbytheEU_RGB_NEG.png 4119w, https:\/\/euroalter.com\/wp-content\/uploads\/2025\/07\/EN_Co-fundedbytheEU_RGB_NEG-1024x228.png 1024w, https:\/\/euroalter.com\/wp-content\/uploads\/2025\/07\/EN_Co-fundedbytheEU_RGB_NEG-1500x335.png 1500w, https:\/\/euroalter.com\/wp-content\/uploads\/2025\/07\/EN_Co-fundedbytheEU_RGB_NEG-600x134.png 600w\" sizes=\"auto, (max-width: 4119px) 100vw, 4119px\" \/><\/figure>\r\n\r\n\r\n\r\n\r\n","protected":false},"excerpt":{"rendered":"<p>Parte della Democratic Odyssey Come possiamo rendere la democrazia non solo accessibile, ma anche fonte di emancipazione? L\u2019Accademia della Deliberazione \u00e8 stata uno dei pilastri&hellip;<\/p>\n","protected":false},"author":8,"featured_media":0,"parent":0,"menu_order":0,"comment_status":"closed","ping_status":"closed","template":"","meta":{"_acf_changed":false,"footnotes":""},"class_list":["post-29286","page","type-page","status-publish","hentry"],"acf":[],"yoast_head":"<!-- This site is optimized with the Yoast SEO plugin v24.6 - https:\/\/yoast.com\/wordpress\/plugins\/seo\/ -->\n<title>Rapporto sull\u2019Accademia della Deliberazione - European Alternatives<\/title>\n<meta name=\"robots\" content=\"index, follow, max-snippet:-1, max-image-preview:large, max-video-preview:-1\" \/>\n<link rel=\"canonical\" href=\"https:\/\/euroalter.com\/rapporto-sullaccademia-della-deliberazione\/\" \/>\n<meta property=\"og:locale\" content=\"it_IT\" \/>\n<meta property=\"og:type\" content=\"article\" \/>\n<meta property=\"og:title\" content=\"Rapporto sull\u2019Accademia della Deliberazione - European Alternatives\" \/>\n<meta property=\"og:description\" content=\"Parte della Democratic Odyssey Come possiamo rendere la democrazia non solo accessibile, ma anche fonte di emancipazione? L\u2019Accademia della Deliberazione \u00e8 stata uno dei pilastri&hellip;\" \/>\n<meta property=\"og:url\" content=\"https:\/\/euroalter.com\/rapporto-sullaccademia-della-deliberazione\/\" \/>\n<meta property=\"og:site_name\" content=\"European Alternatives\" \/>\n<meta property=\"og:image\" content=\"https:\/\/euroalter.com\/wp-content\/uploads\/2025\/07\/EN_Co-fundedbytheEU_RGB_NEG.png\" \/>\n\t<meta property=\"og:image:width\" content=\"4119\" \/>\n\t<meta property=\"og:image:height\" content=\"919\" \/>\n\t<meta property=\"og:image:type\" content=\"image\/png\" \/>\n<meta name=\"twitter:card\" content=\"summary_large_image\" \/>\n<meta name=\"twitter:label1\" content=\"Est. reading time\" \/>\n\t<meta name=\"twitter:data1\" content=\"1 minute\" \/>\n<script type=\"application\/ld+json\" class=\"yoast-schema-graph\">{\"@context\":\"https:\/\/schema.org\",\"@graph\":[{\"@type\":\"WebPage\",\"@id\":\"https:\/\/euroalter.com\/rapporto-sullaccademia-della-deliberazione\/\",\"url\":\"https:\/\/euroalter.com\/rapporto-sullaccademia-della-deliberazione\/\",\"name\":\"Rapporto sull\u2019Accademia della Deliberazione - European Alternatives\",\"isPartOf\":{\"@id\":\"https:\/\/euroalter.com\/#website\"},\"primaryImageOfPage\":{\"@id\":\"https:\/\/euroalter.com\/rapporto-sullaccademia-della-deliberazione\/#primaryimage\"},\"image\":{\"@id\":\"https:\/\/euroalter.com\/rapporto-sullaccademia-della-deliberazione\/#primaryimage\"},\"thumbnailUrl\":\"https:\/\/euroalter.com\/wp-content\/uploads\/2025\/07\/EN_Co-fundedbytheEU_RGB_NEG.png\",\"datePublished\":\"2025-07-29T15:30:13+00:00\",\"breadcrumb\":{\"@id\":\"https:\/\/euroalter.com\/rapporto-sullaccademia-della-deliberazione\/#breadcrumb\"},\"inLanguage\":\"it-IT\",\"potentialAction\":[{\"@type\":\"ReadAction\",\"target\":[\"https:\/\/euroalter.com\/rapporto-sullaccademia-della-deliberazione\/\"]}]},{\"@type\":\"ImageObject\",\"inLanguage\":\"it-IT\",\"@id\":\"https:\/\/euroalter.com\/rapporto-sullaccademia-della-deliberazione\/#primaryimage\",\"url\":\"https:\/\/euroalter.com\/wp-content\/uploads\/2025\/07\/EN_Co-fundedbytheEU_RGB_NEG.png\",\"contentUrl\":\"https:\/\/euroalter.com\/wp-content\/uploads\/2025\/07\/EN_Co-fundedbytheEU_RGB_NEG.png\"},{\"@type\":\"BreadcrumbList\",\"@id\":\"https:\/\/euroalter.com\/rapporto-sullaccademia-della-deliberazione\/#breadcrumb\",\"itemListElement\":[{\"@type\":\"ListItem\",\"position\":1,\"name\":\"Home\",\"item\":\"https:\/\/euroalter.com\/it\/\"},{\"@type\":\"ListItem\",\"position\":2,\"name\":\"Rapporto sull\u2019Accademia della Deliberazione\"}]},{\"@type\":\"WebSite\",\"@id\":\"https:\/\/euroalter.com\/#website\",\"url\":\"https:\/\/euroalter.com\/\",\"name\":\"European Alternatives\",\"description\":\"Democracy, Equality and Culture beyond the nation\",\"potentialAction\":[{\"@type\":\"SearchAction\",\"target\":{\"@type\":\"EntryPoint\",\"urlTemplate\":\"https:\/\/euroalter.com\/?s={search_term_string}\"},\"query-input\":{\"@type\":\"PropertyValueSpecification\",\"valueRequired\":true,\"valueName\":\"search_term_string\"}}],\"inLanguage\":\"it-IT\"}]}<\/script>\n<!-- \/ Yoast SEO plugin. -->","yoast_head_json":{"title":"Rapporto sull\u2019Accademia della Deliberazione - European Alternatives","robots":{"index":"index","follow":"follow","max-snippet":"max-snippet:-1","max-image-preview":"max-image-preview:large","max-video-preview":"max-video-preview:-1"},"canonical":"https:\/\/euroalter.com\/rapporto-sullaccademia-della-deliberazione\/","og_locale":"it_IT","og_type":"article","og_title":"Rapporto sull\u2019Accademia della Deliberazione - European Alternatives","og_description":"Parte della Democratic Odyssey Come possiamo rendere la democrazia non solo accessibile, ma anche fonte di emancipazione? L\u2019Accademia della Deliberazione \u00e8 stata uno dei pilastri&hellip;","og_url":"https:\/\/euroalter.com\/rapporto-sullaccademia-della-deliberazione\/","og_site_name":"European Alternatives","og_image":[{"width":4119,"height":919,"url":"https:\/\/euroalter.com\/wp-content\/uploads\/2025\/07\/EN_Co-fundedbytheEU_RGB_NEG.png","type":"image\/png"}],"twitter_card":"summary_large_image","twitter_misc":{"Est. reading time":"1 minute"},"schema":{"@context":"https:\/\/schema.org","@graph":[{"@type":"WebPage","@id":"https:\/\/euroalter.com\/rapporto-sullaccademia-della-deliberazione\/","url":"https:\/\/euroalter.com\/rapporto-sullaccademia-della-deliberazione\/","name":"Rapporto sull\u2019Accademia della Deliberazione - European Alternatives","isPartOf":{"@id":"https:\/\/euroalter.com\/#website"},"primaryImageOfPage":{"@id":"https:\/\/euroalter.com\/rapporto-sullaccademia-della-deliberazione\/#primaryimage"},"image":{"@id":"https:\/\/euroalter.com\/rapporto-sullaccademia-della-deliberazione\/#primaryimage"},"thumbnailUrl":"https:\/\/euroalter.com\/wp-content\/uploads\/2025\/07\/EN_Co-fundedbytheEU_RGB_NEG.png","datePublished":"2025-07-29T15:30:13+00:00","breadcrumb":{"@id":"https:\/\/euroalter.com\/rapporto-sullaccademia-della-deliberazione\/#breadcrumb"},"inLanguage":"it-IT","potentialAction":[{"@type":"ReadAction","target":["https:\/\/euroalter.com\/rapporto-sullaccademia-della-deliberazione\/"]}]},{"@type":"ImageObject","inLanguage":"it-IT","@id":"https:\/\/euroalter.com\/rapporto-sullaccademia-della-deliberazione\/#primaryimage","url":"https:\/\/euroalter.com\/wp-content\/uploads\/2025\/07\/EN_Co-fundedbytheEU_RGB_NEG.png","contentUrl":"https:\/\/euroalter.com\/wp-content\/uploads\/2025\/07\/EN_Co-fundedbytheEU_RGB_NEG.png"},{"@type":"BreadcrumbList","@id":"https:\/\/euroalter.com\/rapporto-sullaccademia-della-deliberazione\/#breadcrumb","itemListElement":[{"@type":"ListItem","position":1,"name":"Home","item":"https:\/\/euroalter.com\/it\/"},{"@type":"ListItem","position":2,"name":"Rapporto sull\u2019Accademia della Deliberazione"}]},{"@type":"WebSite","@id":"https:\/\/euroalter.com\/#website","url":"https:\/\/euroalter.com\/","name":"European Alternatives","description":"Democracy, Equality and Culture beyond the nation","potentialAction":[{"@type":"SearchAction","target":{"@type":"EntryPoint","urlTemplate":"https:\/\/euroalter.com\/?s={search_term_string}"},"query-input":{"@type":"PropertyValueSpecification","valueRequired":true,"valueName":"search_term_string"}}],"inLanguage":"it-IT"}]}},"_links":{"self":[{"href":"https:\/\/euroalter.com\/it\/wp-json\/wp\/v2\/pages\/29286","targetHints":{"allow":["GET"]}}],"collection":[{"href":"https:\/\/euroalter.com\/it\/wp-json\/wp\/v2\/pages"}],"about":[{"href":"https:\/\/euroalter.com\/it\/wp-json\/wp\/v2\/types\/page"}],"author":[{"embeddable":true,"href":"https:\/\/euroalter.com\/it\/wp-json\/wp\/v2\/users\/8"}],"replies":[{"embeddable":true,"href":"https:\/\/euroalter.com\/it\/wp-json\/wp\/v2\/comments?post=29286"}],"version-history":[{"count":0,"href":"https:\/\/euroalter.com\/it\/wp-json\/wp\/v2\/pages\/29286\/revisions"}],"wp:attachment":[{"href":"https:\/\/euroalter.com\/it\/wp-json\/wp\/v2\/media?parent=29286"}],"curies":[{"name":"wp","href":"https:\/\/api.w.org\/{rel}","templated":true}]}}