{"id":29266,"date":"2025-07-29T12:29:54","date_gmt":"2025-07-29T10:29:54","guid":{"rendered":"https:\/\/euroalter.com\/consiglio-direttivo\/"},"modified":"2025-07-29T12:32:20","modified_gmt":"2025-07-29T10:32:20","slug":"consiglio-direttivo","status":"publish","type":"page","link":"https:\/\/euroalter.com\/it\/chi-siamo\/consiglio-direttivo\/","title":{"rendered":"Consiglio Direttivo"},"content":{"rendered":"\r\n<div class=\"wp-block-group is-layout-constrained wp-block-group-is-layout-constrained\" style=\"margin-top: var(--wp--preset--spacing--80); margin-bottom: var(--wp--preset--spacing--80);\"><nav class=\"wp-block-navigation is-layout-flex wp-block-navigation-is-layout-flex\" aria-label=\"Who we are menu\"><ul class=\"wp-block-navigation__container  wp-block-navigation\"><li class=\" wp-block-navigation-item wp-block-navigation-link\"><a class=\"wp-block-navigation-item__content\"  href=\"https:\/\/euroalter.com\/who-we-are\/#team\"><span class=\"wp-block-navigation-item__label\">Team<\/span><\/a><\/li><li class=\" wp-block-navigation-item wp-block-navigation-link\"><a class=\"wp-block-navigation-item__content\"  href=\"https:\/\/euroalter.com\/who-we-are\/board\/\"><span class=\"wp-block-navigation-item__label\">Board<\/span><\/a><\/li><li class=\" wp-block-navigation-item wp-block-navigation-link\"><a class=\"wp-block-navigation-item__content\"  href=\"https:\/\/euroalter.com\/who-we-are\/ecosystem-and-network\/\"><span class=\"wp-block-navigation-item__label\">Ecosystem and network<\/span><\/a><\/li><li class=\" wp-block-navigation-item wp-block-navigation-link\"><a class=\"wp-block-navigation-item__content\"  href=\"https:\/\/euroalter.com\/who-we-are\/structure-and-finances\/\"><span class=\"wp-block-navigation-item__label\">Governance &amp; finances<\/span><\/a><\/li><\/ul><\/nav><\/div>\r\n\r\n\r\n\r\n<div class=\"wp-block-columns is-style-sixty-forty is-layout-flex wp-container-core-columns-is-layout-1 wp-block-columns-is-layout-flex\" style=\"margin-top: var(--wp--preset--spacing--80);\">\r\n\r\n\r\n<div class=\"wp-block-column is-layout-flow wp-block-column-is-layout-flow\">\r\n\r\n\r\n<h2 class=\"wp-block-heading\">Comitato Consultivo<\/h2>\r\n\r\n\r\n\r\n<p class=\"has-60-font-size\">Il comitato consultivo \u00e8 composto da pensatori, artisti e attivisti di primo piano provenienti da tutta Europa e oltre, che consigliano l\u2019organizzazione sul suo messaggio, la sua strategia, i formati delle attivit\u00e0, i partner e i potenziali stakeholder.<\/p>\r\n\r\n\r\n<\/div>\r\n\r\n\r\n\r\n<div class=\"wp-block-column is-layout-flow wp-block-column-is-layout-flow\" style=\"flex-basis: 40%;\"><\/div>\r\n\r\n\r\n<\/div>\r\n\r\n\r\n\r\n<div class=\"wp-block-query is-layout-flow wp-block-query-is-layout-flow\"><ul class=\"columns-3 wp-block-post-template is-layout-grid wp-container-core-post-template-is-layout-1 wp-block-post-template-is-layout-grid\"><li class=\"wp-block-post post-18765 our_people type-our_people status-publish has-post-thumbnail hentry our_people_category-advisor-it\">\r\n<div class=\"wp-block-ea-tile-post is-vertically-aligned-top tile-type-our_people\">\n    <div class=\"wp-block-ea-tile-post__content\">\n        <figure class=\"wp-block-image is-resized is-style-rounded\">\n            <img loading=\"lazy\" decoding=\"async\" width=\"400\" height=\"400\" src=\"https:\/\/euroalter.com\/wp-content\/uploads\/2020\/02\/Untitled-design-2020-02-18T120038.167.png\" class=\"attachment-medium size-medium wp-post-image\" alt=\"\" style=\"aspect-ratio:1;object-fit:cover;width:60%\" \/>        <\/figure>\n        <p style=\"text-decoration:underline; margin-top:var(--wp--preset--spacing--30); margin-bottom:0.3em;\">Wang Hui<\/p>        <p>Wang Hui \u00e8 professore presso il Dipartimento di lingua e letteratura cinese dell&#8217;Universit\u00e0 Tsinghua di Pechino. Nel 2008 \u00e8 stato nominato uno dei 100 migliori intellettuali pubblici al mondo dalla politica estera ed \u00e8 autore di La fine della rivoluzione, Il nuovo ordine della Cina, La politica dell&#8217;Asia immaginaria e Il ventesimo secolo della Cina.<\/p>\n    <\/div>\n<\/div>\r\n<\/li><li class=\"wp-block-post post-18763 our_people type-our_people status-publish has-post-thumbnail hentry our_people_category-advisor-it\">\r\n<div class=\"wp-block-ea-tile-post is-vertically-aligned-top tile-type-our_people\">\n    <div class=\"wp-block-ea-tile-post__content\">\n        <figure class=\"wp-block-image is-resized is-style-rounded\">\n            <img loading=\"lazy\" decoding=\"async\" width=\"400\" height=\"400\" src=\"https:\/\/euroalter.com\/wp-content\/uploads\/2020\/02\/Untitled-design-2020-02-18T120159.335.png\" class=\"attachment-medium size-medium wp-post-image\" alt=\"\" style=\"aspect-ratio:1;object-fit:cover;width:60%\" \/>        <\/figure>\n        <p style=\"text-decoration:underline; margin-top:var(--wp--preset--spacing--30); margin-bottom:0.3em;\">Philippe Van Parijs<\/p>        <p>Philippe Van Parijs ha studiato filosofia, diritto, economia politica, sociologia e linguistica presso le Facult\u00e9s universitaires Saint Louis (Bruxelles) e le Universit\u00e0 di Lovanio, Oxford, Bielefeld e California (Berkeley). Ha conseguito il dottorato in scienze sociali (Lovanio, 1977) e in filosofia (Oxford, 1980).<\/p>\n<p>\u00c8 professore alla Facolt\u00e0 di scienze economiche, sociali e politiche dell&#8217;Universit\u00e0 di Lovanio (UCL), dove dirige la cattedra Hoover di etica economica e sociale dalla sua creazione nel 1991. Dal 2006 \u00e8 anche professore ospite speciale presso l&#8217;Istituto Superiore di Filosofia di KuLeuven. Dal 2004 in poi \u00e8 stato per diversi anni professore ospite regolare di filosofia all&#8217;Universit\u00e0 di Harvard.<\/p>\n    <\/div>\n<\/div>\r\n<\/li><li class=\"wp-block-post post-18762 our_people type-our_people status-publish has-post-thumbnail hentry our_people_category-advisor-it\">\r\n<div class=\"wp-block-ea-tile-post is-vertically-aligned-top tile-type-our_people\">\n    <div class=\"wp-block-ea-tile-post__content\">\n        <figure class=\"wp-block-image is-resized is-style-rounded\">\n            <img loading=\"lazy\" decoding=\"async\" width=\"400\" height=\"400\" src=\"https:\/\/euroalter.com\/wp-content\/uploads\/2020\/02\/Untitled-design-2020-02-18T120512.557.png\" class=\"attachment-medium size-medium wp-post-image\" alt=\"\" style=\"aspect-ratio:1;object-fit:cover;width:60%\" \/>        <\/figure>\n        <p style=\"text-decoration:underline; margin-top:var(--wp--preset--spacing--30); margin-bottom:0.3em;\">Etienne Balibar<\/p>        <p>Etienne \u00e8 professore emerito di filosofia morale e politica all&#8217;Universit\u00e9 de Paris X &#8211; Nanterre e professore di lettere all&#8217;Universit\u00e0 della California, Irvine. Ha pubblicato ampiamente nel campo della cittadinanza europea e della filosofia morale e politica in generale. Tra le sue numerose opere ricordiamo Lire le Capital (con Louis Althusser, Jacques Ranci\u00e8re); Spinoza et la politique (1985); We, Citizens of Europe? (2001); Politics and the Other Scene (2002); L&#8217;Europe, l&#8217;Am\u00e9rique, la Guerre. R\u00e9flexions sur la mediationeurop\u00e9enne (2003); Europa, la Costituzione, la Fronti\u00e8re (2005).<\/p>\n    <\/div>\n<\/div>\r\n<\/li><li class=\"wp-block-post post-18760 our_people type-our_people status-publish has-post-thumbnail hentry our_people_category-advisor-it\">\r\n<div class=\"wp-block-ea-tile-post is-vertically-aligned-top tile-type-our_people\">\n    <div class=\"wp-block-ea-tile-post__content\">\n        <figure class=\"wp-block-image is-resized is-style-rounded\">\n            <img loading=\"lazy\" decoding=\"async\" width=\"400\" height=\"400\" src=\"https:\/\/euroalter.com\/wp-content\/uploads\/2020\/02\/Untitled-design-2020-02-18T120945.106.png\" class=\"attachment-medium size-medium wp-post-image\" alt=\"\" style=\"aspect-ratio:1;object-fit:cover;width:60%\" \/>        <\/figure>\n        <p style=\"text-decoration:underline; margin-top:var(--wp--preset--spacing--30); margin-bottom:0.3em;\">Raffaella Bolini<\/p>        <p>Raffaella \u00e8 Direttrice Internazionale e membro del Consiglio Nazionale dell&#8217;ARCI, la pi\u00f9 grande associazione culturale italiana con un milione di soci e formata da 5.000 centri comunitari locali che promuovono la cittadinanza, la democrazia e i diritti. \u00c8 anche vicepresidente del Forum Civico Europeo, membro del Consiglio Internazionale del World Social Forum, membro del Comitato Esecutivo della Rete Euromed per i Diritti Umani e membro del Consiglio di Amministrazione di SOLIDAR.<\/p>\n    <\/div>\n<\/div>\r\n<\/li><li class=\"wp-block-post post-18759 our_people type-our_people status-publish has-post-thumbnail hentry our_people_category-advisor-it\">\r\n<div class=\"wp-block-ea-tile-post is-vertically-aligned-top tile-type-our_people\">\n    <div class=\"wp-block-ea-tile-post__content\">\n        <figure class=\"wp-block-image is-resized is-style-rounded\">\n            <img loading=\"lazy\" decoding=\"async\" width=\"960\" height=\"957\" src=\"https:\/\/euroalter.com\/wp-content\/uploads\/2020\/02\/tania-bruguera.jpg\" class=\"attachment-medium size-medium wp-post-image\" alt=\"\" style=\"aspect-ratio:1;object-fit:cover;width:60%\" srcset=\"https:\/\/euroalter.com\/wp-content\/uploads\/2020\/02\/tania-bruguera.jpg 960w, https:\/\/euroalter.com\/wp-content\/uploads\/2020\/02\/tania-bruguera-768x766.jpg 768w\" sizes=\"auto, (max-width: 960px) 100vw, 960px\" \/>        <\/figure>\n        <p style=\"text-decoration:underline; margin-top:var(--wp--preset--spacing--30); margin-bottom:0.3em;\">Tania Bruguera<\/p>        <p>Tania \u00e8 un&#8217;artista cubana di installazioni e performance. Ha studiato all&#8217;Instituto Superior de Arte dell&#8217;Avana e poi ha conseguito un M.F.A. in performance presso la Scuola dell&#8217;Istituto d&#8217;Arte di Chicago- \u00c8 la fondatrice e direttrice di Arte de Conducta (arte del comportamento), il primo programma di studi performativi in America Latina, che \u00e8 ospitato dall&#8217;Instituto Superior de Arte dell&#8217;Avana. Dal 2003 al 2010 \u00e8 stata assistant professor presso il Dipartimento di Arti Visive dell&#8217;Universit\u00e0 di Chicago, Stati Uniti, ed \u00e8 professore invitato presso l&#8217;Universit\u00e0 IUAV di Venezia.<\/p>\n    <\/div>\n<\/div>\r\n<\/li><li class=\"wp-block-post post-18758 our_people type-our_people status-publish has-post-thumbnail hentry our_people_category-advisor-it\">\r\n<div class=\"wp-block-ea-tile-post is-vertically-aligned-top tile-type-our_people\">\n    <div class=\"wp-block-ea-tile-post__content\">\n        <figure class=\"wp-block-image is-resized is-style-rounded\">\n            <img loading=\"lazy\" decoding=\"async\" width=\"400\" height=\"400\" src=\"https:\/\/euroalter.com\/wp-content\/uploads\/2020\/02\/Untitled-design-2020-02-18T122633.277.png\" class=\"attachment-medium size-medium wp-post-image\" alt=\"\" style=\"aspect-ratio:1;object-fit:cover;width:60%\" \/>        <\/figure>\n        <p style=\"text-decoration:underline; margin-top:var(--wp--preset--spacing--30); margin-bottom:0.3em;\">Engin Isin<\/p>        <p>Engin \u00e8 titolare di una cattedra di Cittadinanza ed \u00e8 professore di Politica presso la Facolt\u00e0 di Scienze Sociali della Open University. \u00c8 autore di Citt\u00e0 senza cittadini (Montreal, 1992), Essere politici (Minneapolis, 2002) e Cittadini senza frontiere (Londra, 2012). Ha curato con Greg Nielsen, Acts of Citizenship (Londra, 2008). Isin sta attualmente conducendo tre progetti di ricerca principali: (i) riguardanti le concezioni postorientaliste della cittadinanza; (ii) riguardanti gli &#8220;atti&#8221;, in particolare quelli che costituiscono soggetti di giustizia che attraversano le frontiere; e, (iii) riguardanti la &#8220;cittadinanza digitale&#8221;, con particolare attenzione alla condotta di governo nel cyberspazio.<\/p>\n    <\/div>\n<\/div>\r\n<\/li><li class=\"wp-block-post post-18757 our_people type-our_people status-publish has-post-thumbnail hentry our_people_category-advisor-it\">\r\n<div class=\"wp-block-ea-tile-post is-vertically-aligned-top tile-type-our_people\">\n    <div class=\"wp-block-ea-tile-post__content\">\n        <figure class=\"wp-block-image is-resized is-style-rounded\">\n            <img loading=\"lazy\" decoding=\"async\" width=\"400\" height=\"400\" src=\"https:\/\/euroalter.com\/wp-content\/uploads\/2020\/02\/1-1.png\" class=\"attachment-medium size-medium wp-post-image\" alt=\"\" style=\"aspect-ratio:1;object-fit:cover;width:60%\" \/>        <\/figure>\n        <p style=\"text-decoration:underline; margin-top:var(--wp--preset--spacing--30); margin-bottom:0.3em;\">Sigrid Gareis<\/p>        <p>Sigrid \u00e8 segretario generale della &#8220;Akademie der K\u00fcnste der Welt&#8221; (Accademia delle Arti del Mondo) di Colonia, membro del Consiglio di amministrazione di Allianz Cultural Foundation e fiduciario del Festspielhaus Hellerau\/Dresda. \u00c8 il direttore fondatore del Tanzquartier Wien.<\/p>\n    <\/div>\n<\/div>\r\n<\/li><li class=\"wp-block-post post-18755 our_people type-our_people status-publish has-post-thumbnail hentry our_people_category-advisor-it\">\r\n<div class=\"wp-block-ea-tile-post is-vertically-aligned-top tile-type-our_people\">\n    <div class=\"wp-block-ea-tile-post__content\">\n        <figure class=\"wp-block-image is-resized is-style-rounded\">\n            <img loading=\"lazy\" decoding=\"async\" width=\"400\" height=\"400\" src=\"https:\/\/euroalter.com\/wp-content\/uploads\/2020\/02\/3-1.png\" class=\"attachment-medium size-medium wp-post-image\" alt=\"\" style=\"aspect-ratio:1;object-fit:cover;width:60%\" \/>        <\/figure>\n        <p style=\"text-decoration:underline; margin-top:var(--wp--preset--spacing--30); margin-bottom:0.3em;\">Sandro Mezzadra<\/p>        <p>Sandro insegna teoria politica all&#8217;Universit\u00e0 di Bologna ed \u00e8 borsista aggiunto presso l&#8217;Istituto di Cultura e Societ\u00e0 dell&#8217;Universit\u00e0 di Western Sydney. \u00c8 stato visiting professor e research fellow in diversi luoghi, tra cui la Humboldt Universit\u00e4t (Berlino), la Duke University, la Fondation Maison des sciences de l&#8217;homme (Parigi), l&#8217;Universit\u00e0 di Lubiana, il FLACSO Ecuador e l&#8217;UNSAM (Buenos Aires). Nell&#8217;ultimo decennio il suo lavoro si \u00e8 concentrato in particolare sui rapporti tra globalizzazione, migrazione e cittadinanza. Tra le sue opere: &#8220;Diritto di fuga. Migrazioni, cittadinanza, globalizzazione&#8221; (ombre corte, 2006) e &#8220;La condizione postcoloniale&#8221; (ombre corte, 2008). Con Brett Neilson \u00e8 autore di &#8220;Border as Method, or, the Multiplication of Labor&#8221; (Duke University Press, 2013).<\/p>\n    <\/div>\n<\/div>\r\n<\/li><li class=\"wp-block-post post-18754 our_people type-our_people status-publish has-post-thumbnail hentry our_people_category-advisor-it\">\r\n<div class=\"wp-block-ea-tile-post is-vertically-aligned-top tile-type-our_people\">\n    <div class=\"wp-block-ea-tile-post__content\">\n        <figure class=\"wp-block-image is-resized is-style-rounded\">\n            <img loading=\"lazy\" decoding=\"async\" width=\"400\" height=\"400\" src=\"https:\/\/euroalter.com\/wp-content\/uploads\/2020\/02\/4-1.png\" class=\"attachment-medium size-medium wp-post-image\" alt=\"\" style=\"aspect-ratio:1;object-fit:cover;width:60%\" \/>        <\/figure>\n        <p style=\"text-decoration:underline; margin-top:var(--wp--preset--spacing--30); margin-bottom:0.3em;\">Gianluca Solera<\/p>        <p>Gianluca \u00e8 stato tra i co-fondatori della prima piattaforma politica italiana dei Verdi, nella citt\u00e0 di Mantova. Dopo gli studi sulle questioni urbane e regionali a Venezia, Parigi e Berlino, \u00e8 stato per dieci anni consigliere politico del Partito Verde al Parlamento europeo e per due anni coordinatore del Partito Verde spagnolo in Europa. Alla Fondazione Anna Lindh per il dialogo tra le culture, negli ultimi otto anni (2005-2012), ha costruito una rete di 4.000 organizzazioni provenienti da pi\u00f9 di quaranta paesi tra Europa, mondo arabo, Israele e Turchia. \u00c8 autore di diversi libri, tra cui Muri, Lacrime e Za&#8217;tar (Nuovadimensione, 2007) e Un risveglio nel Mediterraneo (Nuovadimensione, 2013). \u00c8 membro dell&#8217;Assemblea dei cittadini del Mediterraneo.<\/p>\n    <\/div>\n<\/div>\r\n<\/li><\/ul><\/div>\r\n\r\n\r\n\r\n<div class=\"wp-block-columns is-style-sixty-forty is-layout-flex wp-container-core-columns-is-layout-2 wp-block-columns-is-layout-flex\" style=\"margin-top: var(--wp--preset--spacing--80);\">\r\n\r\n\r\n<div class=\"wp-block-column is-layout-flow wp-block-column-is-layout-flow\">\r\n\r\n\r\n<h2 class=\"wp-block-heading\">Consiglio di Amministrazione Transnazionale<\/h2>\r\n\r\n\r\n\r\n<p class=\"has-60-font-size\">Il consiglio di amministrazione ha la facolt\u00e0 legale di supervisionare la gestione dell\u2019organizzazione, definire la sua strategia e approvare il programma di lavoro. Lo fa in dialogo con membri e partner attraverso sondaggi, questionari e forum regolari per comprendere le priorit\u00e0 e gli interessi dell\u2019organizzazione.<\/p>\r\n\r\n\r\n<\/div>\r\n\r\n\r\n\r\n<div class=\"wp-block-column is-layout-flow wp-block-column-is-layout-flow\" style=\"flex-basis: 40%;\"><\/div>\r\n\r\n\r\n<\/div>\r\n\r\n\r\n\r\n<div class=\"wp-block-query is-layout-flow wp-block-query-is-layout-flow\"><\/div>\r\n","protected":false},"excerpt":{"rendered":"<p>Comitato Consultivo Il comitato consultivo \u00e8 composto da pensatori, artisti e attivisti di primo piano provenienti da tutta Europa e oltre, che consigliano l\u2019organizzazione sul&hellip;<\/p>\n","protected":false},"author":4,"featured_media":0,"parent":29267,"menu_order":20,"comment_status":"closed","ping_status":"closed","template":"page-templates\/page-header-about.php","meta":{"_acf_changed":false,"footnotes":""},"class_list":["post-29266","page","type-page","status-publish","hentry"],"acf":[],"yoast_head":"<!-- This site is optimized with the Yoast SEO plugin v24.6 - https:\/\/yoast.com\/wordpress\/plugins\/seo\/ -->\n<title>Consiglio Direttivo - European Alternatives<\/title>\n<meta name=\"robots\" content=\"index, follow, max-snippet:-1, max-image-preview:large, max-video-preview:-1\" \/>\n<link rel=\"canonical\" href=\"https:\/\/euroalter.com\/who-we-are\/board\/\" \/>\n<meta property=\"og:locale\" content=\"it_IT\" \/>\n<meta property=\"og:type\" content=\"article\" \/>\n<meta property=\"og:title\" content=\"Consiglio Direttivo - European Alternatives\" \/>\n<meta property=\"og:description\" content=\"Comitato Consultivo Il comitato consultivo \u00e8 composto da pensatori, artisti e attivisti di primo piano provenienti da tutta Europa e oltre, che consigliano l\u2019organizzazione sul&hellip;\" \/>\n<meta property=\"og:url\" content=\"https:\/\/euroalter.com\/who-we-are\/board\/\" \/>\n<meta property=\"og:site_name\" content=\"European Alternatives\" \/>\n<meta property=\"article:modified_time\" content=\"2025-07-29T10:32:20+00:00\" \/>\n<meta name=\"twitter:card\" content=\"summary_large_image\" \/>\n<script type=\"application\/ld+json\" class=\"yoast-schema-graph\">{\"@context\":\"https:\/\/schema.org\",\"@graph\":[{\"@type\":\"WebPage\",\"@id\":\"https:\/\/euroalter.com\/who-we-are\/board\/\",\"url\":\"https:\/\/euroalter.com\/who-we-are\/board\/\",\"name\":\"Consiglio Direttivo - European Alternatives\",\"isPartOf\":{\"@id\":\"https:\/\/euroalter.com\/#website\"},\"datePublished\":\"2025-07-29T10:29:54+00:00\",\"dateModified\":\"2025-07-29T10:32:20+00:00\",\"breadcrumb\":{\"@id\":\"https:\/\/euroalter.com\/who-we-are\/board\/#breadcrumb\"},\"inLanguage\":\"it-IT\",\"potentialAction\":[{\"@type\":\"ReadAction\",\"target\":[\"https:\/\/euroalter.com\/who-we-are\/board\/\"]}]},{\"@type\":\"BreadcrumbList\",\"@id\":\"https:\/\/euroalter.com\/who-we-are\/board\/#breadcrumb\",\"itemListElement\":[{\"@type\":\"ListItem\",\"position\":1,\"name\":\"Home\",\"item\":\"https:\/\/euroalter.com\/it\/\"},{\"@type\":\"ListItem\",\"position\":2,\"name\":\"Chi siamo\",\"item\":\"https:\/\/euroalter.com\/chi-siamo\/\"},{\"@type\":\"ListItem\",\"position\":3,\"name\":\"Consiglio Direttivo\"}]},{\"@type\":\"WebSite\",\"@id\":\"https:\/\/euroalter.com\/#website\",\"url\":\"https:\/\/euroalter.com\/\",\"name\":\"European Alternatives\",\"description\":\"Democracy, Equality and Culture beyond the nation\",\"potentialAction\":[{\"@type\":\"SearchAction\",\"target\":{\"@type\":\"EntryPoint\",\"urlTemplate\":\"https:\/\/euroalter.com\/?s={search_term_string}\"},\"query-input\":{\"@type\":\"PropertyValueSpecification\",\"valueRequired\":true,\"valueName\":\"search_term_string\"}}],\"inLanguage\":\"it-IT\"}]}<\/script>\n<!-- \/ Yoast SEO plugin. -->","yoast_head_json":{"title":"Consiglio Direttivo - European Alternatives","robots":{"index":"index","follow":"follow","max-snippet":"max-snippet:-1","max-image-preview":"max-image-preview:large","max-video-preview":"max-video-preview:-1"},"canonical":"https:\/\/euroalter.com\/who-we-are\/board\/","og_locale":"it_IT","og_type":"article","og_title":"Consiglio Direttivo - European Alternatives","og_description":"Comitato Consultivo Il comitato consultivo \u00e8 composto da pensatori, artisti e attivisti di primo piano provenienti da tutta Europa e oltre, che consigliano l\u2019organizzazione sul&hellip;","og_url":"https:\/\/euroalter.com\/who-we-are\/board\/","og_site_name":"European Alternatives","article_modified_time":"2025-07-29T10:32:20+00:00","twitter_card":"summary_large_image","schema":{"@context":"https:\/\/schema.org","@graph":[{"@type":"WebPage","@id":"https:\/\/euroalter.com\/who-we-are\/board\/","url":"https:\/\/euroalter.com\/who-we-are\/board\/","name":"Consiglio Direttivo - European Alternatives","isPartOf":{"@id":"https:\/\/euroalter.com\/#website"},"datePublished":"2025-07-29T10:29:54+00:00","dateModified":"2025-07-29T10:32:20+00:00","breadcrumb":{"@id":"https:\/\/euroalter.com\/who-we-are\/board\/#breadcrumb"},"inLanguage":"it-IT","potentialAction":[{"@type":"ReadAction","target":["https:\/\/euroalter.com\/who-we-are\/board\/"]}]},{"@type":"BreadcrumbList","@id":"https:\/\/euroalter.com\/who-we-are\/board\/#breadcrumb","itemListElement":[{"@type":"ListItem","position":1,"name":"Home","item":"https:\/\/euroalter.com\/it\/"},{"@type":"ListItem","position":2,"name":"Chi siamo","item":"https:\/\/euroalter.com\/chi-siamo\/"},{"@type":"ListItem","position":3,"name":"Consiglio Direttivo"}]},{"@type":"WebSite","@id":"https:\/\/euroalter.com\/#website","url":"https:\/\/euroalter.com\/","name":"European Alternatives","description":"Democracy, Equality and Culture beyond the nation","potentialAction":[{"@type":"SearchAction","target":{"@type":"EntryPoint","urlTemplate":"https:\/\/euroalter.com\/?s={search_term_string}"},"query-input":{"@type":"PropertyValueSpecification","valueRequired":true,"valueName":"search_term_string"}}],"inLanguage":"it-IT"}]}},"_links":{"self":[{"href":"https:\/\/euroalter.com\/it\/wp-json\/wp\/v2\/pages\/29266","targetHints":{"allow":["GET"]}}],"collection":[{"href":"https:\/\/euroalter.com\/it\/wp-json\/wp\/v2\/pages"}],"about":[{"href":"https:\/\/euroalter.com\/it\/wp-json\/wp\/v2\/types\/page"}],"author":[{"embeddable":true,"href":"https:\/\/euroalter.com\/it\/wp-json\/wp\/v2\/users\/4"}],"replies":[{"embeddable":true,"href":"https:\/\/euroalter.com\/it\/wp-json\/wp\/v2\/comments?post=29266"}],"version-history":[{"count":1,"href":"https:\/\/euroalter.com\/it\/wp-json\/wp\/v2\/pages\/29266\/revisions"}],"predecessor-version":[{"id":29268,"href":"https:\/\/euroalter.com\/it\/wp-json\/wp\/v2\/pages\/29266\/revisions\/29268"}],"up":[{"embeddable":true,"href":"https:\/\/euroalter.com\/it\/wp-json\/wp\/v2\/pages\/29267"}],"wp:attachment":[{"href":"https:\/\/euroalter.com\/it\/wp-json\/wp\/v2\/media?parent=29266"}],"curies":[{"name":"wp","href":"https:\/\/api.w.org\/{rel}","templated":true}]}}