{"id":25837,"date":"2024-04-29T09:50:37","date_gmt":"2024-04-29T07:50:37","guid":{"rendered":"https:\/\/euroalter.com\/pactforequality\/"},"modified":"2025-08-01T16:23:21","modified_gmt":"2025-08-01T14:23:21","slug":"pactforequality","status":"publish","type":"page","link":"https:\/\/euroalter.com\/it\/pactforequality\/","title":{"rendered":"Patto per l&#8217;Uguaglianza"},"content":{"rendered":"\n<div class=\"wp-block-columns is-style-sixty-forty is-layout-flex wp-container-core-columns-is-layout-1 wp-block-columns-is-layout-flex\">\n<div class=\"wp-block-column is-layout-flow wp-block-column-is-layout-flow\">\n<p class=\"has-60-font-size\">Avocats Sans Fronti\u00e8res, European Alternatives e un consorzio di partner della societ\u00e0 civile e universitari si stanno unendo per promuovere l\u2019uguaglianza e combattere la discriminazione che colpisce specificamente le comunit\u00e0 di migranti in Europa. Lavoreremo insieme durante questo anno elettorale cruciale e nei prossimi anni per trasformare l\u2019approccio europeo alla diversit\u00e0.<\/p>\n\n\n\n<p>Le elezioni europee si avvicinano e le persone con un background migratorio, le persone razzializzate, le donne, la comunit\u00e0 LGBTQIA+ e altre minoranze continuano a essere usate come capri espiatori e sono oggetto di discorsi di incitamento all\u2019odio. Ci\u00f2 riflette la discriminazione sistemica ancora prevalente in molte parti della societ\u00e0 e della politica europea.<\/p>\n\n\n\n<p>La discriminazione in tutte le sue dimensioni \u00e8 in aumento in tutti i paesi europei, nonostante i tentativi dell\u2019UE di affrontare il razzismo, il sessismo e l\u2019omofobia. Una recente indagine Eurobarometro (n. 535) conclude che la discriminazione \u00e8 vista come &#8220;diffusa&#8221; e &#8220;sempre pi\u00f9 prevalente&#8221;, in particolare sulla base dell&#8217;identificazione come Rom, sulla base del colore della pelle o dell&#8217;origine etnica, del credo religioso, dell&#8217;identit\u00e0 di genere o sessualit\u00e0.<\/p>\n\n\n\n<p>Le attuali politiche dell\u2019UE in materia di frontiere e migrazione rischiano di aumentare ulteriormente questa discriminazione. Diciamo: basta!<\/p>\n\n\n\n<p>Questo \u00e8 il motivo per cui, nel periodo della campagna elettorale e successivamente, le voci e l\u2019azione delle persone razzializzate e delle persone con un background migratorio devono essere amplificate. Insieme, chiederemo ai candidati alle elezioni europee di impegnarsi per un Patto per l\u2019uguaglianza, che concentrer\u00e0 l\u2019antidiscriminazione e l\u2019antirazzismo in tutte le politiche dell\u2019UE, compresa la migrazione, e promuover\u00e0 il coinvolgimento regolare dei parlamentari con le organizzazioni guidate dalle comunit\u00e0 e dai migranti in Europa. e oltre, e promuovere l\u2019incremento delle migliori pratiche derivanti dalle esperienze locali.<\/p>\n\n\n\n<h2 class=\"wp-block-heading\">Nostro manifesto<\/h2>\n\n\n\n<p>L\u2019Unione europea dovrebbe essere l\u2019istituzione garante dei diritti umani nello spazio comunitario. Invece dobbiamo prendere atto del fatto che l\u2019Europa sia pervasa da discriminazione e razzismo strutturale. Dopo le elezione europee e alla luce dei recenti sviluppi in materia di migrazione, i casi di profilazione razziale, esclusione, violenza verbale e fisica e persino di morte ai danni di persone migranti, rifugiati e persone razzializzate sono destinati a crescere.<\/p>\n\n\n\n<p>Nell\u2019 indagine <a href=\"https:\/\/fra.europa.eu\/it\/publication\/2023\/being-black-eu\">Being Black in the EU<\/a> condotta nel 2022 dall\u2019Agenzia UE per i diritti fondamentali&nbsp; \u00e8 stato rilevato che in un solo anno \u201cla discriminazione razziale \u00e8 incrementata dal 24% al 34%. Questo incremento \u00e8 soprattutto percepito nella ricerca di abitazione e lavoro, nei luoghi di lavoro e studio.\u201d<\/p>\n\n\n\n<p>Nel 2023, l\u2019indagine <a href=\"https:\/\/europa.eu\/eurobarometer\/surveys\/detail\/2972\">EU Barometer survey <\/a>ha riscontrato che l\u2019aumento della discriminazione nell\u2019Unione europea \u00e8 dovuta principalmete all\u2019etnia, razza, identit\u00e0 di genere e orientamento sessuale. La maggior parte degli episodi di discriminazione hanno avuto luogo sul lavoro o negli spazi pubblici.<\/p>\n\n\n\n<p>Eppure, le nostre comunit\u00e0 non sono mai state cos\u00ec interconnesse. L\u2019Europa sta diventando sempre pi\u00f9 diversificata e consapevole delle sue differenti identit\u00e0 e storie. Noi possiamo utilizzare le nostre reti, in questo momento cruciale, per creare insieme un\u2019 Europa vibrante, equa, inclusiva e rappresentativa.<\/p>\n\n\n\n<p><strong>Vogliamo rendere l\u2019Europa dei diritti umani una realt\u00e0<\/strong> e non semplicemente uno slogan.<\/p>\n\n\n\n<p>Sottoscrivere il Patto per l\u2019Uguaglianza significa riconoscere i valori comuni alla nostra umanit\u00e0 condivisa, che intendiamo riaffermare in Europa. <strong>Unisciti a noi nella battaglia per un futuro all\u2019insegna dell\u2019uguaglianza in Europa!<\/strong><\/p>\n\n\n\n<h2 class=\"wp-block-heading\">Chi siamo<\/h2>\n\n\n\n<p>Siamo un gruppo di giovani attivisti\/e residenti in Europa ma con origini di Paesi terzi, attivi\/e nel campo dell\u2019anti-razzismo, migrazione e anti-discriminazione, politicamente attivi\/e nelle nostre rispettive comunit\u00e0 e a livello transnazionale.<\/p>\n\n\n\n<p>Abbiamo deciso di riunirci per mobilitare le nostre competenze e formulare i principi e le richieste del Patto per l\u2019Uguaglianza. Il nostro incontro \u00e8 stato facilitato da <a href=\"https:\/\/asf.be\/\">Avocats Sans Fronti\u00e8res<\/a> e <a href=\"https:\/\/euroalter.com\/it\/pactforequality\/\">Alternatives Europ\u00e9ennes<\/a> attraverso un progetto europeo.<\/p>\n\n\n\n<p>Il Patto per l\u2019Uguaglianza \u00e8 innanzitutto testimonianza diretta, formulato sulla base delle nostre personali esperienze di esclusione e discriminazione, nonch\u00e8 dei nostri importanti legami con le rispettive comunit\u00e0 di riferimento nei territoridei Paesi membri UE.<\/p>\n\n\n\n<p><em>La nostra missione:<\/em><\/p>\n\n\n\n<p>\u201c<em>Noi abbiamo il privilegio di parlare per noi stessi e di poter attirare l\u2019attenzione sui problemi e le ingiustizie affrontate dalle nostre comunit\u00e0. Vogliamo utilizzare le nostre prospettive, esperienze e competenze per chiedere alle persone in posizione di potere decisionale di cambiare la realt\u00e0 vissuta dalle persone migranti, rifugiate e persone razzializzate n Europa, e quindi,&nbsp; di contribuire a mettere fine a qualsiasi forma di discriminazione.\u201d<\/em><\/p>\n\n\n\n<h2 class=\"wp-block-heading\">Le nostre richieste<\/h2>\n\n\n\n<figure class=\"wp-block-table\"><table><tbody><tr><td><span style=\"text-decoration: underline;\"><strong>Antidiscriminazzione e uguaglianza<\/strong><\/span> <br>&#8211; Applicazione dei principi di uguaglianza e antidiscriminazione in tutte le politiche Ue <br><br>&#8211; Sensibilizzazione sul razzismo e sulla discriminazione <br><br>&#8211; Una legge europea contro il razzismo in grado di colmare le lacune della Direttiva sull\u2019uguaglianza razziale, per garantire una protezione reale contro la discriminazione <br><br>&#8211; Investimenti e incentivi a favore dei progetti di responsabilit\u00e0 sociale, in particolare con riguardo alle questioni del razzismo e discriminazione <br><br>&#8211; investimenti strutturali nelle organizzazioni civili, soprattutto quelle condotte da persone razzializzate <br><br>&#8211; Raccolta di dati disaggregati, con categorie chiare e ampie, che comprendono razza, etnia, paese d\u2019origine, nazionalit\u00e0, religione nonch\u00e9 orientamento sessuale, et\u00e0 e abilit\u00e0 <br><br>&#8211; Riconoscimento paritario ed equo dei titoli di studio o delle qualifiche tecnico-professionali rispetto a quelli delle istituzioni accademiche europee, indipendentemente dal paese d&#8217;origine o convenzioni esistenti tra istituzioni accademiche <br><br><span style=\"text-decoration: underline;\"><strong>Migrazione e asilo<\/strong><\/span> <br>&#8211; Prevedere alternative sicure lungo le rotte\u00a0 migratorie verso l\u2019Europa, a cui si possa accedere universalmente a prescindere dal paese d\u2019origine <br><br>&#8211; Mettere fine alle politiche di esternalizzazione dell\u2019UE a Paesi terzi in materia di migrazione e asilo <br><br>&#8211; Interrompere i rimpatri sommari e arbitrari di migranti, rifugiati e richiedenti asilo <br><br>&#8211; Eliminare la profilazione razziale alle frontiere e nelle societ\u00e0 degli stati membri <br><br>&#8211; Affermare pari diritti civili, politici e sociali nei confronti dei migranti <br><br>&#8211; Prevedere percorsi complementari, includenti ma non limitati ai permessi di soggiorno per studio e lavoro, ma estesi anche ai permessi di soggiorno umanitari, per ricongiungimento familiare e sponsorizzazione privata <br><br><span style=\"text-decoration: underline;\"><strong>Democrazia e cittadinanza<\/strong><\/span> <br>&#8211; Affermare il diritto di tutti coloro che sono nati in Europa di acquisire la cittadinanza (ius soli) <br><br>&#8211; Prevedere percorsi di naturalizzazione privi di criteri razzisti e discriminatori, basati sulla nazionalit\u00e0, paese d\u2019origine, etnia, razza o status economico sociale <br><br>&#8211; Affermare il diritto di ciascuna persona di acquisire una cittadinanza europea che non sia vincolata al posesso della cittadinanza di uno Stato membro <br><br>&#8211; Introdurre il diritto di voto alle elezioni locali ed europee per tutti i residenti nell\u2019Unione Europea, indipendentemente dalla cittadinanza o status migratorio <br><br>&#8211; Garantire che la cittadinanza europea non possa essere mai revocata, anche nei confronti di chi ha una doppia o multipla cittadinanza <br><br>&#8211; Spingere perch\u00e8 l\u2019UE riconosca la propria responsabilit\u00e0 coloniale nell\u2019escludere le persone razzializzate dal sistema democratico partecipativo e spingere verso una maggiore inclusione, rappresentanza e partecipazione sostanziale <br><br>&#8211; Introdurre un sistema armonizzato in materia di cittadinanza europea e l\u2019applicazione uniforme della direttiva sulla cittadinanza del 1997.<\/td><\/tr><\/tbody><\/table><\/figure>\n<\/div>\n\n\n\n<div class=\"wp-block-column is-layout-flow wp-block-column-is-layout-flow\" style=\"flex-basis:40%\">\n<figure class=\"wp-block-image size-large\"><img loading=\"lazy\" decoding=\"async\" width=\"1500\" height=\"938\" src=\"https:\/\/euroalter.com\/wp-content\/uploads\/2024\/05\/53701842591_2b8ff447fd_k-1500x938.jpg\" alt=\"\" class=\"wp-image-25718\" srcset=\"https:\/\/euroalter.com\/wp-content\/uploads\/2024\/05\/53701842591_2b8ff447fd_k-1500x938.jpg 1500w, https:\/\/euroalter.com\/wp-content\/uploads\/2024\/05\/53701842591_2b8ff447fd_k-1024x640.jpg 1024w, https:\/\/euroalter.com\/wp-content\/uploads\/2024\/05\/53701842591_2b8ff447fd_k-600x375.jpg 600w, https:\/\/euroalter.com\/wp-content\/uploads\/2024\/05\/53701842591_2b8ff447fd_k.jpg 2048w\" sizes=\"auto, (max-width: 1500px) 100vw, 1500px\" \/><\/figure>\n\n\n\n<figure class=\"wp-block-image size-large\"><img loading=\"lazy\" decoding=\"async\" width=\"1500\" height=\"938\" src=\"https:\/\/euroalter.com\/wp-content\/uploads\/2024\/05\/53702605011_ceea7e4e8d_k-1500x938.jpg\" alt=\"\" class=\"wp-image-25809\" srcset=\"https:\/\/euroalter.com\/wp-content\/uploads\/2024\/05\/53702605011_ceea7e4e8d_k-1500x938.jpg 1500w, https:\/\/euroalter.com\/wp-content\/uploads\/2024\/05\/53702605011_ceea7e4e8d_k-1024x640.jpg 1024w, https:\/\/euroalter.com\/wp-content\/uploads\/2024\/05\/53702605011_ceea7e4e8d_k-600x375.jpg 600w, https:\/\/euroalter.com\/wp-content\/uploads\/2024\/05\/53702605011_ceea7e4e8d_k.jpg 2048w\" sizes=\"auto, (max-width: 1500px) 100vw, 1500px\" \/><\/figure>\n\n\n\n<figure class=\"wp-block-image size-large\"><img loading=\"lazy\" decoding=\"async\" width=\"1500\" height=\"938\" src=\"https:\/\/euroalter.com\/wp-content\/uploads\/2024\/05\/53703038750_75e7fdcf03_k-1500x938.jpg\" alt=\"\" class=\"wp-image-25812\" srcset=\"https:\/\/euroalter.com\/wp-content\/uploads\/2024\/05\/53703038750_75e7fdcf03_k-1500x938.jpg 1500w, https:\/\/euroalter.com\/wp-content\/uploads\/2024\/05\/53703038750_75e7fdcf03_k-1024x640.jpg 1024w, https:\/\/euroalter.com\/wp-content\/uploads\/2024\/05\/53703038750_75e7fdcf03_k-600x375.jpg 600w, https:\/\/euroalter.com\/wp-content\/uploads\/2024\/05\/53703038750_75e7fdcf03_k.jpg 2048w\" sizes=\"auto, (max-width: 1500px) 100vw, 1500px\" \/><\/figure>\n\n\n\n<figure class=\"wp-block-image size-large\"><img loading=\"lazy\" decoding=\"async\" width=\"1500\" height=\"938\" src=\"https:\/\/euroalter.com\/wp-content\/uploads\/2024\/05\/53702605991_c59eded6d1_k-1500x938.jpg\" alt=\"\" class=\"wp-image-25815\" srcset=\"https:\/\/euroalter.com\/wp-content\/uploads\/2024\/05\/53702605991_c59eded6d1_k-1500x938.jpg 1500w, https:\/\/euroalter.com\/wp-content\/uploads\/2024\/05\/53702605991_c59eded6d1_k-1024x640.jpg 1024w, https:\/\/euroalter.com\/wp-content\/uploads\/2024\/05\/53702605991_c59eded6d1_k-600x375.jpg 600w, https:\/\/euroalter.com\/wp-content\/uploads\/2024\/05\/53702605991_c59eded6d1_k.jpg 2048w\" sizes=\"auto, (max-width: 1500px) 100vw, 1500px\" \/><\/figure>\n\n\n\n<div class=\"wp-block-buttons is-layout-flex wp-block-buttons-is-layout-flex\">\n<div class=\"wp-block-button\"><a class=\"wp-block-button__link wp-element-button\" href=\"https:\/\/euroalter.com\/it\/mep-candidates-sign-the-pact-for-equality-pledge\/\"><strong>Se sei un candidato eurodeputato, sottoscrivi il nostro impegno e ti impegni per un\u2019Europa guidata dai cittadine<\/strong><\/a><\/div>\n<\/div>\n<\/div>\n<\/div>\n\n\n\n<figure class=\"wp-block-image is-resized\"><img loading=\"lazy\" decoding=\"async\" width=\"4119\" height=\"919\" src=\"https:\/\/euroalter.com\/wp-content\/uploads\/2025\/07\/EN_Co-fundedbytheEU_RGB_NEG.png\" alt=\"\" class=\"wp-image-29028\" style=\"width:361px;height:auto\" srcset=\"https:\/\/euroalter.com\/wp-content\/uploads\/2025\/07\/EN_Co-fundedbytheEU_RGB_NEG.png 4119w, https:\/\/euroalter.com\/wp-content\/uploads\/2025\/07\/EN_Co-fundedbytheEU_RGB_NEG-1024x228.png 1024w, https:\/\/euroalter.com\/wp-content\/uploads\/2025\/07\/EN_Co-fundedbytheEU_RGB_NEG-1500x335.png 1500w, https:\/\/euroalter.com\/wp-content\/uploads\/2025\/07\/EN_Co-fundedbytheEU_RGB_NEG-600x134.png 600w\" sizes=\"auto, (max-width: 4119px) 100vw, 4119px\" \/><\/figure>\n","protected":false},"excerpt":{"rendered":"<p>Avocats Sans Fronti\u00e8res, European Alternatives e un consorzio di partner della societ\u00e0 civile e universitari si stanno unendo per promuovere l\u2019uguaglianza e combattere la discriminazione&hellip;<\/p>\n","protected":false},"author":8,"featured_media":0,"parent":0,"menu_order":0,"comment_status":"closed","ping_status":"closed","template":"","meta":{"_acf_changed":false,"footnotes":""},"class_list":["post-25837","page","type-page","status-publish","hentry"],"acf":[],"yoast_head":"<!-- This site is optimized with the Yoast SEO plugin v24.6 - https:\/\/yoast.com\/wordpress\/plugins\/seo\/ -->\n<title>Patto per l&#039;Uguaglianza - European Alternatives<\/title>\n<meta name=\"robots\" content=\"index, follow, max-snippet:-1, max-image-preview:large, max-video-preview:-1\" \/>\n<link rel=\"canonical\" href=\"https:\/\/euroalter.com\/it\/pactforequality\/\" \/>\n<meta property=\"og:locale\" content=\"it_IT\" \/>\n<meta property=\"og:type\" content=\"article\" \/>\n<meta property=\"og:title\" content=\"Patto per l&#039;Uguaglianza - European Alternatives\" \/>\n<meta property=\"og:description\" content=\"Avocats Sans Fronti\u00e8res, European Alternatives e un consorzio di partner della societ\u00e0 civile e universitari si stanno unendo per promuovere l\u2019uguaglianza e combattere la discriminazione&hellip;\" \/>\n<meta property=\"og:url\" content=\"https:\/\/euroalter.com\/it\/pactforequality\/\" \/>\n<meta property=\"og:site_name\" content=\"European Alternatives\" \/>\n<meta property=\"article:modified_time\" content=\"2025-08-01T14:23:21+00:00\" \/>\n<meta property=\"og:image\" content=\"https:\/\/euroalter.com\/wp-content\/uploads\/2024\/05\/53701842591_2b8ff447fd_k.jpg\" \/>\n\t<meta property=\"og:image:width\" content=\"2048\" \/>\n\t<meta property=\"og:image:height\" content=\"1280\" \/>\n\t<meta property=\"og:image:type\" content=\"image\/jpeg\" \/>\n<meta name=\"twitter:card\" content=\"summary_large_image\" \/>\n<meta name=\"twitter:label1\" content=\"Est. reading time\" \/>\n\t<meta name=\"twitter:data1\" content=\"6 minutes\" \/>\n<script type=\"application\/ld+json\" class=\"yoast-schema-graph\">{\"@context\":\"https:\/\/schema.org\",\"@graph\":[{\"@type\":\"WebPage\",\"@id\":\"https:\/\/euroalter.com\/it\/pactforequality\/\",\"url\":\"https:\/\/euroalter.com\/it\/pactforequality\/\",\"name\":\"Patto per l'Uguaglianza - European Alternatives\",\"isPartOf\":{\"@id\":\"https:\/\/euroalter.com\/#website\"},\"primaryImageOfPage\":{\"@id\":\"https:\/\/euroalter.com\/it\/pactforequality\/#primaryimage\"},\"image\":{\"@id\":\"https:\/\/euroalter.com\/it\/pactforequality\/#primaryimage\"},\"thumbnailUrl\":\"https:\/\/euroalter.com\/wp-content\/uploads\/2024\/05\/53701842591_2b8ff447fd_k-1500x938.jpg\",\"datePublished\":\"2024-04-29T07:50:37+00:00\",\"dateModified\":\"2025-08-01T14:23:21+00:00\",\"breadcrumb\":{\"@id\":\"https:\/\/euroalter.com\/it\/pactforequality\/#breadcrumb\"},\"inLanguage\":\"it-IT\",\"potentialAction\":[{\"@type\":\"ReadAction\",\"target\":[\"https:\/\/euroalter.com\/it\/pactforequality\/\"]}]},{\"@type\":\"ImageObject\",\"inLanguage\":\"it-IT\",\"@id\":\"https:\/\/euroalter.com\/it\/pactforequality\/#primaryimage\",\"url\":\"https:\/\/euroalter.com\/wp-content\/uploads\/2024\/05\/53701842591_2b8ff447fd_k-1500x938.jpg\",\"contentUrl\":\"https:\/\/euroalter.com\/wp-content\/uploads\/2024\/05\/53701842591_2b8ff447fd_k-1500x938.jpg\"},{\"@type\":\"BreadcrumbList\",\"@id\":\"https:\/\/euroalter.com\/it\/pactforequality\/#breadcrumb\",\"itemListElement\":[{\"@type\":\"ListItem\",\"position\":1,\"name\":\"Home\",\"item\":\"https:\/\/euroalter.com\/it\/\"},{\"@type\":\"ListItem\",\"position\":2,\"name\":\"Patto per l&#8217;Uguaglianza\"}]},{\"@type\":\"WebSite\",\"@id\":\"https:\/\/euroalter.com\/#website\",\"url\":\"https:\/\/euroalter.com\/\",\"name\":\"European Alternatives\",\"description\":\"Democracy, Equality and Culture beyond the nation\",\"potentialAction\":[{\"@type\":\"SearchAction\",\"target\":{\"@type\":\"EntryPoint\",\"urlTemplate\":\"https:\/\/euroalter.com\/?s={search_term_string}\"},\"query-input\":{\"@type\":\"PropertyValueSpecification\",\"valueRequired\":true,\"valueName\":\"search_term_string\"}}],\"inLanguage\":\"it-IT\"}]}<\/script>\n<!-- \/ Yoast SEO plugin. -->","yoast_head_json":{"title":"Patto per l'Uguaglianza - European Alternatives","robots":{"index":"index","follow":"follow","max-snippet":"max-snippet:-1","max-image-preview":"max-image-preview:large","max-video-preview":"max-video-preview:-1"},"canonical":"https:\/\/euroalter.com\/it\/pactforequality\/","og_locale":"it_IT","og_type":"article","og_title":"Patto per l'Uguaglianza - European Alternatives","og_description":"Avocats Sans Fronti\u00e8res, European Alternatives e un consorzio di partner della societ\u00e0 civile e universitari si stanno unendo per promuovere l\u2019uguaglianza e combattere la discriminazione&hellip;","og_url":"https:\/\/euroalter.com\/it\/pactforequality\/","og_site_name":"European Alternatives","article_modified_time":"2025-08-01T14:23:21+00:00","og_image":[{"width":2048,"height":1280,"url":"https:\/\/euroalter.com\/wp-content\/uploads\/2024\/05\/53701842591_2b8ff447fd_k.jpg","type":"image\/jpeg"}],"twitter_card":"summary_large_image","twitter_misc":{"Est. reading time":"6 minutes"},"schema":{"@context":"https:\/\/schema.org","@graph":[{"@type":"WebPage","@id":"https:\/\/euroalter.com\/it\/pactforequality\/","url":"https:\/\/euroalter.com\/it\/pactforequality\/","name":"Patto per l'Uguaglianza - European Alternatives","isPartOf":{"@id":"https:\/\/euroalter.com\/#website"},"primaryImageOfPage":{"@id":"https:\/\/euroalter.com\/it\/pactforequality\/#primaryimage"},"image":{"@id":"https:\/\/euroalter.com\/it\/pactforequality\/#primaryimage"},"thumbnailUrl":"https:\/\/euroalter.com\/wp-content\/uploads\/2024\/05\/53701842591_2b8ff447fd_k-1500x938.jpg","datePublished":"2024-04-29T07:50:37+00:00","dateModified":"2025-08-01T14:23:21+00:00","breadcrumb":{"@id":"https:\/\/euroalter.com\/it\/pactforequality\/#breadcrumb"},"inLanguage":"it-IT","potentialAction":[{"@type":"ReadAction","target":["https:\/\/euroalter.com\/it\/pactforequality\/"]}]},{"@type":"ImageObject","inLanguage":"it-IT","@id":"https:\/\/euroalter.com\/it\/pactforequality\/#primaryimage","url":"https:\/\/euroalter.com\/wp-content\/uploads\/2024\/05\/53701842591_2b8ff447fd_k-1500x938.jpg","contentUrl":"https:\/\/euroalter.com\/wp-content\/uploads\/2024\/05\/53701842591_2b8ff447fd_k-1500x938.jpg"},{"@type":"BreadcrumbList","@id":"https:\/\/euroalter.com\/it\/pactforequality\/#breadcrumb","itemListElement":[{"@type":"ListItem","position":1,"name":"Home","item":"https:\/\/euroalter.com\/it\/"},{"@type":"ListItem","position":2,"name":"Patto per l&#8217;Uguaglianza"}]},{"@type":"WebSite","@id":"https:\/\/euroalter.com\/#website","url":"https:\/\/euroalter.com\/","name":"European Alternatives","description":"Democracy, Equality and Culture beyond the nation","potentialAction":[{"@type":"SearchAction","target":{"@type":"EntryPoint","urlTemplate":"https:\/\/euroalter.com\/?s={search_term_string}"},"query-input":{"@type":"PropertyValueSpecification","valueRequired":true,"valueName":"search_term_string"}}],"inLanguage":"it-IT"}]}},"_links":{"self":[{"href":"https:\/\/euroalter.com\/it\/wp-json\/wp\/v2\/pages\/25837","targetHints":{"allow":["GET"]}}],"collection":[{"href":"https:\/\/euroalter.com\/it\/wp-json\/wp\/v2\/pages"}],"about":[{"href":"https:\/\/euroalter.com\/it\/wp-json\/wp\/v2\/types\/page"}],"author":[{"embeddable":true,"href":"https:\/\/euroalter.com\/it\/wp-json\/wp\/v2\/users\/8"}],"replies":[{"embeddable":true,"href":"https:\/\/euroalter.com\/it\/wp-json\/wp\/v2\/comments?post=25837"}],"version-history":[{"count":9,"href":"https:\/\/euroalter.com\/it\/wp-json\/wp\/v2\/pages\/25837\/revisions"}],"predecessor-version":[{"id":29553,"href":"https:\/\/euroalter.com\/it\/wp-json\/wp\/v2\/pages\/25837\/revisions\/29553"}],"wp:attachment":[{"href":"https:\/\/euroalter.com\/it\/wp-json\/wp\/v2\/media?parent=25837"}],"curies":[{"name":"wp","href":"https:\/\/api.w.org\/{rel}","templated":true}]}}