{"id":18796,"date":"2020-03-13T16:34:33","date_gmt":"2020-03-13T15:34:33","guid":{"rendered":"https:\/\/euroalter.local\/impatto\/"},"modified":"2025-07-29T15:46:22","modified_gmt":"2025-07-29T13:46:22","slug":"impatto","status":"publish","type":"page","link":"https:\/\/euroalter.com\/it\/nostra-storia\/impatto\/","title":{"rendered":"Impatto"},"content":{"rendered":"\r\n<div class=\"wp-block-columns is-style-sixty-forty is-layout-flex wp-container-core-columns-is-layout-1 wp-block-columns-is-layout-flex\">\r\n\r\n\r\n<div class=\"wp-block-column is-layout-flow wp-block-column-is-layout-flow\">\r\n\r\n\r\n<h3 data-section-id=\"j7nebi\" data-start=\"133\" data-end=\"507\"><strong data-start=\"137\" data-end=\"177\">Fin dalla nostra fondazione nel 2007<\/strong>, a European Alternatives abbiamo sempre agito nella convinzione che le questioni politiche e sociali pi\u00f9 urgenti non possano pi\u00f9 essere comprese n\u00e9 affrontate unicamente a livello nazionale, e che occorra creare nuove forme di collettivit\u00e0 transnazionale per restituire ai cittadini il controllo democratico sul proprio futuro. Nel fare ci\u00f2, European Alternatives mira a costruire una visione pi\u00f9 ampia di un\u2019Europa alternativa e sostenibile, e a rilanciare la cittadinanza attiva e l\u2019impegno pubblico.<\/h3>\r\n\r\n\r\n<\/div>\r\n\r\n\r\n\r\n<div class=\"wp-block-column is-layout-flow wp-block-column-is-layout-flow\" style=\"flex-basis: 40%;\"><\/div>\r\n\r\n\r\n<\/div>\r\n\r\n\r\n\r\n<div class=\"wp-block-columns is-style-sixty-forty is-layout-flex wp-container-core-columns-is-layout-2 wp-block-columns-is-layout-flex\">\r\n\r\n\r\n<div class=\"wp-block-column is-layout-flow wp-block-column-is-layout-flow\"><\/div>\r\n\r\n\r\n\r\n<div class=\"wp-block-column is-layout-flow wp-block-column-is-layout-flow\" style=\"flex-basis: 40%;\">\r\n\r\n\r\n\r\nIn linea con questa visione, European Alternatives non limita il proprio operato a un solo tema, argomento o ambito geografico, ma si impegna a mantenere un approccio generalista e transnazionale, favorendo la creazione di uno spazio pubblico europeo vivace, inclusivo, aperto e capace di connettersi anche a spazi internazionali.\r\n\r\n\r\n\r\n\r\n\r\nAttraverso i suoi diversi uffici, negli ultimi anni European Alternatives ha sviluppato approcci innovativi per promuovere la cittadinanza europea e i diritti fondamentali, attraverso: panel di cittadini, campagne pubbliche, festival e conferenze, metodi digitali innovativi (siti multilingue, radio online, social media, video, riviste, web-documentari), il coinvolgimento di gruppi spesso esclusi dalle dinamiche europee (organizzazioni di migranti, gruppi di democrazia locale, collettivi giovanili, realt\u00e0 artistiche).\r\n\r\n\r\n\r\n\r\n\r\nLa valutazione dell\u2019impatto del nostro lavoro \u00e8 sempre stata una priorit\u00e0 per l\u2019organizzazione. Con impatto, intendiamo sia l\u2019effetto che il nostro lavoro ha su segmenti specifici della societ\u00e0, sia il modo in cui influenza i processi sociali e istituzionali in linea con la nostra missione e i nostri valori. Dal 2023, il sistema di Monitoraggio, Valutazione e Apprendimento (MEL) \u00e8 stato fortemente potenziato all\u2019interno di European Alternatives, grazie a: una revisione degli indicatori di progetto e di programma, lo sviluppo di strumenti per la raccolta dati adattati ai bisogni del team, l\u2019organizzazione del lavoro in cinque aree tematiche, ciascuna con obiettivi specifici monitorati dal sistema MEL.\r\n\r\n\r\n\r\n<\/div>\r\n\r\n\r\n<\/div>\r\n\r\n\r\n\r\n<figure class=\"wp-block-image alignwide size-full\"><img loading=\"lazy\" decoding=\"async\" width=\"6438\" height=\"3260\" class=\"wp-image-27515\" src=\"https:\/\/euroalter.com\/wp-content\/uploads\/2025\/01\/MapChart_Map-2-1.png\" alt=\"\" srcset=\"https:\/\/euroalter.com\/wp-content\/uploads\/2025\/01\/MapChart_Map-2-1.png 6438w, https:\/\/euroalter.com\/wp-content\/uploads\/2025\/01\/MapChart_Map-2-1-1024x519.png 1024w, https:\/\/euroalter.com\/wp-content\/uploads\/2025\/01\/MapChart_Map-2-1-1500x760.png 1500w, https:\/\/euroalter.com\/wp-content\/uploads\/2025\/01\/MapChart_Map-2-1-600x304.png 600w\" sizes=\"auto, (max-width: 6438px) 100vw, 6438px\" \/><\/figure>\r\n\r\n\r\n\r\n<div class=\"wp-block-group alignfull has-background-color has-accent-3-background-color has-text-color has-background has-link-color wp-elements-9b82bb344b154665b655245fbc2b7720 is-layout-constrained wp-container-core-group-is-layout-1 wp-block-group-is-layout-constrained\" style=\"margin-top: var(--wp--preset--spacing--80); margin-bottom: 0; padding: var(--wp--preset--spacing--60) var(--wp--preset--spacing--40) var(--wp--preset--spacing--70) var(--wp--preset--spacing--40);\">\r\n\r\n\r\n<div class=\"wp-block-columns is-style-sixty-forty is-layout-flex wp-container-core-columns-is-layout-3 wp-block-columns-is-layout-flex\">\r\n\r\n\r\n<div class=\"wp-block-column is-layout-flow wp-block-column-is-layout-flow\">\r\n\r\n\r\n<h2 class=\"wp-block-heading\">Il nostro impatto in sintesi<\/h2>\r\n\r\n\r\n<\/div>\r\n\r\n\r\n\r\n<div class=\"wp-block-column is-layout-flow wp-block-column-is-layout-flow\" style=\"flex-basis: 40%;\">\r\n\r\n\r\n<div class=\"wp-block-buttons is-vertical is-layout-flex wp-container-core-buttons-is-layout-1 wp-block-buttons-is-layout-flex\" style=\"margin-top: 0; margin-bottom: 0;\">\r\n\r\n\r\n<div class=\"wp-block-button has-custom-width wp-block-button__width-100\"><a class=\"wp-block-button__link has-background-color has-text-color has-link-color wp-element-button\" style=\"padding-top: 1em; padding-bottom: 1em;\" href=\"https:\/\/euroalter.com\/wp-content\/uploads\/2024\/12\/REPORT_DEF.pdf\">Rapporto annuale 2023 &#8211; 2024<\/a><\/div>\r\n\r\n\r\n\r\n<div class=\"wp-block-button has-custom-width wp-block-button__width-100\"><a class=\"wp-block-button__link has-background-color has-text-color has-link-color wp-element-button\" style=\"padding-top: 1em; padding-bottom: 1em;\" href=\"https:\/\/euroalter.com\/wp-content\/uploads\/2023\/05\/EA-biannual-report-21-22-WEB.pdf\">Rapporto annuale 2021 &#8211; 2022<\/a><\/div>\r\n\r\n\r\n\r\n<div class=\"wp-block-button has-custom-width wp-block-button__width-100\"><a class=\"wp-block-button__link has-background-color has-text-color has-link-color wp-element-button\" style=\"padding-top: 1em; padding-bottom: 1em;\" href=\"https:\/\/euroalter.com\/wp-content\/uploads\/2020\/11\/20201023_EA_BR_19_20.pdf\">Rapporto annuale 2019 &#8211; 2020<\/a><\/div>\r\n\r\n\r\n\r\n<div class=\"wp-block-button has-custom-width wp-block-button__width-100\"><a class=\"wp-block-button__link has-background-color has-text-color has-link-color wp-element-button\" style=\"padding-top: 1em; padding-bottom: 1em;\" href=\"https:\/\/euroalter.com\/wp-content\/uploads\/2020\/02\/biannual_report_17_18-web-1.pdf\">Rapporto annuale 2017 &#8211; 2018<\/a><\/div>\r\n\r\n\r\n\r\n<div class=\"wp-block-button has-custom-width wp-block-button__width-100\"><a class=\"wp-block-button__link has-background-color has-text-color has-link-color wp-element-button\" style=\"padding-top: 1em; padding-bottom: 1em;\" href=\"https:\/\/euroalter.com\/wp-content\/uploads\/2020\/02\/annual-report-2016-1.pdf\">Rapporto annuale 2016<\/a><\/div>\r\n\r\n\r\n\r\n<div class=\"wp-block-button has-custom-width wp-block-button__width-100\"><a class=\"wp-block-button__link has-background-color has-text-color has-link-color wp-element-button\" style=\"padding-top: 1em; padding-bottom: 1em;\" href=\"https:\/\/euroalter.com\/wp-content\/uploads\/2020\/02\/EA-2015-Imagine-Demand-Enact.pdf\">Rapporto annuale 2014 &#8211; 2015<\/a><\/div>\r\n\r\n\r\n\r\n<div class=\"wp-block-button has-custom-width wp-block-button__width-100\"><a class=\"wp-block-button__link has-background-color has-text-color has-link-color wp-element-button\" style=\"padding-top: 1em; padding-bottom: 1em;\" href=\"https:\/\/euroalter.com\/wp-content\/uploads\/2020\/02\/EA_ANNUAL_REPORT_2012_highres.pdf\">Rapporto annuale 2012 &#8211; 2013<\/a><\/div>\r\n\r\n\r\n<\/div>\r\n\r\n\r\n<\/div>\r\n\r\n\r\n<\/div>\r\n\r\n\r\n\r\n<figure class=\"wp-block-image alignwide size-large\"><img loading=\"lazy\" decoding=\"async\" width=\"1500\" height=\"618\" class=\"wp-image-23878\" src=\"https:\/\/euroalter.com\/wp-content\/uploads\/2024\/04\/EA-Impact-Stats-1500x618.webp\" alt=\"EA Impact Stats\" srcset=\"https:\/\/euroalter.com\/wp-content\/uploads\/2024\/04\/EA-Impact-Stats-1500x618.webp 1500w, https:\/\/euroalter.com\/wp-content\/uploads\/2024\/04\/EA-Impact-Stats-1024x422.webp 1024w, https:\/\/euroalter.com\/wp-content\/uploads\/2024\/04\/EA-Impact-Stats-600x247.webp 600w, https:\/\/euroalter.com\/wp-content\/uploads\/2024\/04\/EA-Impact-Stats.webp 1679w\" sizes=\"auto, (max-width: 1500px) 100vw, 1500px\" \/><\/figure>\r\n\r\n\r\n<\/div>\r\n","protected":false},"excerpt":{"rendered":"<p>Fin dalla nostra fondazione nel 2007, a European Alternatives abbiamo sempre agito nella convinzione che le questioni politiche e sociali pi\u00f9 urgenti non possano pi\u00f9&hellip;<\/p>\n","protected":false},"author":4,"featured_media":18627,"parent":18694,"menu_order":0,"comment_status":"closed","ping_status":"closed","template":"page-templates\/page-header-story.php","meta":{"_acf_changed":false,"footnotes":""},"class_list":["post-18796","page","type-page","status-publish","has-post-thumbnail","hentry"],"acf":[],"yoast_head":"<!-- This site is optimized with the Yoast SEO plugin v24.6 - https:\/\/yoast.com\/wordpress\/plugins\/seo\/ -->\n<title>Impatto - European Alternatives<\/title>\n<meta name=\"robots\" content=\"index, follow, max-snippet:-1, max-image-preview:large, max-video-preview:-1\" \/>\n<link rel=\"canonical\" href=\"https:\/\/euroalter.com\/it\/nostra-storia\/impatto\/\" \/>\n<meta property=\"og:locale\" content=\"it_IT\" \/>\n<meta property=\"og:type\" content=\"article\" \/>\n<meta property=\"og:title\" content=\"Impatto - European Alternatives\" \/>\n<meta property=\"og:description\" content=\"Fin dalla nostra fondazione nel 2007, a European Alternatives abbiamo sempre agito nella convinzione che le questioni politiche e sociali pi\u00f9 urgenti non possano pi\u00f9&hellip;\" \/>\n<meta property=\"og:url\" content=\"https:\/\/euroalter.com\/it\/nostra-storia\/impatto\/\" \/>\n<meta property=\"og:site_name\" content=\"European Alternatives\" \/>\n<meta property=\"article:modified_time\" content=\"2025-07-29T13:46:22+00:00\" \/>\n<meta property=\"og:image\" content=\"https:\/\/euroalter.com\/wp-content\/uploads\/2020\/03\/impact.jpg\" \/>\n\t<meta property=\"og:image:width\" content=\"694\" \/>\n\t<meta property=\"og:image:height\" content=\"437\" \/>\n\t<meta property=\"og:image:type\" content=\"image\/jpeg\" \/>\n<meta name=\"twitter:card\" content=\"summary_large_image\" \/>\n<meta name=\"twitter:label1\" content=\"Est. reading time\" \/>\n\t<meta name=\"twitter:data1\" content=\"2 minutes\" \/>\n<script type=\"application\/ld+json\" class=\"yoast-schema-graph\">{\"@context\":\"https:\/\/schema.org\",\"@graph\":[{\"@type\":\"WebPage\",\"@id\":\"https:\/\/euroalter.com\/it\/nostra-storia\/impatto\/\",\"url\":\"https:\/\/euroalter.com\/it\/nostra-storia\/impatto\/\",\"name\":\"Impatto - European Alternatives\",\"isPartOf\":{\"@id\":\"https:\/\/euroalter.com\/#website\"},\"primaryImageOfPage\":{\"@id\":\"https:\/\/euroalter.com\/it\/nostra-storia\/impatto\/#primaryimage\"},\"image\":{\"@id\":\"https:\/\/euroalter.com\/it\/nostra-storia\/impatto\/#primaryimage\"},\"thumbnailUrl\":\"https:\/\/euroalter.com\/wp-content\/uploads\/2020\/03\/impact.jpg\",\"datePublished\":\"2020-03-13T15:34:33+00:00\",\"dateModified\":\"2025-07-29T13:46:22+00:00\",\"breadcrumb\":{\"@id\":\"https:\/\/euroalter.com\/it\/nostra-storia\/impatto\/#breadcrumb\"},\"inLanguage\":\"it-IT\",\"potentialAction\":[{\"@type\":\"ReadAction\",\"target\":[\"https:\/\/euroalter.com\/it\/nostra-storia\/impatto\/\"]}]},{\"@type\":\"ImageObject\",\"inLanguage\":\"it-IT\",\"@id\":\"https:\/\/euroalter.com\/it\/nostra-storia\/impatto\/#primaryimage\",\"url\":\"https:\/\/euroalter.com\/wp-content\/uploads\/2020\/03\/impact.jpg\",\"contentUrl\":\"https:\/\/euroalter.com\/wp-content\/uploads\/2020\/03\/impact.jpg\",\"width\":694,\"height\":437},{\"@type\":\"BreadcrumbList\",\"@id\":\"https:\/\/euroalter.com\/it\/nostra-storia\/impatto\/#breadcrumb\",\"itemListElement\":[{\"@type\":\"ListItem\",\"position\":1,\"name\":\"Home\",\"item\":\"https:\/\/euroalter.com\/it\/\"},{\"@type\":\"ListItem\",\"position\":2,\"name\":\"La nostra storia\",\"item\":\"https:\/\/euroalter.com\/it\/nostra-storia\/\"},{\"@type\":\"ListItem\",\"position\":3,\"name\":\"Impatto\"}]},{\"@type\":\"WebSite\",\"@id\":\"https:\/\/euroalter.com\/#website\",\"url\":\"https:\/\/euroalter.com\/\",\"name\":\"European Alternatives\",\"description\":\"Democracy, Equality and Culture beyond the nation\",\"potentialAction\":[{\"@type\":\"SearchAction\",\"target\":{\"@type\":\"EntryPoint\",\"urlTemplate\":\"https:\/\/euroalter.com\/?s={search_term_string}\"},\"query-input\":{\"@type\":\"PropertyValueSpecification\",\"valueRequired\":true,\"valueName\":\"search_term_string\"}}],\"inLanguage\":\"it-IT\"}]}<\/script>\n<!-- \/ Yoast SEO plugin. -->","yoast_head_json":{"title":"Impatto - European Alternatives","robots":{"index":"index","follow":"follow","max-snippet":"max-snippet:-1","max-image-preview":"max-image-preview:large","max-video-preview":"max-video-preview:-1"},"canonical":"https:\/\/euroalter.com\/it\/nostra-storia\/impatto\/","og_locale":"it_IT","og_type":"article","og_title":"Impatto - European Alternatives","og_description":"Fin dalla nostra fondazione nel 2007, a European Alternatives abbiamo sempre agito nella convinzione che le questioni politiche e sociali pi\u00f9 urgenti non possano pi\u00f9&hellip;","og_url":"https:\/\/euroalter.com\/it\/nostra-storia\/impatto\/","og_site_name":"European Alternatives","article_modified_time":"2025-07-29T13:46:22+00:00","og_image":[{"width":694,"height":437,"url":"https:\/\/euroalter.com\/wp-content\/uploads\/2020\/03\/impact.jpg","type":"image\/jpeg"}],"twitter_card":"summary_large_image","twitter_misc":{"Est. reading time":"2 minutes"},"schema":{"@context":"https:\/\/schema.org","@graph":[{"@type":"WebPage","@id":"https:\/\/euroalter.com\/it\/nostra-storia\/impatto\/","url":"https:\/\/euroalter.com\/it\/nostra-storia\/impatto\/","name":"Impatto - European Alternatives","isPartOf":{"@id":"https:\/\/euroalter.com\/#website"},"primaryImageOfPage":{"@id":"https:\/\/euroalter.com\/it\/nostra-storia\/impatto\/#primaryimage"},"image":{"@id":"https:\/\/euroalter.com\/it\/nostra-storia\/impatto\/#primaryimage"},"thumbnailUrl":"https:\/\/euroalter.com\/wp-content\/uploads\/2020\/03\/impact.jpg","datePublished":"2020-03-13T15:34:33+00:00","dateModified":"2025-07-29T13:46:22+00:00","breadcrumb":{"@id":"https:\/\/euroalter.com\/it\/nostra-storia\/impatto\/#breadcrumb"},"inLanguage":"it-IT","potentialAction":[{"@type":"ReadAction","target":["https:\/\/euroalter.com\/it\/nostra-storia\/impatto\/"]}]},{"@type":"ImageObject","inLanguage":"it-IT","@id":"https:\/\/euroalter.com\/it\/nostra-storia\/impatto\/#primaryimage","url":"https:\/\/euroalter.com\/wp-content\/uploads\/2020\/03\/impact.jpg","contentUrl":"https:\/\/euroalter.com\/wp-content\/uploads\/2020\/03\/impact.jpg","width":694,"height":437},{"@type":"BreadcrumbList","@id":"https:\/\/euroalter.com\/it\/nostra-storia\/impatto\/#breadcrumb","itemListElement":[{"@type":"ListItem","position":1,"name":"Home","item":"https:\/\/euroalter.com\/it\/"},{"@type":"ListItem","position":2,"name":"La nostra storia","item":"https:\/\/euroalter.com\/it\/nostra-storia\/"},{"@type":"ListItem","position":3,"name":"Impatto"}]},{"@type":"WebSite","@id":"https:\/\/euroalter.com\/#website","url":"https:\/\/euroalter.com\/","name":"European Alternatives","description":"Democracy, Equality and Culture beyond the nation","potentialAction":[{"@type":"SearchAction","target":{"@type":"EntryPoint","urlTemplate":"https:\/\/euroalter.com\/?s={search_term_string}"},"query-input":{"@type":"PropertyValueSpecification","valueRequired":true,"valueName":"search_term_string"}}],"inLanguage":"it-IT"}]}},"_links":{"self":[{"href":"https:\/\/euroalter.com\/it\/wp-json\/wp\/v2\/pages\/18796","targetHints":{"allow":["GET"]}}],"collection":[{"href":"https:\/\/euroalter.com\/it\/wp-json\/wp\/v2\/pages"}],"about":[{"href":"https:\/\/euroalter.com\/it\/wp-json\/wp\/v2\/types\/page"}],"author":[{"embeddable":true,"href":"https:\/\/euroalter.com\/it\/wp-json\/wp\/v2\/users\/4"}],"replies":[{"embeddable":true,"href":"https:\/\/euroalter.com\/it\/wp-json\/wp\/v2\/comments?post=18796"}],"version-history":[{"count":6,"href":"https:\/\/euroalter.com\/it\/wp-json\/wp\/v2\/pages\/18796\/revisions"}],"predecessor-version":[{"id":29277,"href":"https:\/\/euroalter.com\/it\/wp-json\/wp\/v2\/pages\/18796\/revisions\/29277"}],"up":[{"embeddable":true,"href":"https:\/\/euroalter.com\/it\/wp-json\/wp\/v2\/pages\/18694"}],"wp:featuredmedia":[{"embeddable":true,"href":"https:\/\/euroalter.com\/it\/wp-json\/wp\/v2\/media\/18627"}],"wp:attachment":[{"href":"https:\/\/euroalter.com\/it\/wp-json\/wp\/v2\/media?parent=18796"}],"curies":[{"name":"wp","href":"https:\/\/api.w.org\/{rel}","templated":true}]}}