{"id":18705,"date":"2020-03-12T14:09:28","date_gmt":"2020-03-12T13:09:28","guid":{"rendered":"https:\/\/euroalter.local\/assemblea-aperta\/"},"modified":"2025-07-29T15:15:45","modified_gmt":"2025-07-29T13:15:45","slug":"assemblea-aperta","status":"publish","type":"page","link":"https:\/\/euroalter.com\/it\/assemblea-aperta\/","title":{"rendered":"Assemblea aperta"},"content":{"rendered":"<p><img loading=\"lazy\" decoding=\"async\" src=\"https:\/\/euroalter.com\/wp-content\/uploads\/2020\/03\/30888512318_ee38a7b5b7_k-1.jpg\" sizes=\"auto, (max-width: 2048px) 100vw, 2048px\" srcset=\"https:\/\/euroalter.com\/wp-content\/uploads\/2020\/03\/30888512318_ee38a7b5b7_k-1.jpg 2048w, https:\/\/euroalter.com\/wp-content\/uploads\/2020\/03\/30888512318_ee38a7b5b7_k-1-1024x374.jpg 1024w, https:\/\/euroalter.com\/wp-content\/uploads\/2020\/03\/30888512318_ee38a7b5b7_k-1-768x281.jpg 768w, https:\/\/euroalter.com\/wp-content\/uploads\/2020\/03\/30888512318_ee38a7b5b7_k-1-1536x561.jpg 1536w\" alt=\"\" width=\"2048\" height=\"748\" \/><\/p>\n<h2>Prossima Open Assembly in arrivo<\/h2>\n<p>La prossima Open Assembly \u00e8 attualmente in fase di progettazione. Avr\u00e0 una dimensione online pi\u00f9 ampia rispetto alle edizioni precedenti. Maggiori informazioni saranno presto disponibili su questa pagina.<\/p>\n<h2>Open Assembly 2019<\/h2>\n<p>L\u2019<strong>Open Assembly 2019<\/strong> si \u00e8 svolta <strong>il 21 settembre 2019<\/strong> presso <strong>il Museum des Kapitalismus <\/strong>a Berlino.<\/p>\n<p>Il 21 settembre, \u00a0<a href=\"https:\/\/globalclimatestrike.net\/\"> il giorno dopo il terzo sciopero globale per il clima in Germania<\/a> e nel mondo, abbiamo aperto uno spazio per condividere aggiornamenti sui piani di European Alternatives per il 2019-2020, approfondire relazioni e scambiare strategie per la giustizia sociale e climatica a Berlino e altrove. La crisi climatica ha spinto generazioni giovani e meno giovani a organizzarsi in modi nuovi per sostenere la trasformazione socio-economica del nostro mondo, prima che venga superato un punto di non ritorno.<\/p>\n<p>Abbiamo esplorato come rendere le nostre lotte pi\u00f9 sensibili alle questioni di giustizia sociale e climatica, e abbiamo condiviso idee, strategie e strumenti per farlo, a Berlino e a livello transnazionale.<\/p>\n<h2>Open Assembly 2018<\/h2>\n<p>L\u2019<strong>Open Assembly 2018<\/strong> si \u00e8 svolta <strong>il 16 settembre 2018<\/strong> presso <strong>gli uffici di Wikimedia<\/strong> a Berlino, in parallelo con il nostro congresso\u00a0<a href=\"https:\/\/www.facebook.com\/events\/237040363753477\/\"><b>What Comes After the Nation-State?<\/b><\/a><b>\u00a0\u00a0<\/b><\/p>\n<p>In uno spazio aperto e collaborativo, abbiamo discusso delle priorit\u00e0 individuate dai membri in vista delle Elezioni Europee del 2019.<\/p>\n<ul>\n<li style=\"font-weight: 400;\">Esistono gi\u00e0 azioni comuni a cui potremmo aderire o opportunit\u00e0 da cogliere?<\/li>\n<li style=\"font-weight: 400;\">Quali temi vogliamo vedere inseriti nelle campagne dei partiti politici?<\/li>\n<li style=\"font-weight: 400;\">Cosa possiamo fare per fermare la deriva verso il populismo di destra e il nazionalismo?<\/li>\n<\/ul>\n<p>Prima dell\u2019Assemblea, abbiamo raccolto idee da membri e amici impossibilitati a partecipare fisicamente a Berlino.<\/p>\n<h2>Open Assembly 2017<\/h2>\n<p>L\u2019<strong>Open Assembly 2017<\/strong> si \u00e8 tenuta <strong>il 29 ottobre 2017<\/strong> presso <strong>Matadero<\/strong> a Madrid, nell\u2019ambito del <a href=\"http:\/\/www.transeuropafestival.eu\"><b>\u00a0Festival TRANSEUROPA 2017 | Convergent Spaces<\/b><\/a>. Puoi scaricare <a href=\"https:\/\/euroalter.com\/wp-content\/uploads\/2017\/11\/Minutes_Open_Assembly_29102017_Madrid.pdf\"><strong> i principali risultati dell\u2019Assemblea di quest\u2019anno qui<\/strong><\/a>.<\/p>\n<p><strong>L\u2019assemblea \u00e8 stata aperta a tutte e tutti<\/strong> (membri e pubblico generale) e ha avuto come obiettivi:<\/p>\n<ul>\n<li style=\"font-weight: 400;\">informare i partecipanti sugli ultimi sviluppi, priorit\u00e0 e strategie di European Alternatives;<\/li>\n<li style=\"font-weight: 400;\">raccogliere riflessioni e proposte sul nostro programma di lavoro, come le strutture di adesione e partecipazione, il prossimo Festival TRANSEUROPA 2019, o la possibile creazione di una Scuola Europea di Attivismo nei prossimi anni.<\/li>\n<\/ul>\n<h2>Open Assembly 2016<\/h2>\n<p>L\u2019<strong>Open Assembly 2016<\/strong> si \u00e8 svolta <strong>il 27 agosto 2016<\/strong> presso la\u00a0<a href=\"http:\/\/ngbk.de\/\"> <b>neue Gesellschaft f\u00fcr bildende Kunst (nGbK)<\/b><\/a> a Berlino. <a href=\"https:\/\/www.youtube.com\/watch?v=JUmOe39JaK0\"><b>Puoi guardare la registrazione in diretta dell\u2019Open Assembly<\/b><\/a> o <a href=\"https:\/\/euroalter.com\/wp-content\/uploads\/2016\/08\/Minutes_General_Assembly_2016.pdf\"><b>scaricare il verbale dell\u2019evento<\/b><\/a>.<\/p>\n<p>L\u2019assemblea, <strong>aperta a tutte e tutti<\/strong> (membri e pubblico generale), ha avuto come obiettivi:<\/p>\n<ul>\n<li style=\"font-weight: 400;\">informare i partecipanti sugli ultimi sviluppi, priorit\u00e0 e strategie di European Alternatives;<\/li>\n<li style=\"font-weight: 400;\">offrire ai <strong>membri<\/strong> e alle <strong>organizzazioni<\/strong> aderenti la possibilit\u00e0 di votare sui bilanci, incontrare i candidati per due nuove posizioni nel consiglio direttivo, proporre risoluzioni e modifiche alla roadmap strategica per il 2017;<\/li>\n<li style=\"font-weight: 400;\">permettere ai membri impossibilitati a partecipare di seguire l\u2019Assemblea Generale in streaming. <strong>Tutti i membri hanno poi votato online sull\u2019orientamento strategico e l\u2019elezione dei due nuovi membri del consiglio da venerd\u00ec 2 settembre a mezzanotte fino a domenica 11 settembre a mezzanotte.<\/strong><\/li>\n<\/ul>\n<p>L\u2019assemblea si \u00e8 conclusa con una festa di chiusura di European Alternatives presso la stessa sede, aperta a tutte e tutti, con un programma ricco nel pomeriggio e in serata.<\/p>\n","protected":false},"excerpt":{"rendered":"<p>Prossima Open Assembly in arrivo La prossima Open Assembly \u00e8 attualmente in fase di progettazione. Avr\u00e0 una dimensione online pi\u00f9 ampia rispetto alle edizioni precedenti.&hellip;<\/p>\n","protected":false},"author":4,"featured_media":0,"parent":0,"menu_order":0,"comment_status":"closed","ping_status":"closed","template":"","meta":{"_acf_changed":false,"footnotes":""},"class_list":["post-18705","page","type-page","status-publish","hentry"],"acf":[],"yoast_head":"<!-- This site is optimized with the Yoast SEO plugin v24.6 - https:\/\/yoast.com\/wordpress\/plugins\/seo\/ -->\n<title>Assemblea aperta - European Alternatives<\/title>\n<meta name=\"robots\" content=\"index, follow, max-snippet:-1, max-image-preview:large, max-video-preview:-1\" \/>\n<link rel=\"canonical\" href=\"https:\/\/euroalter.com\/it\/assemblea-aperta\/\" \/>\n<meta property=\"og:locale\" content=\"it_IT\" \/>\n<meta property=\"og:type\" content=\"article\" \/>\n<meta property=\"og:title\" content=\"Assemblea aperta - European Alternatives\" \/>\n<meta property=\"og:description\" content=\"Prossima Open Assembly in arrivo La prossima Open Assembly \u00e8 attualmente in fase di progettazione. Avr\u00e0 una dimensione online pi\u00f9 ampia rispetto alle edizioni precedenti.&hellip;\" \/>\n<meta property=\"og:url\" content=\"https:\/\/euroalter.com\/it\/assemblea-aperta\/\" \/>\n<meta property=\"og:site_name\" content=\"European Alternatives\" \/>\n<meta property=\"article:modified_time\" content=\"2025-07-29T13:15:45+00:00\" \/>\n<meta property=\"og:image\" content=\"https:\/\/euroalter.com\/wp-content\/uploads\/2020\/03\/30888512318_ee38a7b5b7_k-1.jpg\" \/>\n<meta name=\"twitter:card\" content=\"summary_large_image\" \/>\n<meta name=\"twitter:label1\" content=\"Est. reading time\" \/>\n\t<meta name=\"twitter:data1\" content=\"3 minutes\" \/>\n<script type=\"application\/ld+json\" class=\"yoast-schema-graph\">{\"@context\":\"https:\/\/schema.org\",\"@graph\":[{\"@type\":\"WebPage\",\"@id\":\"https:\/\/euroalter.com\/it\/assemblea-aperta\/\",\"url\":\"https:\/\/euroalter.com\/it\/assemblea-aperta\/\",\"name\":\"Assemblea aperta - European Alternatives\",\"isPartOf\":{\"@id\":\"https:\/\/euroalter.com\/#website\"},\"primaryImageOfPage\":{\"@id\":\"https:\/\/euroalter.com\/it\/assemblea-aperta\/#primaryimage\"},\"image\":{\"@id\":\"https:\/\/euroalter.com\/it\/assemblea-aperta\/#primaryimage\"},\"thumbnailUrl\":\"https:\/\/euroalter.com\/wp-content\/uploads\/2020\/03\/30888512318_ee38a7b5b7_k-1.jpg\",\"datePublished\":\"2020-03-12T13:09:28+00:00\",\"dateModified\":\"2025-07-29T13:15:45+00:00\",\"breadcrumb\":{\"@id\":\"https:\/\/euroalter.com\/it\/assemblea-aperta\/#breadcrumb\"},\"inLanguage\":\"it-IT\",\"potentialAction\":[{\"@type\":\"ReadAction\",\"target\":[\"https:\/\/euroalter.com\/it\/assemblea-aperta\/\"]}]},{\"@type\":\"ImageObject\",\"inLanguage\":\"it-IT\",\"@id\":\"https:\/\/euroalter.com\/it\/assemblea-aperta\/#primaryimage\",\"url\":\"https:\/\/euroalter.com\/wp-content\/uploads\/2020\/03\/30888512318_ee38a7b5b7_k-1.jpg\",\"contentUrl\":\"https:\/\/euroalter.com\/wp-content\/uploads\/2020\/03\/30888512318_ee38a7b5b7_k-1.jpg\"},{\"@type\":\"BreadcrumbList\",\"@id\":\"https:\/\/euroalter.com\/it\/assemblea-aperta\/#breadcrumb\",\"itemListElement\":[{\"@type\":\"ListItem\",\"position\":1,\"name\":\"Home\",\"item\":\"https:\/\/euroalter.com\/it\/\"},{\"@type\":\"ListItem\",\"position\":2,\"name\":\"Assemblea aperta\"}]},{\"@type\":\"WebSite\",\"@id\":\"https:\/\/euroalter.com\/#website\",\"url\":\"https:\/\/euroalter.com\/\",\"name\":\"European Alternatives\",\"description\":\"Democracy, Equality and Culture beyond the nation\",\"potentialAction\":[{\"@type\":\"SearchAction\",\"target\":{\"@type\":\"EntryPoint\",\"urlTemplate\":\"https:\/\/euroalter.com\/?s={search_term_string}\"},\"query-input\":{\"@type\":\"PropertyValueSpecification\",\"valueRequired\":true,\"valueName\":\"search_term_string\"}}],\"inLanguage\":\"it-IT\"}]}<\/script>\n<!-- \/ Yoast SEO plugin. -->","yoast_head_json":{"title":"Assemblea aperta - European Alternatives","robots":{"index":"index","follow":"follow","max-snippet":"max-snippet:-1","max-image-preview":"max-image-preview:large","max-video-preview":"max-video-preview:-1"},"canonical":"https:\/\/euroalter.com\/it\/assemblea-aperta\/","og_locale":"it_IT","og_type":"article","og_title":"Assemblea aperta - European Alternatives","og_description":"Prossima Open Assembly in arrivo La prossima Open Assembly \u00e8 attualmente in fase di progettazione. Avr\u00e0 una dimensione online pi\u00f9 ampia rispetto alle edizioni precedenti.&hellip;","og_url":"https:\/\/euroalter.com\/it\/assemblea-aperta\/","og_site_name":"European Alternatives","article_modified_time":"2025-07-29T13:15:45+00:00","og_image":[{"url":"https:\/\/euroalter.com\/wp-content\/uploads\/2020\/03\/30888512318_ee38a7b5b7_k-1.jpg","type":"","width":"","height":""}],"twitter_card":"summary_large_image","twitter_misc":{"Est. reading time":"3 minutes"},"schema":{"@context":"https:\/\/schema.org","@graph":[{"@type":"WebPage","@id":"https:\/\/euroalter.com\/it\/assemblea-aperta\/","url":"https:\/\/euroalter.com\/it\/assemblea-aperta\/","name":"Assemblea aperta - European Alternatives","isPartOf":{"@id":"https:\/\/euroalter.com\/#website"},"primaryImageOfPage":{"@id":"https:\/\/euroalter.com\/it\/assemblea-aperta\/#primaryimage"},"image":{"@id":"https:\/\/euroalter.com\/it\/assemblea-aperta\/#primaryimage"},"thumbnailUrl":"https:\/\/euroalter.com\/wp-content\/uploads\/2020\/03\/30888512318_ee38a7b5b7_k-1.jpg","datePublished":"2020-03-12T13:09:28+00:00","dateModified":"2025-07-29T13:15:45+00:00","breadcrumb":{"@id":"https:\/\/euroalter.com\/it\/assemblea-aperta\/#breadcrumb"},"inLanguage":"it-IT","potentialAction":[{"@type":"ReadAction","target":["https:\/\/euroalter.com\/it\/assemblea-aperta\/"]}]},{"@type":"ImageObject","inLanguage":"it-IT","@id":"https:\/\/euroalter.com\/it\/assemblea-aperta\/#primaryimage","url":"https:\/\/euroalter.com\/wp-content\/uploads\/2020\/03\/30888512318_ee38a7b5b7_k-1.jpg","contentUrl":"https:\/\/euroalter.com\/wp-content\/uploads\/2020\/03\/30888512318_ee38a7b5b7_k-1.jpg"},{"@type":"BreadcrumbList","@id":"https:\/\/euroalter.com\/it\/assemblea-aperta\/#breadcrumb","itemListElement":[{"@type":"ListItem","position":1,"name":"Home","item":"https:\/\/euroalter.com\/it\/"},{"@type":"ListItem","position":2,"name":"Assemblea aperta"}]},{"@type":"WebSite","@id":"https:\/\/euroalter.com\/#website","url":"https:\/\/euroalter.com\/","name":"European Alternatives","description":"Democracy, Equality and Culture beyond the nation","potentialAction":[{"@type":"SearchAction","target":{"@type":"EntryPoint","urlTemplate":"https:\/\/euroalter.com\/?s={search_term_string}"},"query-input":{"@type":"PropertyValueSpecification","valueRequired":true,"valueName":"search_term_string"}}],"inLanguage":"it-IT"}]}},"_links":{"self":[{"href":"https:\/\/euroalter.com\/it\/wp-json\/wp\/v2\/pages\/18705","targetHints":{"allow":["GET"]}}],"collection":[{"href":"https:\/\/euroalter.com\/it\/wp-json\/wp\/v2\/pages"}],"about":[{"href":"https:\/\/euroalter.com\/it\/wp-json\/wp\/v2\/types\/page"}],"author":[{"embeddable":true,"href":"https:\/\/euroalter.com\/it\/wp-json\/wp\/v2\/users\/4"}],"replies":[{"embeddable":true,"href":"https:\/\/euroalter.com\/it\/wp-json\/wp\/v2\/comments?post=18705"}],"version-history":[{"count":4,"href":"https:\/\/euroalter.com\/it\/wp-json\/wp\/v2\/pages\/18705\/revisions"}],"predecessor-version":[{"id":29272,"href":"https:\/\/euroalter.com\/it\/wp-json\/wp\/v2\/pages\/18705\/revisions\/29272"}],"wp:attachment":[{"href":"https:\/\/euroalter.com\/it\/wp-json\/wp\/v2\/media?parent=18705"}],"curies":[{"name":"wp","href":"https:\/\/api.w.org\/{rel}","templated":true}]}}