{"id":18653,"date":"2020-03-11T12:48:19","date_gmt":"2020-03-11T11:48:19","guid":{"rendered":"https:\/\/euroalter.local\/struttura-e-finanze\/"},"modified":"2025-07-29T12:32:21","modified_gmt":"2025-07-29T10:32:21","slug":"struttura-e-finanze","status":"publish","type":"page","link":"https:\/\/euroalter.com\/it\/chi-siamo\/struttura-e-finanze\/","title":{"rendered":"Struttura e Finanze"},"content":{"rendered":"<h2>La nostra struttura legale e la nostra responsabilit\u00e0<\/h2>\n<p><img loading=\"lazy\" decoding=\"async\" src=\"https:\/\/euroalter.com\/wp-content\/uploads\/2020\/03\/Black-and-White-Photo-Travel-Influencer-Digital-Brutalism-Instagram-Story-Set.png\" sizes=\"auto, (max-width: 1080px) 100vw, 1080px\" srcset=\"https:\/\/euroalter.com\/wp-content\/uploads\/2020\/03\/Black-and-White-Photo-Travel-Influencer-Digital-Brutalism-Instagram-Story-Set.png 1080w, https:\/\/euroalter.com\/wp-content\/uploads\/2020\/03\/Black-and-White-Photo-Travel-Influencer-Digital-Brutalism-Instagram-Story-Set-576x1024.png 576w, https:\/\/euroalter.com\/wp-content\/uploads\/2020\/03\/Black-and-White-Photo-Travel-Influencer-Digital-Brutalism-Instagram-Story-Set-768x1365.png 768w, https:\/\/euroalter.com\/wp-content\/uploads\/2020\/03\/Black-and-White-Photo-Travel-Influencer-Digital-Brutalism-Instagram-Story-Set-864x1536.png 864w\" alt=\"\" width=\"1080\" height=\"1920\" \/><\/p>\n<p>European Alternatives \u00e8 un esperimento in corso per la creazione di un&#8217;organizzazione transnazionale di base, che si impegna a partecipare e a funzionare in modo democratico, dando ai suoi membri la possibilit\u00e0 sia di influenzare il processo decisionale interno, sia di prendere l&#8217;iniziativa di proporre e gestire nuove attivit\u00e0.<\/p>\n<p><strong>La struttura di European Alternatives \u00e8 composta da diversi gruppi che lavorano in coordinamento per garantire la strategia e la missione complessiva dell&#8217;organizzazione:\u00a0<\/strong><\/p>\n<p><a style=\"font-size: 18px;\" href=\"https:\/\/euroalter.com\/it\/board-of-trustees\/\" target=\"_blank\" rel=\"noopener noreferrer\">Il Consiglio di Amministrazione Transnazionale<\/a>\u00a0\u00e8 legalmente autorizzato a supervisionare il funzionamento dell&#8217;organizzazione, a stabilire la sua strategia e ad approvare il suo programma di lavoro. Lo fa in dialogo con i membri individuali e dell&#8217;organizzazione, i gruppi locali e i nostri partner attraverso sondaggi, questionari e forum regolari per comprendere le priorit\u00e0 e gli interessi dell&#8217;organizzazione.<\/p>\n<p><a style=\"font-size: 18px;\" href=\"https:\/\/euroalter.com\/it\/advisory-board\/\" target=\"_blank\" rel=\"noopener noreferrer\">L&#8217;Advisory Board<\/a>\u00a0comprende pensatori, artisti e attivisti di primo piano provenienti da tutta Europa e non solo, che consigliano l&#8217;organizzazione sul suo messaggio, sulla sua strategia, sui formati delle attivit\u00e0, sui partner e sui potenziali stakeholder.<\/p>\n<p><a href=\"https:\/\/euroalter.com\/it\/collectives\/\">Il Collettivo<\/a> \u00e8 composto da rappresentanti dei nostri partner strategici e da membri che lavorano con noi su progetti specifici. Il Collettivo \u00e8 uno spazio innovativo e organico che lavora per garantire che Alternative Europee crei sinergie di trasformazione tra organizzazioni e individui in tutta Europa e oltre.<\/p>\n<p><a style=\"font-size: 18px;\" href=\"https:\/\/euroalter.com\/it\/steering-committee\/\" target=\"_blank\" rel=\"noopener noreferrer\">Il comitato direttivo<\/a>\u00a0si riunisce ogni mese e coinvolge il consiglio di amministrazione, i rappresentanti del collettivo e il personale per dare una direzione alle attuali attivit\u00e0 di European Alternatives.<\/p>\n<p>I<a href=\"https:\/\/euroalter.com\/it\/staff\/\" target=\"_blank\" rel=\"noopener noreferrer\"> membri dello staff<\/a>\u00a0dell&#8217;organizzazione sono responsabili dell&#8217;attuazione del programma di lavoro, della sua comunicazione e del coordinamento continuo dei membri.<\/p>\n<p>European Alternatives ha registrazioni legali in Francia, Italia, Germania e Regno Unito. Le diverse entit\u00e0 legali di European Alternatives collaborano quotidianamente per realizzare le nostre attivit\u00e0.<\/p>\n<p>Ogni entit\u00e0 giuridica \u00e8 responsabile nei confronti del Consiglio di amministrazione transnazionale, dei nostri membri e delle autorit\u00e0 nazionali. European Alternatives si impegna a garantire la trasparenza, ad essere reattiva nei confronti delle parti interessate e a utilizzare i finanziamenti nel modo pi\u00f9 responsabile per un impatto a lungo termine.<\/p>\n<p>Le informazioni sulla governance e le informazioni finanziarie per ogni entit\u00e0 sono disponibili qui:<\/p>\n<p><a>Alternatives Europ\u00e9ennes, Association loi 1901 in Francia<\/a><\/p>\n<p><a style=\"color: #fff; text-decoration: underline;\" href=\"https:\/\/euroalter.com\/wp-content\/uploads\/2020\/03\/Statuts-AE-FR-16052014-VERSION-FINALE-DECL-4.pdf\" target=\"_blank\" rel=\"noopener noreferrer\">Constitution<\/a><br \/>\n<a style=\"color: #fff; text-decoration: underline;\" href=\"https:\/\/euroalter.com\/wp-content\/uploads\/2020\/03\/ALTERNATIVES-311218-Comptes-annuels-2018-v2.pdf\" target=\"_blank\" rel=\"noopener noreferrer\">Financials 2018<\/a><\/p>\n<p><a style=\"color: #ffffff; text-decoration: underline;\" href=\"https:\/\/euroalter.com\/wp-content\/uploads\/2020\/05\/ALTERNATIVES-311219-Comptes-annuels-2019.pdf\">Financials 2019<\/a><\/p>\n<p><a>Alternative Europee, Association in Italia<\/a><\/p>\n<p><a style=\"color: #fff; text-decoration: underline;\" href=\"https:\/\/euroalter.com\/wp-content\/uploads\/2020\/03\/Statuto-ALTERNATIVE-EUROPEE-21122012.pdf\" target=\"_blank\" rel=\"noopener noreferrer\">Constitution<\/a><br \/>\n<a href=\"https:\/\/euroalter.com\/wp-content\/uploads\/2020\/03\/ALTERNATIVE-EUROPEE_2014_18.xlsx\" target=\"_blank\" rel=\"noopener noreferrer\">Financials<\/a><\/p>\n<p><a>European Alternatives Berlin, association Germania<\/a><\/p>\n<p><a style=\"color: #fff; text-decoration: underline;\" href=\"https:\/\/euroalter.com\/wp-content\/uploads\/2020\/04\/Satzung-EA-Berlin_2013.doc\" target=\"_blank\" rel=\"noopener noreferrer\">Constitution<\/a><br \/>\n<a style=\"color: #fff; text-decoration: underline;\" href=\"https:\/\/euroalter.com\/wp-content\/uploads\/2020\/03\/EAeV_FY2018-DEF.pdf\" target=\"_blank\" rel=\"noopener noreferrer\">Financials<\/a><\/p>\n<p><a>European Alternatives Limited, non-profit company, UK<\/a><\/p>\n<p><a style=\"color: #fff; text-decoration: underline;\" href=\"https:\/\/euroalter.com\/wp-content\/uploads\/2020\/03\/articles-of-association-EA-ltd.pdf\" target=\"_blank\" rel=\"noopener noreferrer\">Constitution<\/a><br \/>\n<a style=\"color: #fff; text-decoration: underline;\" href=\"https:\/\/euroalter.com\/wp-content\/uploads\/2020\/03\/22302-Signed-full-accounts-28.02.19.pdf\" target=\"_blank\" rel=\"noopener noreferrer\">Financials<\/a><\/p>\n<h2>i nostri finanziatori<\/h2>\n<p><a href=\"https:\/\/www.citizensforeurope.eu\/\"><br \/>\n<img decoding=\"async\" src=\"https:\/\/euroalter.com\/wp-content\/uploads\/2020\/02\/Citizens_for_Europe_CFEU.jpg\" alt=\"\" \/><br \/>\n<\/a><br \/>\n<a href=\"https:\/\/www.bpb.de\/\"><br \/>\n<img decoding=\"async\" src=\"https:\/\/euroalter.com\/wp-content\/uploads\/2020\/02\/bpb.jpg\" alt=\"\" \/><br \/>\n<\/a><br \/>\n<a href=\"https:\/\/ec.europa.eu\/\"><br \/>\n<img decoding=\"async\" src=\"https:\/\/euroalter.com\/wp-content\/uploads\/2020\/02\/eu-1.jpg\" alt=\"\" \/><br \/>\n<\/a><br \/>\n<a href=\"https:\/\/kulturstiftung.allianz.de\/en_EN.html\"><br \/>\n<img decoding=\"async\" src=\"https:\/\/euroalter.com\/wp-content\/uploads\/2020\/02\/allianz.jpg\" alt=\"\" \/><br \/>\n<\/a><br \/>\n<a href=\"https:\/\/www.culturalfoundation.eu\/home\"><br \/>\n<img decoding=\"async\" src=\"https:\/\/euroalter.com\/wp-content\/uploads\/2020\/02\/european_cultural.jpg\" alt=\"\" \/><br \/>\n<\/a><br \/>\n<a href=\"https:\/\/www.epim.info\/\"><br \/>\n<img decoding=\"async\" src=\"https:\/\/euroalter.com\/wp-content\/uploads\/2020\/02\/epim.jpg\" alt=\"\" \/><br \/>\n<\/a><br \/>\n<a href=\"https:\/\/eacea.ec.europa.eu\/europe-for-citizens_en\"><br \/>\n<img decoding=\"async\" src=\"https:\/\/euroalter.com\/wp-content\/uploads\/2020\/02\/europe.jpg\" alt=\"\" \/><br \/>\n<\/a><br \/>\n<a href=\"https:\/\/www.opensocietyfoundations.org\/\"><br \/>\n<img decoding=\"async\" src=\"https:\/\/euroalter.com\/wp-content\/uploads\/2020\/04\/osf-logo-1.jpg\" alt=\"\" \/><br \/>\n<\/a><\/p>\n<h3>Come siamo finanziati (2019)<\/h3>\n<p><canvas id=\"chart_1649941821\" width=\"600\" height=\"400\"><\/canvas><br \/>\n<canvas id=\"chart_1377320210\" width=\"600\" height=\"400\"><\/canvas><\/p>\n<h2>Codice di condotta<\/h2>\n<p>In European Alternatives ci impegniamo a garantire i valori dell&#8217;inclusivit\u00e0, dell&#8217;empowerment e del rispetto nel nostro lavoro. Per saperne di pi\u00f9 sulla tutela e il rispetto dei diritti umani e delle minoranze presso European Alternatives potete scaricare il nostro <a href=\"https:\/\/euroalter.com\/wp-content\/uploads\/2020\/03\/Code-of-Conduct-European-Alternatives.pdf\">codice di condotta<\/a>.<\/p>\n","protected":false},"excerpt":{"rendered":"<p>La nostra struttura legale e la nostra responsabilit\u00e0 European Alternatives \u00e8 un esperimento in corso per la creazione di un&#8217;organizzazione transnazionale di base, che si&hellip;<\/p>\n","protected":false},"author":4,"featured_media":0,"parent":29267,"menu_order":40,"comment_status":"closed","ping_status":"closed","template":"page-templates\/page-header-about.php","meta":{"_acf_changed":false,"footnotes":""},"class_list":["post-18653","page","type-page","status-publish","hentry"],"acf":[],"yoast_head":"<!-- This site is optimized with the Yoast SEO plugin v24.6 - https:\/\/yoast.com\/wordpress\/plugins\/seo\/ -->\n<title>Struttura e Finanze - European Alternatives<\/title>\n<meta name=\"robots\" content=\"index, follow, max-snippet:-1, max-image-preview:large, max-video-preview:-1\" \/>\n<link rel=\"canonical\" href=\"https:\/\/euroalter.com\/who-we-are\/structure-and-finances\/\" \/>\n<meta property=\"og:locale\" content=\"it_IT\" \/>\n<meta property=\"og:type\" content=\"article\" \/>\n<meta property=\"og:title\" content=\"Struttura e Finanze - European Alternatives\" \/>\n<meta property=\"og:description\" content=\"La nostra struttura legale e la nostra responsabilit\u00e0 European Alternatives \u00e8 un esperimento in corso per la creazione di un&#8217;organizzazione transnazionale di base, che si&hellip;\" \/>\n<meta property=\"og:url\" content=\"https:\/\/euroalter.com\/who-we-are\/structure-and-finances\/\" \/>\n<meta property=\"og:site_name\" content=\"European Alternatives\" \/>\n<meta property=\"article:modified_time\" content=\"2025-07-29T10:32:21+00:00\" \/>\n<meta property=\"og:image\" content=\"https:\/\/euroalter.com\/wp-content\/uploads\/2020\/03\/Black-and-White-Photo-Travel-Influencer-Digital-Brutalism-Instagram-Story-Set.png\" \/>\n<meta name=\"twitter:card\" content=\"summary_large_image\" \/>\n<meta name=\"twitter:label1\" content=\"Est. reading time\" \/>\n\t<meta name=\"twitter:data1\" content=\"2 minutes\" \/>\n<script type=\"application\/ld+json\" class=\"yoast-schema-graph\">{\"@context\":\"https:\/\/schema.org\",\"@graph\":[{\"@type\":\"WebPage\",\"@id\":\"https:\/\/euroalter.com\/who-we-are\/structure-and-finances\/\",\"url\":\"https:\/\/euroalter.com\/who-we-are\/structure-and-finances\/\",\"name\":\"Struttura e Finanze - European Alternatives\",\"isPartOf\":{\"@id\":\"https:\/\/euroalter.com\/#website\"},\"primaryImageOfPage\":{\"@id\":\"https:\/\/euroalter.com\/who-we-are\/structure-and-finances\/#primaryimage\"},\"image\":{\"@id\":\"https:\/\/euroalter.com\/who-we-are\/structure-and-finances\/#primaryimage\"},\"thumbnailUrl\":\"https:\/\/euroalter.com\/wp-content\/uploads\/2020\/03\/Black-and-White-Photo-Travel-Influencer-Digital-Brutalism-Instagram-Story-Set.png\",\"datePublished\":\"2020-03-11T11:48:19+00:00\",\"dateModified\":\"2025-07-29T10:32:21+00:00\",\"breadcrumb\":{\"@id\":\"https:\/\/euroalter.com\/who-we-are\/structure-and-finances\/#breadcrumb\"},\"inLanguage\":\"it-IT\",\"potentialAction\":[{\"@type\":\"ReadAction\",\"target\":[\"https:\/\/euroalter.com\/who-we-are\/structure-and-finances\/\"]}]},{\"@type\":\"ImageObject\",\"inLanguage\":\"it-IT\",\"@id\":\"https:\/\/euroalter.com\/who-we-are\/structure-and-finances\/#primaryimage\",\"url\":\"https:\/\/euroalter.com\/wp-content\/uploads\/2020\/03\/Black-and-White-Photo-Travel-Influencer-Digital-Brutalism-Instagram-Story-Set.png\",\"contentUrl\":\"https:\/\/euroalter.com\/wp-content\/uploads\/2020\/03\/Black-and-White-Photo-Travel-Influencer-Digital-Brutalism-Instagram-Story-Set.png\"},{\"@type\":\"BreadcrumbList\",\"@id\":\"https:\/\/euroalter.com\/who-we-are\/structure-and-finances\/#breadcrumb\",\"itemListElement\":[{\"@type\":\"ListItem\",\"position\":1,\"name\":\"Home\",\"item\":\"https:\/\/euroalter.com\/it\/\"},{\"@type\":\"ListItem\",\"position\":2,\"name\":\"Chi siamo\",\"item\":\"https:\/\/euroalter.com\/chi-siamo\/\"},{\"@type\":\"ListItem\",\"position\":3,\"name\":\"Struttura e Finanze\"}]},{\"@type\":\"WebSite\",\"@id\":\"https:\/\/euroalter.com\/#website\",\"url\":\"https:\/\/euroalter.com\/\",\"name\":\"European Alternatives\",\"description\":\"Democracy, Equality and Culture beyond the nation\",\"potentialAction\":[{\"@type\":\"SearchAction\",\"target\":{\"@type\":\"EntryPoint\",\"urlTemplate\":\"https:\/\/euroalter.com\/?s={search_term_string}\"},\"query-input\":{\"@type\":\"PropertyValueSpecification\",\"valueRequired\":true,\"valueName\":\"search_term_string\"}}],\"inLanguage\":\"it-IT\"}]}<\/script>\n<!-- \/ Yoast SEO plugin. -->","yoast_head_json":{"title":"Struttura e Finanze - European Alternatives","robots":{"index":"index","follow":"follow","max-snippet":"max-snippet:-1","max-image-preview":"max-image-preview:large","max-video-preview":"max-video-preview:-1"},"canonical":"https:\/\/euroalter.com\/who-we-are\/structure-and-finances\/","og_locale":"it_IT","og_type":"article","og_title":"Struttura e Finanze - European Alternatives","og_description":"La nostra struttura legale e la nostra responsabilit\u00e0 European Alternatives \u00e8 un esperimento in corso per la creazione di un&#8217;organizzazione transnazionale di base, che si&hellip;","og_url":"https:\/\/euroalter.com\/who-we-are\/structure-and-finances\/","og_site_name":"European Alternatives","article_modified_time":"2025-07-29T10:32:21+00:00","og_image":[{"url":"https:\/\/euroalter.com\/wp-content\/uploads\/2020\/03\/Black-and-White-Photo-Travel-Influencer-Digital-Brutalism-Instagram-Story-Set.png","type":"","width":"","height":""}],"twitter_card":"summary_large_image","twitter_misc":{"Est. reading time":"2 minutes"},"schema":{"@context":"https:\/\/schema.org","@graph":[{"@type":"WebPage","@id":"https:\/\/euroalter.com\/who-we-are\/structure-and-finances\/","url":"https:\/\/euroalter.com\/who-we-are\/structure-and-finances\/","name":"Struttura e Finanze - European Alternatives","isPartOf":{"@id":"https:\/\/euroalter.com\/#website"},"primaryImageOfPage":{"@id":"https:\/\/euroalter.com\/who-we-are\/structure-and-finances\/#primaryimage"},"image":{"@id":"https:\/\/euroalter.com\/who-we-are\/structure-and-finances\/#primaryimage"},"thumbnailUrl":"https:\/\/euroalter.com\/wp-content\/uploads\/2020\/03\/Black-and-White-Photo-Travel-Influencer-Digital-Brutalism-Instagram-Story-Set.png","datePublished":"2020-03-11T11:48:19+00:00","dateModified":"2025-07-29T10:32:21+00:00","breadcrumb":{"@id":"https:\/\/euroalter.com\/who-we-are\/structure-and-finances\/#breadcrumb"},"inLanguage":"it-IT","potentialAction":[{"@type":"ReadAction","target":["https:\/\/euroalter.com\/who-we-are\/structure-and-finances\/"]}]},{"@type":"ImageObject","inLanguage":"it-IT","@id":"https:\/\/euroalter.com\/who-we-are\/structure-and-finances\/#primaryimage","url":"https:\/\/euroalter.com\/wp-content\/uploads\/2020\/03\/Black-and-White-Photo-Travel-Influencer-Digital-Brutalism-Instagram-Story-Set.png","contentUrl":"https:\/\/euroalter.com\/wp-content\/uploads\/2020\/03\/Black-and-White-Photo-Travel-Influencer-Digital-Brutalism-Instagram-Story-Set.png"},{"@type":"BreadcrumbList","@id":"https:\/\/euroalter.com\/who-we-are\/structure-and-finances\/#breadcrumb","itemListElement":[{"@type":"ListItem","position":1,"name":"Home","item":"https:\/\/euroalter.com\/it\/"},{"@type":"ListItem","position":2,"name":"Chi siamo","item":"https:\/\/euroalter.com\/chi-siamo\/"},{"@type":"ListItem","position":3,"name":"Struttura e Finanze"}]},{"@type":"WebSite","@id":"https:\/\/euroalter.com\/#website","url":"https:\/\/euroalter.com\/","name":"European Alternatives","description":"Democracy, Equality and Culture beyond the nation","potentialAction":[{"@type":"SearchAction","target":{"@type":"EntryPoint","urlTemplate":"https:\/\/euroalter.com\/?s={search_term_string}"},"query-input":{"@type":"PropertyValueSpecification","valueRequired":true,"valueName":"search_term_string"}}],"inLanguage":"it-IT"}]}},"_links":{"self":[{"href":"https:\/\/euroalter.com\/it\/wp-json\/wp\/v2\/pages\/18653","targetHints":{"allow":["GET"]}}],"collection":[{"href":"https:\/\/euroalter.com\/it\/wp-json\/wp\/v2\/pages"}],"about":[{"href":"https:\/\/euroalter.com\/it\/wp-json\/wp\/v2\/types\/page"}],"author":[{"embeddable":true,"href":"https:\/\/euroalter.com\/it\/wp-json\/wp\/v2\/users\/4"}],"replies":[{"embeddable":true,"href":"https:\/\/euroalter.com\/it\/wp-json\/wp\/v2\/comments?post=18653"}],"version-history":[{"count":7,"href":"https:\/\/euroalter.com\/it\/wp-json\/wp\/v2\/pages\/18653\/revisions"}],"predecessor-version":[{"id":29263,"href":"https:\/\/euroalter.com\/it\/wp-json\/wp\/v2\/pages\/18653\/revisions\/29263"}],"up":[{"embeddable":true,"href":"https:\/\/euroalter.com\/it\/wp-json\/wp\/v2\/pages\/29267"}],"wp:attachment":[{"href":"https:\/\/euroalter.com\/it\/wp-json\/wp\/v2\/media?parent=18653"}],"curies":[{"name":"wp","href":"https:\/\/api.w.org\/{rel}","templated":true}]}}