{"id":18239,"date":"2020-03-11T12:36:34","date_gmt":"2020-03-11T11:36:34","guid":{"rendered":"https:\/\/euroalter.local\/strategia\/"},"modified":"2025-07-29T16:10:42","modified_gmt":"2025-07-29T14:10:42","slug":"strategia","status":"publish","type":"page","link":"https:\/\/euroalter.com\/it\/nostra-storia\/strategia\/","title":{"rendered":"Strategia"},"content":{"rendered":"\r\n<div class=\"wp-block-columns is-style-sixty-forty is-layout-flex wp-container-core-columns-is-layout-1 wp-block-columns-is-layout-flex\" style=\"margin-bottom: var(--wp--preset--spacing--80);\">\r\n\r\n\r\n<div class=\"wp-block-column is-layout-flow wp-block-column-is-layout-flow\">\r\n\r\n\r\n<p class=\"has-60-font-size\">European Alternatives agisce con la convinzione che sia necessario un rinnovamento transnazionale della nostra immaginazione politica, delle nostre istituzioni e delle nostre azioni per comprendere e affrontare in modo corretto le molteplici sfide che l\u2019Europa si trova ad affrontare.<\/p>\r\n\r\n\r\n\r\n<p class=\"has-60-font-size\">Andare oltre lo Stato-nazione \u00e8 una condizione essenziale per promuovere una societ\u00e0 pi\u00f9 democratica, egualitaria e culturalmente aperta. L\u2019Europa, intesa come idea e come spazio politico, offre un\u2019opportunit\u00e0 per farlo. Questa \u00e8 la visione di European Alternatives.<\/p>\r\n\r\n\r\n<\/div>\r\n\r\n\r\n\r\n<div class=\"wp-block-column is-layout-flow wp-block-column-is-layout-flow\" style=\"flex-basis: 40%;\"><\/div>\r\n\r\n\r\n<\/div>\r\n\r\n\r\n\r\n<figure class=\"wp-block-image alignwide size-large\"><img loading=\"lazy\" decoding=\"async\" width=\"1500\" height=\"843\" class=\"wp-image-23789\" src=\"https:\/\/euroalter.com\/wp-content\/uploads\/2024\/04\/47463332701_6538e0f579_h-1-1500x843.webp\" alt=\"\" srcset=\"https:\/\/euroalter.com\/wp-content\/uploads\/2024\/04\/47463332701_6538e0f579_h-1-1500x843.webp 1500w, https:\/\/euroalter.com\/wp-content\/uploads\/2024\/04\/47463332701_6538e0f579_h-1-1024x576.webp 1024w, https:\/\/euroalter.com\/wp-content\/uploads\/2024\/04\/47463332701_6538e0f579_h-1-600x337.webp 600w\" sizes=\"auto, (max-width: 1500px) 100vw, 1500px\" \/><\/figure>\r\n\r\n\r\n\r\n<div class=\"wp-block-columns is-style-sixty-forty is-layout-flex wp-container-core-columns-is-layout-2 wp-block-columns-is-layout-flex\" style=\"margin-top: var(--wp--preset--spacing--80); margin-bottom: var(--wp--preset--spacing--80);\">\r\n\r\n\r\n<div class=\"wp-block-column is-layout-flow wp-block-column-is-layout-flow\">\r\n\r\n\r\n<h2 class=\"wp-block-heading\">Un\u2019Europa alternativa dovrebbe includere ed emergere da:<\/h2>\r\n\r\n\r\n<\/div>\r\n\r\n\r\n\r\n<div class=\"wp-block-column is-layout-flow wp-block-column-is-layout-flow\" style=\"flex-basis: 40%;\">\r\n\r\n\r\n<ul class=\"wp-block-list\">\r\n \t<li style=\"list-style-type: none;\">\r\n<ul>\r\n \t<li>Il sostegno e la promozione di una politica immaginativa e aperta verso l\u2019esterno, dando spazio e supporto alle molte voci alternative e competenti che conosciamo.<\/li>\r\n<\/ul>\r\n<\/li>\r\n<\/ul>\r\n\r\n\r\n\r\n<ul>\r\n \t<li style=\"list-style-type: none;\">\r\n<ul>\r\n \t<li>La diffusione di nuove conoscenze e narrazioni alternative e l\u2019incoraggiamento del discorso critico attraverso strumenti e spazi accessibili.<\/li>\r\n<\/ul>\r\n<\/li>\r\n<\/ul>\r\n\r\n\r\n\r\n<ul>\r\n \t<li style=\"list-style-type: none;\">\r\n<ul>\r\n \t<li>L\u2019incarnazione di una cittadinanza politica europea fondata sul rispetto dei diritti umani e dei diritti fondamentali, sullo spazio civico, sulla libert\u00e0 di movimento autentica, e su un coinvolgimento critico con i principi e le norme giuridiche, incluse le loro sospensioni o violazioni.<\/li>\r\n<\/ul>\r\n<\/li>\r\n<\/ul>\r\n\r\n\r\n\r\n<ul>\r\n \t<li style=\"list-style-type: none;\">\r\n<ul>\r\n \t<li>La valorizzazione del livello europeo come scala rilevante di analisi e di azione.<\/li>\r\n<\/ul>\r\n<\/li>\r\n<\/ul>\r\n\r\n\r\n\r\n<ul>\r\n \t<li style=\"list-style-type: none;\">\r\n<ul>\r\n \t<li>La promozione dell\u2019inclusione socio-economica delle comunit\u00e0, garantendo situazioni personali pi\u00f9 sicure, combattendo la precariet\u00e0 e abbassando cos\u00ec le barriere e i rischi alla partecipazione.<\/li>\r\n<\/ul>\r\n<\/li>\r\n<\/ul>\r\n\r\n\r\n\r\n<ul>\r\n \t<li style=\"list-style-type: none;\">\r\n<ul>\r\n \t<li>La creazione e il sostegno alla presenza di organizzazioni transnazionali e di attori moltiplicatori.<\/li>\r\n<\/ul>\r\n<\/li>\r\n<\/ul>\r\n\r\n\r\n\r\n<ul>\r\n \t<li style=\"list-style-type: none;\">\r\n<ul>\r\n \t<li>Il rafforzamento della capacit\u00e0 delle organizzazioni della societ\u00e0 civile, incoraggiandole ad agire relazionalmente all\u2019interno del proprio ecosistema piuttosto che come isole isolate.<\/li>\r\n<\/ul>\r\n<\/li>\r\n<\/ul>\r\n\r\n\r\n\r\n<ul>\r\n \t<li style=\"list-style-type: none;\">\r\n<ul>\r\n \t<li>Per concretizzare questa visione, ogni anno definiamo delle priorit\u00e0 organizzative in consultazione con il nostro staff, i consulenti e il consiglio direttivo.<\/li>\r\n<\/ul>\r\n<\/li>\r\n<\/ul>\r\n\r\n\r\n\r\n\r\n<\/div>\r\n\r\n\r\n<\/div>\r\n\r\n\r\n\r\n<div class=\"wp-block-columns is-style-sixty-forty is-layout-flex wp-container-core-columns-is-layout-3 wp-block-columns-is-layout-flex\" style=\"margin-top: var(--wp--preset--spacing--80); margin-bottom: var(--wp--preset--spacing--80);\">\r\n\r\n\r\n<div class=\"wp-block-column is-layout-flow wp-block-column-is-layout-flow\">\r\n\r\n\r\n<h2 class=\"wp-block-heading\">Il nostro impatto sociale desiderato \u00e8:<\/h2>\r\n\r\n\r\n<\/div>\r\n\r\n\r\n\r\n<div class=\"wp-block-column is-layout-flow wp-block-column-is-layout-flow\" style=\"flex-basis: 40%;\">\r\n\r\n\r\n<ol class=\"wp-block-list\">\r\n \t<li style=\"list-style-type: none;\">\r\n<ol>\r\n \t<li><strong>Creare uno spazio transnazionale dinamico:<\/strong>\r\n\r\n<ul class=\"wp-block-list\">\r\n \t<li style=\"list-style-type: none;\">\r\n<ul>\r\n \t<li>Riunire e mantenere vivo un ecosistema di attivisti transnazionali<\/li>\r\n<\/ul>\r\n<\/li>\r\n<\/ul>\r\n\r\n\r\n\r\n<ul>\r\n \t<li style=\"list-style-type: none;\">\r\n<ul>\r\n \t<li>Favorire e rafforzare le pratiche democratiche in questo spazio<\/li>\r\n<\/ul>\r\n<\/li>\r\n<\/ul>\r\n\r\n\r\n\r\n<ul>\r\n \t<li style=\"list-style-type: none;\">\r\n<ul>\r\n \t<li>Sostenere le alternative alle idee e agli attori dell\u2019estrema destra<\/li>\r\n<\/ul>\r\n<\/li>\r\n<\/ul>\r\n\r\n\r\n\r\n<ul>\r\n \t<li style=\"list-style-type: none;\">\r\n<ul>\r\n \t<li>Rendere questo spazio rilevante per gli attori a livello europeo, aumentando il capitale democratico dell\u2019UE<\/li>\r\n<\/ul>\r\n<\/li>\r\n<\/ul>\r\n\r\n\r\n<\/li>\r\n<\/ol>\r\n<\/li>\r\n<\/ol>\r\n\r\n\r\n\r\n<ol>\r\n \t<li style=\"list-style-type: none;\">\r\n<ol>\r\n \t<li><strong>Riplasmare questo spazio, trasmettendo valori trasformativi:<\/strong>\r\n\r\n<ul class=\"wp-block-list\">\r\n \t<li style=\"list-style-type: none;\">\r\n<ul>\r\n \t<li>Immaginare futuri alternativi e promuovere valori trasformativi (decolonialismo, intersezionalit\u00e0, ecofemminismo)<\/li>\r\n<\/ul>\r\n<\/li>\r\n<\/ul>\r\n\r\n\r\n\r\n<ul>\r\n \t<li style=\"list-style-type: none;\">\r\n<ul>\r\n \t<li>Respingere l\u2019influenza delle idee e dei discorsi dell\u2019estrema destra<\/li>\r\n<\/ul>\r\n<\/li>\r\n<\/ul>\r\n\r\n\r\n<\/li>\r\n<\/ol>\r\n<\/li>\r\n<\/ol>\r\n\r\n\r\n\r\n<ol>\r\n \t<li style=\"list-style-type: none;\">\r\n<ol>\r\n \t<li><strong>Rendere questo spazio accogliente per tutt\u0259:<\/strong>\r\n\r\n<ul class=\"wp-block-list\">\r\n \t<li style=\"list-style-type: none;\">\r\n<ul>\r\n \t<li>Evidenziare la rilevanza della scala transnazionale nella lotta per la giustizia sociale<\/li>\r\n<\/ul>\r\n<\/li>\r\n<\/ul>\r\n\r\n\r\n\r\n<ul>\r\n \t<li style=\"list-style-type: none;\">\r\n<ul>\r\n \t<li>Promuovere strategie translokali (fare in modo che gli attori locali si sentano a casa)<\/li>\r\n<\/ul>\r\n<\/li>\r\n<\/ul>\r\n\r\n\r\n\r\n<ul>\r\n \t<li style=\"list-style-type: none;\">\r\n<ul>\r\n \t<li>Contrastare il frame nazionalista, opponendosi agli effetti escludenti della costruzione delle frontiere<\/li>\r\n<\/ul>\r\n<\/li>\r\n<\/ul>\r\n\r\n\r\n<\/li>\r\n<\/ol>\r\n<\/li>\r\n<\/ol>\r\n\r\n\r\n\r\n\r\n<\/div>\r\n\r\n\r\n<\/div>\r\n\r\n\r\n\r\n<div class=\"wp-block-columns is-style-sixty-forty is-layout-flex wp-container-core-columns-is-layout-4 wp-block-columns-is-layout-flex\" style=\"margin-top: var(--wp--preset--spacing--80); margin-bottom: var(--wp--preset--spacing--50);\">\r\n\r\n\r\n<div class=\"wp-block-column is-layout-flow wp-block-column-is-layout-flow\">\r\n\r\n\r\n<h2 class=\"wp-block-heading\">Per raggiungere questi obiettivi, strutturiamo\u00a0<a href=\"https:\/\/euroalter.com\/projects\/\">il nostro programma di lavoro<\/a> in 5 aree tematiche:<\/h2>\r\n\r\n\r\n<\/div>\r\n\r\n\r\n\r\n<div class=\"wp-block-column is-layout-flow wp-block-column-is-layout-flow\" style=\"flex-basis: 40%;\"><\/div>\r\n\r\n\r\n<\/div>\r\n\r\n\r\n\r\n<figure class=\"wp-block-image aligncenter size-full\"><img loading=\"lazy\" decoding=\"async\" width=\"898\" height=\"866\" class=\"wp-image-25513\" style=\"object-fit: cover;\" src=\"https:\/\/euroalter.com\/wp-content\/uploads\/2024\/04\/structure-streams.webp\" alt=\"\" srcset=\"https:\/\/euroalter.com\/wp-content\/uploads\/2024\/04\/structure-streams.webp 898w, https:\/\/euroalter.com\/wp-content\/uploads\/2024\/04\/structure-streams-600x579.webp 600w\" sizes=\"auto, (max-width: 898px) 100vw, 898px\" \/><\/figure>\r\n\r\n\r\n\r\n<div class=\"wp-block-columns is-style-forty-sixty is-layout-flex wp-container-core-columns-is-layout-5 wp-block-columns-is-layout-flex\">\r\n\r\n\r\n<div class=\"wp-block-column is-layout-flow wp-block-column-is-layout-flow\">\r\n\r\n\r\n<h2 class=\"wp-block-heading\">Immaginare<\/h2>\r\n\r\n\r\n<\/div>\r\n\r\n\r\n\r\n<div class=\"wp-block-column is-layout-flow wp-block-column-is-layout-flow\" style=\"flex-basis: 60%;\">\r\n\r\n\r\n\r\nSperimentare forme di espressione di s\u00e9, utilizzando l\u2019innovazione artistica per creare e giocare con nuove narrazioni, immaginari e rappresentazioni, offrendo formati diversi per imparare e stare insieme.\r\n\r\n\r\n\r\n<\/div>\r\n\r\n\r\n<\/div>\r\n\r\n\r\n\r\n<div class=\"wp-block-columns is-style-forty-sixty is-layout-flex wp-container-core-columns-is-layout-6 wp-block-columns-is-layout-flex\">\r\n\r\n\r\n<div class=\"wp-block-column is-layout-flow wp-block-column-is-layout-flow\">\r\n\r\n\r\n<h2 class=\"wp-block-heading\">Allenarsi<\/h2>\r\n\r\n\r\n<\/div>\r\n\r\n\r\n\r\n<div class=\"wp-block-column is-layout-flow wp-block-column-is-layout-flow\" style=\"flex-basis: 60%;\">\r\n\r\n\r\n\r\nRafforzare le capacit\u00e0 dei partecipanti in aree rilevanti per l\u2019apertura dello spazio civico e politico a livello europeo e per la promozione di narrazioni alternative sull\u2019Europa.\r\n\r\n\r\n\r\n<\/div>\r\n\r\n\r\n<\/div>\r\n\r\n\r\n\r\n<div class=\"wp-block-columns is-style-forty-sixty is-layout-flex wp-container-core-columns-is-layout-7 wp-block-columns-is-layout-flex\">\r\n\r\n\r\n<div class=\"wp-block-column is-layout-flow wp-block-column-is-layout-flow\">\r\n\r\n\r\n<h2 class=\"wp-block-heading\">Assemblare<\/h2>\r\n\r\n\r\n<\/div>\r\n\r\n\r\n\r\n<div class=\"wp-block-column is-layout-flow wp-block-column-is-layout-flow\" style=\"flex-basis: 60%;\">\r\n\r\n\r\n\r\nCreare spazi di deliberazione, decisione ed esperienza diretta della democrazia a livello comunitario.\r\n\r\n\r\n\r\n<\/div>\r\n\r\n\r\n<\/div>\r\n\r\n\r\n\r\n<div class=\"wp-block-columns is-style-forty-sixty is-layout-flex wp-container-core-columns-is-layout-8 wp-block-columns-is-layout-flex\">\r\n\r\n\r\n<div class=\"wp-block-column is-layout-flow wp-block-column-is-layout-flow\">\r\n\r\n\r\n<h2 class=\"wp-block-heading\">Agire<\/h2>\r\n\r\n\r\n<\/div>\r\n\r\n\r\n\r\n<div class=\"wp-block-column is-layout-flow wp-block-column-is-layout-flow\" style=\"flex-basis: 60%;\">\r\n\r\n\r\n\r\nPortare le richieste di attivist\u0259 e movimenti sociali per influenzare i decisori politici a livello locale, nazionale ed europeo.\r\n\r\n\r\n\r\n<\/div>\r\n\r\n\r\n<\/div>\r\n\r\n\r\n\r\n<div class=\"wp-block-columns is-style-forty-sixty is-layout-flex wp-container-core-columns-is-layout-9 wp-block-columns-is-layout-flex\">\r\n\r\n\r\n<div class=\"wp-block-column is-layout-flow wp-block-column-is-layout-flow\">\r\n\r\n\r\n<h2 class=\"wp-block-heading\">Imparare<\/h2>\r\n\r\n\r\n<\/div>\r\n\r\n\r\n\r\n<div class=\"wp-block-column is-layout-flow wp-block-column-is-layout-flow\" style=\"flex-basis: 60%;\">\r\n\r\n\r\n\r\nGarantire un apprendimento informato dalla ricerca sulle tendenze, le dinamiche, i bisogni, i rischi e le opportunit\u00e0 transnazionali, all\u2019interno di European Alternatives, nel pi\u00f9 ampio ecosistema e nelle istituzioni politiche.\r\n\r\n\r\n\r\n<\/div>\r\n\r\n\r\n<\/div>\r\n","protected":false},"excerpt":{"rendered":"<p>European Alternatives agisce con la convinzione che sia necessario un rinnovamento transnazionale della nostra immaginazione politica, delle nostre istituzioni e delle nostre azioni per comprendere&hellip;<\/p>\n","protected":false},"author":4,"featured_media":18241,"parent":18694,"menu_order":0,"comment_status":"closed","ping_status":"closed","template":"page-templates\/page-header-story.php","meta":{"_acf_changed":false,"footnotes":""},"class_list":["post-18239","page","type-page","status-publish","has-post-thumbnail","hentry"],"acf":[],"yoast_head":"<!-- This site is optimized with the Yoast SEO plugin v24.6 - https:\/\/yoast.com\/wordpress\/plugins\/seo\/ -->\n<title>Strategia - European Alternatives<\/title>\n<meta name=\"robots\" content=\"index, follow, max-snippet:-1, max-image-preview:large, max-video-preview:-1\" \/>\n<link rel=\"canonical\" href=\"https:\/\/euroalter.com\/it\/nostra-storia\/strategia\/\" \/>\n<meta property=\"og:locale\" content=\"it_IT\" \/>\n<meta property=\"og:type\" content=\"article\" \/>\n<meta property=\"og:title\" content=\"Strategia - European Alternatives\" \/>\n<meta property=\"og:description\" content=\"European Alternatives agisce con la convinzione che sia necessario un rinnovamento transnazionale della nostra immaginazione politica, delle nostre istituzioni e delle nostre azioni per comprendere&hellip;\" \/>\n<meta property=\"og:url\" content=\"https:\/\/euroalter.com\/it\/nostra-storia\/strategia\/\" \/>\n<meta property=\"og:site_name\" content=\"European Alternatives\" \/>\n<meta property=\"article:modified_time\" content=\"2025-07-29T14:10:42+00:00\" \/>\n<meta property=\"og:image\" content=\"https:\/\/euroalter.com\/wp-content\/uploads\/2020\/03\/EA_CAMPUS_008-1024x682-1-1.jpg\" \/>\n\t<meta property=\"og:image:width\" content=\"1024\" \/>\n\t<meta property=\"og:image:height\" content=\"530\" \/>\n\t<meta property=\"og:image:type\" content=\"image\/jpeg\" \/>\n<meta name=\"twitter:card\" content=\"summary_large_image\" \/>\n<meta name=\"twitter:label1\" content=\"Est. reading time\" \/>\n\t<meta name=\"twitter:data1\" content=\"3 minutes\" \/>\n<script type=\"application\/ld+json\" class=\"yoast-schema-graph\">{\"@context\":\"https:\/\/schema.org\",\"@graph\":[{\"@type\":\"WebPage\",\"@id\":\"https:\/\/euroalter.com\/it\/nostra-storia\/strategia\/\",\"url\":\"https:\/\/euroalter.com\/it\/nostra-storia\/strategia\/\",\"name\":\"Strategia - European Alternatives\",\"isPartOf\":{\"@id\":\"https:\/\/euroalter.com\/#website\"},\"primaryImageOfPage\":{\"@id\":\"https:\/\/euroalter.com\/it\/nostra-storia\/strategia\/#primaryimage\"},\"image\":{\"@id\":\"https:\/\/euroalter.com\/it\/nostra-storia\/strategia\/#primaryimage\"},\"thumbnailUrl\":\"https:\/\/euroalter.com\/wp-content\/uploads\/2020\/03\/EA_CAMPUS_008-1024x682-1-1.jpg\",\"datePublished\":\"2020-03-11T11:36:34+00:00\",\"dateModified\":\"2025-07-29T14:10:42+00:00\",\"breadcrumb\":{\"@id\":\"https:\/\/euroalter.com\/it\/nostra-storia\/strategia\/#breadcrumb\"},\"inLanguage\":\"it-IT\",\"potentialAction\":[{\"@type\":\"ReadAction\",\"target\":[\"https:\/\/euroalter.com\/it\/nostra-storia\/strategia\/\"]}]},{\"@type\":\"ImageObject\",\"inLanguage\":\"it-IT\",\"@id\":\"https:\/\/euroalter.com\/it\/nostra-storia\/strategia\/#primaryimage\",\"url\":\"https:\/\/euroalter.com\/wp-content\/uploads\/2020\/03\/EA_CAMPUS_008-1024x682-1-1.jpg\",\"contentUrl\":\"https:\/\/euroalter.com\/wp-content\/uploads\/2020\/03\/EA_CAMPUS_008-1024x682-1-1.jpg\",\"width\":1024,\"height\":530},{\"@type\":\"BreadcrumbList\",\"@id\":\"https:\/\/euroalter.com\/it\/nostra-storia\/strategia\/#breadcrumb\",\"itemListElement\":[{\"@type\":\"ListItem\",\"position\":1,\"name\":\"Home\",\"item\":\"https:\/\/euroalter.com\/it\/\"},{\"@type\":\"ListItem\",\"position\":2,\"name\":\"La nostra storia\",\"item\":\"https:\/\/euroalter.com\/it\/nostra-storia\/\"},{\"@type\":\"ListItem\",\"position\":3,\"name\":\"Strategia\"}]},{\"@type\":\"WebSite\",\"@id\":\"https:\/\/euroalter.com\/#website\",\"url\":\"https:\/\/euroalter.com\/\",\"name\":\"European Alternatives\",\"description\":\"Democracy, Equality and Culture beyond the nation\",\"potentialAction\":[{\"@type\":\"SearchAction\",\"target\":{\"@type\":\"EntryPoint\",\"urlTemplate\":\"https:\/\/euroalter.com\/?s={search_term_string}\"},\"query-input\":{\"@type\":\"PropertyValueSpecification\",\"valueRequired\":true,\"valueName\":\"search_term_string\"}}],\"inLanguage\":\"it-IT\"}]}<\/script>\n<!-- \/ Yoast SEO plugin. -->","yoast_head_json":{"title":"Strategia - European Alternatives","robots":{"index":"index","follow":"follow","max-snippet":"max-snippet:-1","max-image-preview":"max-image-preview:large","max-video-preview":"max-video-preview:-1"},"canonical":"https:\/\/euroalter.com\/it\/nostra-storia\/strategia\/","og_locale":"it_IT","og_type":"article","og_title":"Strategia - European Alternatives","og_description":"European Alternatives agisce con la convinzione che sia necessario un rinnovamento transnazionale della nostra immaginazione politica, delle nostre istituzioni e delle nostre azioni per comprendere&hellip;","og_url":"https:\/\/euroalter.com\/it\/nostra-storia\/strategia\/","og_site_name":"European Alternatives","article_modified_time":"2025-07-29T14:10:42+00:00","og_image":[{"width":1024,"height":530,"url":"https:\/\/euroalter.com\/wp-content\/uploads\/2020\/03\/EA_CAMPUS_008-1024x682-1-1.jpg","type":"image\/jpeg"}],"twitter_card":"summary_large_image","twitter_misc":{"Est. reading time":"3 minutes"},"schema":{"@context":"https:\/\/schema.org","@graph":[{"@type":"WebPage","@id":"https:\/\/euroalter.com\/it\/nostra-storia\/strategia\/","url":"https:\/\/euroalter.com\/it\/nostra-storia\/strategia\/","name":"Strategia - European Alternatives","isPartOf":{"@id":"https:\/\/euroalter.com\/#website"},"primaryImageOfPage":{"@id":"https:\/\/euroalter.com\/it\/nostra-storia\/strategia\/#primaryimage"},"image":{"@id":"https:\/\/euroalter.com\/it\/nostra-storia\/strategia\/#primaryimage"},"thumbnailUrl":"https:\/\/euroalter.com\/wp-content\/uploads\/2020\/03\/EA_CAMPUS_008-1024x682-1-1.jpg","datePublished":"2020-03-11T11:36:34+00:00","dateModified":"2025-07-29T14:10:42+00:00","breadcrumb":{"@id":"https:\/\/euroalter.com\/it\/nostra-storia\/strategia\/#breadcrumb"},"inLanguage":"it-IT","potentialAction":[{"@type":"ReadAction","target":["https:\/\/euroalter.com\/it\/nostra-storia\/strategia\/"]}]},{"@type":"ImageObject","inLanguage":"it-IT","@id":"https:\/\/euroalter.com\/it\/nostra-storia\/strategia\/#primaryimage","url":"https:\/\/euroalter.com\/wp-content\/uploads\/2020\/03\/EA_CAMPUS_008-1024x682-1-1.jpg","contentUrl":"https:\/\/euroalter.com\/wp-content\/uploads\/2020\/03\/EA_CAMPUS_008-1024x682-1-1.jpg","width":1024,"height":530},{"@type":"BreadcrumbList","@id":"https:\/\/euroalter.com\/it\/nostra-storia\/strategia\/#breadcrumb","itemListElement":[{"@type":"ListItem","position":1,"name":"Home","item":"https:\/\/euroalter.com\/it\/"},{"@type":"ListItem","position":2,"name":"La nostra storia","item":"https:\/\/euroalter.com\/it\/nostra-storia\/"},{"@type":"ListItem","position":3,"name":"Strategia"}]},{"@type":"WebSite","@id":"https:\/\/euroalter.com\/#website","url":"https:\/\/euroalter.com\/","name":"European Alternatives","description":"Democracy, Equality and Culture beyond the nation","potentialAction":[{"@type":"SearchAction","target":{"@type":"EntryPoint","urlTemplate":"https:\/\/euroalter.com\/?s={search_term_string}"},"query-input":{"@type":"PropertyValueSpecification","valueRequired":true,"valueName":"search_term_string"}}],"inLanguage":"it-IT"}]}},"_links":{"self":[{"href":"https:\/\/euroalter.com\/it\/wp-json\/wp\/v2\/pages\/18239","targetHints":{"allow":["GET"]}}],"collection":[{"href":"https:\/\/euroalter.com\/it\/wp-json\/wp\/v2\/pages"}],"about":[{"href":"https:\/\/euroalter.com\/it\/wp-json\/wp\/v2\/types\/page"}],"author":[{"embeddable":true,"href":"https:\/\/euroalter.com\/it\/wp-json\/wp\/v2\/users\/4"}],"replies":[{"embeddable":true,"href":"https:\/\/euroalter.com\/it\/wp-json\/wp\/v2\/comments?post=18239"}],"version-history":[{"count":6,"href":"https:\/\/euroalter.com\/it\/wp-json\/wp\/v2\/pages\/18239\/revisions"}],"predecessor-version":[{"id":29279,"href":"https:\/\/euroalter.com\/it\/wp-json\/wp\/v2\/pages\/18239\/revisions\/29279"}],"up":[{"embeddable":true,"href":"https:\/\/euroalter.com\/it\/wp-json\/wp\/v2\/pages\/18694"}],"wp:featuredmedia":[{"embeddable":true,"href":"https:\/\/euroalter.com\/it\/wp-json\/wp\/v2\/media\/18241"}],"wp:attachment":[{"href":"https:\/\/euroalter.com\/it\/wp-json\/wp\/v2\/media?parent=18239"}],"curies":[{"name":"wp","href":"https:\/\/api.w.org\/{rel}","templated":true}]}}