{"id":18166,"date":"2020-03-10T12:06:04","date_gmt":"2020-03-10T11:06:04","guid":{"rendered":"https:\/\/euroalter.local\/termini-e-condizioni\/"},"modified":"2025-07-29T14:54:28","modified_gmt":"2025-07-29T12:54:28","slug":"termini-e-condizioni","status":"publish","type":"page","link":"https:\/\/euroalter.com\/it\/termini-e-condizioni\/","title":{"rendered":"Termini e condizioni"},"content":{"rendered":"<p><span style=\"font-weight: 400;\">Ci auguriamo che l\u2019utilizzo del sito European Alternatives Action sia per voi un\u2019esperienza positiva, sia che stiate esplorando il nostro impegno per alternative in Europa, sia che vogliate <\/span><a href=\"https:\/\/euroalter.com\/it\/unisciti-a-european-alternatives\/\"><b>partecipare<\/b><\/a><span style=\"font-weight: 400;\"> attivamente.<\/span><\/p>\n<p>L\u2019utilizzo del sito, fornito da European Alternatives, \u00e8 soggetto ai seguenti Termini e Condizioni:<\/p>\n<ol>\n<li>L\u2019uso del sito implica l\u2019accettazione di questi termini e condizioni a partire dalla prima visita.<\/li>\n<li>European Alternatives si riserva il diritto di modificare in qualsiasi momento i presenti termini e condizioni pubblicando online le modifiche. L\u2019uso continuato del sito successivamente alla pubblicazione delle modifiche implica l\u2019accettazione del contratto cos\u00ec modificato.<\/li>\n<li>L\u2019utente si impegna a utilizzare questo sito solo per scopi leciti e in modo da non ledere i diritti altrui n\u00e9 limitarne o inibirne l\u2019uso e il godimento da parte di terzi.<\/li>\n<li>Questo sito e le informazioni, nomi, immagini, fotografie, loghi riguardanti European Alternatives sono forniti \u201ccos\u00ec come sono\u201d, senza alcuna dichiarazione o approvazione e senza garanzie di alcun tipo, esplicite o implicite. In nessun caso European Alternatives sar\u00e0 responsabile di eventuali danni, inclusi, a titolo esemplificativo, danni indiretti o consequenziali, o danni derivanti dall\u2019uso o dalla perdita d\u2019uso del sito, sia per contratto che per negligenza.<\/li>\n<li>European Alternatives non garantisce che le funzioni contenute nei materiali del sito saranno ininterrotte o prive di errori, che i difetti verranno corretti, n\u00e9 che il sito o il server che lo rende disponibile siano privi di virus o bug, o che rappresentino la piena funzionalit\u00e0, accuratezza e affidabilit\u00e0 dei materiali.<\/li>\n<li><span style=\"font-weight: 400;\">Limitazioni sul copyright: L\u2019uso commerciale o la pubblicazione totale o parziale di qualsiasi elemento mostrato sul sito \u00e8 severamente vietato senza previa autorizzazione da parte di European Alternatives. Nulla di quanto contenuto nel sito deve essere interpretato come concessione di licenza all\u2019uso di elementi visualizzati. I documenti possono essere copiati solo per uso personale a condizione che siano riportati i riferimenti al copyright e alla fonte, che non vengano apportate modifiche e che il documento venga copiato integralmente. Alcuni documenti e fotografie sono stati pubblicati sul sito con il permesso dei legittimi detentori del copyright (che non sono European Alternatives). Tutti i diritti su tali materiali sono riservati, e il permesso di copiarli deve essere richiesto ai rispettivi titolari del copyright (le fonti sono indicate nei documenti\/fotografie).<\/span><\/li>\n<li>European Alternatives non si assume alcuna responsabilit\u00e0 per i contenuti di siti esterni. Altri siti web ai quali rimandiamo sono di propriet\u00e0 e gestiti da terzi, sui quali European Alternatives non ha alcun controllo. Il fatto che forniamo link ad altri siti non implica approvazione o avallo da parte nostra del contenuto di tali siti. Non ci assumiamo alcuna responsabilit\u00e0 per dichiarazioni, informazioni, prodotti o servizi pubblicati o accessibili attraverso siti di terze parti.<\/li>\n<li>Qualsiasi comunicazione o materiale trasmesso o pubblicato in qualsiasi area pubblica del sito, inclusi dati, domande, commenti, suggerimenti o simili, sar\u00e0 trattato come informazione non riservata e non proprietaria.<\/li>\n<li>In caso di conflitto tra questi termini e condizioni e eventuali regole o termini specifici d\u2019uso presenti su questo sito in relazione a materiali specifici, prevarranno questi ultimi.<\/li>\n<li>Se questi termini e condizioni non vengono accettati integralmente, l\u2019uso del sito deve cessare immediatamente.<\/li>\n<\/ol>\n<hr \/>\n<p><span style=\"font-weight: 400;\">Ci auguriamo che l\u2019utilizzo del sito European Alternatives Action sia per voi un\u2019esperienza positiva, sia che stiate esplorando il nostro impegno per alternative in Europa, sia che vogliate <\/span><a href=\"https:\/\/euroalter.com\/it\/unisciti-a-european-alternatives\/\"><b>partecipare<\/b><\/a><span style=\"font-weight: 400;\"> attivamente.<\/span><\/p>\n<p>L\u2019utilizzo del sito, fornito da European Alternatives, \u00e8 soggetto ai seguenti Termini e Condizioni:<\/p>\n<ol>\n<li>L\u2019uso del sito implica l\u2019accettazione di questi termini e condizioni a partire dalla prima visita.<\/li>\n<li>European Alternatives si riserva il diritto di modificare in qualsiasi momento i presenti termini e condizioni pubblicando online le modifiche. L\u2019uso continuato del sito successivamente alla pubblicazione delle modifiche implica l\u2019accettazione del contratto cos\u00ec modificato.<\/li>\n<li>L\u2019utente si impegna a utilizzare questo sito solo per scopi leciti e in modo da non ledere i diritti altrui n\u00e9 limitarne o inibirne l\u2019uso e il godimento da parte di terzi.<\/li>\n<li>Questo sito e le informazioni, nomi, immagini, fotografie, loghi riguardanti European Alternatives sono forniti \u201ccos\u00ec come sono\u201d, senza alcuna dichiarazione o approvazione e senza garanzie di alcun tipo, esplicite o implicite. In nessun caso European Alternatives sar\u00e0 responsabile di eventuali danni, inclusi, a titolo esemplificativo, danni indiretti o consequenziali, o danni derivanti dall\u2019uso o dalla perdita d\u2019uso del sito, sia per contratto che per negligenza.<\/li>\n<li>European Alternatives non garantisce che le funzioni contenute nei materiali del sito saranno ininterrotte o prive di errori, che i difetti verranno corretti, n\u00e9 che il sito o il server che lo rende disponibile siano privi di virus o bug, o che rappresentino la piena funzionalit\u00e0, accuratezza e affidabilit\u00e0 dei materiali.<\/li>\n<li><span style=\"font-weight: 400;\">Limitazioni sul copyright: L\u2019uso commerciale o la pubblicazione totale o parziale di qualsiasi elemento mostrato sul sito \u00e8 severamente vietato senza previa autorizzazione da parte di European Alternatives. Nulla di quanto contenuto nel sito deve essere interpretato come concessione di licenza all\u2019uso di elementi visualizzati. I documenti possono essere copiati solo per uso personale a condizione che siano riportati i riferimenti al copyright e alla fonte, che non vengano apportate modifiche e che il documento venga copiato integralmente. Alcuni documenti e fotografie sono stati pubblicati sul sito con il permesso dei legittimi detentori del copyright (che non sono European Alternatives). Tutti i diritti su tali materiali sono riservati, e il permesso di copiarli deve essere richiesto ai rispettivi titolari del copyright (le fonti sono indicate nei documenti\/fotografie).<\/span><\/li>\n<li>European Alternatives non si assume alcuna responsabilit\u00e0 per i contenuti di siti esterni. Altri siti web ai quali rimandiamo sono di propriet\u00e0 e gestiti da terzi, sui quali European Alternatives non ha alcun controllo. Il fatto che forniamo link ad altri siti non implica approvazione o avallo da parte nostra del contenuto di tali siti. Non ci assumiamo alcuna responsabilit\u00e0 per dichiarazioni, informazioni, prodotti o servizi pubblicati o accessibili attraverso siti di terze parti.<\/li>\n<li>Qualsiasi comunicazione o materiale trasmesso o pubblicato in qualsiasi area pubblica del sito, inclusi dati, domande, commenti, suggerimenti o simili, sar\u00e0 trattato come informazione non riservata e non proprietaria.<\/li>\n<li>In caso di conflitto tra questi termini e condizioni e eventuali regole o termini specifici d\u2019uso presenti su questo sito in relazione a materiali specifici, prevarranno questi ultimi.<\/li>\n<li>Se questi termini e condizioni non vengono accettati integralmente, l\u2019uso del sito deve cessare immediatamente.<\/li>\n<\/ol>\n","protected":false},"excerpt":{"rendered":"<p>Ci auguriamo che l\u2019utilizzo del sito European Alternatives Action sia per voi un\u2019esperienza positiva, sia che stiate esplorando il nostro impegno per alternative in Europa,&hellip;<\/p>\n","protected":false},"author":4,"featured_media":0,"parent":0,"menu_order":0,"comment_status":"closed","ping_status":"closed","template":"","meta":{"_acf_changed":false,"footnotes":""},"class_list":["post-18166","page","type-page","status-publish","hentry"],"acf":[],"yoast_head":"<!-- This site is optimized with the Yoast SEO plugin v24.6 - https:\/\/yoast.com\/wordpress\/plugins\/seo\/ -->\n<title>Termini e condizioni - European Alternatives<\/title>\n<meta name=\"robots\" content=\"index, follow, max-snippet:-1, max-image-preview:large, max-video-preview:-1\" \/>\n<link rel=\"canonical\" href=\"https:\/\/euroalter.com\/it\/termini-e-condizioni\/\" \/>\n<meta property=\"og:locale\" content=\"it_IT\" \/>\n<meta property=\"og:type\" content=\"article\" \/>\n<meta property=\"og:title\" content=\"Termini e condizioni - European Alternatives\" \/>\n<meta property=\"og:description\" content=\"Ci auguriamo che l\u2019utilizzo del sito European Alternatives Action sia per voi un\u2019esperienza positiva, sia che stiate esplorando il nostro impegno per alternative in Europa,&hellip;\" \/>\n<meta property=\"og:url\" content=\"https:\/\/euroalter.com\/it\/termini-e-condizioni\/\" \/>\n<meta property=\"og:site_name\" content=\"European Alternatives\" \/>\n<meta property=\"article:modified_time\" content=\"2025-07-29T12:54:28+00:00\" \/>\n<meta name=\"twitter:card\" content=\"summary_large_image\" \/>\n<meta name=\"twitter:label1\" content=\"Est. reading time\" \/>\n\t<meta name=\"twitter:data1\" content=\"5 minutes\" \/>\n<script type=\"application\/ld+json\" class=\"yoast-schema-graph\">{\"@context\":\"https:\/\/schema.org\",\"@graph\":[{\"@type\":\"WebPage\",\"@id\":\"https:\/\/euroalter.com\/it\/termini-e-condizioni\/\",\"url\":\"https:\/\/euroalter.com\/it\/termini-e-condizioni\/\",\"name\":\"Termini e condizioni - European Alternatives\",\"isPartOf\":{\"@id\":\"https:\/\/euroalter.com\/#website\"},\"datePublished\":\"2020-03-10T11:06:04+00:00\",\"dateModified\":\"2025-07-29T12:54:28+00:00\",\"breadcrumb\":{\"@id\":\"https:\/\/euroalter.com\/it\/termini-e-condizioni\/#breadcrumb\"},\"inLanguage\":\"it-IT\",\"potentialAction\":[{\"@type\":\"ReadAction\",\"target\":[\"https:\/\/euroalter.com\/it\/termini-e-condizioni\/\"]}]},{\"@type\":\"BreadcrumbList\",\"@id\":\"https:\/\/euroalter.com\/it\/termini-e-condizioni\/#breadcrumb\",\"itemListElement\":[{\"@type\":\"ListItem\",\"position\":1,\"name\":\"Home\",\"item\":\"https:\/\/euroalter.com\/it\/\"},{\"@type\":\"ListItem\",\"position\":2,\"name\":\"Termini e condizioni\"}]},{\"@type\":\"WebSite\",\"@id\":\"https:\/\/euroalter.com\/#website\",\"url\":\"https:\/\/euroalter.com\/\",\"name\":\"European Alternatives\",\"description\":\"Democracy, Equality and Culture beyond the nation\",\"potentialAction\":[{\"@type\":\"SearchAction\",\"target\":{\"@type\":\"EntryPoint\",\"urlTemplate\":\"https:\/\/euroalter.com\/?s={search_term_string}\"},\"query-input\":{\"@type\":\"PropertyValueSpecification\",\"valueRequired\":true,\"valueName\":\"search_term_string\"}}],\"inLanguage\":\"it-IT\"}]}<\/script>\n<!-- \/ Yoast SEO plugin. -->","yoast_head_json":{"title":"Termini e condizioni - European Alternatives","robots":{"index":"index","follow":"follow","max-snippet":"max-snippet:-1","max-image-preview":"max-image-preview:large","max-video-preview":"max-video-preview:-1"},"canonical":"https:\/\/euroalter.com\/it\/termini-e-condizioni\/","og_locale":"it_IT","og_type":"article","og_title":"Termini e condizioni - European Alternatives","og_description":"Ci auguriamo che l\u2019utilizzo del sito European Alternatives Action sia per voi un\u2019esperienza positiva, sia che stiate esplorando il nostro impegno per alternative in Europa,&hellip;","og_url":"https:\/\/euroalter.com\/it\/termini-e-condizioni\/","og_site_name":"European Alternatives","article_modified_time":"2025-07-29T12:54:28+00:00","twitter_card":"summary_large_image","twitter_misc":{"Est. reading time":"5 minutes"},"schema":{"@context":"https:\/\/schema.org","@graph":[{"@type":"WebPage","@id":"https:\/\/euroalter.com\/it\/termini-e-condizioni\/","url":"https:\/\/euroalter.com\/it\/termini-e-condizioni\/","name":"Termini e condizioni - European Alternatives","isPartOf":{"@id":"https:\/\/euroalter.com\/#website"},"datePublished":"2020-03-10T11:06:04+00:00","dateModified":"2025-07-29T12:54:28+00:00","breadcrumb":{"@id":"https:\/\/euroalter.com\/it\/termini-e-condizioni\/#breadcrumb"},"inLanguage":"it-IT","potentialAction":[{"@type":"ReadAction","target":["https:\/\/euroalter.com\/it\/termini-e-condizioni\/"]}]},{"@type":"BreadcrumbList","@id":"https:\/\/euroalter.com\/it\/termini-e-condizioni\/#breadcrumb","itemListElement":[{"@type":"ListItem","position":1,"name":"Home","item":"https:\/\/euroalter.com\/it\/"},{"@type":"ListItem","position":2,"name":"Termini e condizioni"}]},{"@type":"WebSite","@id":"https:\/\/euroalter.com\/#website","url":"https:\/\/euroalter.com\/","name":"European Alternatives","description":"Democracy, Equality and Culture beyond the nation","potentialAction":[{"@type":"SearchAction","target":{"@type":"EntryPoint","urlTemplate":"https:\/\/euroalter.com\/?s={search_term_string}"},"query-input":{"@type":"PropertyValueSpecification","valueRequired":true,"valueName":"search_term_string"}}],"inLanguage":"it-IT"}]}},"_links":{"self":[{"href":"https:\/\/euroalter.com\/it\/wp-json\/wp\/v2\/pages\/18166","targetHints":{"allow":["GET"]}}],"collection":[{"href":"https:\/\/euroalter.com\/it\/wp-json\/wp\/v2\/pages"}],"about":[{"href":"https:\/\/euroalter.com\/it\/wp-json\/wp\/v2\/types\/page"}],"author":[{"embeddable":true,"href":"https:\/\/euroalter.com\/it\/wp-json\/wp\/v2\/users\/4"}],"replies":[{"embeddable":true,"href":"https:\/\/euroalter.com\/it\/wp-json\/wp\/v2\/comments?post=18166"}],"version-history":[{"count":1,"href":"https:\/\/euroalter.com\/it\/wp-json\/wp\/v2\/pages\/18166\/revisions"}],"predecessor-version":[{"id":29271,"href":"https:\/\/euroalter.com\/it\/wp-json\/wp\/v2\/pages\/18166\/revisions\/29271"}],"wp:attachment":[{"href":"https:\/\/euroalter.com\/it\/wp-json\/wp\/v2\/media?parent=18166"}],"curies":[{"name":"wp","href":"https:\/\/api.w.org\/{rel}","templated":true}]}}