{"id":29248,"date":"2025-07-21T12:35:09","date_gmt":"2025-07-21T10:35:09","guid":{"rendered":"https:\/\/euroalter.com\/rapport-sur-la-deliberation-academy\/"},"modified":"2025-07-21T12:36:31","modified_gmt":"2025-07-21T10:36:31","slug":"rapport-sur-la-deliberation-academy","status":"publish","type":"page","link":"https:\/\/euroalter.com\/fr\/rapport-sur-la-deliberation-academy\/","title":{"rendered":"Rapport sur la Deliberation Academy"},"content":{"rendered":"\n<div class=\"wp-block-columns is-style-sixty-forty is-layout-flex wp-container-core-columns-is-layout-1 wp-block-columns-is-layout-flex\">\n<div class=\"wp-block-column is-layout-flow wp-block-column-is-layout-flow\">\n<p class=\"has-60-font-size\">Dans le cadre de la Democratic Odyssey<\/p>\n<\/div>\n<\/div>\n\n\n\n<p>Comment rendre la d\u00e9mocratie non seulement accessible, mais r\u00e9ellement \u00e9mancipatrice ?<\/p>\n\n\n\n<p>La Deliberation Academy a \u00e9t\u00e9 un pilier central de la <a href=\"https:\/\/euroalter.com\/fr\/democratic-odyssey-la-campagne\/\">Democratic Odyssey<\/a>, une campagne transnationale pour l\u2019\u00e9tablissement d\u2019une Assembl\u00e9e permanente des peuples en Europe. Gr\u00e2ce \u00e0 des formations en ligne et en pr\u00e9sentiel, des pratiques artistiques citoyennes, un accompagnement \u00e9motionnel et des m\u00e9thodes d\u2019animation inclusives, l\u2019Acad\u00e9mie a form\u00e9 plus de 200 citoyen\u00b7nes dans 26 pays \u00e0 la d\u00e9mocratie d\u00e9lib\u00e9rative : pour beaucoup, une premi\u00e8re.<\/p>\n\n\n\n<p>L&#8217;Acad\u00e9mie a eu lieu \u00e0 Ath\u00e8nes, \u00e0 Florence et \u00e0 Vienne, en ligne et en pr\u00e9sentiel, avec 203 participant\u00b7es provenant de 26 pays, avec la participation de jeunes, migrant\u00b7es, femmes, et groupes sous-repr\u00e9sent\u00e9s.<\/p>\n\n\n\n<h4 class=\"wp-block-heading\">Que contient ce rapport ?<\/h4>\n\n\n\n<ul class=\"wp-block-list\">\r\n \t<li style=\"list-style-type: none;\">\r\n<ul class=\"wp-block-list\">\n\n<li>Un <strong data-start=\"1041\" data-end=\"1061\">accueil inclusif<\/strong> des citoyen\u00b7nes dans chaque assembl\u00e9e<\/li>\r\n<\/ul>\r\n<\/li>\r\n<\/ul>\n\n\r\n\r\n\n<ul class=\"wp-block-list\">\r\n \t<li style=\"list-style-type: none;\">\r\n<ul class=\"wp-block-list\">\r\n \t<li>Des <strong data-start=\"1106\" data-end=\"1197\">ateliers sur l\u2019\u00e9coute active, la litt\u00e9ratie \u00e9motionnelle et les pratiques d\u00e9mocratiques<\/strong><\/li>\r\n<\/ul>\r\n<\/li>\r\n<\/ul>\n\n\r\n\r\n\n<ul class=\"wp-block-list\">\r\n \t<li style=\"list-style-type: none;\">\r\n<ul class=\"wp-block-list\">\r\n \t<li>Des <strong data-start=\"1204\" data-end=\"1243\">m\u00e9canismes de protection et de soin<\/strong><\/li>\r\n<\/ul>\r\n<\/li>\r\n<\/ul>\n\n\r\n\r\n\n<ul class=\"wp-block-list\">\r\n \t<li style=\"list-style-type: none;\">\r\n<ul class=\"wp-block-list\">\r\n \t<li>Des <strong data-start=\"1250\" data-end=\"1272\">outils artistiques<\/strong> pour nourrir le dialogue et la participation<\/li>\r\n<\/ul>\r\n<\/li>\r\n<\/ul>\n\n\r\n\r\n\n<ul class=\"wp-block-list\">\r\n \t<li style=\"list-style-type: none;\">\r\n<ul class=\"wp-block-list\">\r\n \t<li>Un mod\u00e8le pour ancrer <strong data-start=\"1342\" data-end=\"1378\">le soin, l\u2019acc\u00e8s et l\u2019imaginaire<\/strong> dans les processus d\u00e9mocratiques \u00e0 venir<\/li>\r\n<\/ul>\r\n<\/li>\r\n<\/ul>\n\n\n\n\n<p>Ce rapport n\u2019est pas seulement une documentation : c\u2019est une feuille de route pour une d\u00e9mocratie d\u00e9lib\u00e9rative fond\u00e9e sur le soin, la pluralit\u00e9 et la justice.<\/p>\n\n\n\n<p>T\u00e9l\u00e9chargez le rapport complet <a href=\"https:\/\/euroalter.com\/wp-content\/uploads\/2025\/07\/Report-on-the-implementation-of-Deliberation-Academy.docx.pdf\">ici<\/a>.<\/p>\n\n\n\n<p><\/p>\n\n\n\n<figure class=\"wp-block-image size-large is-resized\"><img loading=\"lazy\" decoding=\"async\" width=\"1500\" height=\"338\" src=\"https:\/\/euroalter.com\/wp-content\/uploads\/2025\/07\/FR_FundedbytheEU_RGB_NEG-1500x338.png\" alt=\"\" class=\"wp-image-29249\" style=\"width:328px;height:auto\" srcset=\"https:\/\/euroalter.com\/wp-content\/uploads\/2025\/07\/FR_FundedbytheEU_RGB_NEG-1500x338.png 1500w, https:\/\/euroalter.com\/wp-content\/uploads\/2025\/07\/FR_FundedbytheEU_RGB_NEG-1024x231.png 1024w, https:\/\/euroalter.com\/wp-content\/uploads\/2025\/07\/FR_FundedbytheEU_RGB_NEG-600x135.png 600w\" sizes=\"auto, (max-width: 1500px) 100vw, 1500px\" \/><\/figure>\n\n\n\n<p><\/p>\n","protected":false},"excerpt":{"rendered":"<p>Dans le cadre de la Democratic Odyssey Comment rendre la d\u00e9mocratie non seulement accessible, mais r\u00e9ellement \u00e9mancipatrice ? La Deliberation Academy a \u00e9t\u00e9 un pilier&hellip;<\/p>\n","protected":false},"author":8,"featured_media":0,"parent":0,"menu_order":0,"comment_status":"closed","ping_status":"closed","template":"","meta":{"_acf_changed":false,"footnotes":""},"class_list":["post-29248","page","type-page","status-publish","hentry"],"acf":[],"yoast_head":"<!-- This site is optimized with the Yoast SEO plugin v24.6 - https:\/\/yoast.com\/wordpress\/plugins\/seo\/ -->\n<title>Rapport sur la Deliberation Academy - European Alternatives<\/title>\n<meta name=\"robots\" content=\"index, follow, max-snippet:-1, max-image-preview:large, max-video-preview:-1\" \/>\n<link rel=\"canonical\" href=\"https:\/\/euroalter.com\/fr\/rapport-sur-la-deliberation-academy\/\" \/>\n<meta property=\"og:locale\" content=\"fr_FR\" \/>\n<meta property=\"og:type\" content=\"article\" \/>\n<meta property=\"og:title\" content=\"Rapport sur la Deliberation Academy - European Alternatives\" \/>\n<meta property=\"og:description\" content=\"Dans le cadre de la Democratic Odyssey Comment rendre la d\u00e9mocratie non seulement accessible, mais r\u00e9ellement \u00e9mancipatrice ? La Deliberation Academy a \u00e9t\u00e9 un pilier&hellip;\" \/>\n<meta property=\"og:url\" content=\"https:\/\/euroalter.com\/fr\/rapport-sur-la-deliberation-academy\/\" \/>\n<meta property=\"og:site_name\" content=\"European Alternatives\" \/>\n<meta property=\"article:modified_time\" content=\"2025-07-21T10:36:31+00:00\" \/>\n<meta property=\"og:image\" content=\"https:\/\/euroalter.com\/wp-content\/uploads\/2025\/07\/FR_FundedbytheEU_RGB_NEG.png\" \/>\n\t<meta property=\"og:image:width\" content=\"4079\" \/>\n\t<meta property=\"og:image:height\" content=\"919\" \/>\n\t<meta property=\"og:image:type\" content=\"image\/png\" \/>\n<meta name=\"twitter:card\" content=\"summary_large_image\" \/>\n<meta name=\"twitter:label1\" content=\"Est. reading time\" \/>\n\t<meta name=\"twitter:data1\" content=\"1 minute\" \/>\n<script type=\"application\/ld+json\" class=\"yoast-schema-graph\">{\"@context\":\"https:\/\/schema.org\",\"@graph\":[{\"@type\":\"WebPage\",\"@id\":\"https:\/\/euroalter.com\/fr\/rapport-sur-la-deliberation-academy\/\",\"url\":\"https:\/\/euroalter.com\/fr\/rapport-sur-la-deliberation-academy\/\",\"name\":\"Rapport sur la Deliberation Academy - European Alternatives\",\"isPartOf\":{\"@id\":\"https:\/\/euroalter.com\/#website\"},\"primaryImageOfPage\":{\"@id\":\"https:\/\/euroalter.com\/fr\/rapport-sur-la-deliberation-academy\/#primaryimage\"},\"image\":{\"@id\":\"https:\/\/euroalter.com\/fr\/rapport-sur-la-deliberation-academy\/#primaryimage\"},\"thumbnailUrl\":\"https:\/\/euroalter.com\/wp-content\/uploads\/2025\/07\/FR_FundedbytheEU_RGB_NEG-1500x338.png\",\"datePublished\":\"2025-07-21T10:35:09+00:00\",\"dateModified\":\"2025-07-21T10:36:31+00:00\",\"breadcrumb\":{\"@id\":\"https:\/\/euroalter.com\/fr\/rapport-sur-la-deliberation-academy\/#breadcrumb\"},\"inLanguage\":\"fr-FR\",\"potentialAction\":[{\"@type\":\"ReadAction\",\"target\":[\"https:\/\/euroalter.com\/fr\/rapport-sur-la-deliberation-academy\/\"]}]},{\"@type\":\"ImageObject\",\"inLanguage\":\"fr-FR\",\"@id\":\"https:\/\/euroalter.com\/fr\/rapport-sur-la-deliberation-academy\/#primaryimage\",\"url\":\"https:\/\/euroalter.com\/wp-content\/uploads\/2025\/07\/FR_FundedbytheEU_RGB_NEG-1500x338.png\",\"contentUrl\":\"https:\/\/euroalter.com\/wp-content\/uploads\/2025\/07\/FR_FundedbytheEU_RGB_NEG-1500x338.png\"},{\"@type\":\"BreadcrumbList\",\"@id\":\"https:\/\/euroalter.com\/fr\/rapport-sur-la-deliberation-academy\/#breadcrumb\",\"itemListElement\":[{\"@type\":\"ListItem\",\"position\":1,\"name\":\"Home\",\"item\":\"https:\/\/euroalter.com\/fr\/\"},{\"@type\":\"ListItem\",\"position\":2,\"name\":\"Rapport sur la Deliberation Academy\"}]},{\"@type\":\"WebSite\",\"@id\":\"https:\/\/euroalter.com\/#website\",\"url\":\"https:\/\/euroalter.com\/\",\"name\":\"European Alternatives\",\"description\":\"Democracy, Equality and Culture beyond the nation\",\"potentialAction\":[{\"@type\":\"SearchAction\",\"target\":{\"@type\":\"EntryPoint\",\"urlTemplate\":\"https:\/\/euroalter.com\/?s={search_term_string}\"},\"query-input\":{\"@type\":\"PropertyValueSpecification\",\"valueRequired\":true,\"valueName\":\"search_term_string\"}}],\"inLanguage\":\"fr-FR\"}]}<\/script>\n<!-- \/ Yoast SEO plugin. -->","yoast_head_json":{"title":"Rapport sur la Deliberation Academy - European Alternatives","robots":{"index":"index","follow":"follow","max-snippet":"max-snippet:-1","max-image-preview":"max-image-preview:large","max-video-preview":"max-video-preview:-1"},"canonical":"https:\/\/euroalter.com\/fr\/rapport-sur-la-deliberation-academy\/","og_locale":"fr_FR","og_type":"article","og_title":"Rapport sur la Deliberation Academy - European Alternatives","og_description":"Dans le cadre de la Democratic Odyssey Comment rendre la d\u00e9mocratie non seulement accessible, mais r\u00e9ellement \u00e9mancipatrice ? La Deliberation Academy a \u00e9t\u00e9 un pilier&hellip;","og_url":"https:\/\/euroalter.com\/fr\/rapport-sur-la-deliberation-academy\/","og_site_name":"European Alternatives","article_modified_time":"2025-07-21T10:36:31+00:00","og_image":[{"width":4079,"height":919,"url":"https:\/\/euroalter.com\/wp-content\/uploads\/2025\/07\/FR_FundedbytheEU_RGB_NEG.png","type":"image\/png"}],"twitter_card":"summary_large_image","twitter_misc":{"Est. reading time":"1 minute"},"schema":{"@context":"https:\/\/schema.org","@graph":[{"@type":"WebPage","@id":"https:\/\/euroalter.com\/fr\/rapport-sur-la-deliberation-academy\/","url":"https:\/\/euroalter.com\/fr\/rapport-sur-la-deliberation-academy\/","name":"Rapport sur la Deliberation Academy - European Alternatives","isPartOf":{"@id":"https:\/\/euroalter.com\/#website"},"primaryImageOfPage":{"@id":"https:\/\/euroalter.com\/fr\/rapport-sur-la-deliberation-academy\/#primaryimage"},"image":{"@id":"https:\/\/euroalter.com\/fr\/rapport-sur-la-deliberation-academy\/#primaryimage"},"thumbnailUrl":"https:\/\/euroalter.com\/wp-content\/uploads\/2025\/07\/FR_FundedbytheEU_RGB_NEG-1500x338.png","datePublished":"2025-07-21T10:35:09+00:00","dateModified":"2025-07-21T10:36:31+00:00","breadcrumb":{"@id":"https:\/\/euroalter.com\/fr\/rapport-sur-la-deliberation-academy\/#breadcrumb"},"inLanguage":"fr-FR","potentialAction":[{"@type":"ReadAction","target":["https:\/\/euroalter.com\/fr\/rapport-sur-la-deliberation-academy\/"]}]},{"@type":"ImageObject","inLanguage":"fr-FR","@id":"https:\/\/euroalter.com\/fr\/rapport-sur-la-deliberation-academy\/#primaryimage","url":"https:\/\/euroalter.com\/wp-content\/uploads\/2025\/07\/FR_FundedbytheEU_RGB_NEG-1500x338.png","contentUrl":"https:\/\/euroalter.com\/wp-content\/uploads\/2025\/07\/FR_FundedbytheEU_RGB_NEG-1500x338.png"},{"@type":"BreadcrumbList","@id":"https:\/\/euroalter.com\/fr\/rapport-sur-la-deliberation-academy\/#breadcrumb","itemListElement":[{"@type":"ListItem","position":1,"name":"Home","item":"https:\/\/euroalter.com\/fr\/"},{"@type":"ListItem","position":2,"name":"Rapport sur la Deliberation Academy"}]},{"@type":"WebSite","@id":"https:\/\/euroalter.com\/#website","url":"https:\/\/euroalter.com\/","name":"European Alternatives","description":"Democracy, Equality and Culture beyond the nation","potentialAction":[{"@type":"SearchAction","target":{"@type":"EntryPoint","urlTemplate":"https:\/\/euroalter.com\/?s={search_term_string}"},"query-input":{"@type":"PropertyValueSpecification","valueRequired":true,"valueName":"search_term_string"}}],"inLanguage":"fr-FR"}]}},"_links":{"self":[{"href":"https:\/\/euroalter.com\/fr\/wp-json\/wp\/v2\/pages\/29248","targetHints":{"allow":["GET"]}}],"collection":[{"href":"https:\/\/euroalter.com\/fr\/wp-json\/wp\/v2\/pages"}],"about":[{"href":"https:\/\/euroalter.com\/fr\/wp-json\/wp\/v2\/types\/page"}],"author":[{"embeddable":true,"href":"https:\/\/euroalter.com\/fr\/wp-json\/wp\/v2\/users\/8"}],"replies":[{"embeddable":true,"href":"https:\/\/euroalter.com\/fr\/wp-json\/wp\/v2\/comments?post=29248"}],"version-history":[{"count":1,"href":"https:\/\/euroalter.com\/fr\/wp-json\/wp\/v2\/pages\/29248\/revisions"}],"predecessor-version":[{"id":29252,"href":"https:\/\/euroalter.com\/fr\/wp-json\/wp\/v2\/pages\/29248\/revisions\/29252"}],"wp:attachment":[{"href":"https:\/\/euroalter.com\/fr\/wp-json\/wp\/v2\/media?parent=29248"}],"curies":[{"name":"wp","href":"https:\/\/api.w.org\/{rel}","templated":true}]}}