{"id":29236,"date":"2025-07-15T14:49:39","date_gmt":"2025-07-15T12:49:39","guid":{"rendered":"https:\/\/euroalter.com\/democratic-odyssey-la-campagne\/"},"modified":"2025-07-15T14:49:39","modified_gmt":"2025-07-15T12:49:39","slug":"democratic-odyssey-la-campagne","status":"publish","type":"page","link":"https:\/\/euroalter.com\/fr\/democratic-odyssey-la-campagne\/","title":{"rendered":"Democratic Odyssey: La Campagne"},"content":{"rendered":"\r\n<div class=\"wp-block-columns is-style-sixty-forty is-layout-flex wp-container-core-columns-is-layout-1 wp-block-columns-is-layout-flex\">\r\n\r\n\r\n<div class=\"wp-block-column is-layout-flow wp-block-column-is-layout-flow\">\r\n\r\n\r\n<h5 class=\"wp-block-heading\"><a href=\"https:\/\/democratic-odyssey.k8s.osp.cat\/assemblies\/campaign\/f\/240\/\">REJOIGNEZ LE VOYAGE<\/a> !<\/h5>\r\n\r\n\r\n\r\n<h6 class=\"wp-block-heading\"><strong>La <a href=\"https:\/\/euroalter.com\/projects\/democratic-odyssey\/\">Democratic Odyssey<\/a> a prouv\u00e9 qu\u2019une Assembl\u00e9e Populaire itin\u00e9rante pour l\u2019Europe est possible. \u00c0 pr\u00e9sent, aidons-la \u00e0 devenir permanente !<\/strong><\/h6>\r\n\r\n\r\n\r\n\r\nNous croyons qu\u2019il est temps de repenser la d\u00e9mocratie en Europe et au-del\u00e0.\r\n\r\n\r\n\r\n\r\n\r\nNous croyons que les citoyen\u00b7nes doivent \u00eatre au c\u0153ur de cette histoire.\r\n\r\n\r\n\r\n\r\n\r\nNous croyons que la d\u00e9mocratie est un acte collectif de soin.\r\n\r\n\r\n\r\n\r\n\r\nNous croyons que les crises doivent \u00eatre g\u00e9r\u00e9es d\u00e9mocratiquement.\r\n\r\n\r\n\r\n\r\n\r\nNous l\u2019avons montr\u00e9 : c\u2019est faisable.\r\n\r\n\r\n\r\n<\/div>\r\n\r\n\r\n\r\n<div class=\"wp-block-column is-layout-flow wp-block-column-is-layout-flow\" style=\"flex-basis: 40%;\">\r\n\r\n\r\n<figure class=\"wp-block-image size-full is-resized\"><img loading=\"lazy\" decoding=\"async\" width=\"1080\" height=\"1350\" class=\"wp-image-28412\" style=\"width: 291px; height: auto;\" src=\"https:\/\/euroalter.com\/wp-content\/uploads\/2025\/06\/DO-VIENNA.jpg\" alt=\"\" srcset=\"https:\/\/euroalter.com\/wp-content\/uploads\/2025\/06\/DO-VIENNA.jpg 1080w, https:\/\/euroalter.com\/wp-content\/uploads\/2025\/06\/DO-VIENNA-819x1024.jpg 819w, https:\/\/euroalter.com\/wp-content\/uploads\/2025\/06\/DO-VIENNA-480x600.jpg 480w\" sizes=\"auto, (max-width: 1080px) 100vw, 1080px\" \/><\/figure>\r\n\r\n\r\n<\/div>\r\n\r\n\r\n<\/div>\r\n\r\n\r\n\r\n\r\n<strong>Une Assembl\u00e9e Populaire europ\u00e9enne permanente et itin\u00e9rante peut compl\u00e9ter les institutions existantes, en les connectant aux r\u00e9alit\u00e9s quotidiennes de nos vies et \u00e0 nos aspirations pour l\u2019avenir.<\/strong>\r\n\r\n\r\n\r\n\r\n<ul class=\"wp-block-list\">\r\n \t<li style=\"list-style-type: none;\">\r\n<ul class=\"wp-block-list\">\r\n \t<li>Un espace d\u00e9mocratique commun, o\u00f9 des personnes ordinaires peuvent se retrouver, s\u2019\u00e9couter, partager et s\u2019accorder sur une vision du futur de l\u2019Europe.<\/li>\r\n<\/ul>\r\n<\/li>\r\n<\/ul>\r\n\r\n\r\n\r\n<ul class=\"wp-block-list\">\r\n \t<li style=\"list-style-type: none;\">\r\n<ul class=\"wp-block-list\">\r\n \t<li>Un espace d\u00e9mocratique qui dialogue avec d\u2019autres espaces d\u00e9mocratiques : universit\u00e9s, soci\u00e9t\u00e9 civile, mus\u00e9es, th\u00e9\u00e2tres, m\u00e9dias, clubs ou autres assembl\u00e9es, et qui d\u00e9veloppe des strat\u00e9gies collectives pour faire face aux crises et aux changements.<\/li>\r\n<\/ul>\r\n<\/li>\r\n<\/ul>\r\n\r\n\r\n\r\n\r\n\r\n\r\n<strong data-start=\"1155\" data-end=\"1193\">Nous avons accompli l\u2019impossible : rassembler des personnes \u00e0 Ath\u00e8nes, Florence, Vienne et en ligne.<\/strong>\r\n\r\n\r\n\r\n\r\n<figure class=\"wp-block-gallery has-nested-images columns-default is-cropped wp-block-gallery-1 is-layout-flex wp-block-gallery-is-layout-flex\">\r\n<figure class=\"wp-block-image size-large\"><img loading=\"lazy\" decoding=\"async\" width=\"1500\" height=\"998\" data-id=\"28388\" class=\"wp-image-28388\" src=\"https:\/\/euroalter.com\/wp-content\/uploads\/2025\/06\/54031875451_18680139bf_k-1-1500x998.jpg\" alt=\"\" srcset=\"https:\/\/euroalter.com\/wp-content\/uploads\/2025\/06\/54031875451_18680139bf_k-1-1500x998.jpg 1500w, https:\/\/euroalter.com\/wp-content\/uploads\/2025\/06\/54031875451_18680139bf_k-1-1024x682.jpg 1024w, https:\/\/euroalter.com\/wp-content\/uploads\/2025\/06\/54031875451_18680139bf_k-1-600x399.jpg 600w, https:\/\/euroalter.com\/wp-content\/uploads\/2025\/06\/54031875451_18680139bf_k-1.jpg 2048w\" sizes=\"auto, (max-width: 1500px) 100vw, 1500px\" \/><figcaption class=\"wp-element-caption\">Ath\u00e8nes, septembre 2024<\/figcaption><\/figure>\r\n\r\n\r\n\r\n<figure class=\"wp-block-image size-large\"><img loading=\"lazy\" decoding=\"async\" width=\"1500\" height=\"1000\" data-id=\"28401\" class=\"wp-image-28401\" src=\"https:\/\/euroalter.com\/wp-content\/uploads\/2025\/06\/54362020277_c7f0075983_k-3-2-1500x1000.jpg\" alt=\"\" srcset=\"https:\/\/euroalter.com\/wp-content\/uploads\/2025\/06\/54362020277_c7f0075983_k-3-2-1500x1000.jpg 1500w, https:\/\/euroalter.com\/wp-content\/uploads\/2025\/06\/54362020277_c7f0075983_k-3-2-1024x683.jpg 1024w, https:\/\/euroalter.com\/wp-content\/uploads\/2025\/06\/54362020277_c7f0075983_k-3-2-600x400.jpg 600w, https:\/\/euroalter.com\/wp-content\/uploads\/2025\/06\/54362020277_c7f0075983_k-3-2.jpg 2048w\" sizes=\"auto, (max-width: 1500px) 100vw, 1500px\" \/><figcaption class=\"wp-element-caption\">Florence, f\u00e9vrier 2025<\/figcaption><\/figure>\r\n\r\n\r\n\r\n<figure class=\"wp-block-image size-large\"><img loading=\"lazy\" decoding=\"async\" width=\"1500\" height=\"1000\" data-id=\"28393\" class=\"wp-image-28393\" src=\"https:\/\/euroalter.com\/wp-content\/uploads\/2025\/06\/54607593107_7c0aa1da3a_k-1500x1000.jpg\" alt=\"\" srcset=\"https:\/\/euroalter.com\/wp-content\/uploads\/2025\/06\/54607593107_7c0aa1da3a_k-1500x1000.jpg 1500w, https:\/\/euroalter.com\/wp-content\/uploads\/2025\/06\/54607593107_7c0aa1da3a_k-1024x683.jpg 1024w, https:\/\/euroalter.com\/wp-content\/uploads\/2025\/06\/54607593107_7c0aa1da3a_k-600x400.jpg 600w, https:\/\/euroalter.com\/wp-content\/uploads\/2025\/06\/54607593107_7c0aa1da3a_k.jpg 2047w\" sizes=\"auto, (max-width: 1500px) 100vw, 1500px\" \/><figcaption class=\"wp-element-caption\">Vienne, mai 2025<\/figcaption><\/figure>\r\n<\/figure>\r\n\r\n\r\n\r\n\r\nCe que nous avons appris est clair : lorsque nous nous r\u00e9unissons, dialoguons et d\u00e9cidons ensemble avec respect, empathie et soin, nous cr\u00e9ons une force nouvelle. Port\u00e9\u00b7es par la richesse de leurs parcours, les participant\u00b7es ont \u00e9labor\u00e9 une\u00a0<a href=\"https:\/\/democratic-odyssey.k8s.osp.cat\/assemblies\/travelling-assembly\/f\/236\/\" target=\"_blank\" rel=\"noreferrer noopener\">Charte<\/a> en 10 principes pour repenser la d\u00e9mocratie europ\u00e9enne, pour la rendre plus forte, plus r\u00e9siliente et am\u00e9liorer la vie de toutes et tous. Cette Charte d\u00e9montre la puissance d\u2019une assembl\u00e9e itin\u00e9rante, la puissance d\u2019une participation sans populisme ni polarisation, la puissance d\u2019un gouvernement \u00ab avec \u00bb le peuple plut\u00f4t que seulement \u00ab pour \u00bb le peuple.\r\n\r\n\r\n\r\n\r\n\r\n<strong>Mais pour que cette force perdure, nous avons besoin de plus qu\u2019un \u00e9v\u00e9nement ponctuel.<\/strong>\r\n\r\n\r\n\r\n\r\n\r\nNous avons besoin de quelque chose de permanent. Une structure qui ne s\u2019\u00e9vanouit pas \u00e0 la fin d\u2019un projet ou d\u2019un rapport. Une assembl\u00e9e qui appartient \u00e0 toutes et tous, o\u00f9 des gens comme vous et moi peuvent continuer \u00e0 fa\u00e7onner le monde dans lequel nous vivons. Une assembl\u00e9e capable de suivre ses d\u00e9cisions, de transformer ses revendications en r\u00e9alit\u00e9. Une assembl\u00e9e qui s\u00e8me des graines d\u00e9mocratiques partout o\u00f9 elle passe. Une assembl\u00e9e qui vous accompagne dans votre engagement, o\u00f9 que vous soyez. Une assembl\u00e9e qui relie les assembl\u00e9es de toutes \u00e9chelles en un grand mouvement d\u00e9mocratique transfrontalier.\r\n\r\n\r\n\r\n\r\n\r\n<strong>Ce n\u2019est pas r\u00e9serv\u00e9 aux expert\u00b7es ou aux politicien\u00b7nes. C\u2019est pour vous.<\/strong>\r\n\r\n\r\n\r\n\r\n<h6 class=\"wp-block-heading\"><a href=\"https:\/\/democratic-odyssey.k8s.osp.cat\/assemblies\/campaign\/f\/240\/\" target=\"_blank\" rel=\"noreferrer noopener\"><strong>Alors rejoignez ce voyage europ\u00e9en pour une Assembl\u00e9e Populaire itin\u00e9rante et permanente, et d\u00e9couvrez comment vous pouvez contribuer \u00e0 en faire une r\u00e9alit\u00e9.<\/strong>\u00a0<\/a><\/h6>\r\n\r\n\r\n\r\n<h6 class=\"wp-block-heading\">Vous pouvez faire plus ?<\/h6>\r\n<h6 class=\"wp-block-heading\">Voici comment aider :<\/h6>\r\n\r\n\r\n\r\n<ol class=\"wp-block-list\">\r\n \t<li style=\"list-style-type: none;\">\r\n<ol class=\"wp-block-list\">\r\n \t<li><a href=\"https:\/\/democratic-odyssey.k8s.osp.cat\/assemblies\/campaign\/f\/242\/\" target=\"_blank\" rel=\"noreferrer noopener\"><strong>Soutenez la campagne par un petit don<\/strong><\/a><\/li>\r\n<\/ol>\r\n<\/li>\r\n<\/ol>\r\n\r\n\r\n\r\n<ol class=\"wp-block-list\">\r\n \t<li style=\"list-style-type: none;\">\r\n<ol class=\"wp-block-list\">\r\n \t<li><a href=\"https:\/\/democratic-odyssey.k8s.osp.cat\/assemblies\/campaign\/f\/242\/\" target=\"_blank\" rel=\"noreferrer noopener\"><strong>Lisez notre article dans le European Alternatives Journal<\/strong><\/a><\/li>\r\n<\/ol>\r\n<\/li>\r\n<\/ol>\r\n\r\n\r\n\r\n<ol class=\"wp-block-list\">\r\n \t<li style=\"list-style-type: none;\">\r\n<ol class=\"wp-block-list\">\r\n \t<li><a href=\"https:\/\/democratic-odyssey.k8s.osp.cat\/link?external_url=https%3A%2F%2Fcadmus.eui.eu%2Fserver%2Fapi%2Fcore%2Fbitstreams%2F9460fa92-ee2f-59ed-b418-ce775eb53108%2Fcontent\" target=\"_blank\" rel=\"noreferrer noopener\"><strong>T\u00e9l\u00e9chargez notre e-book : <em data-start=\"3152\" data-end=\"3224\">Une assembl\u00e9e citoyenne devrait-elle compl\u00e9ter le Parlement europ\u00e9en <\/em>?<\/strong><\/a><\/li>\r\n<\/ol>\r\n<\/li>\r\n<\/ol>\r\n\r\n\r\n\r\n\r\n\r\n<h5 class=\"wp-block-heading\"><a href=\"https:\/\/democratic-odyssey.k8s.osp.cat\/assemblies\/campaign\/f\/240\/\">REJOIGNEZ LE VOYAGE <\/a>!<\/h5>\r\n\r\n\r\n\r\n<figure class=\"wp-block-image size-large is-resized\"><img loading=\"lazy\" decoding=\"async\" width=\"1500\" height=\"1000\" class=\"wp-image-28273\" style=\"width: 578px; height: auto;\" src=\"https:\/\/euroalter.com\/wp-content\/uploads\/2025\/06\/Image-0-1500x1000.jpg\" alt=\"\" srcset=\"https:\/\/euroalter.com\/wp-content\/uploads\/2025\/06\/Image-0-1500x1000.jpg 1500w, https:\/\/euroalter.com\/wp-content\/uploads\/2025\/06\/Image-0-1024x683.jpg 1024w, https:\/\/euroalter.com\/wp-content\/uploads\/2025\/06\/Image-0-600x400.jpg 600w\" sizes=\"auto, (max-width: 1500px) 100vw, 1500px\" \/><\/figure>\r\n","protected":false},"excerpt":{"rendered":"<p>REJOIGNEZ LE VOYAGE ! La Democratic Odyssey a prouv\u00e9 qu\u2019une Assembl\u00e9e Populaire itin\u00e9rante pour l\u2019Europe est possible. \u00c0 pr\u00e9sent, aidons-la \u00e0 devenir permanente ! Nous&hellip;<\/p>\n","protected":false},"author":8,"featured_media":28394,"parent":0,"menu_order":0,"comment_status":"closed","ping_status":"closed","template":"","meta":{"_acf_changed":false,"footnotes":""},"class_list":["post-29236","page","type-page","status-publish","has-post-thumbnail","hentry"],"acf":[],"yoast_head":"<!-- This site is optimized with the Yoast SEO plugin v24.6 - https:\/\/yoast.com\/wordpress\/plugins\/seo\/ -->\n<title>Democratic Odyssey: La Campagne - European Alternatives<\/title>\n<meta name=\"robots\" content=\"index, follow, max-snippet:-1, max-image-preview:large, max-video-preview:-1\" \/>\n<link rel=\"canonical\" href=\"https:\/\/euroalter.com\/democratic-odyssey-la-campagne\/\" \/>\n<meta property=\"og:locale\" content=\"fr_FR\" \/>\n<meta property=\"og:type\" content=\"article\" \/>\n<meta property=\"og:title\" content=\"Democratic Odyssey: La Campagne - European Alternatives\" \/>\n<meta property=\"og:description\" content=\"REJOIGNEZ LE VOYAGE ! La Democratic Odyssey a prouv\u00e9 qu\u2019une Assembl\u00e9e Populaire itin\u00e9rante pour l\u2019Europe est possible. \u00c0 pr\u00e9sent, aidons-la \u00e0 devenir permanente ! Nous&hellip;\" \/>\n<meta property=\"og:url\" content=\"https:\/\/euroalter.com\/democratic-odyssey-la-campagne\/\" \/>\n<meta property=\"og:site_name\" content=\"European Alternatives\" \/>\n<meta property=\"og:image\" content=\"https:\/\/euroalter.com\/wp-content\/uploads\/2025\/06\/DO-VIENNA.jpg\" \/>\n\t<meta property=\"og:image:width\" content=\"1080\" \/>\n\t<meta property=\"og:image:height\" content=\"1350\" \/>\n\t<meta property=\"og:image:type\" content=\"image\/jpeg\" \/>\n<meta name=\"twitter:card\" content=\"summary_large_image\" \/>\n<meta name=\"twitter:label1\" content=\"Est. reading time\" \/>\n\t<meta name=\"twitter:data1\" content=\"3 minutes\" \/>\n<script type=\"application\/ld+json\" class=\"yoast-schema-graph\">{\"@context\":\"https:\/\/schema.org\",\"@graph\":[{\"@type\":\"WebPage\",\"@id\":\"https:\/\/euroalter.com\/democratic-odyssey-la-campagne\/\",\"url\":\"https:\/\/euroalter.com\/democratic-odyssey-la-campagne\/\",\"name\":\"Democratic Odyssey: La Campagne - European Alternatives\",\"isPartOf\":{\"@id\":\"https:\/\/euroalter.com\/#website\"},\"primaryImageOfPage\":{\"@id\":\"https:\/\/euroalter.com\/democratic-odyssey-la-campagne\/#primaryimage\"},\"image\":{\"@id\":\"https:\/\/euroalter.com\/democratic-odyssey-la-campagne\/#primaryimage\"},\"thumbnailUrl\":\"https:\/\/euroalter.com\/wp-content\/uploads\/2025\/06\/54607593107_7c0aa1da3a_k.jpg\",\"datePublished\":\"2025-07-15T12:49:39+00:00\",\"breadcrumb\":{\"@id\":\"https:\/\/euroalter.com\/democratic-odyssey-la-campagne\/#breadcrumb\"},\"inLanguage\":\"fr-FR\",\"potentialAction\":[{\"@type\":\"ReadAction\",\"target\":[\"https:\/\/euroalter.com\/democratic-odyssey-la-campagne\/\"]}]},{\"@type\":\"ImageObject\",\"inLanguage\":\"fr-FR\",\"@id\":\"https:\/\/euroalter.com\/democratic-odyssey-la-campagne\/#primaryimage\",\"url\":\"https:\/\/euroalter.com\/wp-content\/uploads\/2025\/06\/54607593107_7c0aa1da3a_k.jpg\",\"contentUrl\":\"https:\/\/euroalter.com\/wp-content\/uploads\/2025\/06\/54607593107_7c0aa1da3a_k.jpg\",\"width\":2047,\"height\":1365,\"caption\":\"Vienna, May 2025\"},{\"@type\":\"BreadcrumbList\",\"@id\":\"https:\/\/euroalter.com\/democratic-odyssey-la-campagne\/#breadcrumb\",\"itemListElement\":[{\"@type\":\"ListItem\",\"position\":1,\"name\":\"Home\",\"item\":\"https:\/\/euroalter.com\/fr\/\"},{\"@type\":\"ListItem\",\"position\":2,\"name\":\"Democratic Odyssey: La Campagne\"}]},{\"@type\":\"WebSite\",\"@id\":\"https:\/\/euroalter.com\/#website\",\"url\":\"https:\/\/euroalter.com\/\",\"name\":\"European Alternatives\",\"description\":\"Democracy, Equality and Culture beyond the nation\",\"potentialAction\":[{\"@type\":\"SearchAction\",\"target\":{\"@type\":\"EntryPoint\",\"urlTemplate\":\"https:\/\/euroalter.com\/?s={search_term_string}\"},\"query-input\":{\"@type\":\"PropertyValueSpecification\",\"valueRequired\":true,\"valueName\":\"search_term_string\"}}],\"inLanguage\":\"fr-FR\"}]}<\/script>\n<!-- \/ Yoast SEO plugin. -->","yoast_head_json":{"title":"Democratic Odyssey: La Campagne - European Alternatives","robots":{"index":"index","follow":"follow","max-snippet":"max-snippet:-1","max-image-preview":"max-image-preview:large","max-video-preview":"max-video-preview:-1"},"canonical":"https:\/\/euroalter.com\/democratic-odyssey-la-campagne\/","og_locale":"fr_FR","og_type":"article","og_title":"Democratic Odyssey: La Campagne - European Alternatives","og_description":"REJOIGNEZ LE VOYAGE ! La Democratic Odyssey a prouv\u00e9 qu\u2019une Assembl\u00e9e Populaire itin\u00e9rante pour l\u2019Europe est possible. \u00c0 pr\u00e9sent, aidons-la \u00e0 devenir permanente ! Nous&hellip;","og_url":"https:\/\/euroalter.com\/democratic-odyssey-la-campagne\/","og_site_name":"European Alternatives","og_image":[{"width":1080,"height":1350,"url":"https:\/\/euroalter.com\/wp-content\/uploads\/2025\/06\/DO-VIENNA.jpg","type":"image\/jpeg"}],"twitter_card":"summary_large_image","twitter_misc":{"Est. reading time":"3 minutes"},"schema":{"@context":"https:\/\/schema.org","@graph":[{"@type":"WebPage","@id":"https:\/\/euroalter.com\/democratic-odyssey-la-campagne\/","url":"https:\/\/euroalter.com\/democratic-odyssey-la-campagne\/","name":"Democratic Odyssey: La Campagne - European Alternatives","isPartOf":{"@id":"https:\/\/euroalter.com\/#website"},"primaryImageOfPage":{"@id":"https:\/\/euroalter.com\/democratic-odyssey-la-campagne\/#primaryimage"},"image":{"@id":"https:\/\/euroalter.com\/democratic-odyssey-la-campagne\/#primaryimage"},"thumbnailUrl":"https:\/\/euroalter.com\/wp-content\/uploads\/2025\/06\/54607593107_7c0aa1da3a_k.jpg","datePublished":"2025-07-15T12:49:39+00:00","breadcrumb":{"@id":"https:\/\/euroalter.com\/democratic-odyssey-la-campagne\/#breadcrumb"},"inLanguage":"fr-FR","potentialAction":[{"@type":"ReadAction","target":["https:\/\/euroalter.com\/democratic-odyssey-la-campagne\/"]}]},{"@type":"ImageObject","inLanguage":"fr-FR","@id":"https:\/\/euroalter.com\/democratic-odyssey-la-campagne\/#primaryimage","url":"https:\/\/euroalter.com\/wp-content\/uploads\/2025\/06\/54607593107_7c0aa1da3a_k.jpg","contentUrl":"https:\/\/euroalter.com\/wp-content\/uploads\/2025\/06\/54607593107_7c0aa1da3a_k.jpg","width":2047,"height":1365,"caption":"Vienna, May 2025"},{"@type":"BreadcrumbList","@id":"https:\/\/euroalter.com\/democratic-odyssey-la-campagne\/#breadcrumb","itemListElement":[{"@type":"ListItem","position":1,"name":"Home","item":"https:\/\/euroalter.com\/fr\/"},{"@type":"ListItem","position":2,"name":"Democratic Odyssey: La Campagne"}]},{"@type":"WebSite","@id":"https:\/\/euroalter.com\/#website","url":"https:\/\/euroalter.com\/","name":"European Alternatives","description":"Democracy, Equality and Culture beyond the nation","potentialAction":[{"@type":"SearchAction","target":{"@type":"EntryPoint","urlTemplate":"https:\/\/euroalter.com\/?s={search_term_string}"},"query-input":{"@type":"PropertyValueSpecification","valueRequired":true,"valueName":"search_term_string"}}],"inLanguage":"fr-FR"}]}},"_links":{"self":[{"href":"https:\/\/euroalter.com\/fr\/wp-json\/wp\/v2\/pages\/29236","targetHints":{"allow":["GET"]}}],"collection":[{"href":"https:\/\/euroalter.com\/fr\/wp-json\/wp\/v2\/pages"}],"about":[{"href":"https:\/\/euroalter.com\/fr\/wp-json\/wp\/v2\/types\/page"}],"author":[{"embeddable":true,"href":"https:\/\/euroalter.com\/fr\/wp-json\/wp\/v2\/users\/8"}],"replies":[{"embeddable":true,"href":"https:\/\/euroalter.com\/fr\/wp-json\/wp\/v2\/comments?post=29236"}],"version-history":[{"count":0,"href":"https:\/\/euroalter.com\/fr\/wp-json\/wp\/v2\/pages\/29236\/revisions"}],"wp:featuredmedia":[{"embeddable":true,"href":"https:\/\/euroalter.com\/fr\/wp-json\/wp\/v2\/media\/28394"}],"wp:attachment":[{"href":"https:\/\/euroalter.com\/fr\/wp-json\/wp\/v2\/media?parent=29236"}],"curies":[{"name":"wp","href":"https:\/\/api.w.org\/{rel}","templated":true}]}}