{"id":29234,"date":"2025-07-15T12:17:17","date_gmt":"2025-07-15T10:17:17","guid":{"rendered":"https:\/\/euroalter.com\/le-democratic-odyssey-cinquieme-session-de-lassemblee-a-vienne\/"},"modified":"2025-07-15T14:50:50","modified_gmt":"2025-07-15T12:50:50","slug":"le-democratic-odyssey-cinquieme-session-de-lassemblee-a-vienne","status":"publish","type":"page","link":"https:\/\/euroalter.com\/fr\/le-democratic-odyssey-cinquieme-session-de-lassemblee-a-vienne\/","title":{"rendered":"La Democratic Odyssey \u2013 Cinqui\u00e8me session de l\u2019Assembl\u00e9e \u00e0 Vienne"},"content":{"rendered":"\r\n<div class=\"wp-block-columns is-style-sixty-forty is-layout-flex wp-container-core-columns-is-layout-1 wp-block-columns-is-layout-flex\">\r\n\r\n\r\n<div class=\"wp-block-column is-layout-flow wp-block-column-is-layout-flow\">\r\n\r\n\r\n<p class=\"has-60-font-size\"><em>23\u201325 mai 2025 | Vienne, Autriche<\/em><\/p>\r\n\r\n\r\n\r\n\r\n<strong>La Democratic Odyssey<\/strong> est une campagne novatrice qui plaide pour la cr\u00e9ation d\u2019une Assembl\u00e9e permanente des peuples pour l\u2019Europe. Apr\u00e8s des \u00e9tapes \u00e0 Ath\u00e8nes et \u00e0 Florence, le parcours s\u2019est achev\u00e9 \u00e0 Vienne, o\u00f9 231 participant\u00b7es venu\u00b7es de 27 pays se sont r\u00e9uni\u00b7es pour d\u00e9lib\u00e9rer, co-cr\u00e9er et imaginer de nouveaux futurs d\u00e9mocratiques.\r\n\r\n\r\n\r\n\r\n\r\nPendant trois jours, des citoyen\u00b7nes ont particip\u00e9 \u00e0 des ateliers participatifs, des interventions artistiques citoyennes et des discussions de groupe intenses afin de finaliser la <strong data-start=\"632\" data-end=\"723\">Charte des Citoyen\u00b7nes pour revitaliser la d\u00e9mocratie en Europe face aux crises \u00e0 venir<\/strong>. Cette charte, fa\u00e7onn\u00e9e par des voix issues de toute l\u2019Europe, pr\u00e9sente dix axes forts pour renforcer la participation d\u00e9mocratique, le soin collectif, la transparence, et bien plus encore.\r\n\r\n\r\n\r\n\r\n\r\nL\u2019Assembl\u00e9e de Vienne a \u00e9galement lanc\u00e9 le <strong data-start=\"958\" data-end=\"977\">Conseil Citoyen<\/strong>, une nouvelle instance charg\u00e9e de garantir la continuit\u00e9 de cette dynamique citoyenne vers un v\u00e9ritable changement institutionnel.\r\n\r\n\r\n\r\n\r\n\r\nInterpr\u00e9tation simultan\u00e9e, performances artistiques et dialogues multilingues ont permis de cr\u00e9er un espace inclusif et transformateur, prouvant que la d\u00e9mocratie transnationale n\u2019est pas seulement possible, elle est d\u00e9j\u00e0 en marche.\r\n\r\n\r\n\r\n\r\n\r\n<strong>Consultez le rapport complet<\/strong> <em><a href=\"https:\/\/euroalter.com\/wp-content\/uploads\/2025\/07\/5th-assembly-session-Vienna.docx-2.pdf\">ici<\/a><\/em> pour d\u00e9couvrir les enseignements d\u00e9taill\u00e9s, la Charte des Citoyen\u00b7nes, et les prochaines \u00e9tapes.\r\n\r\n\r\n\r\n<\/div>\r\n\r\n\r\n\r\n<div class=\"wp-block-column is-layout-flow wp-block-column-is-layout-flow\" style=\"flex-basis: 40%;\">\r\n\r\n\r\n<figure class=\"wp-block-image size-large\"><img loading=\"lazy\" decoding=\"async\" width=\"1000\" height=\"1500\" class=\"wp-image-29019\" src=\"https:\/\/euroalter.com\/wp-content\/uploads\/2025\/07\/54583946511_d16c891cc5_k-1000x1500.jpg\" alt=\"\" srcset=\"https:\/\/euroalter.com\/wp-content\/uploads\/2025\/07\/54583946511_d16c891cc5_k-1000x1500.jpg 1000w, https:\/\/euroalter.com\/wp-content\/uploads\/2025\/07\/54583946511_d16c891cc5_k-683x1024.jpg 683w, https:\/\/euroalter.com\/wp-content\/uploads\/2025\/07\/54583946511_d16c891cc5_k-400x600.jpg 400w, https:\/\/euroalter.com\/wp-content\/uploads\/2025\/07\/54583946511_d16c891cc5_k.jpg 1365w\" sizes=\"auto, (max-width: 1000px) 100vw, 1000px\" \/><\/figure>\r\n\r\n\r\n<\/div>\r\n\r\n\r\n<\/div>\r\n\r\n\r\n\r\n<figure class=\"wp-block-image size-large is-resized\"><img loading=\"lazy\" decoding=\"async\" width=\"1500\" height=\"335\" class=\"wp-image-29026\" style=\"width: 325px; height: auto;\" src=\"https:\/\/euroalter.com\/wp-content\/uploads\/2025\/07\/EN_Co-fundedbytheEU_RGB_NEG-1500x335.png\" alt=\"\" srcset=\"https:\/\/euroalter.com\/wp-content\/uploads\/2025\/07\/EN_Co-fundedbytheEU_RGB_NEG-1500x335.png 1500w, https:\/\/euroalter.com\/wp-content\/uploads\/2025\/07\/EN_Co-fundedbytheEU_RGB_NEG-1024x228.png 1024w, https:\/\/euroalter.com\/wp-content\/uploads\/2025\/07\/EN_Co-fundedbytheEU_RGB_NEG-600x134.png 600w\" sizes=\"auto, (max-width: 1500px) 100vw, 1500px\" \/><\/figure>\r\n\r\n\r\n\r\n\r\n","protected":false},"excerpt":{"rendered":"<p>23\u201325 mai 2025 | Vienne, Autriche La Democratic Odyssey est une campagne novatrice qui plaide pour la cr\u00e9ation d\u2019une Assembl\u00e9e permanente des peuples pour l\u2019Europe.&hellip;<\/p>\n","protected":false},"author":8,"featured_media":29020,"parent":0,"menu_order":0,"comment_status":"closed","ping_status":"closed","template":"","meta":{"_acf_changed":false,"footnotes":""},"class_list":["post-29234","page","type-page","status-publish","has-post-thumbnail","hentry"],"acf":[],"yoast_head":"<!-- This site is optimized with the Yoast SEO plugin v24.6 - https:\/\/yoast.com\/wordpress\/plugins\/seo\/ -->\n<title>La Democratic Odyssey \u2013 Cinqui\u00e8me session de l\u2019Assembl\u00e9e \u00e0 Vienne - European Alternatives<\/title>\n<meta name=\"robots\" content=\"index, follow, max-snippet:-1, max-image-preview:large, max-video-preview:-1\" \/>\n<link rel=\"canonical\" href=\"https:\/\/euroalter.com\/fr\/le-democratic-odyssey-cinquieme-session-de-lassemblee-a-vienne\/\" \/>\n<meta property=\"og:locale\" content=\"fr_FR\" \/>\n<meta property=\"og:type\" content=\"article\" \/>\n<meta property=\"og:title\" content=\"La Democratic Odyssey \u2013 Cinqui\u00e8me session de l\u2019Assembl\u00e9e \u00e0 Vienne - European Alternatives\" \/>\n<meta property=\"og:description\" content=\"23\u201325 mai 2025 | Vienne, Autriche La Democratic Odyssey est une campagne novatrice qui plaide pour la cr\u00e9ation d\u2019une Assembl\u00e9e permanente des peuples pour l\u2019Europe.&hellip;\" \/>\n<meta property=\"og:url\" content=\"https:\/\/euroalter.com\/fr\/le-democratic-odyssey-cinquieme-session-de-lassemblee-a-vienne\/\" \/>\n<meta property=\"og:site_name\" content=\"European Alternatives\" \/>\n<meta property=\"article:modified_time\" content=\"2025-07-15T12:50:50+00:00\" \/>\n<meta property=\"og:image\" content=\"https:\/\/euroalter.com\/wp-content\/uploads\/2025\/07\/54583946511_d16c891cc5_k.jpg\" \/>\n\t<meta property=\"og:image:width\" content=\"1365\" \/>\n\t<meta property=\"og:image:height\" content=\"2048\" \/>\n\t<meta property=\"og:image:type\" content=\"image\/jpeg\" \/>\n<meta name=\"twitter:card\" content=\"summary_large_image\" \/>\n<meta name=\"twitter:label1\" content=\"Est. reading time\" \/>\n\t<meta name=\"twitter:data1\" content=\"1 minute\" \/>\n<script type=\"application\/ld+json\" class=\"yoast-schema-graph\">{\"@context\":\"https:\/\/schema.org\",\"@graph\":[{\"@type\":\"WebPage\",\"@id\":\"https:\/\/euroalter.com\/fr\/le-democratic-odyssey-cinquieme-session-de-lassemblee-a-vienne\/\",\"url\":\"https:\/\/euroalter.com\/fr\/le-democratic-odyssey-cinquieme-session-de-lassemblee-a-vienne\/\",\"name\":\"La Democratic Odyssey \u2013 Cinqui\u00e8me session de l\u2019Assembl\u00e9e \u00e0 Vienne - European Alternatives\",\"isPartOf\":{\"@id\":\"https:\/\/euroalter.com\/#website\"},\"primaryImageOfPage\":{\"@id\":\"https:\/\/euroalter.com\/fr\/le-democratic-odyssey-cinquieme-session-de-lassemblee-a-vienne\/#primaryimage\"},\"image\":{\"@id\":\"https:\/\/euroalter.com\/fr\/le-democratic-odyssey-cinquieme-session-de-lassemblee-a-vienne\/#primaryimage\"},\"thumbnailUrl\":\"https:\/\/euroalter.com\/wp-content\/uploads\/2025\/07\/54583946511_d16c891cc5_k.jpg\",\"datePublished\":\"2025-07-15T10:17:17+00:00\",\"dateModified\":\"2025-07-15T12:50:50+00:00\",\"breadcrumb\":{\"@id\":\"https:\/\/euroalter.com\/fr\/le-democratic-odyssey-cinquieme-session-de-lassemblee-a-vienne\/#breadcrumb\"},\"inLanguage\":\"fr-FR\",\"potentialAction\":[{\"@type\":\"ReadAction\",\"target\":[\"https:\/\/euroalter.com\/fr\/le-democratic-odyssey-cinquieme-session-de-lassemblee-a-vienne\/\"]}]},{\"@type\":\"ImageObject\",\"inLanguage\":\"fr-FR\",\"@id\":\"https:\/\/euroalter.com\/fr\/le-democratic-odyssey-cinquieme-session-de-lassemblee-a-vienne\/#primaryimage\",\"url\":\"https:\/\/euroalter.com\/wp-content\/uploads\/2025\/07\/54583946511_d16c891cc5_k.jpg\",\"contentUrl\":\"https:\/\/euroalter.com\/wp-content\/uploads\/2025\/07\/54583946511_d16c891cc5_k.jpg\",\"width\":1365,\"height\":2048},{\"@type\":\"BreadcrumbList\",\"@id\":\"https:\/\/euroalter.com\/fr\/le-democratic-odyssey-cinquieme-session-de-lassemblee-a-vienne\/#breadcrumb\",\"itemListElement\":[{\"@type\":\"ListItem\",\"position\":1,\"name\":\"Home\",\"item\":\"https:\/\/euroalter.com\/fr\/\"},{\"@type\":\"ListItem\",\"position\":2,\"name\":\"La Democratic Odyssey \u2013 Cinqui\u00e8me session de l\u2019Assembl\u00e9e \u00e0 Vienne\"}]},{\"@type\":\"WebSite\",\"@id\":\"https:\/\/euroalter.com\/#website\",\"url\":\"https:\/\/euroalter.com\/\",\"name\":\"European Alternatives\",\"description\":\"Democracy, Equality and Culture beyond the nation\",\"potentialAction\":[{\"@type\":\"SearchAction\",\"target\":{\"@type\":\"EntryPoint\",\"urlTemplate\":\"https:\/\/euroalter.com\/?s={search_term_string}\"},\"query-input\":{\"@type\":\"PropertyValueSpecification\",\"valueRequired\":true,\"valueName\":\"search_term_string\"}}],\"inLanguage\":\"fr-FR\"}]}<\/script>\n<!-- \/ Yoast SEO plugin. -->","yoast_head_json":{"title":"La Democratic Odyssey \u2013 Cinqui\u00e8me session de l\u2019Assembl\u00e9e \u00e0 Vienne - European Alternatives","robots":{"index":"index","follow":"follow","max-snippet":"max-snippet:-1","max-image-preview":"max-image-preview:large","max-video-preview":"max-video-preview:-1"},"canonical":"https:\/\/euroalter.com\/fr\/le-democratic-odyssey-cinquieme-session-de-lassemblee-a-vienne\/","og_locale":"fr_FR","og_type":"article","og_title":"La Democratic Odyssey \u2013 Cinqui\u00e8me session de l\u2019Assembl\u00e9e \u00e0 Vienne - European Alternatives","og_description":"23\u201325 mai 2025 | Vienne, Autriche La Democratic Odyssey est une campagne novatrice qui plaide pour la cr\u00e9ation d\u2019une Assembl\u00e9e permanente des peuples pour l\u2019Europe.&hellip;","og_url":"https:\/\/euroalter.com\/fr\/le-democratic-odyssey-cinquieme-session-de-lassemblee-a-vienne\/","og_site_name":"European Alternatives","article_modified_time":"2025-07-15T12:50:50+00:00","og_image":[{"width":1365,"height":2048,"url":"https:\/\/euroalter.com\/wp-content\/uploads\/2025\/07\/54583946511_d16c891cc5_k.jpg","type":"image\/jpeg"}],"twitter_card":"summary_large_image","twitter_misc":{"Est. reading time":"1 minute"},"schema":{"@context":"https:\/\/schema.org","@graph":[{"@type":"WebPage","@id":"https:\/\/euroalter.com\/fr\/le-democratic-odyssey-cinquieme-session-de-lassemblee-a-vienne\/","url":"https:\/\/euroalter.com\/fr\/le-democratic-odyssey-cinquieme-session-de-lassemblee-a-vienne\/","name":"La Democratic Odyssey \u2013 Cinqui\u00e8me session de l\u2019Assembl\u00e9e \u00e0 Vienne - European Alternatives","isPartOf":{"@id":"https:\/\/euroalter.com\/#website"},"primaryImageOfPage":{"@id":"https:\/\/euroalter.com\/fr\/le-democratic-odyssey-cinquieme-session-de-lassemblee-a-vienne\/#primaryimage"},"image":{"@id":"https:\/\/euroalter.com\/fr\/le-democratic-odyssey-cinquieme-session-de-lassemblee-a-vienne\/#primaryimage"},"thumbnailUrl":"https:\/\/euroalter.com\/wp-content\/uploads\/2025\/07\/54583946511_d16c891cc5_k.jpg","datePublished":"2025-07-15T10:17:17+00:00","dateModified":"2025-07-15T12:50:50+00:00","breadcrumb":{"@id":"https:\/\/euroalter.com\/fr\/le-democratic-odyssey-cinquieme-session-de-lassemblee-a-vienne\/#breadcrumb"},"inLanguage":"fr-FR","potentialAction":[{"@type":"ReadAction","target":["https:\/\/euroalter.com\/fr\/le-democratic-odyssey-cinquieme-session-de-lassemblee-a-vienne\/"]}]},{"@type":"ImageObject","inLanguage":"fr-FR","@id":"https:\/\/euroalter.com\/fr\/le-democratic-odyssey-cinquieme-session-de-lassemblee-a-vienne\/#primaryimage","url":"https:\/\/euroalter.com\/wp-content\/uploads\/2025\/07\/54583946511_d16c891cc5_k.jpg","contentUrl":"https:\/\/euroalter.com\/wp-content\/uploads\/2025\/07\/54583946511_d16c891cc5_k.jpg","width":1365,"height":2048},{"@type":"BreadcrumbList","@id":"https:\/\/euroalter.com\/fr\/le-democratic-odyssey-cinquieme-session-de-lassemblee-a-vienne\/#breadcrumb","itemListElement":[{"@type":"ListItem","position":1,"name":"Home","item":"https:\/\/euroalter.com\/fr\/"},{"@type":"ListItem","position":2,"name":"La Democratic Odyssey \u2013 Cinqui\u00e8me session de l\u2019Assembl\u00e9e \u00e0 Vienne"}]},{"@type":"WebSite","@id":"https:\/\/euroalter.com\/#website","url":"https:\/\/euroalter.com\/","name":"European Alternatives","description":"Democracy, Equality and Culture beyond the nation","potentialAction":[{"@type":"SearchAction","target":{"@type":"EntryPoint","urlTemplate":"https:\/\/euroalter.com\/?s={search_term_string}"},"query-input":{"@type":"PropertyValueSpecification","valueRequired":true,"valueName":"search_term_string"}}],"inLanguage":"fr-FR"}]}},"_links":{"self":[{"href":"https:\/\/euroalter.com\/fr\/wp-json\/wp\/v2\/pages\/29234","targetHints":{"allow":["GET"]}}],"collection":[{"href":"https:\/\/euroalter.com\/fr\/wp-json\/wp\/v2\/pages"}],"about":[{"href":"https:\/\/euroalter.com\/fr\/wp-json\/wp\/v2\/types\/page"}],"author":[{"embeddable":true,"href":"https:\/\/euroalter.com\/fr\/wp-json\/wp\/v2\/users\/8"}],"replies":[{"embeddable":true,"href":"https:\/\/euroalter.com\/fr\/wp-json\/wp\/v2\/comments?post=29234"}],"version-history":[{"count":1,"href":"https:\/\/euroalter.com\/fr\/wp-json\/wp\/v2\/pages\/29234\/revisions"}],"predecessor-version":[{"id":29237,"href":"https:\/\/euroalter.com\/fr\/wp-json\/wp\/v2\/pages\/29234\/revisions\/29237"}],"wp:featuredmedia":[{"embeddable":true,"href":"https:\/\/euroalter.com\/fr\/wp-json\/wp\/v2\/media\/29020"}],"wp:attachment":[{"href":"https:\/\/euroalter.com\/fr\/wp-json\/wp\/v2\/media?parent=29234"}],"curies":[{"name":"wp","href":"https:\/\/api.w.org\/{rel}","templated":true}]}}