{"id":29233,"date":"2025-07-15T12:01:50","date_gmt":"2025-07-15T10:01:50","guid":{"rendered":"https:\/\/euroalter.com\/qui-sommes-nous\/conseil-dadministration\/"},"modified":"2025-07-15T12:01:50","modified_gmt":"2025-07-15T10:01:50","slug":"conseil-dadministration","status":"publish","type":"page","link":"https:\/\/euroalter.com\/fr\/qui-sommes-nous\/conseil-dadministration\/","title":{"rendered":"Conseil d&#8217;administration"},"content":{"rendered":"\r\n<div class=\"wp-block-group is-layout-constrained wp-block-group-is-layout-constrained\" style=\"margin-top: var(--wp--preset--spacing--80); margin-bottom: var(--wp--preset--spacing--80);\"><nav class=\"wp-block-navigation is-layout-flex wp-block-navigation-is-layout-flex\" aria-label=\"Who we are menu\"><ul class=\"wp-block-navigation__container  wp-block-navigation\"><li class=\" wp-block-navigation-item wp-block-navigation-link\"><a class=\"wp-block-navigation-item__content\"  href=\"https:\/\/euroalter.com\/who-we-are\/#team\"><span class=\"wp-block-navigation-item__label\">Team<\/span><\/a><\/li><li class=\" wp-block-navigation-item wp-block-navigation-link\"><a class=\"wp-block-navigation-item__content\"  href=\"https:\/\/euroalter.com\/who-we-are\/board\/\"><span class=\"wp-block-navigation-item__label\">Board<\/span><\/a><\/li><li class=\" wp-block-navigation-item wp-block-navigation-link\"><a class=\"wp-block-navigation-item__content\"  href=\"https:\/\/euroalter.com\/who-we-are\/ecosystem-and-network\/\"><span class=\"wp-block-navigation-item__label\">Ecosystem and network<\/span><\/a><\/li><li class=\" wp-block-navigation-item wp-block-navigation-link\"><a class=\"wp-block-navigation-item__content\"  href=\"https:\/\/euroalter.com\/who-we-are\/structure-and-finances\/\"><span class=\"wp-block-navigation-item__label\">Governance &amp; finances<\/span><\/a><\/li><\/ul><\/nav><\/div>\r\n\r\n\r\n\r\n<div class=\"wp-block-columns is-style-sixty-forty is-layout-flex wp-container-core-columns-is-layout-1 wp-block-columns-is-layout-flex\" style=\"margin-top: var(--wp--preset--spacing--80);\">\r\n\r\n\r\n<div class=\"wp-block-column is-layout-flow wp-block-column-is-layout-flow\">\r\n\r\n\r\n<h2 class=\"wp-block-heading\">Comit\u00e9 consultatif<\/h2>\r\n\r\n\r\n\r\n<p class=\"has-60-font-size\">Le comit\u00e9 consultatif r\u00e9unit des penseur\u00b7ses, artistes et militant\u00b7es de premier plan venus de toute l\u2019Europe et d\u2019ailleurs, qui conseillent l\u2019organisation sur son message, sa strat\u00e9gie, les formats d\u2019activit\u00e9s, ainsi que sur les partenaires et parties prenantes potentielles.<\/p>\r\n\r\n\r\n<\/div>\r\n\r\n\r\n\r\n<div class=\"wp-block-column is-layout-flow wp-block-column-is-layout-flow\" style=\"flex-basis: 40%;\"><\/div>\r\n\r\n\r\n<\/div>\r\n\r\n\r\n\r\n<div class=\"wp-block-query is-layout-flow wp-block-query-is-layout-flow\"><\/div>\r\n\r\n\r\n\r\n<div class=\"wp-block-columns is-style-sixty-forty is-layout-flex wp-container-core-columns-is-layout-2 wp-block-columns-is-layout-flex\" style=\"margin-top: var(--wp--preset--spacing--80);\">\r\n\r\n\r\n<div class=\"wp-block-column is-layout-flow wp-block-column-is-layout-flow\">\r\n\r\n\r\n<h2 class=\"wp-block-heading\">Conseil transnational d\u2019administration<\/h2>\r\n\r\n\r\n\r\n<p class=\"has-60-font-size\">Le conseil d\u2019administration est juridiquement habilit\u00e9 \u00e0 superviser le fonctionnement de l\u2019organisation, \u00e0 d\u00e9finir sa strat\u00e9gie et \u00e0 approuver son programme de travail. Il le fait en dialogue avec les membres et les partenaires, \u00e0 travers des enqu\u00eates, des questionnaires et des forums r\u00e9guliers, afin de mieux comprendre les priorit\u00e9s et les int\u00e9r\u00eats de l\u2019organisation.<\/p>\r\n\r\n\r\n<\/div>\r\n\r\n\r\n\r\n<div class=\"wp-block-column is-layout-flow wp-block-column-is-layout-flow\" style=\"flex-basis: 40%;\"><\/div>\r\n\r\n\r\n<\/div>\r\n\r\n\r\n\r\n<div class=\"wp-block-query is-layout-flow wp-block-query-is-layout-flow\"><\/div>\r\n","protected":false},"excerpt":{"rendered":"<p>Comit\u00e9 consultatif Le comit\u00e9 consultatif r\u00e9unit des penseur\u00b7ses, artistes et militant\u00b7es de premier plan venus de toute l\u2019Europe et d\u2019ailleurs, qui conseillent l\u2019organisation sur son&hellip;<\/p>\n","protected":false},"author":4,"featured_media":0,"parent":28084,"menu_order":20,"comment_status":"closed","ping_status":"closed","template":"page-templates\/page-header-about.php","meta":{"_acf_changed":false,"footnotes":""},"class_list":["post-29233","page","type-page","status-publish","hentry"],"acf":[],"yoast_head":"<!-- This site is optimized with the Yoast SEO plugin v24.6 - https:\/\/yoast.com\/wordpress\/plugins\/seo\/ -->\n<title>Conseil d&#039;administration - European Alternatives<\/title>\n<meta name=\"robots\" content=\"index, follow, max-snippet:-1, max-image-preview:large, max-video-preview:-1\" \/>\n<link rel=\"canonical\" href=\"https:\/\/euroalter.com\/qui-sommes-nous\/conseil-dadministration\/\" \/>\n<meta property=\"og:locale\" content=\"fr_FR\" \/>\n<meta property=\"og:type\" content=\"article\" \/>\n<meta property=\"og:title\" content=\"Conseil d&#039;administration - European Alternatives\" \/>\n<meta property=\"og:description\" content=\"Comit\u00e9 consultatif Le comit\u00e9 consultatif r\u00e9unit des penseur\u00b7ses, artistes et militant\u00b7es de premier plan venus de toute l\u2019Europe et d\u2019ailleurs, qui conseillent l\u2019organisation sur son&hellip;\" \/>\n<meta property=\"og:url\" content=\"https:\/\/euroalter.com\/qui-sommes-nous\/conseil-dadministration\/\" \/>\n<meta property=\"og:site_name\" content=\"European Alternatives\" \/>\n<meta name=\"twitter:card\" content=\"summary_large_image\" \/>\n<meta name=\"twitter:label1\" content=\"Est. reading time\" \/>\n\t<meta name=\"twitter:data1\" content=\"1 minute\" \/>\n<script type=\"application\/ld+json\" class=\"yoast-schema-graph\">{\"@context\":\"https:\/\/schema.org\",\"@graph\":[{\"@type\":\"WebPage\",\"@id\":\"https:\/\/euroalter.com\/qui-sommes-nous\/conseil-dadministration\/\",\"url\":\"https:\/\/euroalter.com\/qui-sommes-nous\/conseil-dadministration\/\",\"name\":\"Conseil d'administration - European Alternatives\",\"isPartOf\":{\"@id\":\"https:\/\/euroalter.com\/#website\"},\"datePublished\":\"2025-07-15T10:01:50+00:00\",\"breadcrumb\":{\"@id\":\"https:\/\/euroalter.com\/qui-sommes-nous\/conseil-dadministration\/#breadcrumb\"},\"inLanguage\":\"fr-FR\",\"potentialAction\":[{\"@type\":\"ReadAction\",\"target\":[\"https:\/\/euroalter.com\/qui-sommes-nous\/conseil-dadministration\/\"]}]},{\"@type\":\"BreadcrumbList\",\"@id\":\"https:\/\/euroalter.com\/qui-sommes-nous\/conseil-dadministration\/#breadcrumb\",\"itemListElement\":[{\"@type\":\"ListItem\",\"position\":1,\"name\":\"Home\",\"item\":\"https:\/\/euroalter.com\/fr\/\"},{\"@type\":\"ListItem\",\"position\":2,\"name\":\"Qui sommes-nous ?\",\"item\":\"https:\/\/euroalter.com\/qui-sommes-nous\/\"},{\"@type\":\"ListItem\",\"position\":3,\"name\":\"Conseil d&#8217;administration\"}]},{\"@type\":\"WebSite\",\"@id\":\"https:\/\/euroalter.com\/#website\",\"url\":\"https:\/\/euroalter.com\/\",\"name\":\"European Alternatives\",\"description\":\"Democracy, Equality and Culture beyond the nation\",\"potentialAction\":[{\"@type\":\"SearchAction\",\"target\":{\"@type\":\"EntryPoint\",\"urlTemplate\":\"https:\/\/euroalter.com\/?s={search_term_string}\"},\"query-input\":{\"@type\":\"PropertyValueSpecification\",\"valueRequired\":true,\"valueName\":\"search_term_string\"}}],\"inLanguage\":\"fr-FR\"}]}<\/script>\n<!-- \/ Yoast SEO plugin. -->","yoast_head_json":{"title":"Conseil d'administration - European Alternatives","robots":{"index":"index","follow":"follow","max-snippet":"max-snippet:-1","max-image-preview":"max-image-preview:large","max-video-preview":"max-video-preview:-1"},"canonical":"https:\/\/euroalter.com\/qui-sommes-nous\/conseil-dadministration\/","og_locale":"fr_FR","og_type":"article","og_title":"Conseil d'administration - European Alternatives","og_description":"Comit\u00e9 consultatif Le comit\u00e9 consultatif r\u00e9unit des penseur\u00b7ses, artistes et militant\u00b7es de premier plan venus de toute l\u2019Europe et d\u2019ailleurs, qui conseillent l\u2019organisation sur son&hellip;","og_url":"https:\/\/euroalter.com\/qui-sommes-nous\/conseil-dadministration\/","og_site_name":"European Alternatives","twitter_card":"summary_large_image","twitter_misc":{"Est. reading time":"1 minute"},"schema":{"@context":"https:\/\/schema.org","@graph":[{"@type":"WebPage","@id":"https:\/\/euroalter.com\/qui-sommes-nous\/conseil-dadministration\/","url":"https:\/\/euroalter.com\/qui-sommes-nous\/conseil-dadministration\/","name":"Conseil d'administration - European Alternatives","isPartOf":{"@id":"https:\/\/euroalter.com\/#website"},"datePublished":"2025-07-15T10:01:50+00:00","breadcrumb":{"@id":"https:\/\/euroalter.com\/qui-sommes-nous\/conseil-dadministration\/#breadcrumb"},"inLanguage":"fr-FR","potentialAction":[{"@type":"ReadAction","target":["https:\/\/euroalter.com\/qui-sommes-nous\/conseil-dadministration\/"]}]},{"@type":"BreadcrumbList","@id":"https:\/\/euroalter.com\/qui-sommes-nous\/conseil-dadministration\/#breadcrumb","itemListElement":[{"@type":"ListItem","position":1,"name":"Home","item":"https:\/\/euroalter.com\/fr\/"},{"@type":"ListItem","position":2,"name":"Qui sommes-nous ?","item":"https:\/\/euroalter.com\/qui-sommes-nous\/"},{"@type":"ListItem","position":3,"name":"Conseil d&#8217;administration"}]},{"@type":"WebSite","@id":"https:\/\/euroalter.com\/#website","url":"https:\/\/euroalter.com\/","name":"European Alternatives","description":"Democracy, Equality and Culture beyond the nation","potentialAction":[{"@type":"SearchAction","target":{"@type":"EntryPoint","urlTemplate":"https:\/\/euroalter.com\/?s={search_term_string}"},"query-input":{"@type":"PropertyValueSpecification","valueRequired":true,"valueName":"search_term_string"}}],"inLanguage":"fr-FR"}]}},"_links":{"self":[{"href":"https:\/\/euroalter.com\/fr\/wp-json\/wp\/v2\/pages\/29233","targetHints":{"allow":["GET"]}}],"collection":[{"href":"https:\/\/euroalter.com\/fr\/wp-json\/wp\/v2\/pages"}],"about":[{"href":"https:\/\/euroalter.com\/fr\/wp-json\/wp\/v2\/types\/page"}],"author":[{"embeddable":true,"href":"https:\/\/euroalter.com\/fr\/wp-json\/wp\/v2\/users\/4"}],"replies":[{"embeddable":true,"href":"https:\/\/euroalter.com\/fr\/wp-json\/wp\/v2\/comments?post=29233"}],"version-history":[{"count":0,"href":"https:\/\/euroalter.com\/fr\/wp-json\/wp\/v2\/pages\/29233\/revisions"}],"up":[{"embeddable":true,"href":"https:\/\/euroalter.com\/fr\/wp-json\/wp\/v2\/pages\/28084"}],"wp:attachment":[{"href":"https:\/\/euroalter.com\/fr\/wp-json\/wp\/v2\/media?parent=29233"}],"curies":[{"name":"wp","href":"https:\/\/api.w.org\/{rel}","templated":true}]}}