{"id":28083,"date":"2025-04-29T16:50:16","date_gmt":"2025-04-29T14:50:16","guid":{"rendered":"https:\/\/euroalter.com\/conditions-generales-dutilisation\/"},"modified":"2025-04-29T16:50:16","modified_gmt":"2025-04-29T14:50:16","slug":"conditions-generales-dutilisation","status":"publish","type":"page","link":"https:\/\/euroalter.com\/fr\/conditions-generales-dutilisation\/","title":{"rendered":"Conditions g\u00e9n\u00e9rales d&#8217;utilisation"},"content":{"rendered":"<p><span style=\"font-weight: 400;\">Nous esp\u00e9rons que vous appr\u00e9cierez l&#8217;utilisation du site European Alternatives Action, que ce soit pour explorer comment nous militons pour des alternatives en Europe ou pour\u00a0<\/span><a href=\"https:\/\/euroalter.com\/fr\/devenez-membre\/\"><b>vous impliquer<\/b><\/a><span style=\"font-weight: 400;\"> vous-m\u00eame.<\/span><\/p>\n<p>L\u2019utilisation de ce site, fourni par European Alternatives, est soumise aux conditions g\u00e9n\u00e9rales suivantes :<\/p>\n<ol>\n<li>Votre utilisation du site constitue une acceptation de ces conditions g\u00e9n\u00e9rales \u00e0 compter de la date de votre premi\u00e8re visite.<\/li>\n<li>European Alternatives se r\u00e9serve le droit de modifier ces conditions g\u00e9n\u00e9rales \u00e0 tout moment en publiant les changements en ligne. Votre utilisation continue du site apr\u00e8s publication de ces changements constitue votre acceptation de l\u2019accord modifi\u00e9.<\/li>\n<li>Vous acceptez d\u2019utiliser ce site uniquement \u00e0 des fins l\u00e9gales, d\u2019une mani\u00e8re qui ne porte pas atteinte aux droits d\u2019autrui, ni ne restreigne ou n\u2019emp\u00eache leur utilisation et leur jouissance du site.<\/li>\n<li>Ce site et les informations, noms, images, photos, logos concernant European Alternatives ou s\u2019y rapportant sont fournis \u00ab\u00a0tels quels\u00a0\u00bb, sans aucune repr\u00e9sentation ni approbation, et sans garantie, expresse ou implicite. En aucun cas European Alternatives ne pourra \u00eatre tenu responsable de dommages, directs ou indirects, d\u00e9coulant de l\u2019utilisation ou de la perte d\u2019utilisation du site, que ce soit en vertu d\u2019un contrat ou d\u2019une n\u00e9gligence.<\/li>\n<li>European Alternatives ne garantit pas que les fonctions contenues dans le mat\u00e9riel du site seront ininterrompues ou exemptes d\u2019erreurs, que les d\u00e9fauts seront corrig\u00e9s ou que le site ou le serveur qui le rend disponible sont exempts de virus ou de bogues, ou encore qu\u2019ils offrent la pleine fonctionnalit\u00e9, exactitude ou fiabilit\u00e9 des contenus.<\/li>\n<li>Restrictions de droits d\u2019auteur : toute utilisation ou publication commerciale, totale ou partielle, d\u2019un \u00e9l\u00e9ment affich\u00e9 est strictement interdite sans autorisation pr\u00e9alable de European Alternatives. Aucun \u00e9l\u00e9ment ne saurait \u00eatre interpr\u00e9t\u00e9 comme conf\u00e9rant une licence d\u2019utilisation. Les documents peuvent \u00eatre copi\u00e9s pour un usage personnel uniquement, \u00e0 condition que les mentions de droits d\u2019auteur et de sources soient reproduites, que le document ne soit pas modifi\u00e9 et qu\u2019il soit copi\u00e9 dans son int\u00e9gralit\u00e9. Certains documents et photos publi\u00e9s sur ce site le sont avec l\u2019autorisation de leurs ayants droit (autres que European Alternatives) : tous droits r\u00e9serv\u00e9s, et toute demande de reproduction doit \u00eatre adress\u00e9e \u00e0 ces ayants droit (les sources sont indiqu\u00e9es dans les documents\/photos concern\u00e9s).<\/li>\n<li>European Alternatives d\u00e9cline toute responsabilit\u00e9 quant au contenu de sites externes. Les liens fournis m\u00e8nent vers des sites appartenant \u00e0 des tiers, sur lesquels European Alternatives n\u2019a aucun contr\u00f4le. Leur pr\u00e9sence ne signifie pas que European Alternatives approuve ces sites ou leur contenu. Aucune responsabilit\u00e9 n\u2019est accept\u00e9e concernant les d\u00e9clarations, informations, produits ou services publi\u00e9s ou accessibles sur ces sites tiers.<\/li>\n<li>Toute communication ou tout contenu que vous transmettez ou publiez dans une section publique du site (donn\u00e9es, questions, commentaires, suggestions, etc.) sera trait\u00e9 comme non confidentiel et non exclusif.<\/li>\n<li>En cas de conflit entre les pr\u00e9sentes conditions g\u00e9n\u00e9rales et des r\u00e8gles ou conditions sp\u00e9cifiques figurant sur le site en lien avec du contenu particulier, ces derni\u00e8res pr\u00e9vaudront.<\/li>\n<li>Si vous n\u2019acceptez pas int\u00e9gralement ces conditions g\u00e9n\u00e9rales, vous devez cesser imm\u00e9diatement d\u2019utiliser ce site.<\/li>\n<\/ol>\n<hr \/>\n<p><span style=\"font-weight: 400;\">Nous esp\u00e9rons que vous appr\u00e9cierez l&#8217;utilisation du site European Alternatives Action, que ce soit pour explorer comment nous militons pour des alternatives en Europe ou pour\u00a0<\/span><a href=\"https:\/\/euroalter.com\/fr\/devenez-membre\/\"><b>vous impliquer<\/b><\/a><span style=\"font-weight: 400;\"> vous-m\u00eame.<\/span><\/p>\n<p>L\u2019utilisation de ce site, fourni par European Alternatives, est soumise aux conditions g\u00e9n\u00e9rales suivantes :<\/p>\n<ol>\n<li>Votre utilisation du site constitue une acceptation de ces conditions g\u00e9n\u00e9rales \u00e0 compter de la date de votre premi\u00e8re visite.<\/li>\n<li>European Alternatives se r\u00e9serve le droit de modifier ces conditions g\u00e9n\u00e9rales \u00e0 tout moment en publiant les changements en ligne. Votre utilisation continue du site apr\u00e8s publication de ces changements constitue votre acceptation de l\u2019accord modifi\u00e9.<\/li>\n<li>Vous acceptez d\u2019utiliser ce site uniquement \u00e0 des fins l\u00e9gales, d\u2019une mani\u00e8re qui ne porte pas atteinte aux droits d\u2019autrui, ni ne restreigne ou n\u2019emp\u00eache leur utilisation et leur jouissance du site.<\/li>\n<li>Ce site et les informations, noms, images, photos, logos concernant European Alternatives ou s\u2019y rapportant sont fournis \u00ab\u00a0tels quels\u00a0\u00bb, sans aucune repr\u00e9sentation ni approbation, et sans garantie, expresse ou implicite. En aucun cas European Alternatives ne pourra \u00eatre tenu responsable de dommages, directs ou indirects, d\u00e9coulant de l\u2019utilisation ou de la perte d\u2019utilisation du site, que ce soit en vertu d\u2019un contrat ou d\u2019une n\u00e9gligence.<\/li>\n<li>European Alternatives ne garantit pas que les fonctions contenues dans le mat\u00e9riel du site seront ininterrompues ou exemptes d\u2019erreurs, que les d\u00e9fauts seront corrig\u00e9s ou que le site ou le serveur qui le rend disponible sont exempts de virus ou de bogues, ou encore qu\u2019ils offrent la pleine fonctionnalit\u00e9, exactitude ou fiabilit\u00e9 des contenus.<\/li>\n<li>Restrictions de droits d\u2019auteur : toute utilisation ou publication commerciale, totale ou partielle, d\u2019un \u00e9l\u00e9ment affich\u00e9 est strictement interdite sans autorisation pr\u00e9alable de European Alternatives. Aucun \u00e9l\u00e9ment ne saurait \u00eatre interpr\u00e9t\u00e9 comme conf\u00e9rant une licence d\u2019utilisation. Les documents peuvent \u00eatre copi\u00e9s pour un usage personnel uniquement, \u00e0 condition que les mentions de droits d\u2019auteur et de sources soient reproduites, que le document ne soit pas modifi\u00e9 et qu\u2019il soit copi\u00e9 dans son int\u00e9gralit\u00e9. Certains documents et photos publi\u00e9s sur ce site le sont avec l\u2019autorisation de leurs ayants droit (autres que European Alternatives) : tous droits r\u00e9serv\u00e9s, et toute demande de reproduction doit \u00eatre adress\u00e9e \u00e0 ces ayants droit (les sources sont indiqu\u00e9es dans les documents\/photos concern\u00e9s).<\/li>\n<li>European Alternatives d\u00e9cline toute responsabilit\u00e9 quant au contenu de sites externes. Les liens fournis m\u00e8nent vers des sites appartenant \u00e0 des tiers, sur lesquels European Alternatives n\u2019a aucun contr\u00f4le. Leur pr\u00e9sence ne signifie pas que European Alternatives approuve ces sites ou leur contenu. Aucune responsabilit\u00e9 n\u2019est accept\u00e9e concernant les d\u00e9clarations, informations, produits ou services publi\u00e9s ou accessibles sur ces sites tiers.<\/li>\n<li>Toute communication ou tout contenu que vous transmettez ou publiez dans une section publique du site (donn\u00e9es, questions, commentaires, suggestions, etc.) sera trait\u00e9 comme non confidentiel et non exclusif.<\/li>\n<li>En cas de conflit entre les pr\u00e9sentes conditions g\u00e9n\u00e9rales et des r\u00e8gles ou conditions sp\u00e9cifiques figurant sur le site en lien avec du contenu particulier, ces derni\u00e8res pr\u00e9vaudront.<\/li>\n<li>Si vous n\u2019acceptez pas int\u00e9gralement ces conditions g\u00e9n\u00e9rales, vous devez cesser imm\u00e9diatement d\u2019utiliser ce site.<\/li>\n<\/ol>\n","protected":false},"excerpt":{"rendered":"<p>Nous esp\u00e9rons que vous appr\u00e9cierez l&#8217;utilisation du site European Alternatives Action, que ce soit pour explorer comment nous militons pour des alternatives en Europe ou&hellip;<\/p>\n","protected":false},"author":4,"featured_media":0,"parent":0,"menu_order":0,"comment_status":"closed","ping_status":"closed","template":"","meta":{"_acf_changed":false,"footnotes":""},"class_list":["post-28083","page","type-page","status-publish","hentry"],"acf":[],"yoast_head":"<!-- This site is optimized with the Yoast SEO plugin v24.6 - https:\/\/yoast.com\/wordpress\/plugins\/seo\/ -->\n<title>Conditions g\u00e9n\u00e9rales d&#039;utilisation - European Alternatives<\/title>\n<meta name=\"robots\" content=\"index, follow, max-snippet:-1, max-image-preview:large, max-video-preview:-1\" \/>\n<link rel=\"canonical\" href=\"https:\/\/euroalter.com\/conditions-generales-dutilisation\/\" \/>\n<meta property=\"og:locale\" content=\"fr_FR\" \/>\n<meta property=\"og:type\" content=\"article\" \/>\n<meta property=\"og:title\" content=\"Conditions g\u00e9n\u00e9rales d&#039;utilisation - European Alternatives\" \/>\n<meta property=\"og:description\" content=\"Nous esp\u00e9rons que vous appr\u00e9cierez l&#8217;utilisation du site European Alternatives Action, que ce soit pour explorer comment nous militons pour des alternatives en Europe ou&hellip;\" \/>\n<meta property=\"og:url\" content=\"https:\/\/euroalter.com\/conditions-generales-dutilisation\/\" \/>\n<meta property=\"og:site_name\" content=\"European Alternatives\" \/>\n<meta name=\"twitter:card\" content=\"summary_large_image\" \/>\n<meta name=\"twitter:label1\" content=\"Est. reading time\" \/>\n\t<meta name=\"twitter:data1\" content=\"6 minutes\" \/>\n<script type=\"application\/ld+json\" class=\"yoast-schema-graph\">{\"@context\":\"https:\/\/schema.org\",\"@graph\":[{\"@type\":\"WebPage\",\"@id\":\"https:\/\/euroalter.com\/conditions-generales-dutilisation\/\",\"url\":\"https:\/\/euroalter.com\/conditions-generales-dutilisation\/\",\"name\":\"Conditions g\u00e9n\u00e9rales d'utilisation - European Alternatives\",\"isPartOf\":{\"@id\":\"https:\/\/euroalter.com\/#website\"},\"datePublished\":\"2025-04-29T14:50:16+00:00\",\"breadcrumb\":{\"@id\":\"https:\/\/euroalter.com\/conditions-generales-dutilisation\/#breadcrumb\"},\"inLanguage\":\"fr-FR\",\"potentialAction\":[{\"@type\":\"ReadAction\",\"target\":[\"https:\/\/euroalter.com\/conditions-generales-dutilisation\/\"]}]},{\"@type\":\"BreadcrumbList\",\"@id\":\"https:\/\/euroalter.com\/conditions-generales-dutilisation\/#breadcrumb\",\"itemListElement\":[{\"@type\":\"ListItem\",\"position\":1,\"name\":\"Home\",\"item\":\"https:\/\/euroalter.com\/fr\/\"},{\"@type\":\"ListItem\",\"position\":2,\"name\":\"Conditions g\u00e9n\u00e9rales d&#8217;utilisation\"}]},{\"@type\":\"WebSite\",\"@id\":\"https:\/\/euroalter.com\/#website\",\"url\":\"https:\/\/euroalter.com\/\",\"name\":\"European Alternatives\",\"description\":\"Democracy, Equality and Culture beyond the nation\",\"potentialAction\":[{\"@type\":\"SearchAction\",\"target\":{\"@type\":\"EntryPoint\",\"urlTemplate\":\"https:\/\/euroalter.com\/?s={search_term_string}\"},\"query-input\":{\"@type\":\"PropertyValueSpecification\",\"valueRequired\":true,\"valueName\":\"search_term_string\"}}],\"inLanguage\":\"fr-FR\"}]}<\/script>\n<!-- \/ Yoast SEO plugin. -->","yoast_head_json":{"title":"Conditions g\u00e9n\u00e9rales d'utilisation - European Alternatives","robots":{"index":"index","follow":"follow","max-snippet":"max-snippet:-1","max-image-preview":"max-image-preview:large","max-video-preview":"max-video-preview:-1"},"canonical":"https:\/\/euroalter.com\/conditions-generales-dutilisation\/","og_locale":"fr_FR","og_type":"article","og_title":"Conditions g\u00e9n\u00e9rales d'utilisation - European Alternatives","og_description":"Nous esp\u00e9rons que vous appr\u00e9cierez l&#8217;utilisation du site European Alternatives Action, que ce soit pour explorer comment nous militons pour des alternatives en Europe ou&hellip;","og_url":"https:\/\/euroalter.com\/conditions-generales-dutilisation\/","og_site_name":"European Alternatives","twitter_card":"summary_large_image","twitter_misc":{"Est. reading time":"6 minutes"},"schema":{"@context":"https:\/\/schema.org","@graph":[{"@type":"WebPage","@id":"https:\/\/euroalter.com\/conditions-generales-dutilisation\/","url":"https:\/\/euroalter.com\/conditions-generales-dutilisation\/","name":"Conditions g\u00e9n\u00e9rales d'utilisation - European Alternatives","isPartOf":{"@id":"https:\/\/euroalter.com\/#website"},"datePublished":"2025-04-29T14:50:16+00:00","breadcrumb":{"@id":"https:\/\/euroalter.com\/conditions-generales-dutilisation\/#breadcrumb"},"inLanguage":"fr-FR","potentialAction":[{"@type":"ReadAction","target":["https:\/\/euroalter.com\/conditions-generales-dutilisation\/"]}]},{"@type":"BreadcrumbList","@id":"https:\/\/euroalter.com\/conditions-generales-dutilisation\/#breadcrumb","itemListElement":[{"@type":"ListItem","position":1,"name":"Home","item":"https:\/\/euroalter.com\/fr\/"},{"@type":"ListItem","position":2,"name":"Conditions g\u00e9n\u00e9rales d&#8217;utilisation"}]},{"@type":"WebSite","@id":"https:\/\/euroalter.com\/#website","url":"https:\/\/euroalter.com\/","name":"European Alternatives","description":"Democracy, Equality and Culture beyond the nation","potentialAction":[{"@type":"SearchAction","target":{"@type":"EntryPoint","urlTemplate":"https:\/\/euroalter.com\/?s={search_term_string}"},"query-input":{"@type":"PropertyValueSpecification","valueRequired":true,"valueName":"search_term_string"}}],"inLanguage":"fr-FR"}]}},"_links":{"self":[{"href":"https:\/\/euroalter.com\/fr\/wp-json\/wp\/v2\/pages\/28083","targetHints":{"allow":["GET"]}}],"collection":[{"href":"https:\/\/euroalter.com\/fr\/wp-json\/wp\/v2\/pages"}],"about":[{"href":"https:\/\/euroalter.com\/fr\/wp-json\/wp\/v2\/types\/page"}],"author":[{"embeddable":true,"href":"https:\/\/euroalter.com\/fr\/wp-json\/wp\/v2\/users\/4"}],"replies":[{"embeddable":true,"href":"https:\/\/euroalter.com\/fr\/wp-json\/wp\/v2\/comments?post=28083"}],"version-history":[{"count":0,"href":"https:\/\/euroalter.com\/fr\/wp-json\/wp\/v2\/pages\/28083\/revisions"}],"wp:attachment":[{"href":"https:\/\/euroalter.com\/fr\/wp-json\/wp\/v2\/media?parent=28083"}],"curies":[{"name":"wp","href":"https:\/\/api.w.org\/{rel}","templated":true}]}}