{"id":28082,"date":"2025-04-29T16:25:21","date_gmt":"2025-04-29T14:25:21","guid":{"rendered":"https:\/\/euroalter.com\/abonnez-vous-a-notre-newsletter\/"},"modified":"2025-04-29T16:25:21","modified_gmt":"2025-04-29T14:25:21","slug":"abonnez-vous-a-notre-newsletter","status":"publish","type":"page","link":"https:\/\/euroalter.com\/fr\/abonnez-vous-a-notre-newsletter\/","title":{"rendered":"Abonnez-vous \u00e0 notre newsletter"},"content":{"rendered":"\r\n<div class=\"wp-block-columns is-style-sixty-forty is-layout-flex wp-container-core-columns-is-layout-1 wp-block-columns-is-layout-flex\">\r\n\r\n\r\n<div class=\"wp-block-column is-layout-flow wp-block-column-is-layout-flow\">\r\n\r\n\r\n<p class=\"has-60-font-size\" style=\"margin-bottom: var(--wp--preset--spacing--70);\"><strong>Si vous souhaitez rester inform\u00e9\u00b7e de nos projets, campagnes et actions, abonnez-vous \u00e0 notre newsletter.<\/strong><\/p>\r\n\r\n\r\n<script>(function() {\n\twindow.mc4wp = window.mc4wp || {\n\t\tlisteners: [],\n\t\tforms: {\n\t\t\ton: function(evt, cb) {\n\t\t\t\twindow.mc4wp.listeners.push(\n\t\t\t\t\t{\n\t\t\t\t\t\tevent   : evt,\n\t\t\t\t\t\tcallback: cb\n\t\t\t\t\t}\n\t\t\t\t);\n\t\t\t}\n\t\t}\n\t}\n})();\n<\/script><!-- Mailchimp for WordPress v4.10.2 - https:\/\/wordpress.org\/plugins\/mailchimp-for-wp\/ --><form id=\"mc4wp-form-1\" class=\"mc4wp-form mc4wp-form-24106\" method=\"post\" data-id=\"24106\" data-name=\"European Alternatives Newsletter\" ><div class=\"mc4wp-form-fields\"><p>\r\n  <label><span class=\"screen-reader-text\">Email address*<\/span>\r\n\t\t<input type=\"email\" name=\"EMAIL\" placeholder=\"Email*\" required \/>\r\n<\/label>\r\n<\/p>\r\n\r\n<p>\r\n    <label><span class=\"screen-reader-text\">First Name*<\/span>\r\n    <input type=\"text\" name=\"FNAME\" placeholder=\"First name*\" required=\"\">\r\n      <\/label>\r\n<\/p>\r\n\r\n<p>\r\n    <label><span class=\"screen-reader-text\">Last Name*<\/span>\r\n    <input type=\"text\" name=\"LNAME\" placeholder=\"Last name*\" required=\"\">\r\n  <\/label>\r\n<\/p>\r\n<p>\r\n    <label><span class=\"screen-reader-text\">Organisation<\/span>\r\n    <input type=\"text\" placeholder=\"Organisation\" name=\"MMERGE7\">\r\n  <\/label>\r\n<\/p>\r\n<p>&nbsp;<\/p>\r\n<p>Permissions *<br>\r\n  Please confirm the ways you would like to hear from European Alternatives:<\/p>\r\n<p>\r\n    <label>\r\n        <input type=\"checkbox\" name=\"AGREE_TO_TERMS\" value=\"1\" required=\"\"> I would like to receive European Alternatives newsletter (bi-monthly), and, exceptionally, special announcements about specific events, campaigns or call for actions.\r\n    <\/label>\r\n<\/p>\r\n<p>&nbsp;<\/p>\r\n\r\n<p>\r\n\t<input type=\"submit\" value=\"Subscribe\" \/>\r\n<\/p><\/div><label style=\"display: none !important;\">Leave this field empty if you&#8217;re human: <input type=\"text\" name=\"_mc4wp_honeypot\" value=\"\" tabindex=\"-1\" autocomplete=\"off\" \/><\/label><input type=\"hidden\" name=\"_mc4wp_timestamp\" value=\"1776420876\" \/><input type=\"hidden\" name=\"_mc4wp_form_id\" value=\"24106\" \/><input type=\"hidden\" name=\"_mc4wp_form_element_id\" value=\"mc4wp-form-1\" \/><div class=\"mc4wp-response\"><\/div><\/form><!-- \/ Mailchimp for WordPress Plugin -->\r\n\r\n\r\n<p style=\"margin-top: var(--wp--preset--spacing--70);\">Politique de confidentialit\u00e9<\/p>\r\n\r\n\r\n\r\n\r\nChez European Alternatives, nous tenons \u00e0 \u00eatre totalement transparents sur les raisons pour lesquelles nous vous demandons certaines informations personnelles lorsque vous nous soutenez, ainsi que sur la mani\u00e8re dont nous les utilisons.\r\n\r\n\r\n\r\n\r\n<div class=\"wp-block-buttons is-layout-flex wp-block-buttons-is-layout-flex\">\r\n\r\n\r\n<div class=\"wp-block-button\"><a class=\"wp-block-button__link wp-element-button\" href=\"https:\/\/euroalter.com\/fr\/politique-de-confidentialite\/\">Consultez notre politique de confidentialit\u00e9<\/a><\/div>\r\n\r\n\r\n<\/div>\r\n\r\n\r\n<\/div>\r\n\r\n\r\n\r\n<div class=\"wp-block-column is-layout-flow wp-block-column-is-layout-flow\" style=\"flex-basis: 40%;\"><\/div>\r\n\r\n\r\n<\/div>\r\n","protected":false},"excerpt":{"rendered":"<p>Si vous souhaitez rester inform\u00e9\u00b7e de nos projets, campagnes et actions, abonnez-vous \u00e0 notre newsletter. Politique de confidentialit\u00e9 Chez European Alternatives, nous tenons \u00e0 \u00eatre&hellip;<\/p>\n","protected":false},"author":4,"featured_media":0,"parent":0,"menu_order":0,"comment_status":"closed","ping_status":"closed","template":"","meta":{"_acf_changed":false,"footnotes":""},"class_list":["post-28082","page","type-page","status-publish","hentry"],"acf":[],"yoast_head":"<!-- This site is optimized with the Yoast SEO plugin v24.6 - https:\/\/yoast.com\/wordpress\/plugins\/seo\/ -->\n<title>Abonnez-vous \u00e0 notre newsletter - European Alternatives<\/title>\n<meta name=\"robots\" content=\"index, follow, max-snippet:-1, max-image-preview:large, max-video-preview:-1\" \/>\n<link rel=\"canonical\" href=\"https:\/\/euroalter.com\/abonnez-vous-a-notre-newsletter\/\" \/>\n<meta property=\"og:locale\" content=\"fr_FR\" \/>\n<meta property=\"og:type\" content=\"article\" \/>\n<meta property=\"og:title\" content=\"Abonnez-vous \u00e0 notre newsletter - European Alternatives\" \/>\n<meta property=\"og:description\" content=\"Si vous souhaitez rester inform\u00e9\u00b7e de nos projets, campagnes et actions, abonnez-vous \u00e0 notre newsletter. Politique de confidentialit\u00e9 Chez European Alternatives, nous tenons \u00e0 \u00eatre&hellip;\" \/>\n<meta property=\"og:url\" content=\"https:\/\/euroalter.com\/abonnez-vous-a-notre-newsletter\/\" \/>\n<meta property=\"og:site_name\" content=\"European Alternatives\" \/>\n<meta name=\"twitter:card\" content=\"summary_large_image\" \/>\n<script type=\"application\/ld+json\" class=\"yoast-schema-graph\">{\"@context\":\"https:\/\/schema.org\",\"@graph\":[{\"@type\":\"WebPage\",\"@id\":\"https:\/\/euroalter.com\/abonnez-vous-a-notre-newsletter\/\",\"url\":\"https:\/\/euroalter.com\/abonnez-vous-a-notre-newsletter\/\",\"name\":\"Abonnez-vous \u00e0 notre newsletter - European Alternatives\",\"isPartOf\":{\"@id\":\"https:\/\/euroalter.com\/#website\"},\"datePublished\":\"2025-04-29T14:25:21+00:00\",\"breadcrumb\":{\"@id\":\"https:\/\/euroalter.com\/abonnez-vous-a-notre-newsletter\/#breadcrumb\"},\"inLanguage\":\"fr-FR\",\"potentialAction\":[{\"@type\":\"ReadAction\",\"target\":[\"https:\/\/euroalter.com\/abonnez-vous-a-notre-newsletter\/\"]}]},{\"@type\":\"BreadcrumbList\",\"@id\":\"https:\/\/euroalter.com\/abonnez-vous-a-notre-newsletter\/#breadcrumb\",\"itemListElement\":[{\"@type\":\"ListItem\",\"position\":1,\"name\":\"Home\",\"item\":\"https:\/\/euroalter.com\/fr\/\"},{\"@type\":\"ListItem\",\"position\":2,\"name\":\"Abonnez-vous \u00e0 notre newsletter\"}]},{\"@type\":\"WebSite\",\"@id\":\"https:\/\/euroalter.com\/#website\",\"url\":\"https:\/\/euroalter.com\/\",\"name\":\"European Alternatives\",\"description\":\"Democracy, Equality and Culture beyond the nation\",\"potentialAction\":[{\"@type\":\"SearchAction\",\"target\":{\"@type\":\"EntryPoint\",\"urlTemplate\":\"https:\/\/euroalter.com\/?s={search_term_string}\"},\"query-input\":{\"@type\":\"PropertyValueSpecification\",\"valueRequired\":true,\"valueName\":\"search_term_string\"}}],\"inLanguage\":\"fr-FR\"}]}<\/script>\n<!-- \/ Yoast SEO plugin. -->","yoast_head_json":{"title":"Abonnez-vous \u00e0 notre newsletter - European Alternatives","robots":{"index":"index","follow":"follow","max-snippet":"max-snippet:-1","max-image-preview":"max-image-preview:large","max-video-preview":"max-video-preview:-1"},"canonical":"https:\/\/euroalter.com\/abonnez-vous-a-notre-newsletter\/","og_locale":"fr_FR","og_type":"article","og_title":"Abonnez-vous \u00e0 notre newsletter - European Alternatives","og_description":"Si vous souhaitez rester inform\u00e9\u00b7e de nos projets, campagnes et actions, abonnez-vous \u00e0 notre newsletter. Politique de confidentialit\u00e9 Chez European Alternatives, nous tenons \u00e0 \u00eatre&hellip;","og_url":"https:\/\/euroalter.com\/abonnez-vous-a-notre-newsletter\/","og_site_name":"European Alternatives","twitter_card":"summary_large_image","schema":{"@context":"https:\/\/schema.org","@graph":[{"@type":"WebPage","@id":"https:\/\/euroalter.com\/abonnez-vous-a-notre-newsletter\/","url":"https:\/\/euroalter.com\/abonnez-vous-a-notre-newsletter\/","name":"Abonnez-vous \u00e0 notre newsletter - European Alternatives","isPartOf":{"@id":"https:\/\/euroalter.com\/#website"},"datePublished":"2025-04-29T14:25:21+00:00","breadcrumb":{"@id":"https:\/\/euroalter.com\/abonnez-vous-a-notre-newsletter\/#breadcrumb"},"inLanguage":"fr-FR","potentialAction":[{"@type":"ReadAction","target":["https:\/\/euroalter.com\/abonnez-vous-a-notre-newsletter\/"]}]},{"@type":"BreadcrumbList","@id":"https:\/\/euroalter.com\/abonnez-vous-a-notre-newsletter\/#breadcrumb","itemListElement":[{"@type":"ListItem","position":1,"name":"Home","item":"https:\/\/euroalter.com\/fr\/"},{"@type":"ListItem","position":2,"name":"Abonnez-vous \u00e0 notre newsletter"}]},{"@type":"WebSite","@id":"https:\/\/euroalter.com\/#website","url":"https:\/\/euroalter.com\/","name":"European Alternatives","description":"Democracy, Equality and Culture beyond the nation","potentialAction":[{"@type":"SearchAction","target":{"@type":"EntryPoint","urlTemplate":"https:\/\/euroalter.com\/?s={search_term_string}"},"query-input":{"@type":"PropertyValueSpecification","valueRequired":true,"valueName":"search_term_string"}}],"inLanguage":"fr-FR"}]}},"_links":{"self":[{"href":"https:\/\/euroalter.com\/fr\/wp-json\/wp\/v2\/pages\/28082","targetHints":{"allow":["GET"]}}],"collection":[{"href":"https:\/\/euroalter.com\/fr\/wp-json\/wp\/v2\/pages"}],"about":[{"href":"https:\/\/euroalter.com\/fr\/wp-json\/wp\/v2\/types\/page"}],"author":[{"embeddable":true,"href":"https:\/\/euroalter.com\/fr\/wp-json\/wp\/v2\/users\/4"}],"replies":[{"embeddable":true,"href":"https:\/\/euroalter.com\/fr\/wp-json\/wp\/v2\/comments?post=28082"}],"version-history":[{"count":0,"href":"https:\/\/euroalter.com\/fr\/wp-json\/wp\/v2\/pages\/28082\/revisions"}],"wp:attachment":[{"href":"https:\/\/euroalter.com\/fr\/wp-json\/wp\/v2\/media?parent=28082"}],"curies":[{"name":"wp","href":"https:\/\/api.w.org\/{rel}","templated":true}]}}