{"id":28079,"date":"2025-04-29T16:18:02","date_gmt":"2025-04-29T14:18:02","guid":{"rendered":"https:\/\/euroalter.com\/ressources\/formation-apprentissage\/"},"modified":"2025-04-29T16:18:02","modified_gmt":"2025-04-29T14:18:02","slug":"formation-apprentissage","status":"publish","type":"page","link":"https:\/\/euroalter.com\/fr\/ressources\/formation-apprentissage\/","title":{"rendered":"Formation &#038; apprentissage"},"content":{"rendered":"\r\n<div class=\"wp-block-columns is-style-sixty-forty is-layout-flex wp-container-core-columns-is-layout-1 wp-block-columns-is-layout-flex\">\r\n\r\n\r\n<div class=\"wp-block-column is-layout-flow wp-block-column-is-layout-flow\">\r\n\r\n\r\n<p class=\"has-60-font-size\">Chez European Alternatives, nous sommes en apprentissage permanent. Nous cherchons \u00e0 cr\u00e9er des espaces pour partager nos exp\u00e9riences et apprendre des mouvements, communaut\u00e9s et partenaires avec lesquels nous travaillons. Dans cette optique, nous participons \u00e0 la cr\u00e9ation de programmes de formation et d\u2019apprentissage, destin\u00e9s aussi bien aux d\u00e9butant\u00b7es qu\u2019aux expert\u00b7es int\u00e9ress\u00e9\u00b7es par la d\u00e9mocratie transnationale et la mise en \u0153uvre d\u2019un avenir au-del\u00e0 de l\u2019\u00c9tat-nation.<\/p>\r\n\r\n<\/div>\r\n\r\n\r\n\r\n<div class=\"wp-block-column is-layout-flow wp-block-column-is-layout-flow\" style=\"flex-basis: 40%;\"><\/div>\r\n\r\n\r\n<\/div>\r\n\r\n\r\n\r\n<div class=\"wp-block-columns is-style-forty-forty is-layout-flex wp-container-core-columns-is-layout-2 wp-block-columns-is-layout-flex\" style=\"margin-top: var(--wp--preset--spacing--80); margin-bottom: var(--wp--preset--spacing--80);\">\r\n\r\n\r\n<div class=\"wp-block-column is-layout-flow wp-block-column-is-layout-flow\" style=\"flex-basis: 40%;\">\r\n\r\n\r\n<figure class=\"wp-block-image size-full\"><img loading=\"lazy\" decoding=\"async\" width=\"2048\" height=\"1366\" class=\"wp-image-1110\" style=\"aspect-ratio: 1; object-fit: cover;\" src=\"https:\/\/euroalter.com\/wp-content\/uploads\/2020\/02\/33311873280_90b38bc627_k.jpg\" alt=\"\" srcset=\"https:\/\/euroalter.com\/wp-content\/uploads\/2020\/02\/33311873280_90b38bc627_k.jpg 2048w, https:\/\/euroalter.com\/wp-content\/uploads\/2020\/02\/33311873280_90b38bc627_k-1024x683.jpg 1024w, https:\/\/euroalter.com\/wp-content\/uploads\/2020\/02\/33311873280_90b38bc627_k-768x512.jpg 768w, https:\/\/euroalter.com\/wp-content\/uploads\/2020\/02\/33311873280_90b38bc627_k-1536x1025.jpg 1536w\" sizes=\"auto, (max-width: 2048px) 100vw, 2048px\" \/><\/figure>\r\n\r\n\r\n<\/div>\r\n\r\n\r\n\r\n<div class=\"wp-block-column is-layout-flow wp-block-column-is-layout-flow\" style=\"flex-basis: 40%;\">\r\n\r\n\r\n\r\nNotre approche p\u00e9dagogique repose sur une large communaut\u00e9 de formateur\u00b7ices, facilitateur\u00b7ices et \u00e9ducateur\u00b7ices qui travaillent \u00e0 former et \u00e0 soutenir les activistes, organisations et mouvements pour mener des luttes plus puissantes et porteuses d\u2019espoir dans leurs pays, leurs villes et leurs communaut\u00e9s.\r\n\r\n\r\n\r\n\r\n\r\nNos formations et ateliers, en pr\u00e9sentiel comme en ligne, ne n\u00e9cessitent aucune connaissance acad\u00e9mique pr\u00e9alable ni exp\u00e9rience militante. Tout le monde peut ainsi rejoindre la prochaine g\u00e9n\u00e9ration d\u2019organisateur\u00b7ices et de mouvements engag\u00e9s pour les personnes et la plan\u00e8te \u2014 uni\u00b7es au-del\u00e0 des fronti\u00e8res, des luttes et des divisions communautaires ou nationales. Nous exp\u00e9rimentons avec des formats et des m\u00e9thodologies vari\u00e9es, en nous inspirant de l\u2019\u00e9ducation populaire, de l\u2019apprentissage transformateur et exp\u00e9rientiel, de l\u2019\u00e9ducation ancr\u00e9e dans les territoires et de l\u2019organisation communautaire.\r\n\r\n\r\n\r\n<\/div>\r\n\r\n\r\n<\/div>\r\n\r\n\r\n\r\n<figure class=\"wp-block-image alignwide size-full\"><img loading=\"lazy\" decoding=\"async\" width=\"2560\" height=\"1439\" class=\"wp-image-23789\" src=\"https:\/\/euroalter.com\/wp-content\/uploads\/2024\/04\/47463332701_6538e0f579_h-1.webp\" alt=\"\" srcset=\"https:\/\/euroalter.com\/wp-content\/uploads\/2024\/04\/47463332701_6538e0f579_h-1.webp 2560w, https:\/\/euroalter.com\/wp-content\/uploads\/2024\/04\/47463332701_6538e0f579_h-1-1024x576.webp 1024w, https:\/\/euroalter.com\/wp-content\/uploads\/2024\/04\/47463332701_6538e0f579_h-1-1500x843.webp 1500w, https:\/\/euroalter.com\/wp-content\/uploads\/2024\/04\/47463332701_6538e0f579_h-1-600x337.webp 600w\" sizes=\"auto, (max-width: 2560px) 100vw, 2560px\" \/><\/figure>\r\n\r\n\r\n\r\n<div class=\"wp-block-columns is-style-sixty-forty is-layout-flex wp-container-core-columns-is-layout-3 wp-block-columns-is-layout-flex\" style=\"margin-top: var(--wp--preset--spacing--80); margin-bottom: var(--wp--preset--spacing--80);\">\r\n\r\n\r\n<div class=\"wp-block-column is-layout-flow wp-block-column-is-layout-flow\">\r\n\r\n\r\n<h2 class=\"wp-block-heading\">Notre programme de formation et d&#8217;apprentissage<\/h2>\r\n\r\n\r\n<\/div>\r\n\r\n\r\n\r\n<div class=\"wp-block-column is-layout-flow wp-block-column-is-layout-flow\" style=\"flex-basis: 40%;\">\r\n\r\n\r\n\r\nVous trouverez ci-dessous nos projets actuels et pass\u00e9s qui font partie de notre programme de formation &amp; apprentissage. Bon nombre de nos ressources et programmes sont ouverts au public \u2014 abonnez-vous \u00e0 notre newsletter pour recevoir les derni\u00e8res informations sur comment participer \u00e0 nos formations.\r\n\r\n\r\n\r\n\r\n<div class=\"wp-block-buttons is-layout-flex wp-block-buttons-is-layout-flex\">\r\n\r\n\r\n<div class=\"wp-block-button has-custom-width wp-block-button__width-100\"><a class=\"wp-block-button__link wp-element-button\" href=\"https:\/\/transnationalorganizing.eu\/\">School of Transnational Organizing<\/a><\/div>\r\n\r\n\r\n\r\n<div class=\"wp-block-button has-custom-width wp-block-button__width-100\"><a class=\"wp-block-button__link wp-element-button\" href=\"https:\/\/euroalter.com\/projects\/movement-learning-catalyst\/\">Movement Learning Catalyst<\/a><\/div>\r\n\r\n\r\n\r\n<div class=\"wp-block-button has-custom-width wp-block-button__width-100\"><a class=\"wp-block-button__link wp-element-button\" href=\"https:\/\/www.roomtobloom.eu\/\">Room to Bloom<\/a><\/div>\r\n\r\n\r\n\r\n<div class=\"wp-block-button has-custom-width wp-block-button__width-100\"><a class=\"wp-block-button__link wp-element-button\" href=\"https:\/\/euroalter.com\/migrant-bipoc-organizing-train-the-trainer-series\/\" target=\"_blank\" rel=\"noreferrer noopener\">Organisation des personnes migrantes et racis\u00e9es (Migrant and BiPOC organising<\/a>)<\/div>\r\n\r\n\r\n<\/div>\r\n\r\n\r\n<\/div>\r\n\r\n\r\n<\/div>\r\n\r\n\r\n\r\n<div class=\"wp-block-spacer\" style=\"height: var(--wp--preset--spacing--70);\" aria-hidden=\"true\"><\/div>\r\n\r\n\r\n\r\n<figure class=\"wp-block-image alignwide size-full\"><img loading=\"lazy\" decoding=\"async\" width=\"2560\" height=\"1437\" class=\"wp-image-23704\" src=\"https:\/\/euroalter.com\/wp-content\/uploads\/2024\/04\/Our-story-2.webp\" alt=\"Our story 2\" srcset=\"https:\/\/euroalter.com\/wp-content\/uploads\/2024\/04\/Our-story-2.webp 2560w, https:\/\/euroalter.com\/wp-content\/uploads\/2024\/04\/Our-story-2-1024x575.webp 1024w, https:\/\/euroalter.com\/wp-content\/uploads\/2024\/04\/Our-story-2-1500x842.webp 1500w, https:\/\/euroalter.com\/wp-content\/uploads\/2024\/04\/Our-story-2-600x337.webp 600w\" sizes=\"auto, (max-width: 2560px) 100vw, 2560px\" \/><\/figure>\r\n","protected":false},"excerpt":{"rendered":"<p>Chez European Alternatives, nous sommes en apprentissage permanent. Nous cherchons \u00e0 cr\u00e9er des espaces pour partager nos exp\u00e9riences et apprendre des mouvements, communaut\u00e9s et partenaires&hellip;<\/p>\n","protected":false},"author":12,"featured_media":0,"parent":28063,"menu_order":70,"comment_status":"closed","ping_status":"closed","template":"page-templates\/page-header-resources.php","meta":{"_acf_changed":false,"footnotes":""},"class_list":["post-28079","page","type-page","status-publish","hentry"],"acf":[],"yoast_head":"<!-- This site is optimized with the Yoast SEO plugin v24.6 - https:\/\/yoast.com\/wordpress\/plugins\/seo\/ -->\n<title>Formation &amp; apprentissage - European Alternatives<\/title>\n<meta name=\"robots\" content=\"index, follow, max-snippet:-1, max-image-preview:large, max-video-preview:-1\" \/>\n<link rel=\"canonical\" href=\"https:\/\/euroalter.com\/ressources\/formation-apprentissage\/\" \/>\n<meta property=\"og:locale\" content=\"fr_FR\" \/>\n<meta property=\"og:type\" content=\"article\" \/>\n<meta property=\"og:title\" content=\"Formation &amp; apprentissage - European Alternatives\" \/>\n<meta property=\"og:description\" content=\"Chez European Alternatives, nous sommes en apprentissage permanent. Nous cherchons \u00e0 cr\u00e9er des espaces pour partager nos exp\u00e9riences et apprendre des mouvements, communaut\u00e9s et partenaires&hellip;\" \/>\n<meta property=\"og:url\" content=\"https:\/\/euroalter.com\/ressources\/formation-apprentissage\/\" \/>\n<meta property=\"og:site_name\" content=\"European Alternatives\" \/>\n<meta property=\"og:image\" content=\"https:\/\/euroalter.com\/wp-content\/uploads\/2020\/02\/33311873280_90b38bc627_k.jpg\" \/>\n\t<meta property=\"og:image:width\" content=\"2048\" \/>\n\t<meta property=\"og:image:height\" content=\"1366\" \/>\n\t<meta property=\"og:image:type\" content=\"image\/jpeg\" \/>\n<meta name=\"twitter:card\" content=\"summary_large_image\" \/>\n<meta name=\"twitter:label1\" content=\"Est. reading time\" \/>\n\t<meta name=\"twitter:data1\" content=\"1 minute\" \/>\n<script type=\"application\/ld+json\" class=\"yoast-schema-graph\">{\"@context\":\"https:\/\/schema.org\",\"@graph\":[{\"@type\":\"WebPage\",\"@id\":\"https:\/\/euroalter.com\/ressources\/formation-apprentissage\/\",\"url\":\"https:\/\/euroalter.com\/ressources\/formation-apprentissage\/\",\"name\":\"Formation & apprentissage - European Alternatives\",\"isPartOf\":{\"@id\":\"https:\/\/euroalter.com\/#website\"},\"primaryImageOfPage\":{\"@id\":\"https:\/\/euroalter.com\/ressources\/formation-apprentissage\/#primaryimage\"},\"image\":{\"@id\":\"https:\/\/euroalter.com\/ressources\/formation-apprentissage\/#primaryimage\"},\"thumbnailUrl\":\"https:\/\/euroalter.com\/wp-content\/uploads\/2020\/02\/33311873280_90b38bc627_k.jpg\",\"datePublished\":\"2025-04-29T14:18:02+00:00\",\"breadcrumb\":{\"@id\":\"https:\/\/euroalter.com\/ressources\/formation-apprentissage\/#breadcrumb\"},\"inLanguage\":\"fr-FR\",\"potentialAction\":[{\"@type\":\"ReadAction\",\"target\":[\"https:\/\/euroalter.com\/ressources\/formation-apprentissage\/\"]}]},{\"@type\":\"ImageObject\",\"inLanguage\":\"fr-FR\",\"@id\":\"https:\/\/euroalter.com\/ressources\/formation-apprentissage\/#primaryimage\",\"url\":\"https:\/\/euroalter.com\/wp-content\/uploads\/2020\/02\/33311873280_90b38bc627_k.jpg\",\"contentUrl\":\"https:\/\/euroalter.com\/wp-content\/uploads\/2020\/02\/33311873280_90b38bc627_k.jpg\"},{\"@type\":\"BreadcrumbList\",\"@id\":\"https:\/\/euroalter.com\/ressources\/formation-apprentissage\/#breadcrumb\",\"itemListElement\":[{\"@type\":\"ListItem\",\"position\":1,\"name\":\"Home\",\"item\":\"https:\/\/euroalter.com\/fr\/\"},{\"@type\":\"ListItem\",\"position\":2,\"name\":\"Ressources\",\"item\":\"https:\/\/euroalter.com\/fr\/ressources\/\"},{\"@type\":\"ListItem\",\"position\":3,\"name\":\"Formation &#038; apprentissage\"}]},{\"@type\":\"WebSite\",\"@id\":\"https:\/\/euroalter.com\/#website\",\"url\":\"https:\/\/euroalter.com\/\",\"name\":\"European Alternatives\",\"description\":\"Democracy, Equality and Culture beyond the nation\",\"potentialAction\":[{\"@type\":\"SearchAction\",\"target\":{\"@type\":\"EntryPoint\",\"urlTemplate\":\"https:\/\/euroalter.com\/?s={search_term_string}\"},\"query-input\":{\"@type\":\"PropertyValueSpecification\",\"valueRequired\":true,\"valueName\":\"search_term_string\"}}],\"inLanguage\":\"fr-FR\"}]}<\/script>\n<!-- \/ Yoast SEO plugin. -->","yoast_head_json":{"title":"Formation & apprentissage - European Alternatives","robots":{"index":"index","follow":"follow","max-snippet":"max-snippet:-1","max-image-preview":"max-image-preview:large","max-video-preview":"max-video-preview:-1"},"canonical":"https:\/\/euroalter.com\/ressources\/formation-apprentissage\/","og_locale":"fr_FR","og_type":"article","og_title":"Formation & apprentissage - European Alternatives","og_description":"Chez European Alternatives, nous sommes en apprentissage permanent. Nous cherchons \u00e0 cr\u00e9er des espaces pour partager nos exp\u00e9riences et apprendre des mouvements, communaut\u00e9s et partenaires&hellip;","og_url":"https:\/\/euroalter.com\/ressources\/formation-apprentissage\/","og_site_name":"European Alternatives","og_image":[{"width":2048,"height":1366,"url":"https:\/\/euroalter.com\/wp-content\/uploads\/2020\/02\/33311873280_90b38bc627_k.jpg","type":"image\/jpeg"}],"twitter_card":"summary_large_image","twitter_misc":{"Est. reading time":"1 minute"},"schema":{"@context":"https:\/\/schema.org","@graph":[{"@type":"WebPage","@id":"https:\/\/euroalter.com\/ressources\/formation-apprentissage\/","url":"https:\/\/euroalter.com\/ressources\/formation-apprentissage\/","name":"Formation & apprentissage - European Alternatives","isPartOf":{"@id":"https:\/\/euroalter.com\/#website"},"primaryImageOfPage":{"@id":"https:\/\/euroalter.com\/ressources\/formation-apprentissage\/#primaryimage"},"image":{"@id":"https:\/\/euroalter.com\/ressources\/formation-apprentissage\/#primaryimage"},"thumbnailUrl":"https:\/\/euroalter.com\/wp-content\/uploads\/2020\/02\/33311873280_90b38bc627_k.jpg","datePublished":"2025-04-29T14:18:02+00:00","breadcrumb":{"@id":"https:\/\/euroalter.com\/ressources\/formation-apprentissage\/#breadcrumb"},"inLanguage":"fr-FR","potentialAction":[{"@type":"ReadAction","target":["https:\/\/euroalter.com\/ressources\/formation-apprentissage\/"]}]},{"@type":"ImageObject","inLanguage":"fr-FR","@id":"https:\/\/euroalter.com\/ressources\/formation-apprentissage\/#primaryimage","url":"https:\/\/euroalter.com\/wp-content\/uploads\/2020\/02\/33311873280_90b38bc627_k.jpg","contentUrl":"https:\/\/euroalter.com\/wp-content\/uploads\/2020\/02\/33311873280_90b38bc627_k.jpg"},{"@type":"BreadcrumbList","@id":"https:\/\/euroalter.com\/ressources\/formation-apprentissage\/#breadcrumb","itemListElement":[{"@type":"ListItem","position":1,"name":"Home","item":"https:\/\/euroalter.com\/fr\/"},{"@type":"ListItem","position":2,"name":"Ressources","item":"https:\/\/euroalter.com\/fr\/ressources\/"},{"@type":"ListItem","position":3,"name":"Formation &#038; apprentissage"}]},{"@type":"WebSite","@id":"https:\/\/euroalter.com\/#website","url":"https:\/\/euroalter.com\/","name":"European Alternatives","description":"Democracy, Equality and Culture beyond the nation","potentialAction":[{"@type":"SearchAction","target":{"@type":"EntryPoint","urlTemplate":"https:\/\/euroalter.com\/?s={search_term_string}"},"query-input":{"@type":"PropertyValueSpecification","valueRequired":true,"valueName":"search_term_string"}}],"inLanguage":"fr-FR"}]}},"_links":{"self":[{"href":"https:\/\/euroalter.com\/fr\/wp-json\/wp\/v2\/pages\/28079","targetHints":{"allow":["GET"]}}],"collection":[{"href":"https:\/\/euroalter.com\/fr\/wp-json\/wp\/v2\/pages"}],"about":[{"href":"https:\/\/euroalter.com\/fr\/wp-json\/wp\/v2\/types\/page"}],"author":[{"embeddable":true,"href":"https:\/\/euroalter.com\/fr\/wp-json\/wp\/v2\/users\/12"}],"replies":[{"embeddable":true,"href":"https:\/\/euroalter.com\/fr\/wp-json\/wp\/v2\/comments?post=28079"}],"version-history":[{"count":0,"href":"https:\/\/euroalter.com\/fr\/wp-json\/wp\/v2\/pages\/28079\/revisions"}],"up":[{"embeddable":true,"href":"https:\/\/euroalter.com\/fr\/wp-json\/wp\/v2\/pages\/28063"}],"wp:attachment":[{"href":"https:\/\/euroalter.com\/fr\/wp-json\/wp\/v2\/media?parent=28079"}],"curies":[{"name":"wp","href":"https:\/\/api.w.org\/{rel}","templated":true}]}}