{"id":28078,"date":"2025-04-29T15:59:41","date_gmt":"2025-04-29T13:59:41","guid":{"rendered":"https:\/\/euroalter.com\/ressources\/podcasts\/"},"modified":"2025-04-29T15:59:41","modified_gmt":"2025-04-29T13:59:41","slug":"podcasts","status":"publish","type":"page","link":"https:\/\/euroalter.com\/fr\/ressources\/podcasts\/","title":{"rendered":"Podcasts"},"content":{"rendered":"\r\n<div class=\"wp-block-columns is-style-sixty-forty is-layout-flex wp-container-core-columns-is-layout-1 wp-block-columns-is-layout-flex\">\r\n<div class=\"wp-block-column is-layout-flow wp-block-column-is-layout-flow\">\r\n<p class=\"has-60-font-size\">European Alternatives propose plusieurs s\u00e9ries de podcasts autour des th\u00e8mes de la d\u00e9mocratie, de la culture et de l\u2019\u00e9galit\u00e9 au-del\u00e0 de l\u2019\u00c9tat-nation. Nos diff\u00e9rentes s\u00e9ries explorent des questions artistiques, technologiques, g\u00e9opolitiques, acad\u00e9miques et soci\u00e9tales \u00e0 travers une perspective transnationale et transfrontali\u00e8re. D\u00e9couvrez ci-dessous nos s\u00e9ries de podcasts internes et collaboratives.&nbsp;<\/p>\r\n<\/div>\r\n\r\n\r\n\r\n<div class=\"wp-block-column is-layout-flow wp-block-column-is-layout-flow\" style=\"flex-basis:40%\"><\/div>\r\n<\/div>\r\n\r\n\r\n\r\n<div style=\"height:92px\" aria-hidden=\"true\" class=\"wp-block-spacer\"><\/div>\r\n\r\n\r\n\r\n<h2 class=\"wp-block-heading\" style=\"margin-top:0;margin-bottom:0\">Next time<\/h2>\r\n\r\n\r\n\r\n<iframe loading=\"lazy\" style=\"border-radius:12px src=\"https:\/\/podcasters.spotify.com\/pod\/show\/euroalter3\/embed\/episodes\/Lutter-pour-la-justice-climatique-en-franais--avec-Tshin-Ilya-Chardayre--activiste-climatique-et-membre-de-Seeding-for-Future-e2q28c6\/a-abjhn80\" width=\"100%\" height=\"352\" frameborder=\"0\" allowfullscreen=\"allowfullscreen\"><\/iframe>\r\n\r\n\r\n\r\n<h2 class=\"wp-block-heading\" style=\"margin-top:0;margin-bottom:0\">Au-del\u00e0 de l&#8217;\u00c9tat-Nation<\/h2>\r\n\r\n\r\n\r\n<p><\/p>\r\n\r\n\r\n\r\n<iframe loading=\"lazy\" style=\"border-radius: 12px;\" src=\"https:\/\/open.spotify.com\/embed\/show\/0z6ZYcrHO9nqYo3yHjNBPT?utm_source=generator\" width=\"100%\" height=\"352\" frameborder=\"0\" allowfullscreen=\"allowfullscreen\"><\/iframe>\r\n\r\n\r\n\r\n<div class=\"wp-block-columns is-style-forty-forty is-layout-flex wp-container-core-columns-is-layout-2 wp-block-columns-is-layout-flex\">\r\n<div class=\"wp-block-column is-layout-flow wp-block-column-is-layout-flow\" style=\"flex-basis:40%\">\r\n<p>Comment agir au-del\u00e0 des fronti\u00e8res ? Quelles r\u00e9alit\u00e9s alternatives pouvons-nous construire ? Comment prendre soin des personnes et de la plan\u00e8te, en construisant une soci\u00e9t\u00e9 solidaire qui fonctionne pour toutes et tous \u2014 \u00e0 l\u2019intersection des questions de classe, de genre, d\u2019orientation sexuelle et d\u2019origine g\u00e9ographique ? Comment prendre soin des \u00eatres non-humains ?<\/p>\r\n\r\n\r\n\r\n<p>European Alternatives \u0153uvre pour promouvoir la d\u00e9mocratie, l\u2019\u00e9galit\u00e9 et la culture au-del\u00e0 de l\u2019\u00c9tat-nation. Dans cette s\u00e9rie de podcasts, nous rencontrons des activistes transnationaux, des chercheur\u00b7euses, des acteur\u00b7ices culturels et des membres de la soci\u00e9t\u00e9 civile pour imaginer, revendiquer et mettre en \u0153uvre des alternatives.<\/p>\r\n<\/div>\r\n\r\n\r\n\r\n<div class=\"wp-block-column is-layout-flow wp-block-column-is-layout-flow\" style=\"flex-basis:40%\"><\/div>\r\n<\/div>\r\n\r\n\r\n\r\n<div style=\"height:var(--wp--preset--spacing--70)\" aria-hidden=\"true\" class=\"wp-block-spacer\"><\/div>\r\n\r\n\r\n\r\n<h2 class=\"wp-block-heading\" style=\"margin-top:0;margin-bottom:0\">Travailleurs sans fronti\u00e8res<\/h2>\r\n\r\n\r\n\r\n<iframe loading=\"lazy\" style=\"border-radius: 12px;\" src=\"https:\/\/open.spotify.com\/embed\/episode\/1WDIrDsEC9oDz4foPYdKb2?utm_source=generator\" width=\"100%\" height=\"352\" frameborder=\"0\" allowfullscreen=\"allowfullscreen\"><\/iframe>\r\n\r\n\r\n\r\n<div class=\"wp-block-columns is-style-forty-forty is-layout-flex wp-container-core-columns-is-layout-3 wp-block-columns-is-layout-flex\">\r\n<div class=\"wp-block-column is-layout-flow wp-block-column-is-layout-flow\" style=\"flex-basis:40%\">\r\n<p>Workers Without Borders r\u00e9unit des travailleurs migrants originaires des Balkans occidentaux, travaillant ou ayant travaill\u00e9 dans diff\u00e9rents pays europ\u00e9ens et dans divers secteurs. Nous explorons les d\u00e9fis qu\u2019ils rencontrent, leurs exp\u00e9riences et leurs motivations \u00e0 se d\u00e9placer d\u2019un pays \u00e0 l\u2019autre.<\/p>\r\n<\/div>\r\n\r\n\r\n\r\n<div class=\"wp-block-column is-layout-flow wp-block-column-is-layout-flow\" style=\"flex-basis:40%\"><\/div>\r\n<\/div>\r\n\r\n\r\n\r\n<iframe loading=\"lazy\" style=\"border-radius: 12px;\" src=\"https:\/\/open.spotify.com\/embed\/episode\/3MkujZ4rLkIdwglaNfqvPR?utm_source=generator\" width=\"100%\" height=\"152\" frameborder=\"0\" allowfullscreen=\"allowfullscreen\"><\/iframe>\r\n\r\n\r\n\r\n<iframe loading=\"lazy\" style=\"border-radius: 12px;\" src=\"https:\/\/open.spotify.com\/embed\/episode\/1rI8aO9uSnaN9E6z7r3EkU?utm_source=generator\" width=\"100%\" height=\"152\" frameborder=\"0\" allowfullscreen=\"allowfullscreen\"><\/iframe>\r\n\r\n\r\n\r\n<div style=\"height:var(--wp--preset--spacing--70)\" aria-hidden=\"true\" class=\"wp-block-spacer\"><\/div>\r\n\r\n\r\n\r\n<h2 class=\"wp-block-heading\" style=\"margin-top:0;margin-bottom:0\">L&#8217;Ukraine et le monde<\/h2>\r\n\r\n\r\n\r\n<iframe loading=\"lazy\" style=\"border-radius: 12px;\" src=\"https:\/\/open.spotify.com\/embed\/episode\/1eG6MCU6CRKRTi5sJI6moW?utm_source=generator\" width=\"100%\" height=\"352\" frameborder=\"0\" allowfullscreen=\"allowfullscreen\"><\/iframe>\r\n\r\n\r\n\r\n<div class=\"wp-block-columns is-style-forty-forty is-layout-flex wp-container-core-columns-is-layout-4 wp-block-columns-is-layout-flex\">\r\n<div class=\"wp-block-column is-layout-flow wp-block-column-is-layout-flow\" style=\"flex-basis:40%\">\r\n<p>La s\u00e9rie Ukraine and the World est une initiative men\u00e9e en collaboration avec Foreign Policy in Focus \u2013 Institute for Policy Studies aux \u00c9tats-Unis, et notre partenaire de longue date Another Europe is Possible.<\/p>\r\n\r\n\r\n\r\n<p>Dans le premier \u00e9pisode, Luke Cooper s&#8217;entretient avec Masha Shynkarenko, chercheuse au sein du programme Ukraine in European Dialogue de l&#8217;Institut des sciences humaines de Vienne, experte de la colonisation russe de la Crim\u00e9e et du mouvement national tatar de Crim\u00e9e.<\/p>\r\n\r\n\r\n\r\n<p>Ils discutent de l\u2019histoire longue de l\u2019imp\u00e9rialisme russe et sovi\u00e9tique dans la p\u00e9ninsule de Crim\u00e9e, de la vie sous occupation russe, et de la n\u00e9cessit\u00e9 d\u2019aborder avec nuance et complexit\u00e9 la question de ce \u00e0 quoi pourrait ressembler une d\u00e9colonisation concr\u00e8te de la Crim\u00e9e.<\/p>\r\n<\/div>\r\n\r\n\r\n\r\n<div class=\"wp-block-column is-layout-flow wp-block-column-is-layout-flow\" style=\"flex-basis:40%\"><\/div>\r\n<\/div>\r\n\r\n\r\n\r\n<div style=\"height:var(--wp--preset--spacing--70)\" aria-hidden=\"true\" class=\"wp-block-spacer\"><\/div>\r\n\r\n\r\n\r\n<h2 class=\"wp-block-heading\" style=\"margin-top:0;margin-bottom:0\">Resistance : D\u00e9coloniser Internet<\/h2>\r\n\r\n\r\n\r\n<iframe loading=\"lazy\" style=\"border-radius: 12px;\" src=\"https:\/\/open.spotify.com\/embed\/episode\/58WqUBI6fMDusRfL2q6Qnr?utm_source=generator\" width=\"100%\" height=\"352\" frameborder=\"0\" allowfullscreen=\"allowfullscreen\"><\/iframe>\r\n\r\n\r\n\r\n<div class=\"wp-block-columns is-style-forty-forty is-layout-flex wp-container-core-columns-is-layout-5 wp-block-columns-is-layout-flex\">\r\n<div class=\"wp-block-column is-layout-flow wp-block-column-is-layout-flow\" style=\"flex-basis:40%\">\r\n<p>Comment utiliser les arts et les espaces cr\u00e9atifs pour adopter une approche d\u00e9coloniale de la transformation num\u00e9rique ? ARTSFORMATION, un projet dont European Alternatives est un partenaire cl\u00e9, a organis\u00e9 RESISTANCE, une r\u00e9sidence \u00e0 Lesbos suivie d&#8217;une assembl\u00e9e publique lors du festival Transmediale 2023 \u00e0 Berlin pour explorer cette question.<\/p>\r\n\r\n\r\n\r\n<p>Dans cette s\u00e9rie de podcasts, nous rencontrons les r\u00e9sident\u00b7es, coordinateur\u00b7ices et chercheur\u00b7euses afin de discuter de leur exp\u00e9rience dans la construction de nouveaux imaginaires pour remettre en question les in\u00e9galit\u00e9s et les structures de pouvoir existantes dans la transformation num\u00e9rique de l\u2019Europe. Nous contribuons \u00e0 cr\u00e9er un espace d\u00e9mocratique commun, en r\u00e9\u00e9crivant la narration actuelle de la survie pour y substituer celle de la durabilit\u00e9 et de la r\u00e9silience.<\/p>\r\n<\/div>\r\n\r\n\r\n\r\n<div class=\"wp-block-column is-layout-flow wp-block-column-is-layout-flow\" style=\"flex-basis:40%\"><\/div>\r\n<\/div>\r\n\r\n\r\n\r\n<iframe loading=\"lazy\" style=\"border-radius: 12px;\" src=\"https:\/\/open.spotify.com\/embed\/episode\/1E6SLv9URmR6UbGywsUOXk?utm_source=generator\" width=\"100%\" height=\"152\" frameborder=\"0\" allowfullscreen=\"allowfullscreen\"><\/iframe>\r\n\r\n\r\n\r\n<iframe loading=\"lazy\" style=\"border-radius: 12px;\" src=\"https:\/\/open.spotify.com\/embed\/episode\/56nLo12LaAkahdTaE1S9n3?utm_source=generator\" width=\"100%\" height=\"152\" frameborder=\"0\" allowfullscreen=\"allowfullscreen\"><\/iframe>\r\n","protected":false},"excerpt":{"rendered":"<p>European Alternatives propose plusieurs s\u00e9ries de podcasts autour des th\u00e8mes de la d\u00e9mocratie, de la culture et de l\u2019\u00e9galit\u00e9 au-del\u00e0 de l\u2019\u00c9tat-nation. Nos diff\u00e9rentes s\u00e9ries&hellip;<\/p>\n","protected":false},"author":8,"featured_media":23071,"parent":28063,"menu_order":60,"comment_status":"closed","ping_status":"closed","template":"page-templates\/page-header-resources.php","meta":{"_acf_changed":false,"footnotes":""},"class_list":["post-28078","page","type-page","status-publish","has-post-thumbnail","hentry"],"acf":[],"yoast_head":"<!-- This site is optimized with the Yoast SEO plugin v24.6 - https:\/\/yoast.com\/wordpress\/plugins\/seo\/ -->\n<title>Podcasts - European Alternatives<\/title>\n<meta name=\"robots\" content=\"index, follow, max-snippet:-1, max-image-preview:large, max-video-preview:-1\" \/>\n<link rel=\"canonical\" href=\"https:\/\/euroalter.com\/ressources\/podcasts\/\" \/>\n<meta property=\"og:locale\" content=\"fr_FR\" \/>\n<meta property=\"og:type\" content=\"article\" \/>\n<meta property=\"og:title\" content=\"Podcasts - European Alternatives\" \/>\n<meta property=\"og:description\" content=\"European Alternatives propose plusieurs s\u00e9ries de podcasts autour des th\u00e8mes de la d\u00e9mocratie, de la culture et de l\u2019\u00e9galit\u00e9 au-del\u00e0 de l\u2019\u00c9tat-nation. Nos diff\u00e9rentes s\u00e9ries&hellip;\" \/>\n<meta property=\"og:url\" content=\"https:\/\/euroalter.com\/ressources\/podcasts\/\" \/>\n<meta property=\"og:site_name\" content=\"European Alternatives\" \/>\n<meta name=\"twitter:card\" content=\"summary_large_image\" \/>\n<script type=\"application\/ld+json\" class=\"yoast-schema-graph\">{\"@context\":\"https:\/\/schema.org\",\"@graph\":[{\"@type\":\"WebPage\",\"@id\":\"https:\/\/euroalter.com\/ressources\/podcasts\/\",\"url\":\"https:\/\/euroalter.com\/ressources\/podcasts\/\",\"name\":\"Podcasts - European Alternatives\",\"isPartOf\":{\"@id\":\"https:\/\/euroalter.com\/#website\"},\"primaryImageOfPage\":{\"@id\":\"https:\/\/euroalter.com\/ressources\/podcasts\/#primaryimage\"},\"image\":{\"@id\":\"https:\/\/euroalter.com\/ressources\/podcasts\/#primaryimage\"},\"thumbnailUrl\":\"https:\/\/euroalter.com\/wp-content\/uploads\/2023\/12\/beyond-the-nation-state-1.png\",\"datePublished\":\"2025-04-29T13:59:41+00:00\",\"breadcrumb\":{\"@id\":\"https:\/\/euroalter.com\/ressources\/podcasts\/#breadcrumb\"},\"inLanguage\":\"fr-FR\",\"potentialAction\":[{\"@type\":\"ReadAction\",\"target\":[\"https:\/\/euroalter.com\/ressources\/podcasts\/\"]}]},{\"@type\":\"ImageObject\",\"inLanguage\":\"fr-FR\",\"@id\":\"https:\/\/euroalter.com\/ressources\/podcasts\/#primaryimage\",\"url\":\"https:\/\/euroalter.com\/wp-content\/uploads\/2023\/12\/beyond-the-nation-state-1.png\",\"contentUrl\":\"https:\/\/euroalter.com\/wp-content\/uploads\/2023\/12\/beyond-the-nation-state-1.png\",\"width\":3000,\"height\":3000},{\"@type\":\"BreadcrumbList\",\"@id\":\"https:\/\/euroalter.com\/ressources\/podcasts\/#breadcrumb\",\"itemListElement\":[{\"@type\":\"ListItem\",\"position\":1,\"name\":\"Home\",\"item\":\"https:\/\/euroalter.com\/fr\/\"},{\"@type\":\"ListItem\",\"position\":2,\"name\":\"Ressources\",\"item\":\"https:\/\/euroalter.com\/fr\/ressources\/\"},{\"@type\":\"ListItem\",\"position\":3,\"name\":\"Podcasts\"}]},{\"@type\":\"WebSite\",\"@id\":\"https:\/\/euroalter.com\/#website\",\"url\":\"https:\/\/euroalter.com\/\",\"name\":\"European Alternatives\",\"description\":\"Democracy, Equality and Culture beyond the nation\",\"potentialAction\":[{\"@type\":\"SearchAction\",\"target\":{\"@type\":\"EntryPoint\",\"urlTemplate\":\"https:\/\/euroalter.com\/?s={search_term_string}\"},\"query-input\":{\"@type\":\"PropertyValueSpecification\",\"valueRequired\":true,\"valueName\":\"search_term_string\"}}],\"inLanguage\":\"fr-FR\"}]}<\/script>\n<!-- \/ Yoast SEO plugin. -->","yoast_head_json":{"title":"Podcasts - European Alternatives","robots":{"index":"index","follow":"follow","max-snippet":"max-snippet:-1","max-image-preview":"max-image-preview:large","max-video-preview":"max-video-preview:-1"},"canonical":"https:\/\/euroalter.com\/ressources\/podcasts\/","og_locale":"fr_FR","og_type":"article","og_title":"Podcasts - European Alternatives","og_description":"European Alternatives propose plusieurs s\u00e9ries de podcasts autour des th\u00e8mes de la d\u00e9mocratie, de la culture et de l\u2019\u00e9galit\u00e9 au-del\u00e0 de l\u2019\u00c9tat-nation. Nos diff\u00e9rentes s\u00e9ries&hellip;","og_url":"https:\/\/euroalter.com\/ressources\/podcasts\/","og_site_name":"European Alternatives","twitter_card":"summary_large_image","schema":{"@context":"https:\/\/schema.org","@graph":[{"@type":"WebPage","@id":"https:\/\/euroalter.com\/ressources\/podcasts\/","url":"https:\/\/euroalter.com\/ressources\/podcasts\/","name":"Podcasts - European Alternatives","isPartOf":{"@id":"https:\/\/euroalter.com\/#website"},"primaryImageOfPage":{"@id":"https:\/\/euroalter.com\/ressources\/podcasts\/#primaryimage"},"image":{"@id":"https:\/\/euroalter.com\/ressources\/podcasts\/#primaryimage"},"thumbnailUrl":"https:\/\/euroalter.com\/wp-content\/uploads\/2023\/12\/beyond-the-nation-state-1.png","datePublished":"2025-04-29T13:59:41+00:00","breadcrumb":{"@id":"https:\/\/euroalter.com\/ressources\/podcasts\/#breadcrumb"},"inLanguage":"fr-FR","potentialAction":[{"@type":"ReadAction","target":["https:\/\/euroalter.com\/ressources\/podcasts\/"]}]},{"@type":"ImageObject","inLanguage":"fr-FR","@id":"https:\/\/euroalter.com\/ressources\/podcasts\/#primaryimage","url":"https:\/\/euroalter.com\/wp-content\/uploads\/2023\/12\/beyond-the-nation-state-1.png","contentUrl":"https:\/\/euroalter.com\/wp-content\/uploads\/2023\/12\/beyond-the-nation-state-1.png","width":3000,"height":3000},{"@type":"BreadcrumbList","@id":"https:\/\/euroalter.com\/ressources\/podcasts\/#breadcrumb","itemListElement":[{"@type":"ListItem","position":1,"name":"Home","item":"https:\/\/euroalter.com\/fr\/"},{"@type":"ListItem","position":2,"name":"Ressources","item":"https:\/\/euroalter.com\/fr\/ressources\/"},{"@type":"ListItem","position":3,"name":"Podcasts"}]},{"@type":"WebSite","@id":"https:\/\/euroalter.com\/#website","url":"https:\/\/euroalter.com\/","name":"European Alternatives","description":"Democracy, Equality and Culture beyond the nation","potentialAction":[{"@type":"SearchAction","target":{"@type":"EntryPoint","urlTemplate":"https:\/\/euroalter.com\/?s={search_term_string}"},"query-input":{"@type":"PropertyValueSpecification","valueRequired":true,"valueName":"search_term_string"}}],"inLanguage":"fr-FR"}]}},"_links":{"self":[{"href":"https:\/\/euroalter.com\/fr\/wp-json\/wp\/v2\/pages\/28078","targetHints":{"allow":["GET"]}}],"collection":[{"href":"https:\/\/euroalter.com\/fr\/wp-json\/wp\/v2\/pages"}],"about":[{"href":"https:\/\/euroalter.com\/fr\/wp-json\/wp\/v2\/types\/page"}],"author":[{"embeddable":true,"href":"https:\/\/euroalter.com\/fr\/wp-json\/wp\/v2\/users\/8"}],"replies":[{"embeddable":true,"href":"https:\/\/euroalter.com\/fr\/wp-json\/wp\/v2\/comments?post=28078"}],"version-history":[{"count":0,"href":"https:\/\/euroalter.com\/fr\/wp-json\/wp\/v2\/pages\/28078\/revisions"}],"up":[{"embeddable":true,"href":"https:\/\/euroalter.com\/fr\/wp-json\/wp\/v2\/pages\/28063"}],"wp:featuredmedia":[{"embeddable":true,"href":"https:\/\/euroalter.com\/fr\/wp-json\/wp\/v2\/media\/23071"}],"wp:attachment":[{"href":"https:\/\/euroalter.com\/fr\/wp-json\/wp\/v2\/media?parent=28078"}],"curies":[{"name":"wp","href":"https:\/\/api.w.org\/{rel}","templated":true}]}}