{"id":28066,"date":"2025-04-25T16:49:42","date_gmt":"2025-04-25T14:49:42","guid":{"rendered":"https:\/\/euroalter.com\/ressources\/publications\/"},"modified":"2025-04-25T16:49:42","modified_gmt":"2025-04-25T14:49:42","slug":"publications","status":"publish","type":"page","link":"https:\/\/euroalter.com\/fr\/ressources\/publications\/","title":{"rendered":"Publications"},"content":{"rendered":"\r\n<div class=\"wp-block-columns is-style-sixty-forty is-layout-flex wp-container-core-columns-is-layout-1 wp-block-columns-is-layout-flex\">\r\n\r\n\r\n<div class=\"wp-block-column is-layout-flow wp-block-column-is-layout-flow\">\r\n\r\n\r\n<p class=\"has-60-font-size\">Nos publications sont soigneusement con\u00e7ues, \u00e9labor\u00e9es et s\u00e9lectionn\u00e9es par notre \u00e9quipe. Elles comprennent des contenus originaux ainsi que des recherches existantes, command\u00e9es ou ind\u00e9pendantes, des essais, des entretiens et d&#8217;autres contenus cr\u00e9atifs et critiques qui contribuent \u00e0 faire \u00e9voluer les r\u00e9cits et \u00e0 explorer les croisements entre le climat, la politique et l\u2019avenir de l\u2019Europe, parmi de nombreux autres sujets.<\/p>\r\n\r\n<\/div>\r\n\r\n\r\n<\/div>\r\n","protected":false},"excerpt":{"rendered":"<p>Nos publications sont soigneusement con\u00e7ues, \u00e9labor\u00e9es et s\u00e9lectionn\u00e9es par notre \u00e9quipe. Elles comprennent des contenus originaux ainsi que des recherches existantes, command\u00e9es ou ind\u00e9pendantes, des&hellip;<\/p>\n","protected":false},"author":3,"featured_media":0,"parent":28063,"menu_order":30,"comment_status":"closed","ping_status":"closed","template":"page-templates\/page-header-resources.php","meta":{"_acf_changed":false,"footnotes":""},"class_list":["post-28066","page","type-page","status-publish","hentry"],"acf":[],"yoast_head":"<!-- This site is optimized with the Yoast SEO plugin v24.6 - https:\/\/yoast.com\/wordpress\/plugins\/seo\/ -->\n<title>Publications - European Alternatives<\/title>\n<meta name=\"robots\" content=\"index, follow, max-snippet:-1, max-image-preview:large, max-video-preview:-1\" \/>\n<link rel=\"canonical\" href=\"https:\/\/euroalter.com\/fr\/ressources\/publications\/\" \/>\n<meta property=\"og:locale\" content=\"fr_FR\" \/>\n<meta property=\"og:type\" content=\"article\" \/>\n<meta property=\"og:title\" content=\"Publications - European Alternatives\" \/>\n<meta property=\"og:description\" content=\"Nos publications sont soigneusement con\u00e7ues, \u00e9labor\u00e9es et s\u00e9lectionn\u00e9es par notre \u00e9quipe. Elles comprennent des contenus originaux ainsi que des recherches existantes, command\u00e9es ou ind\u00e9pendantes, des&hellip;\" \/>\n<meta property=\"og:url\" content=\"https:\/\/euroalter.com\/fr\/ressources\/publications\/\" \/>\n<meta property=\"og:site_name\" content=\"European Alternatives\" \/>\n<meta name=\"twitter:card\" content=\"summary_large_image\" \/>\n<script type=\"application\/ld+json\" class=\"yoast-schema-graph\">{\"@context\":\"https:\/\/schema.org\",\"@graph\":[{\"@type\":\"WebPage\",\"@id\":\"https:\/\/euroalter.com\/fr\/ressources\/publications\/\",\"url\":\"https:\/\/euroalter.com\/fr\/ressources\/publications\/\",\"name\":\"Publications - European Alternatives\",\"isPartOf\":{\"@id\":\"https:\/\/euroalter.com\/#website\"},\"datePublished\":\"2025-04-25T14:49:42+00:00\",\"breadcrumb\":{\"@id\":\"https:\/\/euroalter.com\/fr\/ressources\/publications\/#breadcrumb\"},\"inLanguage\":\"fr-FR\",\"potentialAction\":[{\"@type\":\"ReadAction\",\"target\":[\"https:\/\/euroalter.com\/fr\/ressources\/publications\/\"]}]},{\"@type\":\"BreadcrumbList\",\"@id\":\"https:\/\/euroalter.com\/fr\/ressources\/publications\/#breadcrumb\",\"itemListElement\":[{\"@type\":\"ListItem\",\"position\":1,\"name\":\"Home\",\"item\":\"https:\/\/euroalter.com\/fr\/\"},{\"@type\":\"ListItem\",\"position\":2,\"name\":\"Ressources\",\"item\":\"https:\/\/euroalter.com\/fr\/ressources\/\"},{\"@type\":\"ListItem\",\"position\":3,\"name\":\"Publications\"}]},{\"@type\":\"WebSite\",\"@id\":\"https:\/\/euroalter.com\/#website\",\"url\":\"https:\/\/euroalter.com\/\",\"name\":\"European Alternatives\",\"description\":\"Democracy, Equality and Culture beyond the nation\",\"potentialAction\":[{\"@type\":\"SearchAction\",\"target\":{\"@type\":\"EntryPoint\",\"urlTemplate\":\"https:\/\/euroalter.com\/?s={search_term_string}\"},\"query-input\":{\"@type\":\"PropertyValueSpecification\",\"valueRequired\":true,\"valueName\":\"search_term_string\"}}],\"inLanguage\":\"fr-FR\"}]}<\/script>\n<!-- \/ Yoast SEO plugin. -->","yoast_head_json":{"title":"Publications - European Alternatives","robots":{"index":"index","follow":"follow","max-snippet":"max-snippet:-1","max-image-preview":"max-image-preview:large","max-video-preview":"max-video-preview:-1"},"canonical":"https:\/\/euroalter.com\/fr\/ressources\/publications\/","og_locale":"fr_FR","og_type":"article","og_title":"Publications - European Alternatives","og_description":"Nos publications sont soigneusement con\u00e7ues, \u00e9labor\u00e9es et s\u00e9lectionn\u00e9es par notre \u00e9quipe. Elles comprennent des contenus originaux ainsi que des recherches existantes, command\u00e9es ou ind\u00e9pendantes, des&hellip;","og_url":"https:\/\/euroalter.com\/fr\/ressources\/publications\/","og_site_name":"European Alternatives","twitter_card":"summary_large_image","schema":{"@context":"https:\/\/schema.org","@graph":[{"@type":"WebPage","@id":"https:\/\/euroalter.com\/fr\/ressources\/publications\/","url":"https:\/\/euroalter.com\/fr\/ressources\/publications\/","name":"Publications - European Alternatives","isPartOf":{"@id":"https:\/\/euroalter.com\/#website"},"datePublished":"2025-04-25T14:49:42+00:00","breadcrumb":{"@id":"https:\/\/euroalter.com\/fr\/ressources\/publications\/#breadcrumb"},"inLanguage":"fr-FR","potentialAction":[{"@type":"ReadAction","target":["https:\/\/euroalter.com\/fr\/ressources\/publications\/"]}]},{"@type":"BreadcrumbList","@id":"https:\/\/euroalter.com\/fr\/ressources\/publications\/#breadcrumb","itemListElement":[{"@type":"ListItem","position":1,"name":"Home","item":"https:\/\/euroalter.com\/fr\/"},{"@type":"ListItem","position":2,"name":"Ressources","item":"https:\/\/euroalter.com\/fr\/ressources\/"},{"@type":"ListItem","position":3,"name":"Publications"}]},{"@type":"WebSite","@id":"https:\/\/euroalter.com\/#website","url":"https:\/\/euroalter.com\/","name":"European Alternatives","description":"Democracy, Equality and Culture beyond the nation","potentialAction":[{"@type":"SearchAction","target":{"@type":"EntryPoint","urlTemplate":"https:\/\/euroalter.com\/?s={search_term_string}"},"query-input":{"@type":"PropertyValueSpecification","valueRequired":true,"valueName":"search_term_string"}}],"inLanguage":"fr-FR"}]}},"_links":{"self":[{"href":"https:\/\/euroalter.com\/fr\/wp-json\/wp\/v2\/pages\/28066","targetHints":{"allow":["GET"]}}],"collection":[{"href":"https:\/\/euroalter.com\/fr\/wp-json\/wp\/v2\/pages"}],"about":[{"href":"https:\/\/euroalter.com\/fr\/wp-json\/wp\/v2\/types\/page"}],"author":[{"embeddable":true,"href":"https:\/\/euroalter.com\/fr\/wp-json\/wp\/v2\/users\/3"}],"replies":[{"embeddable":true,"href":"https:\/\/euroalter.com\/fr\/wp-json\/wp\/v2\/comments?post=28066"}],"version-history":[{"count":0,"href":"https:\/\/euroalter.com\/fr\/wp-json\/wp\/v2\/pages\/28066\/revisions"}],"up":[{"embeddable":true,"href":"https:\/\/euroalter.com\/fr\/wp-json\/wp\/v2\/pages\/28063"}],"wp:attachment":[{"href":"https:\/\/euroalter.com\/fr\/wp-json\/wp\/v2\/media?parent=28066"}],"curies":[{"name":"wp","href":"https:\/\/api.w.org\/{rel}","templated":true}]}}