{"id":28035,"date":"2025-04-23T18:21:47","date_gmt":"2025-04-23T16:21:47","guid":{"rendered":"https:\/\/euroalter.com\/assemblee-ouverte\/"},"modified":"2025-04-23T18:21:47","modified_gmt":"2025-04-23T16:21:47","slug":"assemblee-ouverte","status":"publish","type":"page","link":"https:\/\/euroalter.com\/fr\/assemblee-ouverte\/","title":{"rendered":"Assembl\u00e9e ouverte"},"content":{"rendered":"<p><img loading=\"lazy\" decoding=\"async\" src=\"https:\/\/euroalter.com\/wp-content\/uploads\/2020\/03\/30888512318_ee38a7b5b7_k-1.jpg\" sizes=\"auto, (max-width: 2048px) 100vw, 2048px\" srcset=\"https:\/\/euroalter.com\/wp-content\/uploads\/2020\/03\/30888512318_ee38a7b5b7_k-1.jpg 2048w, https:\/\/euroalter.com\/wp-content\/uploads\/2020\/03\/30888512318_ee38a7b5b7_k-1-1024x374.jpg 1024w, https:\/\/euroalter.com\/wp-content\/uploads\/2020\/03\/30888512318_ee38a7b5b7_k-1-768x281.jpg 768w, https:\/\/euroalter.com\/wp-content\/uploads\/2020\/03\/30888512318_ee38a7b5b7_k-1-1536x561.jpg 1536w\" alt=\"\" width=\"2048\" height=\"748\" \/><\/p>\n<h2>La prochaine Assembl\u00e9e ouverte arrive bient\u00f4t.<\/h2>\n<p>Nous sommes en train de concevoir la prochaine Assembl\u00e9e Ouverte, qui comportera une dimension en ligne plus importante que les \u00e9ditions pr\u00e9c\u00e9dentes. Plus d\u2019informations seront bient\u00f4t disponibles sur cette page.<\/p>\n<h2>Assembl\u00e9e ouverte 2019<\/h2>\n<p><b>L&#8217;Assembl\u00e9e ouverte 2019<\/b> e eu lieu <b>le 21 septembre 2019 au Museum des Kapitalismus<\/b> \u00e0 Berlin.<\/p>\n<p>Le 21 septembre,\u00a0<a href=\"https:\/\/globalclimatestrike.net\/\"> au lendemain des troisi\u00e8mes gr\u00e8ves pour le climat en Allemagne<\/a> et dans le monde entier, nous avons ouvert un espace pour partager les actualit\u00e9s concernant les projets d\u2019European Alternatives pour 2019\u20132020, renforcer les liens, et \u00e9changer des strat\u00e9gies pour la justice sociale et climatique \u00e0 Berlin et au-del\u00e0. La crise climatique a pouss\u00e9 les jeunes g\u00e9n\u00e9rations \u2014 et les moins jeunes \u2014 \u00e0 s\u2019organiser autrement pour soutenir une transformation socio-\u00e9conomique de notre monde, avant qu\u2019un point de non-retour soit atteint.<\/p>\n<p>Nous avons explor\u00e9 comment rendre nos luttes plus sensibles aux enjeux sociaux et climatiques, et partag\u00e9 r\u00e9flexions, strat\u00e9gies et outils pour agir \u00e0 l\u2019\u00e9chelle locale comme transnationale.<\/p>\n<h2>Assembl\u00e9e ouverte 2018<\/h2>\n<p><b>L&#8217;Assembl\u00e9e ouverte 2018<\/b> s&#8217;est tenue <b>le 16 septembre 2018 dans les locaux de Wikimedia<\/b> \u00e0 Berlin, en parall\u00e8le de notre congr\u00e8s <a href=\"https:\/\/www.facebook.com\/events\/237040363753477\/\"><b>What Comes After the Nation-State?<\/b><\/a><b>\u00a0\u00a0<\/b><\/p>\n<p>Dans un espace ouvert et collaboratif, nous avons discut\u00e9 des priorit\u00e9s \u00e0 venir selon les membres, en vue des \u00e9lections europ\u00e9ennes de 2019 :<\/p>\n<ul>\n<li style=\"font-weight: 400;\">Existe-t-il d\u00e9j\u00e0 des actions collectives auxquelles nous pourrions nous joindre ou des opportunit\u00e9s \u00e0 saisir ?<\/li>\n<li style=\"font-weight: 400;\">Quels enjeux souhaitons-nous voir port\u00e9s par les partis politiques ?<\/li>\n<li style=\"font-weight: 400;\">Que pouvons-nous faire pour contrer la mont\u00e9e du populisme d&#8217;extr\u00eame droite et du nationalisme ?<\/li>\n<\/ul>\n<p>En amont de l\u2019Assembl\u00e9e, nous avons collect\u00e9 les id\u00e9es de nos membres et ami\u00b7es qui ne pouvaient pas \u00eatre physiquement pr\u00e9sent\u00b7es \u00e0 Berlin.<\/p>\n<h2>Assembl\u00e9e ouverte 2017<\/h2>\n<p><b>L&#8217;Assembl\u00e9e ouverte 2017<\/b> s&#8217;est tenue <b>le 29 octobre 2017 au Matadero<\/b> de Madrid, dans le cadre du <a href=\"http:\/\/www.transeuropafestival.eu\"><b>Festival TRANSEUROPA 2017 | Espaces convergents<\/b><\/a>. Vous pouvez <a href=\"https:\/\/euroalter.com\/wp-content\/uploads\/2017\/11\/Minutes_Open_Assembly_29102017_Madrid.pdf\"><b>t\u00e9l\u00e9charger les principales conclusions de cette Assembl\u00e9e ici<\/b><\/a>.<\/p>\n<p><b>L&#8217;Assembl\u00e9e \u00e9tait ouverte \u00e0 toustes<\/b> (membres et grand public) et avait pour objectif :<\/p>\n<ul>\n<li style=\"font-weight: 400;\">d\u2019informer les participant\u00b7es des derni\u00e8res \u00e9volutions, priorit\u00e9s et strat\u00e9gies d\u2019European Alternatives ;<\/li>\n<li style=\"font-weight: 400;\">de r\u00e9fl\u00e9chir ensemble \u00e0 notre programme de travail, notamment les structures de participation et d\u2019adh\u00e9sion, le futur Festival TRANSEUROPA 2019, ou encore la possible cr\u00e9ation d\u2019une \u00c9cole europ\u00e9enne de l\u2019activisme dans les ann\u00e9es \u00e0 venir.<\/li>\n<\/ul>\n<h2>Assembl\u00e9e ouverte 2016<\/h2>\n<p><b>L&#8217;Assembl\u00e9e ouverte 2016<\/b> a eu lieu le <b>27 ao\u00fbt 2016<\/b> \u00e0 la<a href=\"http:\/\/ngbk.de\/\"> <b>neue Gesellschaft f\u00fcr bildende Kunst (nGbK)<\/b><\/a> \u00e0 Berlin. <a href=\"https:\/\/www.youtube.com\/watch?v=JUmOe39JaK0\"><b>Vous pouvez revoir le direct de l&#8217;Assembl\u00e9e<\/b><\/a> ou <a href=\"https:\/\/euroalter.com\/wp-content\/uploads\/2016\/08\/Minutes_General_Assembly_2016.pdf\"><b>t\u00e9l\u00e9charger le compte-rendu de l&#8217;\u00e9v\u00e9nement<\/b><\/a>.<\/p>\n<p><strong>Cette \u00e9dition \u00e9tait ouverte \u00e0 toustes<\/strong>\u00a0(membres et public), avec pour objectifs :<\/p>\n<ul>\n<li style=\"font-weight: 400;\">d\u2019informer sur les d\u00e9veloppements, priorit\u00e9s et strat\u00e9gies d\u2019European Alternatives ;<\/li>\n<li style=\"font-weight: 400;\">d\u2019offrir aux <strong>membres individuels<\/strong><b>\u00a0<\/b>et<b> organisations membres<\/b> la possibilit\u00e9 de voter sur les comptes, de rencontrer les candidat\u00b7es pour deux nouveaux postes au sein du conseil d\u2019administration, de proposer des r\u00e9solutions et amendements \u00e0 la feuille de route strat\u00e9gique pour 2017 ;<\/li>\n<li style=\"font-weight: 400;\">de permettre aux membres absents de suivre l\u2019Assembl\u00e9e g\u00e9n\u00e9rale en direct. <strong>Tous les membres ont pu voter en ligne sur les orientations strat\u00e9giques et l\u2019\u00e9lection de deux nouveaux membres du conseil du vendredi 2 septembre \u00e0 minuit jusqu\u2019au dimanche 11 septembre \u00e0 minuit.<\/strong><\/li>\n<\/ul>\n<p>L\u2019Assembl\u00e9e s\u2019est conclue par la f\u00eate de cl\u00f4ture d\u2019European Alternatives, ouverte \u00e0 toustes, avec un programme riche l\u2019apr\u00e8s-midi et en soir\u00e9e.<\/p>\n","protected":false},"excerpt":{"rendered":"<p>La prochaine Assembl\u00e9e ouverte arrive bient\u00f4t. Nous sommes en train de concevoir la prochaine Assembl\u00e9e Ouverte, qui comportera une dimension en ligne plus importante que&hellip;<\/p>\n","protected":false},"author":4,"featured_media":0,"parent":0,"menu_order":0,"comment_status":"closed","ping_status":"closed","template":"","meta":{"_acf_changed":false,"footnotes":""},"class_list":["post-28035","page","type-page","status-publish","hentry"],"acf":[],"yoast_head":"<!-- This site is optimized with the Yoast SEO plugin v24.6 - https:\/\/yoast.com\/wordpress\/plugins\/seo\/ -->\n<title>Assembl\u00e9e ouverte - European Alternatives<\/title>\n<meta name=\"robots\" content=\"index, follow, max-snippet:-1, max-image-preview:large, max-video-preview:-1\" \/>\n<link rel=\"canonical\" href=\"https:\/\/euroalter.com\/assemblee-ouverte\/\" \/>\n<meta property=\"og:locale\" content=\"fr_FR\" \/>\n<meta property=\"og:type\" content=\"article\" \/>\n<meta property=\"og:title\" content=\"Assembl\u00e9e ouverte - European Alternatives\" \/>\n<meta property=\"og:description\" content=\"La prochaine Assembl\u00e9e ouverte arrive bient\u00f4t. Nous sommes en train de concevoir la prochaine Assembl\u00e9e Ouverte, qui comportera une dimension en ligne plus importante que&hellip;\" \/>\n<meta property=\"og:url\" content=\"https:\/\/euroalter.com\/assemblee-ouverte\/\" \/>\n<meta property=\"og:site_name\" content=\"European Alternatives\" \/>\n<meta property=\"og:image\" content=\"https:\/\/euroalter.com\/wp-content\/uploads\/2020\/03\/30888512318_ee38a7b5b7_k-1.jpg\" \/>\n<meta name=\"twitter:card\" content=\"summary_large_image\" \/>\n<meta name=\"twitter:label1\" content=\"Est. reading time\" \/>\n\t<meta name=\"twitter:data1\" content=\"3 minutes\" \/>\n<script type=\"application\/ld+json\" class=\"yoast-schema-graph\">{\"@context\":\"https:\/\/schema.org\",\"@graph\":[{\"@type\":\"WebPage\",\"@id\":\"https:\/\/euroalter.com\/assemblee-ouverte\/\",\"url\":\"https:\/\/euroalter.com\/assemblee-ouverte\/\",\"name\":\"Assembl\u00e9e ouverte - European Alternatives\",\"isPartOf\":{\"@id\":\"https:\/\/euroalter.com\/#website\"},\"primaryImageOfPage\":{\"@id\":\"https:\/\/euroalter.com\/assemblee-ouverte\/#primaryimage\"},\"image\":{\"@id\":\"https:\/\/euroalter.com\/assemblee-ouverte\/#primaryimage\"},\"thumbnailUrl\":\"https:\/\/euroalter.com\/wp-content\/uploads\/2020\/03\/30888512318_ee38a7b5b7_k-1.jpg\",\"datePublished\":\"2025-04-23T16:21:47+00:00\",\"breadcrumb\":{\"@id\":\"https:\/\/euroalter.com\/assemblee-ouverte\/#breadcrumb\"},\"inLanguage\":\"fr-FR\",\"potentialAction\":[{\"@type\":\"ReadAction\",\"target\":[\"https:\/\/euroalter.com\/assemblee-ouverte\/\"]}]},{\"@type\":\"ImageObject\",\"inLanguage\":\"fr-FR\",\"@id\":\"https:\/\/euroalter.com\/assemblee-ouverte\/#primaryimage\",\"url\":\"https:\/\/euroalter.com\/wp-content\/uploads\/2020\/03\/30888512318_ee38a7b5b7_k-1.jpg\",\"contentUrl\":\"https:\/\/euroalter.com\/wp-content\/uploads\/2020\/03\/30888512318_ee38a7b5b7_k-1.jpg\"},{\"@type\":\"BreadcrumbList\",\"@id\":\"https:\/\/euroalter.com\/assemblee-ouverte\/#breadcrumb\",\"itemListElement\":[{\"@type\":\"ListItem\",\"position\":1,\"name\":\"Home\",\"item\":\"https:\/\/euroalter.com\/fr\/\"},{\"@type\":\"ListItem\",\"position\":2,\"name\":\"Assembl\u00e9e ouverte\"}]},{\"@type\":\"WebSite\",\"@id\":\"https:\/\/euroalter.com\/#website\",\"url\":\"https:\/\/euroalter.com\/\",\"name\":\"European Alternatives\",\"description\":\"Democracy, Equality and Culture beyond the nation\",\"potentialAction\":[{\"@type\":\"SearchAction\",\"target\":{\"@type\":\"EntryPoint\",\"urlTemplate\":\"https:\/\/euroalter.com\/?s={search_term_string}\"},\"query-input\":{\"@type\":\"PropertyValueSpecification\",\"valueRequired\":true,\"valueName\":\"search_term_string\"}}],\"inLanguage\":\"fr-FR\"}]}<\/script>\n<!-- \/ Yoast SEO plugin. -->","yoast_head_json":{"title":"Assembl\u00e9e ouverte - European Alternatives","robots":{"index":"index","follow":"follow","max-snippet":"max-snippet:-1","max-image-preview":"max-image-preview:large","max-video-preview":"max-video-preview:-1"},"canonical":"https:\/\/euroalter.com\/assemblee-ouverte\/","og_locale":"fr_FR","og_type":"article","og_title":"Assembl\u00e9e ouverte - European Alternatives","og_description":"La prochaine Assembl\u00e9e ouverte arrive bient\u00f4t. Nous sommes en train de concevoir la prochaine Assembl\u00e9e Ouverte, qui comportera une dimension en ligne plus importante que&hellip;","og_url":"https:\/\/euroalter.com\/assemblee-ouverte\/","og_site_name":"European Alternatives","og_image":[{"url":"https:\/\/euroalter.com\/wp-content\/uploads\/2020\/03\/30888512318_ee38a7b5b7_k-1.jpg","type":"","width":"","height":""}],"twitter_card":"summary_large_image","twitter_misc":{"Est. reading time":"3 minutes"},"schema":{"@context":"https:\/\/schema.org","@graph":[{"@type":"WebPage","@id":"https:\/\/euroalter.com\/assemblee-ouverte\/","url":"https:\/\/euroalter.com\/assemblee-ouverte\/","name":"Assembl\u00e9e ouverte - European Alternatives","isPartOf":{"@id":"https:\/\/euroalter.com\/#website"},"primaryImageOfPage":{"@id":"https:\/\/euroalter.com\/assemblee-ouverte\/#primaryimage"},"image":{"@id":"https:\/\/euroalter.com\/assemblee-ouverte\/#primaryimage"},"thumbnailUrl":"https:\/\/euroalter.com\/wp-content\/uploads\/2020\/03\/30888512318_ee38a7b5b7_k-1.jpg","datePublished":"2025-04-23T16:21:47+00:00","breadcrumb":{"@id":"https:\/\/euroalter.com\/assemblee-ouverte\/#breadcrumb"},"inLanguage":"fr-FR","potentialAction":[{"@type":"ReadAction","target":["https:\/\/euroalter.com\/assemblee-ouverte\/"]}]},{"@type":"ImageObject","inLanguage":"fr-FR","@id":"https:\/\/euroalter.com\/assemblee-ouverte\/#primaryimage","url":"https:\/\/euroalter.com\/wp-content\/uploads\/2020\/03\/30888512318_ee38a7b5b7_k-1.jpg","contentUrl":"https:\/\/euroalter.com\/wp-content\/uploads\/2020\/03\/30888512318_ee38a7b5b7_k-1.jpg"},{"@type":"BreadcrumbList","@id":"https:\/\/euroalter.com\/assemblee-ouverte\/#breadcrumb","itemListElement":[{"@type":"ListItem","position":1,"name":"Home","item":"https:\/\/euroalter.com\/fr\/"},{"@type":"ListItem","position":2,"name":"Assembl\u00e9e ouverte"}]},{"@type":"WebSite","@id":"https:\/\/euroalter.com\/#website","url":"https:\/\/euroalter.com\/","name":"European Alternatives","description":"Democracy, Equality and Culture beyond the nation","potentialAction":[{"@type":"SearchAction","target":{"@type":"EntryPoint","urlTemplate":"https:\/\/euroalter.com\/?s={search_term_string}"},"query-input":{"@type":"PropertyValueSpecification","valueRequired":true,"valueName":"search_term_string"}}],"inLanguage":"fr-FR"}]}},"_links":{"self":[{"href":"https:\/\/euroalter.com\/fr\/wp-json\/wp\/v2\/pages\/28035","targetHints":{"allow":["GET"]}}],"collection":[{"href":"https:\/\/euroalter.com\/fr\/wp-json\/wp\/v2\/pages"}],"about":[{"href":"https:\/\/euroalter.com\/fr\/wp-json\/wp\/v2\/types\/page"}],"author":[{"embeddable":true,"href":"https:\/\/euroalter.com\/fr\/wp-json\/wp\/v2\/users\/4"}],"replies":[{"embeddable":true,"href":"https:\/\/euroalter.com\/fr\/wp-json\/wp\/v2\/comments?post=28035"}],"version-history":[{"count":0,"href":"https:\/\/euroalter.com\/fr\/wp-json\/wp\/v2\/pages\/28035\/revisions"}],"wp:attachment":[{"href":"https:\/\/euroalter.com\/fr\/wp-json\/wp\/v2\/media?parent=28035"}],"curies":[{"name":"wp","href":"https:\/\/api.w.org\/{rel}","templated":true}]}}