{"id":28022,"date":"2025-04-23T16:43:40","date_gmt":"2025-04-23T14:43:40","guid":{"rendered":"https:\/\/euroalter.com\/faire-un-don\/"},"modified":"2025-06-13T10:40:27","modified_gmt":"2025-06-13T08:40:27","slug":"faire-un-don","status":"publish","type":"page","link":"https:\/\/euroalter.com\/fr\/faire-un-don\/","title":{"rendered":"Faire un don"},"content":{"rendered":"\r\n<div class=\"wp-block-columns is-style-sixty-forty is-layout-flex wp-container-core-columns-is-layout-1 wp-block-columns-is-layout-flex\">\r\n\r\n\r\n<div class=\"wp-block-column is-layout-flow wp-block-column-is-layout-flow\">\r\n\r\n\r\n<h3 data-start=\"51\" data-end=\"103\"><strong data-start=\"55\" data-end=\"101\">Soutenez nos projets, campagnes et actions.<\/strong><\/h3>\r\n<p data-start=\"104\" data-end=\"272\">Faites un don ponctuel ou devenez membre de soutien.<br data-start=\"156\" data-end=\"159\" \/>Votre contribution finance notre programme de travail global et nous aide \u00e0 \u00eatre plus forts et plus ind\u00e9pendants.<\/p>\r\n\r\n\r\n\r\n<div class=\"wp-block-spacer\" style=\"height: var(--wp--preset--spacing--30);\" aria-hidden=\"true\"><\/div>\r\n\r\n\r\n\r\n<div class=\"wp-block-group has-foreground-background-color has-background is-layout-constrained wp-block-group-is-layout-constrained\" style=\"padding-top: 1px; padding-bottom: 1px;\"><script type=\"text\/javascript\">\n\t(function() {\n\t\tvar u=\"https:\/\/spenden.twingle.de\/embed\/genericorganisation\/genericproject\/tw60b0f7975c716\/form\";\n\t\tvar id = '_' + Math.random().toString(36).substr(2, 9);\n\t\tvar d=document, g=d.createElement('script'), s=d.getElementsByTagName('script')[0];\n\t\tdocument.write('<div id=\"twingle-public-embed-' + id + '\"><\/div>');\n\t\tg.type='text\/javascript'; g.async=true; g.defer=true; g.src=u+'\/'+id; s.parentNode.insertBefore(g,s);\n\t})();\n<\/script>\n<\/div>\r\n\r\n\r\n<\/div>\r\n\r\n\r\n\r\n<div class=\"wp-block-column is-layout-flow wp-block-column-is-layout-flow\" style=\"flex-basis: 40%;\">\r\n\r\n\r\n\r\n<strong>European Alternatives d\u00e9fend :<\/strong>\r\n\r\n\r\n\r\n\r\n<ul class=\"wp-block-list\">\r\n \t<li style=\"list-style-type: none;\">\r\n<ul class=\"wp-block-list\">\r\n \t<li>Des institutions, partis et mouvements politiques europ\u00e9ens ouverts et dirig\u00e9s par les citoyen\u00b7nes<\/li>\r\n<\/ul>\r\n<\/li>\r\n<\/ul>\r\n\r\n\r\n\r\n<ul class=\"wp-block-list\">\r\n \t<li style=\"list-style-type: none;\">\r\n<ul class=\"wp-block-list\">\r\n \t<li>Des cultures, m\u00e9dias et arts alternatifs qui interrogent le politique<\/li>\r\n<\/ul>\r\n<\/li>\r\n<\/ul>\r\n\r\n\r\n\r\n<ul class=\"wp-block-list\">\r\n \t<li style=\"list-style-type: none;\">\r\n<ul class=\"wp-block-list\">\r\n \t<li>Une citoyennet\u00e9 europ\u00e9enne inclusive garantissant les droits humains fondamentaux<\/li>\r\n<\/ul>\r\n<\/li>\r\n<\/ul>\r\n\r\n\r\n\r\n<ul class=\"wp-block-list\">\r\n \t<li style=\"list-style-type: none;\">\r\n<ul class=\"wp-block-list\">\r\n \t<li>De nouveaux mod\u00e8les \u00e9conomiques fond\u00e9s sur la solidarit\u00e9 et le bien commun<\/li>\r\n<\/ul>\r\n<\/li>\r\n<\/ul>\r\n\r\n\r\n\r\n\r\n\r\n\r\n<strong>Soutenez nos projets, campagnes et actions :<\/strong>\r\n\r\n\r\n\r\n\r\n\r\nVous pouvez utiliser notre formulaire de don, effectuer un virement bancaire direct ou passer par <a href=\"https:\/\/www.paypal.com\/donate?hosted_button_id=WGWUMZJCSUGCS \" target=\"_blank\" rel=\"noreferrer noopener\">PayPal<\/a>\u00a0:\r\n\r\n\r\n\r\n\r\n\r\nEuropean Alternatives Berlin e.V.\r\nIBAN DE70430609671142512700\r\nBIC GENODEM1GLS\r\nGLS Gemeinschaftsbank eG\r\n\r\n\r\n\r\n\r\n\r\n<strong>Compte fran\u00e7ais <\/strong>:\r\n\r\n\r\n\r\n\r\n\r\nIBAN : FR7610278060390002120280107\r\n\r\n\r\n\r\n\r\n\r\nBIC : CMCIFR2A\r\n\r\n\r\n\r\n<\/div>\r\n\r\n\r\n<\/div>\r\n\r\n\r\n\r\n<p style=\"margin-top: var(--wp--preset--spacing--70);\">Politique de confidentialit\u00e9<\/p>\r\n\r\n\r\n\r\n\r\nChez European Alternatives, nous tenons \u00e0 \u00eatre totalement transparent\u00b7es sur les raisons pour lesquelles nous demandons certaines donn\u00e9es personnelles lorsque vous nous soutenez, et sur la mani\u00e8re dont nous les utilisons.\r\n\r\n\r\n\r\n\r\n<div class=\"wp-block-buttons is-layout-flex wp-block-buttons-is-layout-flex\">\r\n\r\n\r\n<div class=\"wp-block-button\"><a class=\"wp-block-button__link wp-element-button\" href=\"https:\/\/euroalter.com\/fr\/politique-de-confidentialite\/\">Consultez notre politique de confidentialit\u00e9<\/a><\/div>\r\n\r\n\r\n<\/div>\r\n\r\n\r\n\r\n\r\nDes questions ?\r\n\r\n","protected":false},"excerpt":{"rendered":"<p>Soutenez nos projets, campagnes et actions. Faites un don ponctuel ou devenez membre de soutien.Votre contribution finance notre programme de travail global et nous aide&hellip;<\/p>\n","protected":false},"author":4,"featured_media":0,"parent":0,"menu_order":0,"comment_status":"closed","ping_status":"closed","template":"","meta":{"_acf_changed":false,"footnotes":""},"class_list":["post-28022","page","type-page","status-publish","hentry"],"acf":[],"yoast_head":"<!-- This site is optimized with the Yoast SEO plugin v24.6 - https:\/\/yoast.com\/wordpress\/plugins\/seo\/ -->\n<title>Faire un don - European Alternatives<\/title>\n<meta name=\"robots\" content=\"index, follow, max-snippet:-1, max-image-preview:large, max-video-preview:-1\" \/>\n<link rel=\"canonical\" href=\"https:\/\/euroalter.com\/fr\/faire-un-don\/\" \/>\n<meta property=\"og:locale\" content=\"fr_FR\" \/>\n<meta property=\"og:type\" content=\"article\" \/>\n<meta property=\"og:title\" content=\"Faire un don - European Alternatives\" \/>\n<meta property=\"og:description\" content=\"Soutenez nos projets, campagnes et actions. Faites un don ponctuel ou devenez membre de soutien.Votre contribution finance notre programme de travail global et nous aide&hellip;\" \/>\n<meta property=\"og:url\" content=\"https:\/\/euroalter.com\/fr\/faire-un-don\/\" \/>\n<meta property=\"og:site_name\" content=\"European Alternatives\" \/>\n<meta property=\"article:modified_time\" content=\"2025-06-13T08:40:27+00:00\" \/>\n<meta name=\"twitter:card\" content=\"summary_large_image\" \/>\n<meta name=\"twitter:label1\" content=\"Est. reading time\" \/>\n\t<meta name=\"twitter:data1\" content=\"1 minute\" \/>\n<script type=\"application\/ld+json\" class=\"yoast-schema-graph\">{\"@context\":\"https:\/\/schema.org\",\"@graph\":[{\"@type\":\"WebPage\",\"@id\":\"https:\/\/euroalter.com\/fr\/faire-un-don\/\",\"url\":\"https:\/\/euroalter.com\/fr\/faire-un-don\/\",\"name\":\"Faire un don - European Alternatives\",\"isPartOf\":{\"@id\":\"https:\/\/euroalter.com\/#website\"},\"datePublished\":\"2025-04-23T14:43:40+00:00\",\"dateModified\":\"2025-06-13T08:40:27+00:00\",\"breadcrumb\":{\"@id\":\"https:\/\/euroalter.com\/fr\/faire-un-don\/#breadcrumb\"},\"inLanguage\":\"fr-FR\",\"potentialAction\":[{\"@type\":\"ReadAction\",\"target\":[\"https:\/\/euroalter.com\/fr\/faire-un-don\/\"]}]},{\"@type\":\"BreadcrumbList\",\"@id\":\"https:\/\/euroalter.com\/fr\/faire-un-don\/#breadcrumb\",\"itemListElement\":[{\"@type\":\"ListItem\",\"position\":1,\"name\":\"Home\",\"item\":\"https:\/\/euroalter.com\/fr\/\"},{\"@type\":\"ListItem\",\"position\":2,\"name\":\"Faire un don\"}]},{\"@type\":\"WebSite\",\"@id\":\"https:\/\/euroalter.com\/#website\",\"url\":\"https:\/\/euroalter.com\/\",\"name\":\"European Alternatives\",\"description\":\"Democracy, Equality and Culture beyond the nation\",\"potentialAction\":[{\"@type\":\"SearchAction\",\"target\":{\"@type\":\"EntryPoint\",\"urlTemplate\":\"https:\/\/euroalter.com\/?s={search_term_string}\"},\"query-input\":{\"@type\":\"PropertyValueSpecification\",\"valueRequired\":true,\"valueName\":\"search_term_string\"}}],\"inLanguage\":\"fr-FR\"}]}<\/script>\n<!-- \/ Yoast SEO plugin. -->","yoast_head_json":{"title":"Faire un don - European Alternatives","robots":{"index":"index","follow":"follow","max-snippet":"max-snippet:-1","max-image-preview":"max-image-preview:large","max-video-preview":"max-video-preview:-1"},"canonical":"https:\/\/euroalter.com\/fr\/faire-un-don\/","og_locale":"fr_FR","og_type":"article","og_title":"Faire un don - European Alternatives","og_description":"Soutenez nos projets, campagnes et actions. Faites un don ponctuel ou devenez membre de soutien.Votre contribution finance notre programme de travail global et nous aide&hellip;","og_url":"https:\/\/euroalter.com\/fr\/faire-un-don\/","og_site_name":"European Alternatives","article_modified_time":"2025-06-13T08:40:27+00:00","twitter_card":"summary_large_image","twitter_misc":{"Est. reading time":"1 minute"},"schema":{"@context":"https:\/\/schema.org","@graph":[{"@type":"WebPage","@id":"https:\/\/euroalter.com\/fr\/faire-un-don\/","url":"https:\/\/euroalter.com\/fr\/faire-un-don\/","name":"Faire un don - European Alternatives","isPartOf":{"@id":"https:\/\/euroalter.com\/#website"},"datePublished":"2025-04-23T14:43:40+00:00","dateModified":"2025-06-13T08:40:27+00:00","breadcrumb":{"@id":"https:\/\/euroalter.com\/fr\/faire-un-don\/#breadcrumb"},"inLanguage":"fr-FR","potentialAction":[{"@type":"ReadAction","target":["https:\/\/euroalter.com\/fr\/faire-un-don\/"]}]},{"@type":"BreadcrumbList","@id":"https:\/\/euroalter.com\/fr\/faire-un-don\/#breadcrumb","itemListElement":[{"@type":"ListItem","position":1,"name":"Home","item":"https:\/\/euroalter.com\/fr\/"},{"@type":"ListItem","position":2,"name":"Faire un don"}]},{"@type":"WebSite","@id":"https:\/\/euroalter.com\/#website","url":"https:\/\/euroalter.com\/","name":"European Alternatives","description":"Democracy, Equality and Culture beyond the nation","potentialAction":[{"@type":"SearchAction","target":{"@type":"EntryPoint","urlTemplate":"https:\/\/euroalter.com\/?s={search_term_string}"},"query-input":{"@type":"PropertyValueSpecification","valueRequired":true,"valueName":"search_term_string"}}],"inLanguage":"fr-FR"}]}},"_links":{"self":[{"href":"https:\/\/euroalter.com\/fr\/wp-json\/wp\/v2\/pages\/28022","targetHints":{"allow":["GET"]}}],"collection":[{"href":"https:\/\/euroalter.com\/fr\/wp-json\/wp\/v2\/pages"}],"about":[{"href":"https:\/\/euroalter.com\/fr\/wp-json\/wp\/v2\/types\/page"}],"author":[{"embeddable":true,"href":"https:\/\/euroalter.com\/fr\/wp-json\/wp\/v2\/users\/4"}],"replies":[{"embeddable":true,"href":"https:\/\/euroalter.com\/fr\/wp-json\/wp\/v2\/comments?post=28022"}],"version-history":[{"count":3,"href":"https:\/\/euroalter.com\/fr\/wp-json\/wp\/v2\/pages\/28022\/revisions"}],"predecessor-version":[{"id":28223,"href":"https:\/\/euroalter.com\/fr\/wp-json\/wp\/v2\/pages\/28022\/revisions\/28223"}],"wp:attachment":[{"href":"https:\/\/euroalter.com\/fr\/wp-json\/wp\/v2\/media?parent=28022"}],"curies":[{"name":"wp","href":"https:\/\/api.w.org\/{rel}","templated":true}]}}