{"id":28020,"date":"2025-04-23T16:35:53","date_gmt":"2025-04-23T14:35:53","guid":{"rendered":"https:\/\/euroalter.com\/devenez-membre\/"},"modified":"2025-04-23T16:35:53","modified_gmt":"2025-04-23T14:35:53","slug":"devenez-membre","status":"publish","type":"page","link":"https:\/\/euroalter.com\/fr\/devenez-membre\/","title":{"rendered":"Devenez membre"},"content":{"rendered":"\r\n<div class=\"wp-block-columns is-style-sixty-forty is-layout-flex wp-container-core-columns-is-layout-1 wp-block-columns-is-layout-flex\">\r\n\r\n\r\n<div class=\"wp-block-column is-layout-flow wp-block-column-is-layout-flow\">\r\n\r\n\r\n<p class=\"has-60-font-size\"><strong>Votre don vous permet de devenir membre d&#8217;European Alternatives. Nos membres sont des citoyen\u00b7ne\u00b7s, des activistes, des organisateur\u00b7ice\u00b7s, des associations de la soci\u00e9t\u00e9 civile, des mouvements progressistes et des initiatives locales qui imaginent, revendiquent et mettent en \u0153uvre des alternatives transnationales aux institutions politiques et mod\u00e8les \u00e9conomiques actuels.<\/strong><\/p>\r\n\r\n\r\n<\/div>\r\n\r\n\r\n\r\n<div class=\"wp-block-column is-layout-flow wp-block-column-is-layout-flow\" style=\"flex-basis: 40%;\">\r\n\r\n\r\n\r\nEuropean Alternatives est une organisation transnationale de la soci\u00e9t\u00e9 civile, fond\u00e9e sur une mission collective et un mod\u00e8le d\u2019adh\u00e9sion, qui promeut la d\u00e9mocratie, l\u2019\u00e9galit\u00e9 et la culture au-del\u00e0 de l\u2019\u00c9tat-nation.<br data-start=\"746\" data-end=\"749\" \/>L\u2019adh\u00e9sion est ouverte \u00e0 toutes les personnes partageant notre mission et nos valeurs, \u00e0 partir d\u2019une contribution minimale de 2\u20ac\/mois (ou 24\u20ac\/an). Chaque contribution renforce notre ind\u00e9pendance et notre impact !\r\n\r\n\r\n\r\n\r\n\r\nEnsemble, nous d\u00e9finissons la strat\u00e9gie et le programme de travail d\u2019European Alternatives, de mani\u00e8re d\u00e9mocratique et participative. Nous construisons un espace pour une communaut\u00e9 transnationale engag\u00e9e dans de nouvelles formes d\u2019action politique et culturelle, afin de transformer radicalement l\u2019Europe.\r\n\r\n\r\n\r\n<\/div>\r\n\r\n\r\n<\/div>\r\n\r\n\r\n\r\n<h2 class=\"wp-block-heading\" style=\"margin-top: var(--wp--preset--spacing--80);\">En tant que membre, vous :<\/h2>\r\n\r\n\r\n\r\n<div class=\"wp-block-columns is-style-sixty-forty is-layout-flex wp-container-core-columns-is-layout-2 wp-block-columns-is-layout-flex\" style=\"margin-top: 0; margin-bottom: var(--wp--preset--spacing--50);\">\r\n\r\n\r\n<div class=\"wp-block-column is-layout-flow wp-block-column-is-layout-flow\">\r\n\r\n\r\n<ul class=\"wp-block-list\" style=\"margin-bottom: var(--wp--preset--spacing--70);\">\r\n \t<li style=\"list-style-type: none;\">\r\n<ul style=\"margin-bottom: var(--wp--preset--spacing--70);\">\r\n \t<li>Participez \u00e0 notre assembl\u00e9e annuelle, qui se d\u00e9roule dans le cadre du Festival Transeuropa, et prenez part aux d\u00e9cisions strat\u00e9giques d\u2019European Alternatives.<\/li>\r\n<\/ul>\r\n<\/li>\r\n<\/ul>\r\n\r\n\r\n\r\n<ul style=\"margin-bottom: var(--wp--preset--spacing--70);\">\r\n \t<li style=\"list-style-type: none;\">\r\n<ul style=\"margin-bottom: var(--wp--preset--spacing--70);\">\r\n \t<li>Restez connect\u00e9\u00b7e \u00e0 notre r\u00e9seau gr\u00e2ce \u00e0 notre newsletter envoy\u00e9e deux fois par mois : actus, appels \u00e0 participation, \u00e9v\u00e9nements et bien plus encore.<\/li>\r\n<\/ul>\r\n<\/li>\r\n<\/ul>\r\n\r\n\r\n\r\n<ul style=\"margin-bottom: var(--wp--preset--spacing--70);\">\r\n \t<li style=\"list-style-type: none;\">\r\n<ul style=\"margin-bottom: var(--wp--preset--spacing--70);\">\r\n \t<li>Diffusez vos propres actualit\u00e9s : partagez vos \u00e9v\u00e9nements, projets ou campagnes via notre newsletter, nos r\u00e9seaux sociaux et notre site, en lien avec notre \u00e9quipe.<\/li>\r\n<\/ul>\r\n<\/li>\r\n<\/ul>\r\n\r\n\r\n\r\n<ul style=\"margin-bottom: var(--wp--preset--spacing--70);\">\r\n \t<li style=\"list-style-type: none;\">\r\n<ul style=\"margin-bottom: var(--wp--preset--spacing--70);\">\r\n \t<li>Votez pour le <a href=\"https:\/\/euroalter.com\/who-we-are\/board\/\" data-type=\"page\" data-id=\"307\">conseil d&#8217;administration<\/a> tous les deux ans, et proposez des priorit\u00e9s pour notre programme de travail et notre strat\u00e9gie collective.<\/li>\r\n<\/ul>\r\n<\/li>\r\n<\/ul>\r\n\r\n\r\n\r\n\r\n\r\n<div class=\"wp-block-group has-foreground-background-color has-background is-layout-constrained wp-block-group-is-layout-constrained\" style=\"padding-top: 1px; padding-bottom: 1px;\"><script type=\"text\/javascript\">\n\t(function() {\n\t\tvar u=\"https:\/\/spenden.twingle.de\/embed\/genericorganisation\/genericproject\/tw60b952a2412f5\/widget\";\n\t\tvar id = '_' + Math.random().toString(36).substr(2, 9);\n\t\tvar d=document, g=d.createElement('script'), s=d.getElementsByTagName('script')[0];\n\t\tdocument.write('<div id=\"twingle-public-embed-' + id + '\"><\/div>');\n\t\tg.type='text\/javascript'; g.async=true; g.defer=true; g.src=u+'\/'+id; s.parentNode.insertBefore(g,s);\n\t})();\n<\/script>\n<\/div>\r\n\r\n\r\n<\/div>\r\n\r\n\r\n\r\n<div class=\"wp-block-column is-layout-flow wp-block-column-is-layout-flow\" style=\"flex-basis: 40%;\"><\/div>\r\n\r\n\r\n<\/div>\r\n\r\n\r\n\r\n<p style=\"margin-top: var(--wp--preset--spacing--70);\">Politique de confidentialit\u00e9<\/p>\r\n\r\n\r\n\r\n\r\nChez European Alternatives, nous sommes pleinement transparent\u00b7e\u00b7s sur l\u2019utilisation de vos donn\u00e9es personnelles lorsque vous nous soutenez.\r\n\r\n\r\n\r\n\r\n<div class=\"wp-block-buttons is-layout-flex wp-block-buttons-is-layout-flex\">\r\n\r\n\r\n<div class=\"wp-block-button\"><a class=\"wp-block-button__link wp-element-button\" href=\"https:\/\/euroalter.com\/privacy-policy\/\">Consulter notre politique de confidentialit\u00e9<\/a><\/div>\r\n\r\n\r\n<\/div>\r\n\r\n\r\n\r\n\r\nDes questions ?\r\n\r\n\r\n\r\n\r\n\r\n\u00c9crivez-nous \u00e0 <a href=\"mailto:info@euroalter.com\">info@euroalter.com<\/a>\r\n\r\n","protected":false},"excerpt":{"rendered":"<p>Votre don vous permet de devenir membre d&#8217;European Alternatives. Nos membres sont des citoyen\u00b7ne\u00b7s, des activistes, des organisateur\u00b7ice\u00b7s, des associations de la soci\u00e9t\u00e9 civile, des&hellip;<\/p>\n","protected":false},"author":4,"featured_media":0,"parent":0,"menu_order":0,"comment_status":"closed","ping_status":"closed","template":"","meta":{"_acf_changed":false,"footnotes":""},"class_list":["post-28020","page","type-page","status-publish","hentry"],"acf":[],"yoast_head":"<!-- This site is optimized with the Yoast SEO plugin v24.6 - https:\/\/yoast.com\/wordpress\/plugins\/seo\/ -->\n<title>Devenez membre - European Alternatives<\/title>\n<meta name=\"robots\" content=\"index, follow, max-snippet:-1, max-image-preview:large, max-video-preview:-1\" \/>\n<link rel=\"canonical\" href=\"https:\/\/euroalter.com\/devenez-membre\/\" \/>\n<meta property=\"og:locale\" content=\"fr_FR\" \/>\n<meta property=\"og:type\" content=\"article\" \/>\n<meta property=\"og:title\" content=\"Devenez membre - European Alternatives\" \/>\n<meta property=\"og:description\" content=\"Votre don vous permet de devenir membre d&#8217;European Alternatives. Nos membres sont des citoyen\u00b7ne\u00b7s, des activistes, des organisateur\u00b7ice\u00b7s, des associations de la soci\u00e9t\u00e9 civile, des&hellip;\" \/>\n<meta property=\"og:url\" content=\"https:\/\/euroalter.com\/devenez-membre\/\" \/>\n<meta property=\"og:site_name\" content=\"European Alternatives\" \/>\n<meta name=\"twitter:card\" content=\"summary_large_image\" \/>\n<meta name=\"twitter:label1\" content=\"Est. reading time\" \/>\n\t<meta name=\"twitter:data1\" content=\"2 minutes\" \/>\n<script type=\"application\/ld+json\" class=\"yoast-schema-graph\">{\"@context\":\"https:\/\/schema.org\",\"@graph\":[{\"@type\":\"WebPage\",\"@id\":\"https:\/\/euroalter.com\/devenez-membre\/\",\"url\":\"https:\/\/euroalter.com\/devenez-membre\/\",\"name\":\"Devenez membre - European Alternatives\",\"isPartOf\":{\"@id\":\"https:\/\/euroalter.com\/#website\"},\"datePublished\":\"2025-04-23T14:35:53+00:00\",\"breadcrumb\":{\"@id\":\"https:\/\/euroalter.com\/devenez-membre\/#breadcrumb\"},\"inLanguage\":\"fr-FR\",\"potentialAction\":[{\"@type\":\"ReadAction\",\"target\":[\"https:\/\/euroalter.com\/devenez-membre\/\"]}]},{\"@type\":\"BreadcrumbList\",\"@id\":\"https:\/\/euroalter.com\/devenez-membre\/#breadcrumb\",\"itemListElement\":[{\"@type\":\"ListItem\",\"position\":1,\"name\":\"Home\",\"item\":\"https:\/\/euroalter.com\/fr\/\"},{\"@type\":\"ListItem\",\"position\":2,\"name\":\"Devenez membre\"}]},{\"@type\":\"WebSite\",\"@id\":\"https:\/\/euroalter.com\/#website\",\"url\":\"https:\/\/euroalter.com\/\",\"name\":\"European Alternatives\",\"description\":\"Democracy, Equality and Culture beyond the nation\",\"potentialAction\":[{\"@type\":\"SearchAction\",\"target\":{\"@type\":\"EntryPoint\",\"urlTemplate\":\"https:\/\/euroalter.com\/?s={search_term_string}\"},\"query-input\":{\"@type\":\"PropertyValueSpecification\",\"valueRequired\":true,\"valueName\":\"search_term_string\"}}],\"inLanguage\":\"fr-FR\"}]}<\/script>\n<!-- \/ Yoast SEO plugin. -->","yoast_head_json":{"title":"Devenez membre - European Alternatives","robots":{"index":"index","follow":"follow","max-snippet":"max-snippet:-1","max-image-preview":"max-image-preview:large","max-video-preview":"max-video-preview:-1"},"canonical":"https:\/\/euroalter.com\/devenez-membre\/","og_locale":"fr_FR","og_type":"article","og_title":"Devenez membre - European Alternatives","og_description":"Votre don vous permet de devenir membre d&#8217;European Alternatives. Nos membres sont des citoyen\u00b7ne\u00b7s, des activistes, des organisateur\u00b7ice\u00b7s, des associations de la soci\u00e9t\u00e9 civile, des&hellip;","og_url":"https:\/\/euroalter.com\/devenez-membre\/","og_site_name":"European Alternatives","twitter_card":"summary_large_image","twitter_misc":{"Est. reading time":"2 minutes"},"schema":{"@context":"https:\/\/schema.org","@graph":[{"@type":"WebPage","@id":"https:\/\/euroalter.com\/devenez-membre\/","url":"https:\/\/euroalter.com\/devenez-membre\/","name":"Devenez membre - European Alternatives","isPartOf":{"@id":"https:\/\/euroalter.com\/#website"},"datePublished":"2025-04-23T14:35:53+00:00","breadcrumb":{"@id":"https:\/\/euroalter.com\/devenez-membre\/#breadcrumb"},"inLanguage":"fr-FR","potentialAction":[{"@type":"ReadAction","target":["https:\/\/euroalter.com\/devenez-membre\/"]}]},{"@type":"BreadcrumbList","@id":"https:\/\/euroalter.com\/devenez-membre\/#breadcrumb","itemListElement":[{"@type":"ListItem","position":1,"name":"Home","item":"https:\/\/euroalter.com\/fr\/"},{"@type":"ListItem","position":2,"name":"Devenez membre"}]},{"@type":"WebSite","@id":"https:\/\/euroalter.com\/#website","url":"https:\/\/euroalter.com\/","name":"European Alternatives","description":"Democracy, Equality and Culture beyond the nation","potentialAction":[{"@type":"SearchAction","target":{"@type":"EntryPoint","urlTemplate":"https:\/\/euroalter.com\/?s={search_term_string}"},"query-input":{"@type":"PropertyValueSpecification","valueRequired":true,"valueName":"search_term_string"}}],"inLanguage":"fr-FR"}]}},"_links":{"self":[{"href":"https:\/\/euroalter.com\/fr\/wp-json\/wp\/v2\/pages\/28020","targetHints":{"allow":["GET"]}}],"collection":[{"href":"https:\/\/euroalter.com\/fr\/wp-json\/wp\/v2\/pages"}],"about":[{"href":"https:\/\/euroalter.com\/fr\/wp-json\/wp\/v2\/types\/page"}],"author":[{"embeddable":true,"href":"https:\/\/euroalter.com\/fr\/wp-json\/wp\/v2\/users\/4"}],"replies":[{"embeddable":true,"href":"https:\/\/euroalter.com\/fr\/wp-json\/wp\/v2\/comments?post=28020"}],"version-history":[{"count":0,"href":"https:\/\/euroalter.com\/fr\/wp-json\/wp\/v2\/pages\/28020\/revisions"}],"wp:attachment":[{"href":"https:\/\/euroalter.com\/fr\/wp-json\/wp\/v2\/media?parent=28020"}],"curies":[{"name":"wp","href":"https:\/\/api.w.org\/{rel}","templated":true}]}}