{"id":28016,"date":"2025-04-23T15:59:17","date_gmt":"2025-04-23T13:59:17","guid":{"rendered":"https:\/\/euroalter.com\/contributeur%c2%b7rice%c2%b7s\/"},"modified":"2025-08-01T16:18:07","modified_gmt":"2025-08-01T14:18:07","slug":"contributeur%c2%b7rice%c2%b7s","status":"publish","type":"page","link":"https:\/\/euroalter.com\/fr\/contributeur%c2%b7rice%c2%b7s\/","title":{"rendered":"Contributeur\u00b7ice\u00b7s"},"content":{"rendered":"\n<div class=\"wp-block-columns is-style-sixty-forty is-layout-flex wp-container-core-columns-is-layout-1 wp-block-columns-is-layout-flex\">\n<div class=\"wp-block-column is-layout-flow wp-block-column-is-layout-flow\">\n<p class=\"has-60-font-size\">Nous sommes toujours \u00e0 la recherche de nouvelles contributions pour la revue d&#8217;European Alternatives.<\/p>\n\n\n\n<p>Dans une perspective intersectionnelle, nous accueillons des contenus vari\u00e9s \u2014 textes, podcasts, vid\u00e9os, cr\u00e9ations visuelles \u2014 qui abordent les enjeux essentiels qui nous concernent tou\u00b7te\u00b7s, \u00e0 travers un prisme transnational et transversal. Nos th\u00e9matiques incluent, entre autres, le climat, la d\u00e9mocratie, les droits des travailleur\u00b7euse\u00b7s, les politiques sociales et \u00e9conomiques, l\u2019antiracisme, la d\u00e9colonisation, le f\u00e9minisme, les droits des personnes Roms, LGBTQIA+ et bien plus encore.<\/p>\n\n\n\n<p>Nous esp\u00e9rons faire de cette revue un espace o\u00f9 penseur\u00b7euse\u00b7s et acteur\u00b7rice\u00b7s du changement (et surtout celleux qui sont les deux \u00e0 la fois !) peuvent se retrouver pour partager des id\u00e9es novatrices et engager une r\u00e9flexion critique sur leurs pratiques et les mouvements sociaux qui les entourent.<\/p>\n\n\n\n<p>Nous encourageons tout particuli\u00e8rement les contributions issues de personnes appartenant \u00e0 des groupes minoris\u00e9s et sous-repr\u00e9sent\u00e9s.<\/p>\n<\/div>\n\n\n\n<div class=\"wp-block-column is-layout-flow wp-block-column-is-layout-flow\" style=\"flex-basis:40%\">\n<p>Pour proposer une contribution, contactez nos \u00e9ditrices : Marta Cillero Manzano (m.cillero@euroalter.com) et Noemi Pittal\u00e0 (n.pittala@euroalter.com).<\/p>\n<\/div>\n<\/div>\n\n\n\n<div class=\"wp-block-query is-layout-flow wp-block-query-is-layout-flow\"><\/div>\n","protected":false},"excerpt":{"rendered":"<p>Nous sommes toujours \u00e0 la recherche de nouvelles contributions pour la revue d&#8217;European Alternatives. Dans une perspective intersectionnelle, nous accueillons des contenus vari\u00e9s \u2014 textes,&hellip;<\/p>\n","protected":false},"author":12,"featured_media":0,"parent":0,"menu_order":0,"comment_status":"closed","ping_status":"closed","template":"page-templates\/page-header-journal.php","meta":{"_acf_changed":false,"footnotes":""},"class_list":["post-28016","page","type-page","status-publish","hentry"],"acf":[],"yoast_head":"<!-- This site is optimized with the Yoast SEO plugin v24.6 - https:\/\/yoast.com\/wordpress\/plugins\/seo\/ -->\n<title>Contributeur\u00b7ice\u00b7s - European Alternatives<\/title>\n<meta name=\"robots\" content=\"index, follow, max-snippet:-1, max-image-preview:large, max-video-preview:-1\" \/>\n<link rel=\"canonical\" href=\"https:\/\/euroalter.com\/fr\/contributeur\u00b7rice\u00b7s\/\" \/>\n<meta property=\"og:locale\" content=\"fr_FR\" \/>\n<meta property=\"og:type\" content=\"article\" \/>\n<meta property=\"og:title\" content=\"Contributeur\u00b7ice\u00b7s - European Alternatives\" \/>\n<meta property=\"og:description\" content=\"Nous sommes toujours \u00e0 la recherche de nouvelles contributions pour la revue d&#8217;European Alternatives. Dans une perspective intersectionnelle, nous accueillons des contenus vari\u00e9s \u2014 textes,&hellip;\" \/>\n<meta property=\"og:url\" content=\"https:\/\/euroalter.com\/fr\/contributeur\u00b7rice\u00b7s\/\" \/>\n<meta property=\"og:site_name\" content=\"European Alternatives\" \/>\n<meta property=\"article:modified_time\" content=\"2025-08-01T14:18:07+00:00\" \/>\n<meta name=\"twitter:card\" content=\"summary_large_image\" \/>\n<meta name=\"twitter:label1\" content=\"Est. reading time\" \/>\n\t<meta name=\"twitter:data1\" content=\"1 minute\" \/>\n<script type=\"application\/ld+json\" class=\"yoast-schema-graph\">{\"@context\":\"https:\/\/schema.org\",\"@graph\":[{\"@type\":\"WebPage\",\"@id\":\"https:\/\/euroalter.com\/fr\/contributeur%c2%b7rice%c2%b7s\/\",\"url\":\"https:\/\/euroalter.com\/fr\/contributeur%c2%b7rice%c2%b7s\/\",\"name\":\"Contributeur\u00b7ice\u00b7s - European Alternatives\",\"isPartOf\":{\"@id\":\"https:\/\/euroalter.com\/#website\"},\"datePublished\":\"2025-04-23T13:59:17+00:00\",\"dateModified\":\"2025-08-01T14:18:07+00:00\",\"breadcrumb\":{\"@id\":\"https:\/\/euroalter.com\/fr\/contributeur%c2%b7rice%c2%b7s\/#breadcrumb\"},\"inLanguage\":\"fr-FR\",\"potentialAction\":[{\"@type\":\"ReadAction\",\"target\":[\"https:\/\/euroalter.com\/fr\/contributeur%c2%b7rice%c2%b7s\/\"]}]},{\"@type\":\"BreadcrumbList\",\"@id\":\"https:\/\/euroalter.com\/fr\/contributeur%c2%b7rice%c2%b7s\/#breadcrumb\",\"itemListElement\":[{\"@type\":\"ListItem\",\"position\":1,\"name\":\"Home\",\"item\":\"https:\/\/euroalter.com\/fr\/\"},{\"@type\":\"ListItem\",\"position\":2,\"name\":\"Contributeur\u00b7ice\u00b7s\"}]},{\"@type\":\"WebSite\",\"@id\":\"https:\/\/euroalter.com\/#website\",\"url\":\"https:\/\/euroalter.com\/\",\"name\":\"European Alternatives\",\"description\":\"Democracy, Equality and Culture beyond the nation\",\"potentialAction\":[{\"@type\":\"SearchAction\",\"target\":{\"@type\":\"EntryPoint\",\"urlTemplate\":\"https:\/\/euroalter.com\/?s={search_term_string}\"},\"query-input\":{\"@type\":\"PropertyValueSpecification\",\"valueRequired\":true,\"valueName\":\"search_term_string\"}}],\"inLanguage\":\"fr-FR\"}]}<\/script>\n<!-- \/ Yoast SEO plugin. -->","yoast_head_json":{"title":"Contributeur\u00b7ice\u00b7s - European Alternatives","robots":{"index":"index","follow":"follow","max-snippet":"max-snippet:-1","max-image-preview":"max-image-preview:large","max-video-preview":"max-video-preview:-1"},"canonical":"https:\/\/euroalter.com\/fr\/contributeur\u00b7rice\u00b7s\/","og_locale":"fr_FR","og_type":"article","og_title":"Contributeur\u00b7ice\u00b7s - European Alternatives","og_description":"Nous sommes toujours \u00e0 la recherche de nouvelles contributions pour la revue d&#8217;European Alternatives. Dans une perspective intersectionnelle, nous accueillons des contenus vari\u00e9s \u2014 textes,&hellip;","og_url":"https:\/\/euroalter.com\/fr\/contributeur\u00b7rice\u00b7s\/","og_site_name":"European Alternatives","article_modified_time":"2025-08-01T14:18:07+00:00","twitter_card":"summary_large_image","twitter_misc":{"Est. reading time":"1 minute"},"schema":{"@context":"https:\/\/schema.org","@graph":[{"@type":"WebPage","@id":"https:\/\/euroalter.com\/fr\/contributeur%c2%b7rice%c2%b7s\/","url":"https:\/\/euroalter.com\/fr\/contributeur%c2%b7rice%c2%b7s\/","name":"Contributeur\u00b7ice\u00b7s - European Alternatives","isPartOf":{"@id":"https:\/\/euroalter.com\/#website"},"datePublished":"2025-04-23T13:59:17+00:00","dateModified":"2025-08-01T14:18:07+00:00","breadcrumb":{"@id":"https:\/\/euroalter.com\/fr\/contributeur%c2%b7rice%c2%b7s\/#breadcrumb"},"inLanguage":"fr-FR","potentialAction":[{"@type":"ReadAction","target":["https:\/\/euroalter.com\/fr\/contributeur%c2%b7rice%c2%b7s\/"]}]},{"@type":"BreadcrumbList","@id":"https:\/\/euroalter.com\/fr\/contributeur%c2%b7rice%c2%b7s\/#breadcrumb","itemListElement":[{"@type":"ListItem","position":1,"name":"Home","item":"https:\/\/euroalter.com\/fr\/"},{"@type":"ListItem","position":2,"name":"Contributeur\u00b7ice\u00b7s"}]},{"@type":"WebSite","@id":"https:\/\/euroalter.com\/#website","url":"https:\/\/euroalter.com\/","name":"European Alternatives","description":"Democracy, Equality and Culture beyond the nation","potentialAction":[{"@type":"SearchAction","target":{"@type":"EntryPoint","urlTemplate":"https:\/\/euroalter.com\/?s={search_term_string}"},"query-input":{"@type":"PropertyValueSpecification","valueRequired":true,"valueName":"search_term_string"}}],"inLanguage":"fr-FR"}]}},"_links":{"self":[{"href":"https:\/\/euroalter.com\/fr\/wp-json\/wp\/v2\/pages\/28016","targetHints":{"allow":["GET"]}}],"collection":[{"href":"https:\/\/euroalter.com\/fr\/wp-json\/wp\/v2\/pages"}],"about":[{"href":"https:\/\/euroalter.com\/fr\/wp-json\/wp\/v2\/types\/page"}],"author":[{"embeddable":true,"href":"https:\/\/euroalter.com\/fr\/wp-json\/wp\/v2\/users\/12"}],"replies":[{"embeddable":true,"href":"https:\/\/euroalter.com\/fr\/wp-json\/wp\/v2\/comments?post=28016"}],"version-history":[{"count":3,"href":"https:\/\/euroalter.com\/fr\/wp-json\/wp\/v2\/pages\/28016\/revisions"}],"predecessor-version":[{"id":29551,"href":"https:\/\/euroalter.com\/fr\/wp-json\/wp\/v2\/pages\/28016\/revisions\/29551"}],"wp:attachment":[{"href":"https:\/\/euroalter.com\/fr\/wp-json\/wp\/v2\/media?parent=28016"}],"curies":[{"name":"wp","href":"https:\/\/api.w.org\/{rel}","templated":true}]}}