{"id":28015,"date":"2025-04-23T15:52:36","date_gmt":"2025-04-23T13:52:36","guid":{"rendered":"https:\/\/euroalter.com\/contact-adresses\/"},"modified":"2025-04-23T15:52:36","modified_gmt":"2025-04-23T13:52:36","slug":"contact-adresses","status":"publish","type":"page","link":"https:\/\/euroalter.com\/fr\/contact-adresses\/","title":{"rendered":"Contact &#038; Adresses"},"content":{"rendered":"<p>Pour toute question g\u00e9n\u00e9rale, vous pouvez nous \u00e9crire \u00e0 l&#8217;adresse : <a href=\"mailto:info@euroalter.com\">info@euroalter.com<\/a>.<\/p>\n<p>Pour toute demande li\u00e9e aux m\u00e9dias et \u00e0 la communication, contactez Marta Cillero \u00e0 l&#8217;adresse : <a href=\"mailto:m.cillero@euroalter.com\">m.cillero@euroalter.com<\/a>.<\/p>\n<p>Pour entrer en contact avec un\u00b7e membre sp\u00e9cifique de l&#8217;\u00e9quipe, rendez-vous sur notre <a href=\"https:\/\/euroalter.com\/staff\/\">page d\u00e9di\u00e9e<\/a> \u00e0 l&#8217;\u00e9quipe.<\/p>\n<h3>ADRESSES:<\/h3>\n<ul>\n<li>Berlin: European Alternatives Berlin e.V., Manteuffelstr. 57A, 12103 Berlin, Allemagne<\/li>\n<li>Paris: Alternatives Europ\u00e9ennes, 16 rue Boursault, 75017 Paris, France<\/li>\n<li>London: European Alternatives UK Ltd., 501, The Nexus Building, Broadway, SG6 9BL Letchworth Garden City, Royaume-Uni<\/li>\n<li>Palermo: Alternative Europee \/ Studio Rizoma, Via Mario Rutelli 38, 90143 Palerme, Italie<\/li>\n<\/ul>\n<p>&nbsp;<\/p>\n","protected":false},"excerpt":{"rendered":"<p>Pour toute question g\u00e9n\u00e9rale, vous pouvez nous \u00e9crire \u00e0 l&#8217;adresse : info@euroalter.com. Pour toute demande li\u00e9e aux m\u00e9dias et \u00e0 la communication, contactez Marta Cillero&hellip;<\/p>\n","protected":false},"author":4,"featured_media":0,"parent":0,"menu_order":0,"comment_status":"closed","ping_status":"closed","template":"","meta":{"_acf_changed":false,"footnotes":""},"class_list":["post-28015","page","type-page","status-publish","hentry"],"acf":[],"yoast_head":"<!-- This site is optimized with the Yoast SEO plugin v24.6 - https:\/\/yoast.com\/wordpress\/plugins\/seo\/ -->\n<title>Contact &amp; Adresses - European Alternatives<\/title>\n<meta name=\"robots\" content=\"index, follow, max-snippet:-1, max-image-preview:large, max-video-preview:-1\" \/>\n<link rel=\"canonical\" href=\"https:\/\/euroalter.com\/contact-adresses\/\" \/>\n<meta property=\"og:locale\" content=\"fr_FR\" \/>\n<meta property=\"og:type\" content=\"article\" \/>\n<meta property=\"og:title\" content=\"Contact &amp; Adresses - European Alternatives\" \/>\n<meta property=\"og:description\" content=\"Pour toute question g\u00e9n\u00e9rale, vous pouvez nous \u00e9crire \u00e0 l&#8217;adresse : info@euroalter.com. Pour toute demande li\u00e9e aux m\u00e9dias et \u00e0 la communication, contactez Marta Cillero&hellip;\" \/>\n<meta property=\"og:url\" content=\"https:\/\/euroalter.com\/contact-adresses\/\" \/>\n<meta property=\"og:site_name\" content=\"European Alternatives\" \/>\n<meta name=\"twitter:card\" content=\"summary_large_image\" \/>\n<meta name=\"twitter:label1\" content=\"Est. reading time\" \/>\n\t<meta name=\"twitter:data1\" content=\"1 minute\" \/>\n<script type=\"application\/ld+json\" class=\"yoast-schema-graph\">{\"@context\":\"https:\/\/schema.org\",\"@graph\":[{\"@type\":\"WebPage\",\"@id\":\"https:\/\/euroalter.com\/contact-adresses\/\",\"url\":\"https:\/\/euroalter.com\/contact-adresses\/\",\"name\":\"Contact & Adresses - European Alternatives\",\"isPartOf\":{\"@id\":\"https:\/\/euroalter.com\/#website\"},\"datePublished\":\"2025-04-23T13:52:36+00:00\",\"breadcrumb\":{\"@id\":\"https:\/\/euroalter.com\/contact-adresses\/#breadcrumb\"},\"inLanguage\":\"fr-FR\",\"potentialAction\":[{\"@type\":\"ReadAction\",\"target\":[\"https:\/\/euroalter.com\/contact-adresses\/\"]}]},{\"@type\":\"BreadcrumbList\",\"@id\":\"https:\/\/euroalter.com\/contact-adresses\/#breadcrumb\",\"itemListElement\":[{\"@type\":\"ListItem\",\"position\":1,\"name\":\"Home\",\"item\":\"https:\/\/euroalter.com\/fr\/\"},{\"@type\":\"ListItem\",\"position\":2,\"name\":\"Contact &#038; Adresses\"}]},{\"@type\":\"WebSite\",\"@id\":\"https:\/\/euroalter.com\/#website\",\"url\":\"https:\/\/euroalter.com\/\",\"name\":\"European Alternatives\",\"description\":\"Democracy, Equality and Culture beyond the nation\",\"potentialAction\":[{\"@type\":\"SearchAction\",\"target\":{\"@type\":\"EntryPoint\",\"urlTemplate\":\"https:\/\/euroalter.com\/?s={search_term_string}\"},\"query-input\":{\"@type\":\"PropertyValueSpecification\",\"valueRequired\":true,\"valueName\":\"search_term_string\"}}],\"inLanguage\":\"fr-FR\"}]}<\/script>\n<!-- \/ Yoast SEO plugin. -->","yoast_head_json":{"title":"Contact & Adresses - European Alternatives","robots":{"index":"index","follow":"follow","max-snippet":"max-snippet:-1","max-image-preview":"max-image-preview:large","max-video-preview":"max-video-preview:-1"},"canonical":"https:\/\/euroalter.com\/contact-adresses\/","og_locale":"fr_FR","og_type":"article","og_title":"Contact & Adresses - European Alternatives","og_description":"Pour toute question g\u00e9n\u00e9rale, vous pouvez nous \u00e9crire \u00e0 l&#8217;adresse : info@euroalter.com. Pour toute demande li\u00e9e aux m\u00e9dias et \u00e0 la communication, contactez Marta Cillero&hellip;","og_url":"https:\/\/euroalter.com\/contact-adresses\/","og_site_name":"European Alternatives","twitter_card":"summary_large_image","twitter_misc":{"Est. reading time":"1 minute"},"schema":{"@context":"https:\/\/schema.org","@graph":[{"@type":"WebPage","@id":"https:\/\/euroalter.com\/contact-adresses\/","url":"https:\/\/euroalter.com\/contact-adresses\/","name":"Contact & Adresses - European Alternatives","isPartOf":{"@id":"https:\/\/euroalter.com\/#website"},"datePublished":"2025-04-23T13:52:36+00:00","breadcrumb":{"@id":"https:\/\/euroalter.com\/contact-adresses\/#breadcrumb"},"inLanguage":"fr-FR","potentialAction":[{"@type":"ReadAction","target":["https:\/\/euroalter.com\/contact-adresses\/"]}]},{"@type":"BreadcrumbList","@id":"https:\/\/euroalter.com\/contact-adresses\/#breadcrumb","itemListElement":[{"@type":"ListItem","position":1,"name":"Home","item":"https:\/\/euroalter.com\/fr\/"},{"@type":"ListItem","position":2,"name":"Contact &#038; Adresses"}]},{"@type":"WebSite","@id":"https:\/\/euroalter.com\/#website","url":"https:\/\/euroalter.com\/","name":"European Alternatives","description":"Democracy, Equality and Culture beyond the nation","potentialAction":[{"@type":"SearchAction","target":{"@type":"EntryPoint","urlTemplate":"https:\/\/euroalter.com\/?s={search_term_string}"},"query-input":{"@type":"PropertyValueSpecification","valueRequired":true,"valueName":"search_term_string"}}],"inLanguage":"fr-FR"}]}},"_links":{"self":[{"href":"https:\/\/euroalter.com\/fr\/wp-json\/wp\/v2\/pages\/28015","targetHints":{"allow":["GET"]}}],"collection":[{"href":"https:\/\/euroalter.com\/fr\/wp-json\/wp\/v2\/pages"}],"about":[{"href":"https:\/\/euroalter.com\/fr\/wp-json\/wp\/v2\/types\/page"}],"author":[{"embeddable":true,"href":"https:\/\/euroalter.com\/fr\/wp-json\/wp\/v2\/users\/4"}],"replies":[{"embeddable":true,"href":"https:\/\/euroalter.com\/fr\/wp-json\/wp\/v2\/comments?post=28015"}],"version-history":[{"count":0,"href":"https:\/\/euroalter.com\/fr\/wp-json\/wp\/v2\/pages\/28015\/revisions"}],"wp:attachment":[{"href":"https:\/\/euroalter.com\/fr\/wp-json\/wp\/v2\/media?parent=28015"}],"curies":[{"name":"wp","href":"https:\/\/api.w.org\/{rel}","templated":true}]}}