{"id":28014,"date":"2025-04-23T15:44:29","date_gmt":"2025-04-23T13:44:29","guid":{"rendered":"https:\/\/euroalter.com\/appel-a-contributions\/"},"modified":"2025-07-08T14:43:16","modified_gmt":"2025-07-08T12:43:16","slug":"appel-a-contributions","status":"publish","type":"page","link":"https:\/\/euroalter.com\/fr\/appel-a-contributions\/","title":{"rendered":"APPEL \u00c0 CONTRIBUTIONS"},"content":{"rendered":"\n<div class=\"wp-block-columns is-style-sixty-forty is-layout-flex wp-container-core-columns-is-layout-1 wp-block-columns-is-layout-flex\">\n<div class=\"wp-block-column is-layout-flow wp-block-column-is-layout-flow\">\n<h2 class=\"wp-block-heading\">Les Marges en Feu ! <\/h2>\n\n\n\n<p class=\"has-60-font-size\"><em>Num\u00e9ro 11 du Journal de European Alternatives<\/em><\/p>\n\n\n\n<p>Les marges ne sont pas silencieuses.<br>Elles d\u00e9rangent. Elles parlent. Elles communiquent dans une multitude de langues.<\/p>\n\n\n\n<p>Nous \u00e9crivons depuis ici, depuis les fronti\u00e8res contest\u00e9es de l\u2019Europe.<\/p>\n\n\n\n<p>Depuis un endroit o\u00f9 les femmes, les personnes queer, les voix exil\u00e9es, les vies racis\u00e9es et les existences pr\u00e9caires refusent d\u2019\u00eatre rel\u00e9gu\u00e9es.<\/p>\n\n\n\n<p>Nous ne cherchons pas \u00e0 \u00eatre inclus\u00b7es dans les espaces politiques d\u2019hier ; nous construisons d\u00e9j\u00e0 des espaces alternatifs d\u2019appartenance et de sens.<\/p>\n\n\n\n<p><a href=\"https:\/\/transeuropafestival.eu\/fr\/\"><em>Transeuropa 2025 \u2013 Les Marges en Feu<\/em><\/a> a eu lieu \u00e0 Paris en juin 2025.<\/p>\n\n\n\n<p>Mais cette fois, le feu n\u2019\u00e9tait pas seulement dans les rues, il br\u00fblait dans les r\u00e9cits, les blessures, les sorts, les pistes de danse.<\/p>\n\n\n\n<p>Nous avons parl\u00e9 de cyber-sorci\u00e8res, de rituels de gu\u00e9rison, de r\u00e9voltes de travailleur\u00b7euses, de d\u00e9sapprentissages antiracistes et d\u2019\u00e9cologies queer.<\/p>\n\n\n\n<p>Nous avons os\u00e9 br\u00fbler de joie.<\/p>\n\n\n\n<p>Ce num\u00e9ro du Journal de EA souhaite recueillir les cendres et semer les graines.<\/p>\n\n\n\n<p>Pour poser les questions suivantes :<\/p>\n\n\n\n<p>\ud83d\udd25 \u00c0 quoi ressemblerait une Europe fa\u00e7onn\u00e9e par les r\u00e9sistances f\u00e9ministes ?<br>\ud83d\udd25 Comment mettre le feu aux syst\u00e8mes d\u2019oppression, et reconstruire sur leurs cendres ?<br>\ud83d\udd25 Que peuvent nous apprendre les marges sur de nouvelles formes de pouvoir collectif ?<\/p>\n\n\n\n<h5 class=\"wp-block-heading\"><strong>CE QUE NOUS RECHERCHONS<\/strong><\/h5>\n\n\n\n<p>Nous accueillons une grande vari\u00e9t\u00e9 de contributions, allant des essais et enqu\u00eates aux t\u00e9moignages, travaux visuels et fictions politiques.<\/p>\n\n\n\n<p>Les th\u00e8mes possibles incluent (mais ne sont pas limit\u00e9s \u00e0) :<\/p>\n\n\n\n<ul class=\"wp-block-list\">\n<li>R\u00e9sister \u00e0 la r\u00e9gression : r\u00e9ponses f\u00e9ministes et queer \u00e0 la mont\u00e9e des politiques anti-genre en Europe<\/li>\n\n\n\n<li>Le rituel et la joie comme formes de r\u00e9sistance<\/li>\n\n\n\n<li>Parentalit\u00e9s marginalis\u00e9es et luttes pour la reconnaissance des familles au niveau europ\u00e9en<\/li>\n\n\n\n<li>R\u00e9sistances cyberf\u00e9ministes<\/li>\n\n\n\n<li>Pratiques antiracistes et d\u00e9coloniales de d\u00e9sapprentissage<\/li>\n\n\n\n<li>Autonomisation face aux violences sexistes<\/li>\n\n\n\n<li>Acc\u00e8s \u00e0 la sant\u00e9 trans-inclusive et antiraciste<\/li>\n\n\n\n<li>\u00c9cologies f\u00e9ministes et queer<\/li>\n\n\n\n<li>Strat\u00e9gies m\u00e9diatiques f\u00e9ministes et r\u00e9cits collectifs<\/li>\n\n\n\n<li>Luttes des travailleur\u00b7euses<\/li>\n<\/ul>\n\n\n\n<h5 class=\"wp-block-heading\">FORMATS ACCEPT\u00c9S<\/h5>\n\n\n\n<p>Nous acceptons des contributions dans une grande diversit\u00e9 de formes et de tons, publi\u00e9es ou non, notamment :<\/p>\n\n\n\n<ul class=\"wp-block-list\">\n<li>Propositions audio, vid\u00e9o ou multim\u00e9dia (publication en ligne)<\/li>\n\n\n\n<li>Essais analytiques (1 500\u20133 000 mots)<\/li>\n\n\n\n<li>\u00c9criture journalistique ou d\u2019enqu\u00eate<\/li>\n\n\n\n<li>T\u00e9moignages personnels ou collectifs<\/li>\n\n\n\n<li>Fiction, lettres ou formes po\u00e9tiques<\/li>\n\n\n\n<li>R\u00e9cits visuels, bandes dessin\u00e9es, collages<\/li>\n<\/ul>\n<\/div>\n\n\n\n<div class=\"wp-block-column is-layout-flow wp-block-column-is-layout-flow\" style=\"flex-basis:40%\">\n<h3 class=\"wp-block-heading\"><strong>Modalit\u00e9s de&nbsp;<\/strong><b>participation<\/b><\/h3>\n\n\n\n<p>Pour soumettre votre id\u00e9e, merci de suivre les consignes disponibles <a href=\"https:\/\/euroalter.com\/wp-content\/uploads\/2025\/07\/Article-Proposals_-Submission-Guidelines-1.pdf\">ici<\/a>.<\/p>\n\n\n\n<p>Pour soumettre un article finalis\u00e9, merci de suivre les consignes disponibles <a href=\"https:\/\/euroalter.com\/wp-content\/uploads\/2025\/06\/Article-Submission-Guidelines-for-EA-Journal_2025.pdf\">ici.<\/a><\/p>\n\n\n\n<h3 class=\"wp-block-heading\"><strong>Date limite d&#8217;envoi : 25 Juillet 2025<\/strong><\/h3>\n\n\n\n<p>Pour toute question ou pour discuter de votre proposition avant de soumettre, contactez les \u00e9ditrices :<\/p>\n\n\n\n<p>Marta Cillero Manzano \u2013 <a href=\"mailto:m.cillero@euroalter.com\">m.cillero@euroalter.com<\/a><br>Noemi Pittal\u00e0 \u2013 <a href=\"mailto:n.pittala@euroalter.com\">n.pittala@euroalter.com<\/a> <br>Billie Dibb \u2013 <a href=\"mailto:b.dibb@euroalter.com\">b.dibb@euroalter.com<\/a><\/p>\n\n\n\n<p>Les articles d\u00e9finitifs pourront \u00eatre traduits en anglais et\/ou en fran\u00e7ais pour publication, et nous acceptons volontiers les propositions dans d&#8217;autres langues.<\/p>\n\n\n\n<p><em>Remarque : il s&#8217;agit d&#8217;une publication non commerciale et nous ne sommes malheureusement pas en mesure de r\u00e9mun\u00e9rer les contributions.<\/em><\/p>\n\n\n\n<h3 class=\"wp-block-heading\"><strong>\u00c0 propos de EA<\/strong> Journal<\/h3>\n\n\n\n<p>La revue European Alternatives est un espace pour imaginer des alternatives au-del\u00e0 de l\u2019\u00c9tat-nation. On y trouve des articles de fond, des essais, des cr\u00e9ations artistiques et culturelles, des podcasts, des vid\u00e9os, et bien plus, autour de th\u00e8mes comme la d\u00e9mocratie, la culture, l\u2019\u00e9galit\u00e9, la d\u00e9colonisation ou les mouvements sociaux.<\/p>\n\n\n\n<p>Relanc\u00e9e en 2023, elle prolonge l\u2019ambition formul\u00e9e d\u00e8s son premier num\u00e9ro en 2007 : tracer les voies d\u2019une Europe ouverte, alternative et radicalement plus d\u00e9mocratique.<\/p>\n<\/div>\n<\/div>\n","protected":false},"excerpt":{"rendered":"<p>Les Marges en Feu ! Num\u00e9ro 11 du Journal de European Alternatives Les marges ne sont pas silencieuses.Elles d\u00e9rangent. Elles parlent. Elles communiquent dans une&hellip;<\/p>\n","protected":false},"author":12,"featured_media":0,"parent":0,"menu_order":0,"comment_status":"closed","ping_status":"closed","template":"page-templates\/page-header-journal.php","meta":{"_acf_changed":false,"footnotes":""},"class_list":["post-28014","page","type-page","status-publish","hentry"],"acf":[],"yoast_head":"<!-- This site is optimized with the Yoast SEO plugin v24.6 - https:\/\/yoast.com\/wordpress\/plugins\/seo\/ -->\n<title>APPEL \u00c0 CONTRIBUTIONS - European Alternatives<\/title>\n<meta name=\"robots\" content=\"index, follow, max-snippet:-1, max-image-preview:large, max-video-preview:-1\" \/>\n<link rel=\"canonical\" href=\"https:\/\/euroalter.com\/fr\/appel-a-contributions\/\" \/>\n<meta property=\"og:locale\" content=\"fr_FR\" \/>\n<meta property=\"og:type\" content=\"article\" \/>\n<meta property=\"og:title\" content=\"APPEL \u00c0 CONTRIBUTIONS - European Alternatives\" \/>\n<meta property=\"og:description\" content=\"Les Marges en Feu ! Num\u00e9ro 11 du Journal de European Alternatives Les marges ne sont pas silencieuses.Elles d\u00e9rangent. Elles parlent. Elles communiquent dans une&hellip;\" \/>\n<meta property=\"og:url\" content=\"https:\/\/euroalter.com\/fr\/appel-a-contributions\/\" \/>\n<meta property=\"og:site_name\" content=\"European Alternatives\" \/>\n<meta property=\"article:modified_time\" content=\"2025-07-08T12:43:16+00:00\" \/>\n<meta name=\"twitter:card\" content=\"summary_large_image\" \/>\n<meta name=\"twitter:label1\" content=\"Est. reading time\" \/>\n\t<meta name=\"twitter:data1\" content=\"3 minutes\" \/>\n<script type=\"application\/ld+json\" class=\"yoast-schema-graph\">{\"@context\":\"https:\/\/schema.org\",\"@graph\":[{\"@type\":\"WebPage\",\"@id\":\"https:\/\/euroalter.com\/fr\/appel-a-contributions\/\",\"url\":\"https:\/\/euroalter.com\/fr\/appel-a-contributions\/\",\"name\":\"APPEL \u00c0 CONTRIBUTIONS - European Alternatives\",\"isPartOf\":{\"@id\":\"https:\/\/euroalter.com\/#website\"},\"datePublished\":\"2025-04-23T13:44:29+00:00\",\"dateModified\":\"2025-07-08T12:43:16+00:00\",\"breadcrumb\":{\"@id\":\"https:\/\/euroalter.com\/fr\/appel-a-contributions\/#breadcrumb\"},\"inLanguage\":\"fr-FR\",\"potentialAction\":[{\"@type\":\"ReadAction\",\"target\":[\"https:\/\/euroalter.com\/fr\/appel-a-contributions\/\"]}]},{\"@type\":\"BreadcrumbList\",\"@id\":\"https:\/\/euroalter.com\/fr\/appel-a-contributions\/#breadcrumb\",\"itemListElement\":[{\"@type\":\"ListItem\",\"position\":1,\"name\":\"Home\",\"item\":\"https:\/\/euroalter.com\/fr\/\"},{\"@type\":\"ListItem\",\"position\":2,\"name\":\"APPEL \u00c0 CONTRIBUTIONS\"}]},{\"@type\":\"WebSite\",\"@id\":\"https:\/\/euroalter.com\/#website\",\"url\":\"https:\/\/euroalter.com\/\",\"name\":\"European Alternatives\",\"description\":\"Democracy, Equality and Culture beyond the nation\",\"potentialAction\":[{\"@type\":\"SearchAction\",\"target\":{\"@type\":\"EntryPoint\",\"urlTemplate\":\"https:\/\/euroalter.com\/?s={search_term_string}\"},\"query-input\":{\"@type\":\"PropertyValueSpecification\",\"valueRequired\":true,\"valueName\":\"search_term_string\"}}],\"inLanguage\":\"fr-FR\"}]}<\/script>\n<!-- \/ Yoast SEO plugin. -->","yoast_head_json":{"title":"APPEL \u00c0 CONTRIBUTIONS - European Alternatives","robots":{"index":"index","follow":"follow","max-snippet":"max-snippet:-1","max-image-preview":"max-image-preview:large","max-video-preview":"max-video-preview:-1"},"canonical":"https:\/\/euroalter.com\/fr\/appel-a-contributions\/","og_locale":"fr_FR","og_type":"article","og_title":"APPEL \u00c0 CONTRIBUTIONS - European Alternatives","og_description":"Les Marges en Feu ! Num\u00e9ro 11 du Journal de European Alternatives Les marges ne sont pas silencieuses.Elles d\u00e9rangent. Elles parlent. Elles communiquent dans une&hellip;","og_url":"https:\/\/euroalter.com\/fr\/appel-a-contributions\/","og_site_name":"European Alternatives","article_modified_time":"2025-07-08T12:43:16+00:00","twitter_card":"summary_large_image","twitter_misc":{"Est. reading time":"3 minutes"},"schema":{"@context":"https:\/\/schema.org","@graph":[{"@type":"WebPage","@id":"https:\/\/euroalter.com\/fr\/appel-a-contributions\/","url":"https:\/\/euroalter.com\/fr\/appel-a-contributions\/","name":"APPEL \u00c0 CONTRIBUTIONS - European Alternatives","isPartOf":{"@id":"https:\/\/euroalter.com\/#website"},"datePublished":"2025-04-23T13:44:29+00:00","dateModified":"2025-07-08T12:43:16+00:00","breadcrumb":{"@id":"https:\/\/euroalter.com\/fr\/appel-a-contributions\/#breadcrumb"},"inLanguage":"fr-FR","potentialAction":[{"@type":"ReadAction","target":["https:\/\/euroalter.com\/fr\/appel-a-contributions\/"]}]},{"@type":"BreadcrumbList","@id":"https:\/\/euroalter.com\/fr\/appel-a-contributions\/#breadcrumb","itemListElement":[{"@type":"ListItem","position":1,"name":"Home","item":"https:\/\/euroalter.com\/fr\/"},{"@type":"ListItem","position":2,"name":"APPEL \u00c0 CONTRIBUTIONS"}]},{"@type":"WebSite","@id":"https:\/\/euroalter.com\/#website","url":"https:\/\/euroalter.com\/","name":"European Alternatives","description":"Democracy, Equality and Culture beyond the nation","potentialAction":[{"@type":"SearchAction","target":{"@type":"EntryPoint","urlTemplate":"https:\/\/euroalter.com\/?s={search_term_string}"},"query-input":{"@type":"PropertyValueSpecification","valueRequired":true,"valueName":"search_term_string"}}],"inLanguage":"fr-FR"}]}},"_links":{"self":[{"href":"https:\/\/euroalter.com\/fr\/wp-json\/wp\/v2\/pages\/28014","targetHints":{"allow":["GET"]}}],"collection":[{"href":"https:\/\/euroalter.com\/fr\/wp-json\/wp\/v2\/pages"}],"about":[{"href":"https:\/\/euroalter.com\/fr\/wp-json\/wp\/v2\/types\/page"}],"author":[{"embeddable":true,"href":"https:\/\/euroalter.com\/fr\/wp-json\/wp\/v2\/users\/12"}],"replies":[{"embeddable":true,"href":"https:\/\/euroalter.com\/fr\/wp-json\/wp\/v2\/comments?post=28014"}],"version-history":[{"count":9,"href":"https:\/\/euroalter.com\/fr\/wp-json\/wp\/v2\/pages\/28014\/revisions"}],"predecessor-version":[{"id":29017,"href":"https:\/\/euroalter.com\/fr\/wp-json\/wp\/v2\/pages\/28014\/revisions\/29017"}],"wp:attachment":[{"href":"https:\/\/euroalter.com\/fr\/wp-json\/wp\/v2\/media?parent=28014"}],"curies":[{"name":"wp","href":"https:\/\/api.w.org\/{rel}","templated":true}]}}