{"id":28006,"date":"2025-04-23T14:01:44","date_gmt":"2025-04-23T12:01:44","guid":{"rendered":"https:\/\/euroalter.com\/a-propos-de-la-revue\/editions-imprimees\/"},"modified":"2025-07-15T11:18:14","modified_gmt":"2025-07-15T09:18:14","slug":"editions-imprimees","status":"publish","type":"page","link":"https:\/\/euroalter.com\/fr\/a-propos-de-la-revue\/editions-imprimees\/","title":{"rendered":"\u00c9ditions imprim\u00e9es"},"content":{"rendered":"\r\n<div class=\"wp-block-columns is-style-sixty-forty is-layout-flex wp-container-core-columns-is-layout-1 wp-block-columns-is-layout-flex\">\r\n\r\n\r\n<div class=\"wp-block-column is-layout-flow wp-block-column-is-layout-flow\">\r\n\r\n\r\n<p class=\"has-60-font-size\">L\u2019int\u00e9gralit\u00e9 des archives du journal <em data-start=\"38\" data-end=\"61\">European Alternatives<\/em> est disponible en t\u00e9l\u00e9chargement au format PDF, dans des versions magnifiquement con\u00e7ues pour l\u2019impression par le designer d\u2019avant-garde <strong data-start=\"199\" data-end=\"216\">Luca Pantorno<\/strong>. Suivez Luca sur Instagram :\u00a0<a href=\"https:\/\/www.instagram.com\/lucapantorno\">@lucapantorno<\/a>.<\/p>\r\n\r\n\r\n<\/div>\r\n\r\n\r\n\r\n<div class=\"wp-block-column is-layout-flow wp-block-column-is-layout-flow\" style=\"flex-basis: 40%;\"><\/div>\r\n\r\n\r\n<\/div>\r\n\r\n\r\n\r\n<div class=\"wp-block-group is-layout-grid wp-container-core-group-is-layout-13 wp-block-group-is-layout-grid\" style=\"padding: 0;\">\r\n\r\n\r\n<div class=\"wp-block-group is-layout-constrained wp-block-group-is-layout-constrained\" style=\"padding-bottom: var(--wp--preset--spacing--40);\">\r\n\r\n\r\n<figure class=\"wp-block-image size-thumbnail\"><img loading=\"lazy\" decoding=\"async\" width=\"455\" height=\"600\" class=\"wp-image-28132\" style=\"aspect-ratio: 3\/4; object-fit: cover;\" src=\"https:\/\/euroalter.com\/wp-content\/uploads\/2025\/05\/EAJ10_Digital_cover-455x600.jpg\" alt=\"\" srcset=\"https:\/\/euroalter.com\/wp-content\/uploads\/2025\/05\/EAJ10_Digital_cover-455x600.jpg 455w, https:\/\/euroalter.com\/wp-content\/uploads\/2025\/05\/EAJ10_Digital_cover-777x1024.jpg 777w, https:\/\/euroalter.com\/wp-content\/uploads\/2025\/05\/EAJ10_Digital_cover-1138x1500.jpg 1138w, https:\/\/euroalter.com\/wp-content\/uploads\/2025\/05\/EAJ10_Digital_cover.jpg 1232w\" sizes=\"auto, (max-width: 455px) 100vw, 455px\" \/><\/figure>\r\n\r\n\r\n\r\n\r\nNum\u00e9ro 10 | <strong>Comment les Assembl\u00e9es citoyennes permanentes peuvent-elles renforcer la d\u00e9mocratie ?<\/strong>\r\n\r\n\r\n\r\n\r\n<div class=\"wp-block-buttons is-layout-flex wp-block-buttons-is-layout-flex\">\r\n\r\n\r\n<div class=\"wp-block-button has-custom-width wp-block-button__width-100\"><a class=\"wp-block-button__link wp-element-button\" href=\"https:\/\/euroalter.com\/wp-content\/uploads\/2025\/06\/EAJ10_1706.pdf\" target=\"_blank\" rel=\"noreferrer noopener\">T\u00e9l\u00e9charger<\/a><\/div>\r\n\r\n\r\n<\/div>\r\n\r\n\r\n<\/div>\r\n\r\n\r\n\r\n<div class=\"wp-block-group is-layout-constrained wp-block-group-is-layout-constrained\" style=\"padding-bottom: var(--wp--preset--spacing--40);\">\r\n\r\n\r\n<figure class=\"wp-block-image size-thumbnail\"><img loading=\"lazy\" decoding=\"async\" width=\"455\" height=\"600\" class=\"wp-image-27899\" style=\"aspect-ratio: 3\/4; object-fit: cover;\" src=\"https:\/\/euroalter.com\/wp-content\/uploads\/2025\/03\/EAJ9_Digital-455x600.jpg\" alt=\"\" srcset=\"https:\/\/euroalter.com\/wp-content\/uploads\/2025\/03\/EAJ9_Digital-455x600.jpg 455w, https:\/\/euroalter.com\/wp-content\/uploads\/2025\/03\/EAJ9_Digital-777x1024.jpg 777w, https:\/\/euroalter.com\/wp-content\/uploads\/2025\/03\/EAJ9_Digital-1138x1500.jpg 1138w, https:\/\/euroalter.com\/wp-content\/uploads\/2025\/03\/EAJ9_Digital.jpg 1232w\" sizes=\"auto, (max-width: 455px) 100vw, 455px\" \/><\/figure>\r\n\r\n\r\n\r\n\r\nNum\u00e9ro 9 | Construire un avenir d\u00e9mocratique pour la jeunesse\r\n\r\n\r\n\r\n\r\n<div class=\"wp-block-buttons is-layout-flex wp-block-buttons-is-layout-flex\">\r\n\r\n\r\n<div class=\"wp-block-button has-custom-width wp-block-button__width-100\"><a class=\"wp-block-button__link wp-element-button\" href=\"https:\/\/euroalter.com\/wp-content\/uploads\/2025\/03\/EAJ9_Digital-1.pdf\">T\u00e9l\u00e9charger<\/a><\/div>\r\n\r\n\r\n<\/div>\r\n\r\n\r\n<\/div>\r\n\r\n\r\n\r\n<div class=\"wp-block-group is-layout-constrained wp-block-group-is-layout-constrained\" style=\"padding-bottom: var(--wp--preset--spacing--40);\">\r\n\r\n\r\n<figure class=\"wp-block-image size-thumbnail\"><img loading=\"lazy\" decoding=\"async\" width=\"455\" height=\"600\" class=\"wp-image-27524\" style=\"aspect-ratio: 3\/4; object-fit: cover;\" src=\"https:\/\/euroalter.com\/wp-content\/uploads\/2025\/01\/EAJ8_Digital_-455x600.png\" alt=\"\" srcset=\"https:\/\/euroalter.com\/wp-content\/uploads\/2025\/01\/EAJ8_Digital_-455x600.png 455w, https:\/\/euroalter.com\/wp-content\/uploads\/2025\/01\/EAJ8_Digital_-777x1024.png 777w, https:\/\/euroalter.com\/wp-content\/uploads\/2025\/01\/EAJ8_Digital_-1138x1500.png 1138w, https:\/\/euroalter.com\/wp-content\/uploads\/2025\/01\/EAJ8_Digital_.png 1232w\" sizes=\"auto, (max-width: 455px) 100vw, 455px\" \/><\/figure>\r\n\r\n\r\n\r\n\r\nNum\u00e9ro 8 | EA STREAMS\r\n\r\n\r\n\r\n\r\n<div class=\"wp-block-buttons is-layout-flex wp-block-buttons-is-layout-flex\">\r\n\r\n\r\n<div class=\"wp-block-button has-custom-width wp-block-button__width-100\"><a class=\"wp-block-button__link wp-element-button\" href=\"https:\/\/euroalter.com\/wp-content\/uploads\/2025\/01\/EAJ8_Digital_.pdf\">T\u00e9l\u00e9charger<\/a><\/div>\r\n<div><\/div>\r\n\r\n\r\n<\/div>\r\n\r\n\r\n<\/div>\r\n\r\n\r\n\r\n<div class=\"wp-block-group is-layout-constrained wp-block-group-is-layout-constrained\" style=\"padding-bottom: var(--wp--preset--spacing--40);\">\r\n\r\n\r\n<figure class=\"wp-block-image size-thumbnail\"><img loading=\"lazy\" decoding=\"async\" width=\"457\" height=\"600\" class=\"wp-image-27478\" style=\"aspect-ratio: 3\/4; object-fit: cover;\" src=\"https:\/\/euroalter.com\/wp-content\/uploads\/2024\/11\/Cover_ITA_WEB-457x600.png\" alt=\"\" srcset=\"https:\/\/euroalter.com\/wp-content\/uploads\/2024\/11\/Cover_ITA_WEB-457x600.png 457w, https:\/\/euroalter.com\/wp-content\/uploads\/2024\/11\/Cover_ITA_WEB-779x1024.png 779w, https:\/\/euroalter.com\/wp-content\/uploads\/2024\/11\/Cover_ITA_WEB-1141x1500.png 1141w\" sizes=\"auto, (max-width: 457px) 100vw, 457px\" \/><\/figure>\r\n\r\n\r\n\r\n\r\nNum\u00e9ro 7 Transeuropa (IT)\r\n\r\n\r\n\r\n\r\n<div class=\"wp-block-buttons is-layout-flex wp-block-buttons-is-layout-flex\">\r\n\r\n\r\n<div class=\"wp-block-button has-custom-width wp-block-button__width-100\"><a class=\"wp-block-button__link wp-element-button\" href=\"https:\/\/euroalter.com\/wp-content\/uploads\/2024\/11\/EAJ7_ITA_Digital.pdf\" target=\"_blank\" rel=\"noreferrer noopener\">T\u00e9l\u00e9charger<\/a><\/div>\r\n\r\n\r\n<\/div>\r\n\r\n\r\n<\/div>\r\n\r\n\r\n\r\n<div class=\"wp-block-group is-layout-constrained wp-block-group-is-layout-constrained\" style=\"padding-bottom: var(--wp--preset--spacing--40);\">\r\n\r\n\r\n<figure class=\"wp-block-image size-thumbnail\"><img loading=\"lazy\" decoding=\"async\" width=\"452\" height=\"600\" class=\"wp-image-27470\" style=\"aspect-ratio: 3\/4; object-fit: cover;\" src=\"https:\/\/euroalter.com\/wp-content\/uploads\/2024\/11\/Cover_ENG_WEB-452x600.png\" alt=\"\" srcset=\"https:\/\/euroalter.com\/wp-content\/uploads\/2024\/11\/Cover_ENG_WEB-452x600.png 452w, https:\/\/euroalter.com\/wp-content\/uploads\/2024\/11\/Cover_ENG_WEB-771x1024.png 771w, https:\/\/euroalter.com\/wp-content\/uploads\/2024\/11\/Cover_ENG_WEB-1129x1500.png 1129w\" sizes=\"auto, (max-width: 452px) 100vw, 452px\" \/><\/figure>\r\n\r\n\r\n\r\n\r\nNum\u00e9ro 7 Transeuropa (EN)\r\n\r\n\r\n\r\n\r\n<div class=\"wp-block-buttons is-layout-flex wp-block-buttons-is-layout-flex\">\r\n\r\n\r\n<div class=\"wp-block-button has-custom-width wp-block-button__width-100\"><a class=\"wp-block-button__link wp-element-button\" href=\"https:\/\/euroalter.com\/wp-content\/uploads\/2024\/11\/EAJ7_ENG_Digital-1.pdf\" target=\"_blank\" rel=\"noreferrer noopener\">T\u00e9l\u00e9charger<\/a><\/div>\r\n\r\n\r\n<\/div>\r\n\r\n\r\n<\/div>\r\n\r\n\r\n\r\n<div class=\"wp-block-group is-layout-constrained wp-block-group-is-layout-constrained\" style=\"padding-bottom: var(--wp--preset--spacing--40);\">\r\n\r\n\r\n<figure class=\"wp-block-image size-thumbnail\"><img loading=\"lazy\" decoding=\"async\" width=\"455\" height=\"600\" class=\"wp-image-25990\" style=\"aspect-ratio: 3\/4; object-fit: cover;\" src=\"https:\/\/euroalter.com\/wp-content\/uploads\/2024\/05\/Cover-EAJ6-455x600.png\" alt=\"\" srcset=\"https:\/\/euroalter.com\/wp-content\/uploads\/2024\/05\/Cover-EAJ6-455x600.png 455w, https:\/\/euroalter.com\/wp-content\/uploads\/2024\/05\/Cover-EAJ6-777x1024.png 777w, https:\/\/euroalter.com\/wp-content\/uploads\/2024\/05\/Cover-EAJ6-1138x1500.png 1138w\" sizes=\"auto, (max-width: 455px) 100vw, 455px\" \/><\/figure>\r\n\r\n\r\n\r\n\r\nNum\u00e9ro 6 \u00c9lections europ\u00e9ennes 2024\r\n\r\n\r\n\r\n\r\n<div class=\"wp-block-buttons is-layout-flex wp-block-buttons-is-layout-flex\">\r\n\r\n\r\n<div class=\"wp-block-button has-custom-width wp-block-button__width-100\"><a class=\"wp-block-button__link wp-element-button\" href=\"https:\/\/euroalter.com\/wp-content\/uploads\/2024\/05\/EAJ6-Digital.pdf\">T\u00e9l\u00e9charger<\/a><\/div>\r\n\r\n\r\n<\/div>\r\n\r\n\r\n<\/div>\r\n\r\n\r\n\r\n<div class=\"wp-block-group is-layout-constrained wp-block-group-is-layout-constrained\" style=\"padding-bottom: var(--wp--preset--spacing--40);\">\r\n\r\n\r\n<figure class=\"wp-block-image size-thumbnail\"><img loading=\"lazy\" decoding=\"async\" width=\"448\" height=\"600\" class=\"wp-image-24341\" style=\"aspect-ratio: 3\/4; object-fit: cover;\" src=\"https:\/\/euroalter.com\/wp-content\/uploads\/2024\/04\/Cover-EAJ5-448x600.png\" alt=\"Cover EAJ5\" srcset=\"https:\/\/euroalter.com\/wp-content\/uploads\/2024\/04\/Cover-EAJ5-448x600.png 448w, https:\/\/euroalter.com\/wp-content\/uploads\/2024\/04\/Cover-EAJ5-764x1024.png 764w, https:\/\/euroalter.com\/wp-content\/uploads\/2024\/04\/Cover-EAJ5-1119x1500.png 1119w, https:\/\/euroalter.com\/wp-content\/uploads\/2024\/04\/Cover-EAJ5.png 1212w\" sizes=\"auto, (max-width: 448px) 100vw, 448px\" \/><\/figure>\r\n\r\n\r\n\r\n\r\nNum\u00e9ro 5\r\n\r\n\r\n\r\n\r\n<div class=\"wp-block-buttons is-layout-flex wp-block-buttons-is-layout-flex\">\r\n\r\n\r\n<div class=\"wp-block-button has-custom-width wp-block-button__width-100\"><a class=\"wp-block-button__link wp-element-button\" href=\"https:\/\/euroalter.com\/wp-content\/uploads\/2024\/04\/EAJ5_Digital.pdf\">T\u00e9l\u00e9charger<\/a><\/div>\r\n\r\n\r\n<\/div>\r\n\r\n\r\n<\/div>\r\n\r\n\r\n\r\n<div class=\"wp-block-group is-layout-constrained wp-block-group-is-layout-constrained\" style=\"padding-bottom: var(--wp--preset--spacing--40);\">\r\n\r\n\r\n<figure class=\"wp-block-image size-thumbnail\"><img loading=\"lazy\" decoding=\"async\" width=\"458\" height=\"600\" class=\"wp-image-24338\" style=\"aspect-ratio: 3\/4; object-fit: cover;\" src=\"https:\/\/euroalter.com\/wp-content\/uploads\/2024\/04\/Cover-EAJ4-458x600.png\" alt=\"Cover EAJ4\" srcset=\"https:\/\/euroalter.com\/wp-content\/uploads\/2024\/04\/Cover-EAJ4-458x600.png 458w, https:\/\/euroalter.com\/wp-content\/uploads\/2024\/04\/Cover-EAJ4-782x1024.png 782w, https:\/\/euroalter.com\/wp-content\/uploads\/2024\/04\/Cover-EAJ4-1146x1500.png 1146w, https:\/\/euroalter.com\/wp-content\/uploads\/2024\/04\/Cover-EAJ4.png 1241w\" sizes=\"auto, (max-width: 458px) 100vw, 458px\" \/><\/figure>\r\n\r\n\r\n\r\n\r\nNum\u00e9ro 4\r\n\r\n\r\n\r\n\r\n<div class=\"wp-block-buttons is-layout-flex wp-block-buttons-is-layout-flex\">\r\n\r\n\r\n<div class=\"wp-block-button has-custom-width wp-block-button__width-100\"><a class=\"wp-block-button__link wp-element-button\" href=\"https:\/\/euroalter.com\/wp-content\/uploads\/2024\/01\/EAJ4-Digital.pdf\">T\u00e9l\u00e9charger<\/a><\/div>\r\n\r\n\r\n<\/div>\r\n\r\n\r\n<\/div>\r\n\r\n\r\n\r\n<div class=\"wp-block-group is-layout-constrained wp-block-group-is-layout-constrained\" style=\"padding-bottom: var(--wp--preset--spacing--40);\">\r\n\r\n\r\n<figure class=\"wp-block-image size-thumbnail\"><img loading=\"lazy\" decoding=\"async\" width=\"447\" height=\"600\" class=\"wp-image-24335\" style=\"aspect-ratio: 3\/4; object-fit: cover;\" src=\"https:\/\/euroalter.com\/wp-content\/uploads\/2024\/04\/Cover-EAJ3-447x600.png\" alt=\"Cover EAJ3\" srcset=\"https:\/\/euroalter.com\/wp-content\/uploads\/2024\/04\/Cover-EAJ3-447x600.png 447w, https:\/\/euroalter.com\/wp-content\/uploads\/2024\/04\/Cover-EAJ3-763x1024.png 763w, https:\/\/euroalter.com\/wp-content\/uploads\/2024\/04\/Cover-EAJ3-1118x1500.png 1118w, https:\/\/euroalter.com\/wp-content\/uploads\/2024\/04\/Cover-EAJ3.png 1211w\" sizes=\"auto, (max-width: 447px) 100vw, 447px\" \/><\/figure>\r\n\r\n\r\n\r\n\r\nNum\u00e9ro 3 (Version roumaine)\r\n\r\n\r\n\r\n\r\n<div class=\"wp-block-buttons is-layout-flex wp-block-buttons-is-layout-flex\">\r\n\r\n\r\n<div class=\"wp-block-button has-custom-width wp-block-button__width-100\"><a class=\"wp-block-button__link wp-element-button\" href=\"https:\/\/euroalter.com\/wp-content\/uploads\/2024\/01\/EAJ3_ROM.pdf\">T\u00e9l\u00e9charger<\/a><\/div>\r\n\r\n\r\n<\/div>\r\n\r\n\r\n<\/div>\r\n\r\n\r\n\r\n<div class=\"wp-block-group is-layout-constrained wp-block-group-is-layout-constrained\" style=\"padding-bottom: var(--wp--preset--spacing--40);\">\r\n\r\n\r\n<figure class=\"wp-block-image size-large\"><img loading=\"lazy\" decoding=\"async\" width=\"1118\" height=\"1500\" class=\"wp-image-24335\" src=\"https:\/\/euroalter.com\/wp-content\/uploads\/2024\/04\/Cover-EAJ3-1118x1500.png\" alt=\"Cover EAJ3\" srcset=\"https:\/\/euroalter.com\/wp-content\/uploads\/2024\/04\/Cover-EAJ3-1118x1500.png 1118w, https:\/\/euroalter.com\/wp-content\/uploads\/2024\/04\/Cover-EAJ3-763x1024.png 763w, https:\/\/euroalter.com\/wp-content\/uploads\/2024\/04\/Cover-EAJ3-447x600.png 447w, https:\/\/euroalter.com\/wp-content\/uploads\/2024\/04\/Cover-EAJ3.png 1211w\" sizes=\"auto, (max-width: 1118px) 100vw, 1118px\" \/><\/figure>\r\n\r\n\r\n\r\n\r\nNum\u00e9ro 3 (Version anglaise)\r\n\r\n\r\n\r\n\r\n<div class=\"wp-block-buttons is-layout-flex wp-block-buttons-is-layout-flex\">\r\n\r\n\r\n<div class=\"wp-block-button\"><a class=\"wp-block-button__link wp-element-button\" href=\"https:\/\/euroalter.com\/wp-content\/uploads\/2023\/12\/EAJ3_ENG.pdf\">T\u00e9l\u00e9charger<\/a><\/div>\r\n\r\n\r\n<\/div>\r\n\r\n\r\n<\/div>\r\n\r\n\r\n\r\n<div class=\"wp-block-group is-layout-constrained wp-block-group-is-layout-constrained\" style=\"padding-bottom: var(--wp--preset--spacing--40);\">\r\n\r\n\r\n<figure class=\"wp-block-image size-thumbnail\"><img loading=\"lazy\" decoding=\"async\" width=\"447\" height=\"600\" class=\"wp-image-24332\" style=\"aspect-ratio: 3\/4; object-fit: cover;\" src=\"https:\/\/euroalter.com\/wp-content\/uploads\/2024\/04\/Cover-EAJ2-447x600.png\" alt=\"Cover EAJ2\" srcset=\"https:\/\/euroalter.com\/wp-content\/uploads\/2024\/04\/Cover-EAJ2-447x600.png 447w, https:\/\/euroalter.com\/wp-content\/uploads\/2024\/04\/Cover-EAJ2-763x1024.png 763w, https:\/\/euroalter.com\/wp-content\/uploads\/2024\/04\/Cover-EAJ2-1118x1500.png 1118w, https:\/\/euroalter.com\/wp-content\/uploads\/2024\/04\/Cover-EAJ2.png 1211w\" sizes=\"auto, (max-width: 447px) 100vw, 447px\" \/><\/figure>\r\n\r\n\r\n\r\n\r\nNum\u00e9ro 2\r\n\r\n\r\n\r\n\r\n<div class=\"wp-block-buttons is-layout-flex wp-block-buttons-is-layout-flex\">\r\n\r\n\r\n<div class=\"wp-block-button has-custom-width wp-block-button__width-100\"><a class=\"wp-block-button__link wp-element-button\" href=\"https:\/\/euroalter.com\/wp-content\/uploads\/2023\/08\/EAJ_N2.pdf\" target=\"_blank\" rel=\"noreferrer noopener\">T\u00e9l\u00e9charger<\/a><\/div>\r\n\r\n\r\n<\/div>\r\n\r\n\r\n<\/div>\r\n\r\n\r\n\r\n<div class=\"wp-block-group is-layout-constrained wp-block-group-is-layout-constrained\" style=\"padding-bottom: var(--wp--preset--spacing--40);\">\r\n\r\n\r\n<figure class=\"wp-block-image size-thumbnail\"><img loading=\"lazy\" decoding=\"async\" width=\"447\" height=\"600\" class=\"wp-image-24329\" style=\"aspect-ratio: 3\/4; object-fit: cover;\" src=\"https:\/\/euroalter.com\/wp-content\/uploads\/2024\/04\/Cover-EAJ1-447x600.png\" alt=\"Cover EAJ1\" srcset=\"https:\/\/euroalter.com\/wp-content\/uploads\/2024\/04\/Cover-EAJ1-447x600.png 447w, https:\/\/euroalter.com\/wp-content\/uploads\/2024\/04\/Cover-EAJ1-763x1024.png 763w, https:\/\/euroalter.com\/wp-content\/uploads\/2024\/04\/Cover-EAJ1-1118x1500.png 1118w, https:\/\/euroalter.com\/wp-content\/uploads\/2024\/04\/Cover-EAJ1.png 1211w\" sizes=\"auto, (max-width: 447px) 100vw, 447px\" \/><\/figure>\r\n\r\n\r\n\r\n\r\nNum\u00e9ro 1\r\n\r\n\r\n\r\n\r\n<div class=\"wp-block-buttons is-layout-flex wp-block-buttons-is-layout-flex\">\r\n\r\n\r\n<div class=\"wp-block-button has-custom-width wp-block-button__width-100\"><a class=\"wp-block-button__link wp-element-button\" href=\"https:\/\/euroalter.com\/wp-content\/uploads\/2023\/06\/European-Alternatives-Journal-Issue-1.pdf\" target=\"_blank\" rel=\"noreferrer noopener\">T\u00e9l\u00e9charger<\/a><\/div>\r\n\r\n\r\n<\/div>\r\n\r\n\r\n<\/div>\r\n\r\n\r\n<\/div>\r\n","protected":false},"excerpt":{"rendered":"<p>L\u2019int\u00e9gralit\u00e9 des archives du journal European Alternatives est disponible en t\u00e9l\u00e9chargement au format PDF, dans des versions magnifiquement con\u00e7ues pour l\u2019impression par le designer d\u2019avant-garde&hellip;<\/p>\n","protected":false},"author":12,"featured_media":0,"parent":28004,"menu_order":0,"comment_status":"closed","ping_status":"closed","template":"page-templates\/page-header-journal.php","meta":{"_acf_changed":false,"footnotes":""},"class_list":["post-28006","page","type-page","status-publish","hentry"],"acf":[],"yoast_head":"<!-- This site is optimized with the Yoast SEO plugin v24.6 - https:\/\/yoast.com\/wordpress\/plugins\/seo\/ -->\n<title>\u00c9ditions imprim\u00e9es - European Alternatives<\/title>\n<meta name=\"robots\" content=\"index, follow, max-snippet:-1, max-image-preview:large, max-video-preview:-1\" \/>\n<link rel=\"canonical\" href=\"https:\/\/euroalter.com\/fr\/a-propos-de-la-revue\/editions-imprimees\/\" \/>\n<meta property=\"og:locale\" content=\"fr_FR\" \/>\n<meta property=\"og:type\" content=\"article\" \/>\n<meta property=\"og:title\" content=\"\u00c9ditions imprim\u00e9es - European Alternatives\" \/>\n<meta property=\"og:description\" content=\"L\u2019int\u00e9gralit\u00e9 des archives du journal European Alternatives est disponible en t\u00e9l\u00e9chargement au format PDF, dans des versions magnifiquement con\u00e7ues pour l\u2019impression par le designer d\u2019avant-garde&hellip;\" \/>\n<meta property=\"og:url\" content=\"https:\/\/euroalter.com\/fr\/a-propos-de-la-revue\/editions-imprimees\/\" \/>\n<meta property=\"og:site_name\" content=\"European Alternatives\" \/>\n<meta property=\"article:modified_time\" content=\"2025-07-15T09:18:14+00:00\" \/>\n<meta property=\"og:image\" content=\"https:\/\/euroalter.com\/wp-content\/uploads\/2025\/05\/EAJ10_Digital_cover.jpg\" \/>\n\t<meta property=\"og:image:width\" content=\"1232\" \/>\n\t<meta property=\"og:image:height\" content=\"1624\" \/>\n\t<meta property=\"og:image:type\" content=\"image\/jpeg\" \/>\n<meta name=\"twitter:card\" content=\"summary_large_image\" \/>\n<meta name=\"twitter:label1\" content=\"Est. reading time\" \/>\n\t<meta name=\"twitter:data1\" content=\"1 minute\" \/>\n<script type=\"application\/ld+json\" class=\"yoast-schema-graph\">{\"@context\":\"https:\/\/schema.org\",\"@graph\":[{\"@type\":\"WebPage\",\"@id\":\"https:\/\/euroalter.com\/fr\/a-propos-de-la-revue\/editions-imprimees\/\",\"url\":\"https:\/\/euroalter.com\/fr\/a-propos-de-la-revue\/editions-imprimees\/\",\"name\":\"\u00c9ditions imprim\u00e9es - European Alternatives\",\"isPartOf\":{\"@id\":\"https:\/\/euroalter.com\/#website\"},\"primaryImageOfPage\":{\"@id\":\"https:\/\/euroalter.com\/fr\/a-propos-de-la-revue\/editions-imprimees\/#primaryimage\"},\"image\":{\"@id\":\"https:\/\/euroalter.com\/fr\/a-propos-de-la-revue\/editions-imprimees\/#primaryimage\"},\"thumbnailUrl\":\"https:\/\/euroalter.com\/wp-content\/uploads\/2025\/05\/EAJ10_Digital_cover-455x600.jpg\",\"datePublished\":\"2025-04-23T12:01:44+00:00\",\"dateModified\":\"2025-07-15T09:18:14+00:00\",\"breadcrumb\":{\"@id\":\"https:\/\/euroalter.com\/fr\/a-propos-de-la-revue\/editions-imprimees\/#breadcrumb\"},\"inLanguage\":\"fr-FR\",\"potentialAction\":[{\"@type\":\"ReadAction\",\"target\":[\"https:\/\/euroalter.com\/fr\/a-propos-de-la-revue\/editions-imprimees\/\"]}]},{\"@type\":\"ImageObject\",\"inLanguage\":\"fr-FR\",\"@id\":\"https:\/\/euroalter.com\/fr\/a-propos-de-la-revue\/editions-imprimees\/#primaryimage\",\"url\":\"https:\/\/euroalter.com\/wp-content\/uploads\/2025\/05\/EAJ10_Digital_cover-455x600.jpg\",\"contentUrl\":\"https:\/\/euroalter.com\/wp-content\/uploads\/2025\/05\/EAJ10_Digital_cover-455x600.jpg\"},{\"@type\":\"BreadcrumbList\",\"@id\":\"https:\/\/euroalter.com\/fr\/a-propos-de-la-revue\/editions-imprimees\/#breadcrumb\",\"itemListElement\":[{\"@type\":\"ListItem\",\"position\":1,\"name\":\"Home\",\"item\":\"https:\/\/euroalter.com\/fr\/\"},{\"@type\":\"ListItem\",\"position\":2,\"name\":\"\u00c0 propos de la revue\",\"item\":\"https:\/\/euroalter.com\/fr\/a-propos-de-la-revue\/\"},{\"@type\":\"ListItem\",\"position\":3,\"name\":\"\u00c9ditions imprim\u00e9es\"}]},{\"@type\":\"WebSite\",\"@id\":\"https:\/\/euroalter.com\/#website\",\"url\":\"https:\/\/euroalter.com\/\",\"name\":\"European Alternatives\",\"description\":\"Democracy, Equality and Culture beyond the nation\",\"potentialAction\":[{\"@type\":\"SearchAction\",\"target\":{\"@type\":\"EntryPoint\",\"urlTemplate\":\"https:\/\/euroalter.com\/?s={search_term_string}\"},\"query-input\":{\"@type\":\"PropertyValueSpecification\",\"valueRequired\":true,\"valueName\":\"search_term_string\"}}],\"inLanguage\":\"fr-FR\"}]}<\/script>\n<!-- \/ Yoast SEO plugin. -->","yoast_head_json":{"title":"\u00c9ditions imprim\u00e9es - European Alternatives","robots":{"index":"index","follow":"follow","max-snippet":"max-snippet:-1","max-image-preview":"max-image-preview:large","max-video-preview":"max-video-preview:-1"},"canonical":"https:\/\/euroalter.com\/fr\/a-propos-de-la-revue\/editions-imprimees\/","og_locale":"fr_FR","og_type":"article","og_title":"\u00c9ditions imprim\u00e9es - European Alternatives","og_description":"L\u2019int\u00e9gralit\u00e9 des archives du journal European Alternatives est disponible en t\u00e9l\u00e9chargement au format PDF, dans des versions magnifiquement con\u00e7ues pour l\u2019impression par le designer d\u2019avant-garde&hellip;","og_url":"https:\/\/euroalter.com\/fr\/a-propos-de-la-revue\/editions-imprimees\/","og_site_name":"European Alternatives","article_modified_time":"2025-07-15T09:18:14+00:00","og_image":[{"width":1232,"height":1624,"url":"https:\/\/euroalter.com\/wp-content\/uploads\/2025\/05\/EAJ10_Digital_cover.jpg","type":"image\/jpeg"}],"twitter_card":"summary_large_image","twitter_misc":{"Est. reading time":"1 minute"},"schema":{"@context":"https:\/\/schema.org","@graph":[{"@type":"WebPage","@id":"https:\/\/euroalter.com\/fr\/a-propos-de-la-revue\/editions-imprimees\/","url":"https:\/\/euroalter.com\/fr\/a-propos-de-la-revue\/editions-imprimees\/","name":"\u00c9ditions imprim\u00e9es - European Alternatives","isPartOf":{"@id":"https:\/\/euroalter.com\/#website"},"primaryImageOfPage":{"@id":"https:\/\/euroalter.com\/fr\/a-propos-de-la-revue\/editions-imprimees\/#primaryimage"},"image":{"@id":"https:\/\/euroalter.com\/fr\/a-propos-de-la-revue\/editions-imprimees\/#primaryimage"},"thumbnailUrl":"https:\/\/euroalter.com\/wp-content\/uploads\/2025\/05\/EAJ10_Digital_cover-455x600.jpg","datePublished":"2025-04-23T12:01:44+00:00","dateModified":"2025-07-15T09:18:14+00:00","breadcrumb":{"@id":"https:\/\/euroalter.com\/fr\/a-propos-de-la-revue\/editions-imprimees\/#breadcrumb"},"inLanguage":"fr-FR","potentialAction":[{"@type":"ReadAction","target":["https:\/\/euroalter.com\/fr\/a-propos-de-la-revue\/editions-imprimees\/"]}]},{"@type":"ImageObject","inLanguage":"fr-FR","@id":"https:\/\/euroalter.com\/fr\/a-propos-de-la-revue\/editions-imprimees\/#primaryimage","url":"https:\/\/euroalter.com\/wp-content\/uploads\/2025\/05\/EAJ10_Digital_cover-455x600.jpg","contentUrl":"https:\/\/euroalter.com\/wp-content\/uploads\/2025\/05\/EAJ10_Digital_cover-455x600.jpg"},{"@type":"BreadcrumbList","@id":"https:\/\/euroalter.com\/fr\/a-propos-de-la-revue\/editions-imprimees\/#breadcrumb","itemListElement":[{"@type":"ListItem","position":1,"name":"Home","item":"https:\/\/euroalter.com\/fr\/"},{"@type":"ListItem","position":2,"name":"\u00c0 propos de la revue","item":"https:\/\/euroalter.com\/fr\/a-propos-de-la-revue\/"},{"@type":"ListItem","position":3,"name":"\u00c9ditions imprim\u00e9es"}]},{"@type":"WebSite","@id":"https:\/\/euroalter.com\/#website","url":"https:\/\/euroalter.com\/","name":"European Alternatives","description":"Democracy, Equality and Culture beyond the nation","potentialAction":[{"@type":"SearchAction","target":{"@type":"EntryPoint","urlTemplate":"https:\/\/euroalter.com\/?s={search_term_string}"},"query-input":{"@type":"PropertyValueSpecification","valueRequired":true,"valueName":"search_term_string"}}],"inLanguage":"fr-FR"}]}},"_links":{"self":[{"href":"https:\/\/euroalter.com\/fr\/wp-json\/wp\/v2\/pages\/28006","targetHints":{"allow":["GET"]}}],"collection":[{"href":"https:\/\/euroalter.com\/fr\/wp-json\/wp\/v2\/pages"}],"about":[{"href":"https:\/\/euroalter.com\/fr\/wp-json\/wp\/v2\/types\/page"}],"author":[{"embeddable":true,"href":"https:\/\/euroalter.com\/fr\/wp-json\/wp\/v2\/users\/12"}],"replies":[{"embeddable":true,"href":"https:\/\/euroalter.com\/fr\/wp-json\/wp\/v2\/comments?post=28006"}],"version-history":[{"count":1,"href":"https:\/\/euroalter.com\/fr\/wp-json\/wp\/v2\/pages\/28006\/revisions"}],"predecessor-version":[{"id":29227,"href":"https:\/\/euroalter.com\/fr\/wp-json\/wp\/v2\/pages\/28006\/revisions\/29227"}],"up":[{"embeddable":true,"href":"https:\/\/euroalter.com\/fr\/wp-json\/wp\/v2\/pages\/28004"}],"wp:attachment":[{"href":"https:\/\/euroalter.com\/fr\/wp-json\/wp\/v2\/media?parent=28006"}],"curies":[{"name":"wp","href":"https:\/\/api.w.org\/{rel}","templated":true}]}}