{"id":27796,"date":"2025-03-12T12:34:07","date_gmt":"2025-03-12T11:34:07","guid":{"rendered":"https:\/\/euroalter.com\/jobs-internships\/"},"modified":"2025-12-09T16:06:22","modified_gmt":"2025-12-09T15:06:22","slug":"jobs-internships","status":"publish","type":"page","link":"https:\/\/euroalter.com\/fr\/jobs-internships\/","title":{"rendered":"Emplois et stages"},"content":{"rendered":"\n<p class=\"has-60-font-size\"><a href=\"https:\/\/euroalter.com\/we-are-hiring-communications-intern-fall-2026-paris\/\"><mark style=\"background-color:rgba(0, 0, 0, 0)\" class=\"has-inline-color has-accent-2-color\"><span style=\"text-decoration: underline;\">Comms Intern Winter 2026 | Paris<\/span><\/mark><\/a><br>DL: 12 Decembre 2025<br><br><a href=\"https:\/\/euroalter.com\/we-are-hiring-equality-network\/\"><mark style=\"background-color:rgba(0, 0, 0, 0)\" class=\"has-inline-color has-accent-4-color\"><span style=\"text-decoration: underline;\">Equality &amp; Policy Advocacy Manager | Paris<\/span><\/mark><\/a><br>DL: 2 Janvier 2026<br><br><a href=\"https:\/\/euroalter.com\/we-are-looking-for-our-new-network-ecosystem-coordinator\/\"><mark style=\"background-color:rgba(0, 0, 0, 0)\" class=\"has-inline-color has-accent-3-color\"><span style=\"text-decoration: underline;\">Network &amp; Ecosystem Coordinator | Paris<\/span><\/mark><\/a><br>DL: 2 Janvier 2026<\/p>\n\n\n\n<p class=\"has-60-font-size\"><\/p>\n\n\n\n<div class=\"wp-block-columns is-layout-flex wp-container-core-columns-is-layout-1 wp-block-columns-is-layout-flex\">\n<div class=\"wp-block-column is-layout-flow wp-block-column-is-layout-flow\">\n<p>Que nous ayons des postes ouverts ou non, nous serions ravis d\u2019\u00e9changer avec vous.<\/p>\n\n\n\n<p>N\u2019h\u00e9sitez donc pas \u00e0 nous envoyer une <strong>candidature spontan\u00e9e<\/strong> \u00e0 <strong>info@euroalter.com<\/strong>.<\/p>\n\n\n\n<p>Nous ne pouvons pas promettre une r\u00e9ponse imm\u00e9diate, mais nous vous contacterons si votre profil correspond \u00e0 nos activit\u00e9s.<\/p>\n<\/div>\n\n\n\n<div class=\"wp-block-column is-layout-flow wp-block-column-is-layout-flow\">\n<figure class=\"wp-block-image size-full is-resized\"><img loading=\"lazy\" decoding=\"async\" width=\"1080\" height=\"1350\" src=\"https:\/\/euroalter.com\/wp-content\/uploads\/2025\/03\/EA_Brand_Guidelines_V9-81-1.png\" alt=\"\" class=\"wp-image-27798\" style=\"width:382px;height:auto\" srcset=\"https:\/\/euroalter.com\/wp-content\/uploads\/2025\/03\/EA_Brand_Guidelines_V9-81-1.png 1080w, https:\/\/euroalter.com\/wp-content\/uploads\/2025\/03\/EA_Brand_Guidelines_V9-81-1-819x1024.png 819w, https:\/\/euroalter.com\/wp-content\/uploads\/2025\/03\/EA_Brand_Guidelines_V9-81-1-480x600.png 480w\" sizes=\"auto, (max-width: 1080px) 100vw, 1080px\" \/><\/figure>\n<\/div>\n<\/div>\n\n\n\n<p class=\"has-60-font-size\"><strong>Restez inform\u00e9.e !<\/strong> Abonnez-vous \u00e0 notre newsletter, devenez membre d\u2019<strong>European Alternatives<\/strong> ou suivez-nous sur <strong>Twitter, Instagram ou Facebook<\/strong>.<\/p>\n\n\n\n<p class=\"has-60-font-size\"><\/p>\n\n\n\n<div class=\"wp-block-columns is-style-sixty-forty is-layout-flex wp-container-core-columns-is-layout-2 wp-block-columns-is-layout-flex\">\n<div class=\"wp-block-column is-layout-flow wp-block-column-is-layout-flow\"><\/div>\n<\/div>\n","protected":false},"excerpt":{"rendered":"<p>Comms Intern Winter 2026 | ParisDL: 12 Decembre 2025 Equality &amp; Policy Advocacy Manager | ParisDL: 2 Janvier 2026 Network &amp; Ecosystem Coordinator | ParisDL:&hellip;<\/p>\n","protected":false},"author":4,"featured_media":0,"parent":0,"menu_order":0,"comment_status":"closed","ping_status":"closed","template":"","meta":{"_acf_changed":false,"footnotes":""},"class_list":["post-27796","page","type-page","status-publish","hentry"],"acf":[],"yoast_head":"<!-- This site is optimized with the Yoast SEO plugin v24.6 - https:\/\/yoast.com\/wordpress\/plugins\/seo\/ -->\n<title>Emplois et stages - European Alternatives<\/title>\n<meta name=\"robots\" content=\"index, follow, max-snippet:-1, max-image-preview:large, max-video-preview:-1\" \/>\n<link rel=\"canonical\" href=\"https:\/\/euroalter.com\/fr\/jobs-internships\/\" \/>\n<meta property=\"og:locale\" content=\"fr_FR\" \/>\n<meta property=\"og:type\" content=\"article\" \/>\n<meta property=\"og:title\" content=\"Emplois et stages - European Alternatives\" \/>\n<meta property=\"og:description\" content=\"Comms Intern Winter 2026 | ParisDL: 12 Decembre 2025 Equality &amp; Policy Advocacy Manager | ParisDL: 2 Janvier 2026 Network &amp; Ecosystem Coordinator | ParisDL:&hellip;\" \/>\n<meta property=\"og:url\" content=\"https:\/\/euroalter.com\/fr\/jobs-internships\/\" \/>\n<meta property=\"og:site_name\" content=\"European Alternatives\" \/>\n<meta property=\"article:modified_time\" content=\"2025-12-09T15:06:22+00:00\" \/>\n<meta property=\"og:image\" content=\"https:\/\/euroalter.com\/wp-content\/uploads\/2025\/03\/EA_Brand_Guidelines_V9-81-1.png\" \/>\n\t<meta property=\"og:image:width\" content=\"1080\" \/>\n\t<meta property=\"og:image:height\" content=\"1350\" \/>\n\t<meta property=\"og:image:type\" content=\"image\/png\" \/>\n<meta name=\"twitter:card\" content=\"summary_large_image\" \/>\n<script type=\"application\/ld+json\" class=\"yoast-schema-graph\">{\"@context\":\"https:\/\/schema.org\",\"@graph\":[{\"@type\":\"WebPage\",\"@id\":\"https:\/\/euroalter.com\/fr\/jobs-internships\/\",\"url\":\"https:\/\/euroalter.com\/fr\/jobs-internships\/\",\"name\":\"Emplois et stages - European Alternatives\",\"isPartOf\":{\"@id\":\"https:\/\/euroalter.com\/#website\"},\"primaryImageOfPage\":{\"@id\":\"https:\/\/euroalter.com\/fr\/jobs-internships\/#primaryimage\"},\"image\":{\"@id\":\"https:\/\/euroalter.com\/fr\/jobs-internships\/#primaryimage\"},\"thumbnailUrl\":\"https:\/\/euroalter.com\/wp-content\/uploads\/2025\/03\/EA_Brand_Guidelines_V9-81-1.png\",\"datePublished\":\"2025-03-12T11:34:07+00:00\",\"dateModified\":\"2025-12-09T15:06:22+00:00\",\"breadcrumb\":{\"@id\":\"https:\/\/euroalter.com\/fr\/jobs-internships\/#breadcrumb\"},\"inLanguage\":\"fr-FR\",\"potentialAction\":[{\"@type\":\"ReadAction\",\"target\":[\"https:\/\/euroalter.com\/fr\/jobs-internships\/\"]}]},{\"@type\":\"ImageObject\",\"inLanguage\":\"fr-FR\",\"@id\":\"https:\/\/euroalter.com\/fr\/jobs-internships\/#primaryimage\",\"url\":\"https:\/\/euroalter.com\/wp-content\/uploads\/2025\/03\/EA_Brand_Guidelines_V9-81-1.png\",\"contentUrl\":\"https:\/\/euroalter.com\/wp-content\/uploads\/2025\/03\/EA_Brand_Guidelines_V9-81-1.png\"},{\"@type\":\"BreadcrumbList\",\"@id\":\"https:\/\/euroalter.com\/fr\/jobs-internships\/#breadcrumb\",\"itemListElement\":[{\"@type\":\"ListItem\",\"position\":1,\"name\":\"Home\",\"item\":\"https:\/\/euroalter.com\/fr\/\"},{\"@type\":\"ListItem\",\"position\":2,\"name\":\"Emplois et stages\"}]},{\"@type\":\"WebSite\",\"@id\":\"https:\/\/euroalter.com\/#website\",\"url\":\"https:\/\/euroalter.com\/\",\"name\":\"European Alternatives\",\"description\":\"Democracy, Equality and Culture beyond the nation\",\"potentialAction\":[{\"@type\":\"SearchAction\",\"target\":{\"@type\":\"EntryPoint\",\"urlTemplate\":\"https:\/\/euroalter.com\/?s={search_term_string}\"},\"query-input\":{\"@type\":\"PropertyValueSpecification\",\"valueRequired\":true,\"valueName\":\"search_term_string\"}}],\"inLanguage\":\"fr-FR\"}]}<\/script>\n<!-- \/ Yoast SEO plugin. -->","yoast_head_json":{"title":"Emplois et stages - European Alternatives","robots":{"index":"index","follow":"follow","max-snippet":"max-snippet:-1","max-image-preview":"max-image-preview:large","max-video-preview":"max-video-preview:-1"},"canonical":"https:\/\/euroalter.com\/fr\/jobs-internships\/","og_locale":"fr_FR","og_type":"article","og_title":"Emplois et stages - European Alternatives","og_description":"Comms Intern Winter 2026 | ParisDL: 12 Decembre 2025 Equality &amp; Policy Advocacy Manager | ParisDL: 2 Janvier 2026 Network &amp; Ecosystem Coordinator | ParisDL:&hellip;","og_url":"https:\/\/euroalter.com\/fr\/jobs-internships\/","og_site_name":"European Alternatives","article_modified_time":"2025-12-09T15:06:22+00:00","og_image":[{"width":1080,"height":1350,"url":"https:\/\/euroalter.com\/wp-content\/uploads\/2025\/03\/EA_Brand_Guidelines_V9-81-1.png","type":"image\/png"}],"twitter_card":"summary_large_image","schema":{"@context":"https:\/\/schema.org","@graph":[{"@type":"WebPage","@id":"https:\/\/euroalter.com\/fr\/jobs-internships\/","url":"https:\/\/euroalter.com\/fr\/jobs-internships\/","name":"Emplois et stages - European Alternatives","isPartOf":{"@id":"https:\/\/euroalter.com\/#website"},"primaryImageOfPage":{"@id":"https:\/\/euroalter.com\/fr\/jobs-internships\/#primaryimage"},"image":{"@id":"https:\/\/euroalter.com\/fr\/jobs-internships\/#primaryimage"},"thumbnailUrl":"https:\/\/euroalter.com\/wp-content\/uploads\/2025\/03\/EA_Brand_Guidelines_V9-81-1.png","datePublished":"2025-03-12T11:34:07+00:00","dateModified":"2025-12-09T15:06:22+00:00","breadcrumb":{"@id":"https:\/\/euroalter.com\/fr\/jobs-internships\/#breadcrumb"},"inLanguage":"fr-FR","potentialAction":[{"@type":"ReadAction","target":["https:\/\/euroalter.com\/fr\/jobs-internships\/"]}]},{"@type":"ImageObject","inLanguage":"fr-FR","@id":"https:\/\/euroalter.com\/fr\/jobs-internships\/#primaryimage","url":"https:\/\/euroalter.com\/wp-content\/uploads\/2025\/03\/EA_Brand_Guidelines_V9-81-1.png","contentUrl":"https:\/\/euroalter.com\/wp-content\/uploads\/2025\/03\/EA_Brand_Guidelines_V9-81-1.png"},{"@type":"BreadcrumbList","@id":"https:\/\/euroalter.com\/fr\/jobs-internships\/#breadcrumb","itemListElement":[{"@type":"ListItem","position":1,"name":"Home","item":"https:\/\/euroalter.com\/fr\/"},{"@type":"ListItem","position":2,"name":"Emplois et stages"}]},{"@type":"WebSite","@id":"https:\/\/euroalter.com\/#website","url":"https:\/\/euroalter.com\/","name":"European Alternatives","description":"Democracy, Equality and Culture beyond the nation","potentialAction":[{"@type":"SearchAction","target":{"@type":"EntryPoint","urlTemplate":"https:\/\/euroalter.com\/?s={search_term_string}"},"query-input":{"@type":"PropertyValueSpecification","valueRequired":true,"valueName":"search_term_string"}}],"inLanguage":"fr-FR"}]}},"_links":{"self":[{"href":"https:\/\/euroalter.com\/fr\/wp-json\/wp\/v2\/pages\/27796","targetHints":{"allow":["GET"]}}],"collection":[{"href":"https:\/\/euroalter.com\/fr\/wp-json\/wp\/v2\/pages"}],"about":[{"href":"https:\/\/euroalter.com\/fr\/wp-json\/wp\/v2\/types\/page"}],"author":[{"embeddable":true,"href":"https:\/\/euroalter.com\/fr\/wp-json\/wp\/v2\/users\/4"}],"replies":[{"embeddable":true,"href":"https:\/\/euroalter.com\/fr\/wp-json\/wp\/v2\/comments?post=27796"}],"version-history":[{"count":6,"href":"https:\/\/euroalter.com\/fr\/wp-json\/wp\/v2\/pages\/27796\/revisions"}],"predecessor-version":[{"id":29971,"href":"https:\/\/euroalter.com\/fr\/wp-json\/wp\/v2\/pages\/27796\/revisions\/29971"}],"wp:attachment":[{"href":"https:\/\/euroalter.com\/fr\/wp-json\/wp\/v2\/media?parent=27796"}],"curies":[{"name":"wp","href":"https:\/\/api.w.org\/{rel}","templated":true}]}}