{"id":26026,"date":"2024-05-10T12:09:50","date_gmt":"2024-05-10T10:09:50","guid":{"rendered":"https:\/\/euroalter.com\/mep-candidates-sign-the-pact-for-equality-pledge\/"},"modified":"2025-04-23T17:07:12","modified_gmt":"2025-04-23T15:07:12","slug":"mep-candidates-sign-the-pact-for-equality-pledge","status":"publish","type":"page","link":"https:\/\/euroalter.com\/fr\/mep-candidates-sign-the-pact-for-equality-pledge\/","title":{"rendered":"Candidat\u00b7es d\u00e9put\u00e9\u00b7es europ\u00e9en\u00b7ne\u00b7s\u00a0: signez l\u2019engagement du Pacte pour l\u2019\u00e9galit\u00e9"},"content":{"rendered":"\r\n<div class=\"wp-block-columns is-style-sixty-forty is-layout-flex wp-container-core-columns-is-layout-2 wp-block-columns-is-layout-flex\">\r\n<div class=\"wp-block-column is-layout-flow wp-block-column-is-layout-flow\">\r\n<p>Le Pacte pour l\u2019\u00e9galit\u00e9 est un engagement entre les organisations de la soci\u00e9t\u00e9 civile, les communaut\u00e9s racialis\u00e9es, les syndicats et les d\u00e9put\u00e9s europ\u00e9ens \u00e0 s\u2019engager dans un processus de dialogue formel r\u00e9gulier au cours des cinq prochaines ann\u00e9es et au-del\u00e0.<\/p>\r\n\r\n\r\n\r\n<p>Nous pensons que les d\u00e9put\u00e9s europ\u00e9ens ont le pouvoir d\u2019inverser la tendance \u00e0 la mont\u00e9e de la haine et de la discrimination en Europe, ainsi que de rem\u00e9dier au r\u00e9tr\u00e9cissement des voies de dialogue avec les acteurs de la soci\u00e9t\u00e9 civile et les communaut\u00e9s locales dans le processus d\u2019\u00e9laboration des politiques.<\/p>\r\n\r\n\r\n\r\n<p>Pour les candidats eurod\u00e9put\u00e9s, les \u00e9lections au Parlement europ\u00e9en de 2024 repr\u00e9sentent une occasion unique de r\u00e9affirmer votre attachement aux valeurs fondatrices de l\u2019Union et \u00e0 son cadre anti-discrimination.<\/p>\r\n\r\n\r\n\r\n<div class=\"wp-block-columns is-style-forty-sixty is-layout-flex wp-container-core-columns-is-layout-1 wp-block-columns-is-layout-flex\">\r\n<div class=\"wp-block-column is-layout-flow wp-block-column-is-layout-flow\" style=\"flex-basis:100%\">\r\n<figure class=\"wp-block-table\"><table><tbody><tr><td>En signant le Pacte pour l&#8217;\u00e9galit\u00e9, une fois \u00e9lu d\u00e9put\u00e9 europ\u00e9en, je m&#8217;engage \u00e0:<br><br>R\u00e9affirmer et appeler \u00e0 un renforcement du cadre anti-discrimination de l&#8217;UE, par le biais d&#8217;un \u00e9largissement de ses instruments cl\u00e9s et du contr\u00f4le de leur bonne mise en \u0153uvre par les \u00c9tats membres.<br><br>Suivre de pr\u00e8s les d\u00e9veloppements autour du cadre anti-discrimination actuel afin de mieux relever les d\u00e9fis sp\u00e9cifiques du racisme structurel et de la discrimination intersectionnelle affectant \u00e0 la fois les citoyens de l&#8217;UE et les citoyens non europ\u00e9ens, dans tous les domaines politiques de l&#8217;UE (notamment la migration et l&#8217;asile) et les groupes sociaux dans la r\u00e9gion euro-m\u00e9diterran\u00e9enne. r\u00e9gion<br><br>Fonder mes d\u00e9cisions de vote sur des processus inclusifs et participatifs, principalement par la consultation d&#8217;individus et de mouvements directement touch\u00e9s par le racisme et la discrimination, ainsi que de la soci\u00e9t\u00e9 civile, du monde universitaire et d&#8217;autres parties prenantes concern\u00e9es fournissant des preuves et une expertise sur la discrimination dans et par l&#8217;UE.<br><br>Favoriser un discours positif et un changement de politique qui s\u2019\u00e9loigne des discours s\u00e9curitaires, criminalisants, islamophobes et stigmatisants \u00e0 l\u2019\u00e9gard des personnes racialis\u00e9es \u2013 quelle que soit leur citoyennet\u00e9 \u2013 ainsi que des organisations, des d\u00e9fenseurs des droits de la personne et du grand public qui agissent en solidarit\u00e9 envers ces groupes.<br><br>Exiger des mesures concr\u00e8tes de l\u2019UE et des changements politiques en faveur de l\u2019\u00e9galit\u00e9, de la lutte contre la discrimination et de la lutte contre le racisme.<br><br>Aborder les h\u00e9ritages postcoloniaux et les in\u00e9galit\u00e9s, notamment en favorisant une relation de r\u00e9ciprocit\u00e9 entre le Nord et le Sud de la M\u00e9diterran\u00e9e.<br><br>Travailler avec les organismes nationaux de promotion de l&#8217;\u00e9galit\u00e9 pour promouvoir la sensibilisation aux moyens juridiques dont disposent les victimes, la collecte de donn\u00e9es ventil\u00e9es de haute qualit\u00e9 sur le racisme et la discrimination, la responsabilisation des autorit\u00e9s nationales et la promotion de la mise en \u0153uvre de la directive sur les normes pour les organismes de promotion de l&#8217;\u00e9galit\u00e9.<br><br>Travailler avec les autorit\u00e9s locales pour promouvoir les meilleures pratiques et surveiller la mise en \u0153uvre du cadre anti-discrimination de l&#8217;UE au niveau national, ainsi que l&#8217;adoption et l&#8217;application de plans d&#8217;action nationaux contre le racisme.<\/td><\/tr><\/tbody><\/table><\/figure>\r\n<\/div>\r\n<\/div>\r\n<\/div>\r\n\r\n\r\n\r\n<div class=\"wp-block-column is-layout-flow wp-block-column-is-layout-flow\">\r\n<script src=\"https:\/\/widget.proca.app\/d\/ep2024_candidates_tackle\/tackle\/en\"><\/script>\r\n<\/div>\r\n<\/div>\r\n","protected":false},"excerpt":{"rendered":"<p>Le Pacte pour l\u2019\u00e9galit\u00e9 est un engagement entre les organisations de la soci\u00e9t\u00e9 civile, les communaut\u00e9s racialis\u00e9es, les syndicats et les d\u00e9put\u00e9s europ\u00e9ens \u00e0 s\u2019engager&hellip;<\/p>\n","protected":false},"author":8,"featured_media":0,"parent":0,"menu_order":0,"comment_status":"closed","ping_status":"closed","template":"","meta":{"_acf_changed":false,"footnotes":""},"class_list":["post-26026","page","type-page","status-publish","hentry"],"acf":[],"yoast_head":"<!-- This site is optimized with the Yoast SEO plugin v24.6 - https:\/\/yoast.com\/wordpress\/plugins\/seo\/ -->\n<title>Candidat\u00b7es d\u00e9put\u00e9\u00b7es europ\u00e9en\u00b7ne\u00b7s\u00a0: signez l\u2019engagement du Pacte pour l\u2019\u00e9galit\u00e9 - European Alternatives<\/title>\n<meta name=\"robots\" content=\"index, follow, max-snippet:-1, max-image-preview:large, max-video-preview:-1\" \/>\n<link rel=\"canonical\" href=\"https:\/\/euroalter.com\/fr\/mep-candidates-sign-the-pact-for-equality-pledge\/\" \/>\n<meta property=\"og:locale\" content=\"fr_FR\" \/>\n<meta property=\"og:type\" content=\"article\" \/>\n<meta property=\"og:title\" content=\"Candidat\u00b7es d\u00e9put\u00e9\u00b7es europ\u00e9en\u00b7ne\u00b7s\u00a0: signez l\u2019engagement du Pacte pour l\u2019\u00e9galit\u00e9 - European Alternatives\" \/>\n<meta property=\"og:description\" content=\"Le Pacte pour l\u2019\u00e9galit\u00e9 est un engagement entre les organisations de la soci\u00e9t\u00e9 civile, les communaut\u00e9s racialis\u00e9es, les syndicats et les d\u00e9put\u00e9s europ\u00e9ens \u00e0 s\u2019engager&hellip;\" \/>\n<meta property=\"og:url\" content=\"https:\/\/euroalter.com\/fr\/mep-candidates-sign-the-pact-for-equality-pledge\/\" \/>\n<meta property=\"og:site_name\" content=\"European Alternatives\" \/>\n<meta property=\"article:modified_time\" content=\"2025-04-23T15:07:12+00:00\" \/>\n<meta name=\"twitter:card\" content=\"summary_large_image\" \/>\n<meta name=\"twitter:label1\" content=\"Est. reading time\" \/>\n\t<meta name=\"twitter:data1\" content=\"3 minutes\" \/>\n<script type=\"application\/ld+json\" class=\"yoast-schema-graph\">{\"@context\":\"https:\/\/schema.org\",\"@graph\":[{\"@type\":\"WebPage\",\"@id\":\"https:\/\/euroalter.com\/fr\/mep-candidates-sign-the-pact-for-equality-pledge\/\",\"url\":\"https:\/\/euroalter.com\/fr\/mep-candidates-sign-the-pact-for-equality-pledge\/\",\"name\":\"Candidat\u00b7es d\u00e9put\u00e9\u00b7es europ\u00e9en\u00b7ne\u00b7s\u00a0: signez l\u2019engagement du Pacte pour l\u2019\u00e9galit\u00e9 - European Alternatives\",\"isPartOf\":{\"@id\":\"https:\/\/euroalter.com\/#website\"},\"datePublished\":\"2024-05-10T10:09:50+00:00\",\"dateModified\":\"2025-04-23T15:07:12+00:00\",\"breadcrumb\":{\"@id\":\"https:\/\/euroalter.com\/fr\/mep-candidates-sign-the-pact-for-equality-pledge\/#breadcrumb\"},\"inLanguage\":\"fr-FR\",\"potentialAction\":[{\"@type\":\"ReadAction\",\"target\":[\"https:\/\/euroalter.com\/fr\/mep-candidates-sign-the-pact-for-equality-pledge\/\"]}]},{\"@type\":\"BreadcrumbList\",\"@id\":\"https:\/\/euroalter.com\/fr\/mep-candidates-sign-the-pact-for-equality-pledge\/#breadcrumb\",\"itemListElement\":[{\"@type\":\"ListItem\",\"position\":1,\"name\":\"Home\",\"item\":\"https:\/\/euroalter.com\/fr\/\"},{\"@type\":\"ListItem\",\"position\":2,\"name\":\"Candidat\u00b7es d\u00e9put\u00e9\u00b7es europ\u00e9en\u00b7ne\u00b7s\u00a0: signez l\u2019engagement du Pacte pour l\u2019\u00e9galit\u00e9\"}]},{\"@type\":\"WebSite\",\"@id\":\"https:\/\/euroalter.com\/#website\",\"url\":\"https:\/\/euroalter.com\/\",\"name\":\"European Alternatives\",\"description\":\"Democracy, Equality and Culture beyond the nation\",\"potentialAction\":[{\"@type\":\"SearchAction\",\"target\":{\"@type\":\"EntryPoint\",\"urlTemplate\":\"https:\/\/euroalter.com\/?s={search_term_string}\"},\"query-input\":{\"@type\":\"PropertyValueSpecification\",\"valueRequired\":true,\"valueName\":\"search_term_string\"}}],\"inLanguage\":\"fr-FR\"}]}<\/script>\n<!-- \/ Yoast SEO plugin. -->","yoast_head_json":{"title":"Candidat\u00b7es d\u00e9put\u00e9\u00b7es europ\u00e9en\u00b7ne\u00b7s\u00a0: signez l\u2019engagement du Pacte pour l\u2019\u00e9galit\u00e9 - European Alternatives","robots":{"index":"index","follow":"follow","max-snippet":"max-snippet:-1","max-image-preview":"max-image-preview:large","max-video-preview":"max-video-preview:-1"},"canonical":"https:\/\/euroalter.com\/fr\/mep-candidates-sign-the-pact-for-equality-pledge\/","og_locale":"fr_FR","og_type":"article","og_title":"Candidat\u00b7es d\u00e9put\u00e9\u00b7es europ\u00e9en\u00b7ne\u00b7s\u00a0: signez l\u2019engagement du Pacte pour l\u2019\u00e9galit\u00e9 - European Alternatives","og_description":"Le Pacte pour l\u2019\u00e9galit\u00e9 est un engagement entre les organisations de la soci\u00e9t\u00e9 civile, les communaut\u00e9s racialis\u00e9es, les syndicats et les d\u00e9put\u00e9s europ\u00e9ens \u00e0 s\u2019engager&hellip;","og_url":"https:\/\/euroalter.com\/fr\/mep-candidates-sign-the-pact-for-equality-pledge\/","og_site_name":"European Alternatives","article_modified_time":"2025-04-23T15:07:12+00:00","twitter_card":"summary_large_image","twitter_misc":{"Est. reading time":"3 minutes"},"schema":{"@context":"https:\/\/schema.org","@graph":[{"@type":"WebPage","@id":"https:\/\/euroalter.com\/fr\/mep-candidates-sign-the-pact-for-equality-pledge\/","url":"https:\/\/euroalter.com\/fr\/mep-candidates-sign-the-pact-for-equality-pledge\/","name":"Candidat\u00b7es d\u00e9put\u00e9\u00b7es europ\u00e9en\u00b7ne\u00b7s\u00a0: signez l\u2019engagement du Pacte pour l\u2019\u00e9galit\u00e9 - European Alternatives","isPartOf":{"@id":"https:\/\/euroalter.com\/#website"},"datePublished":"2024-05-10T10:09:50+00:00","dateModified":"2025-04-23T15:07:12+00:00","breadcrumb":{"@id":"https:\/\/euroalter.com\/fr\/mep-candidates-sign-the-pact-for-equality-pledge\/#breadcrumb"},"inLanguage":"fr-FR","potentialAction":[{"@type":"ReadAction","target":["https:\/\/euroalter.com\/fr\/mep-candidates-sign-the-pact-for-equality-pledge\/"]}]},{"@type":"BreadcrumbList","@id":"https:\/\/euroalter.com\/fr\/mep-candidates-sign-the-pact-for-equality-pledge\/#breadcrumb","itemListElement":[{"@type":"ListItem","position":1,"name":"Home","item":"https:\/\/euroalter.com\/fr\/"},{"@type":"ListItem","position":2,"name":"Candidat\u00b7es d\u00e9put\u00e9\u00b7es europ\u00e9en\u00b7ne\u00b7s\u00a0: signez l\u2019engagement du Pacte pour l\u2019\u00e9galit\u00e9"}]},{"@type":"WebSite","@id":"https:\/\/euroalter.com\/#website","url":"https:\/\/euroalter.com\/","name":"European Alternatives","description":"Democracy, Equality and Culture beyond the nation","potentialAction":[{"@type":"SearchAction","target":{"@type":"EntryPoint","urlTemplate":"https:\/\/euroalter.com\/?s={search_term_string}"},"query-input":{"@type":"PropertyValueSpecification","valueRequired":true,"valueName":"search_term_string"}}],"inLanguage":"fr-FR"}]}},"_links":{"self":[{"href":"https:\/\/euroalter.com\/fr\/wp-json\/wp\/v2\/pages\/26026","targetHints":{"allow":["GET"]}}],"collection":[{"href":"https:\/\/euroalter.com\/fr\/wp-json\/wp\/v2\/pages"}],"about":[{"href":"https:\/\/euroalter.com\/fr\/wp-json\/wp\/v2\/types\/page"}],"author":[{"embeddable":true,"href":"https:\/\/euroalter.com\/fr\/wp-json\/wp\/v2\/users\/8"}],"replies":[{"embeddable":true,"href":"https:\/\/euroalter.com\/fr\/wp-json\/wp\/v2\/comments?post=26026"}],"version-history":[{"count":3,"href":"https:\/\/euroalter.com\/fr\/wp-json\/wp\/v2\/pages\/26026\/revisions"}],"predecessor-version":[{"id":28028,"href":"https:\/\/euroalter.com\/fr\/wp-json\/wp\/v2\/pages\/26026\/revisions\/28028"}],"wp:attachment":[{"href":"https:\/\/euroalter.com\/fr\/wp-json\/wp\/v2\/media?parent=26026"}],"curies":[{"name":"wp","href":"https:\/\/api.w.org\/{rel}","templated":true}]}}