{"id":26018,"date":"2024-05-22T14:20:56","date_gmt":"2024-05-22T12:20:56","guid":{"rendered":"https:\/\/euroalter.com\/pact-for-equality\/"},"modified":"2025-04-25T14:42:39","modified_gmt":"2025-04-25T12:42:39","slug":"pact-for-equality","status":"publish","type":"page","link":"https:\/\/euroalter.com\/fr\/pact-for-equality\/","title":{"rendered":"Pacte pour l&#8217;\u00c9galit\u00e9"},"content":{"rendered":"\n<div class=\"wp-block-columns is-style-sixty-forty is-layout-flex wp-container-core-columns-is-layout-1 wp-block-columns-is-layout-flex\">\n<div class=\"wp-block-column is-layout-flow wp-block-column-is-layout-flow\">\n<p class=\"has-60-font-size\">Avocats Sans Fronti\u00e8res, European Alternatives et un consortium de partenaires de la soci\u00e9t\u00e9 civile et du monde universitaire unissent leurs forces pour promouvoir l\u2019\u00e9galit\u00e9 et lutter contre les discriminations touchant en particulier les communaut\u00e9s migrantes en Europe. Nous travaillerons ensemble durant cette ann\u00e9e \u00e9lectorale cruciale \u2014 et au-del\u00e0 \u2014 pour transformer l\u2019approche europ\u00e9enne de la diversit\u00e9.<\/p>\n\n\n\n<p>Les \u00e9lections europ\u00e9ennes approchent, et les personnes issues de l&#8217;immigration, les personnes racis\u00e9es, les femmes, les personnes LGBTQIA+ et d&#8217;autres minorit\u00e9s continuent d&#8217;\u00eatre utilis\u00e9es comme boucs \u00e9missaires et sont la cible de discours de haine. Cela refl\u00e8te les discriminations syst\u00e9miques encore pr\u00e9sentes dans de nombreuses sph\u00e8res de la soci\u00e9t\u00e9 et de la politique europ\u00e9ennes.<\/p>\n\n\n\n<p>La discrimination, dans toutes ses dimensions, est en hausse dans tous les pays europ\u00e9ens, malgr\u00e9 les tentatives de l\u2019Union europ\u00e9enne pour combattre le racisme, le sexisme et l\u2019homophobie. Une r\u00e9cente enqu\u00eate Eurobarom\u00e8tre (n\u00b0 535) conclut que la discrimination est per\u00e7ue comme \u00ab r\u00e9pandue \u00bb et \u00ab de plus en plus fr\u00e9quente \u00bb, notamment \u00e0 l\u2019encontre des personnes identifi\u00e9es comme Roms, en raison de la couleur de peau ou de l\u2019origine ethnique, de la croyance religieuse, de l\u2019identit\u00e9 de genre ou de la sexualit\u00e9.<\/p>\n\n\n\n<p>Les politiques actuelles de l&#8217;UE en mati\u00e8re de fronti\u00e8res et de migration risquent d&#8217;aggraver encore cette discrimination. Nous disons : \u00e7a suffit !<\/p>\n\n\n\n<p>C\u2019est pourquoi, pendant la campagne \u00e9lectorale et au-del\u00e0, les voix et les actions des personnes racis\u00e9es et issues de l\u2019immigration doivent \u00eatre amplifi\u00e9es. Ensemble, nous appellerons les candidat\u00b7e\u00b7s aux \u00e9lections europ\u00e9ennes \u00e0 s\u2019engager pour un Pacte pour l\u2019\u00c9galit\u00e9, qui placera la lutte contre la discrimination et le racisme au c\u0153ur de toutes les politiques europ\u00e9ennes, y compris celles concernant la migration. Ce pacte promeut \u00e9galement un engagement r\u00e9gulier des parlementaires avec les organisations communautaires et men\u00e9es par des personnes migrantes, en Europe et au-del\u00e0, ainsi que la diffusion \u00e0 plus grande \u00e9chelle des bonnes pratiques issues des initiatives locales.<\/p>\n\n\n\n<h2 class=\"wp-block-heading\">Nos principes<\/h2>\n\n\n\n<p>L\u2019UE n\u2019est pas l\u2019exemple en mati\u00e8re de droits humains qu\u2019elle pr\u00e9tend \u00eatre. Les discriminations et le racisme structurel sont omnipr\u00e9sents \u2014 du profilage \u00e0 l\u2019exclusion, en passant par la violence et la mort \u2014 et il est probable qu\u2019ils s\u2019intensifient encore pour les personnes migrantes*, r\u00e9fugi\u00e9es et racis\u00e9es** apr\u00e8s les \u00e9lections.<\/p>\n\n\n\n<p>En 2022, une enqu\u00eate de l&#8217;Agence des droits fondamentaux sur <a href=\"https:\/\/fra.europa.eu\/en\/publication\/2023\/being-black-eu#publication-tab-1\">les personnes noires dans l&#8217;UE<\/a> a r\u00e9v\u00e9l\u00e9 qu\u2019en une seule ann\u00e9e, \u00ab la discrimination raciale est pass\u00e9e de 24 % \u00e0 34 % \u00bb. Elle a le plus augment\u00e9 dans les domaines de la recherche de logement, d\u2019emploi, au travail et dans l\u2019\u00e9ducation.<\/p>\n\n\n\n<p>En d\u00e9cembre 2023, <a href=\"https:\/\/europa.eu\/eurobarometer\/surveys\/detail\/2972\">une enqu\u00eate Eurobarom\u00e8tre<\/a> a mis en \u00e9vidence une hausse des discriminations \u00e0 travers l\u2019UE, les formes les plus courantes \u00e9tant bas\u00e9es sur l\u2019origine ethnique, la race, l\u2019identit\u00e9 de genre et l\u2019orientation sexuelle. La majorit\u00e9 des actes de discrimination se produisent au travail ou dans les espaces publics.<\/p>\n\n\n\n<p>Et pourtant, nos communaut\u00e9s n\u2019ont jamais \u00e9t\u00e9 aussi interconnect\u00e9es. L\u2019Europe devient de plus en plus diverse et consciente de ses multiples identit\u00e9s et histoires. C\u2019est le moment d\u2019utiliser nos liens pour construire ensemble une Europe \u00e9galitaire, inclusive, repr\u00e9sentative et dynamique.<\/p>\n\n\n\n<p><strong>Faisons de l&#8217;Europe des droits humains une r\u00e9alit\u00e9 \u2014 et non un simple slogan.&nbsp;<\/strong><\/p>\n\n\n\n<p>Reconnaissons notre humanit\u00e9 commune et nos valeurs partag\u00e9es.<\/p>\n\n\n\n<p><strong>Rejoins le Pacte pour l&#8217;\u00c9galit\u00e9 d\u00e8s aujourd&#8217;hui et participe \u00e0 la lutte pour une Europe plus juste !<\/strong><\/p>\n\n\n\n<h2 class=\"wp-block-heading\">Qui sommes-nous ?<\/h2>\n\n\n\n<p>Nous sommes un groupe de d\u00e9fenseur\u00b7se\u00b7s de la justice raciale, des droits des personnes migrantes et de la lutte contre les discriminations, toutes et tous engag\u00e9\u00b7e\u00b7s politiquement dans nos communaut\u00e9s. Nous avons mobilis\u00e9 notre expertise pour formuler les principes et les revendications du Pacte pour l\u2019\u00c9galit\u00e9, lors de deux jours de d\u00e9lib\u00e9ration \u00e0 Marseille en avril 2024.<\/p>\n\n\n\n<p>Ce pacte est le fruit de nos exp\u00e9riences personnelles d\u2019exclusion et de discrimination, ainsi que de nos liens profonds avec les communaut\u00e9s locales.<\/p>\n\n\n\n<p><em>Notre d\u00e9claration de mission :<\/em><\/p>\n\n\n\n<p>\u00ab Nous avons le privil\u00e8ge de parler en notre nom et de faire entendre les luttes similaires v\u00e9cues par nos communaut\u00e9s. Nous voulons utiliser nos comp\u00e9tences, nos perspectives uniques et notre expertise pour exiger que celles et ceux qui d\u00e9tiennent le pouvoir changent la r\u00e9alit\u00e9 des personnes migrantes, r\u00e9fugi\u00e9es et racis\u00e9es* en Europe, et contribuent \u00e0 mettre fin \u00e0 toutes les formes de discrimination. \u00bb**<\/p>\n\n\n\n<h2 class=\"wp-block-heading\">Nos revendications<\/h2>\n\n\n\n<figure class=\"wp-block-table\"><table><tbody><tr><td><span style=\"text-decoration: underline;\"><strong>Anti-discrimination et \u00e9galit\u00e9<\/strong><\/span> <br><br>&#8211; Int\u00e9grer les cadres de lutte contre les discriminations dans toutes les politiques de l&#8217;UE <br>&#8211; Sensibiliser et \u00e9duquer au racisme et aux discriminations <br>&#8211; Adopter une loi europ\u00e9enne contre le racisme comblant les lacunes de la directive sur l\u2019\u00e9galit\u00e9 raciale <br>&#8211; Investir dans des programmes de responsabilit\u00e9 sociale des entreprises ax\u00e9s sur les questions de discrimination et d\u2019\u00e9galit\u00e9 <br>&#8211; Soutenir structurellement les organisations de la soci\u00e9t\u00e9 civile, en particulier celles dirig\u00e9es par des personnes racis\u00e9es <br>&#8211; Collecte obligatoire de donn\u00e9es d\u00e9sagr\u00e9g\u00e9es, avec des cat\u00e9gories d\u2019auto-identification claires et larges (race, origine ethnique, pays d\u2019origine, nationalit\u00e9, religion, genre, sexualit\u00e9, handicap) <br>&#8211; Reconnaissance \u00e9quitable des dipl\u00f4mes universitaires ou techniques, quel que soit le pays d\u2019origine ou le type de financement. <br><br><span style=\"text-decoration: underline;\"><strong>Migration et asile<\/strong><\/span> <br><br>&#8211; Ouvrir des voies de migration s\u00fbres vers l\u2019Europe, sans distinction de pays d\u2019origine <br>&#8211; Mettre fin aux politiques d&#8217;externalisation de l&#8217;UE <br>&#8211; Mettre fin aux expulsions de personnes migrantes, r\u00e9fugi\u00e9es et demandeuses d\u2019asile <br>&#8211; Mettre fin au profilage racial aux fronti\u00e8res et dans la soci\u00e9t\u00e9 <br>&#8211; Accorder des droits civiques, politiques et sociaux \u00e9gaux \u00e0 toutes les personnes migrantes <br>&#8211; D\u00e9velopper les voies d\u2019arriv\u00e9e compl\u00e9mentaires (visas \u00e9tudiants, travail, humanitaires, regroupement familial, parrainages priv\u00e9s, etc.) <br><br><span style=\"text-decoration: underline;\"><strong>D\u00e9mocratie et citoyennet\u00e9<\/strong><\/span> <br><br>&#8211; Droit pour toute personne n\u00e9e dans l&#8217;UE d&#8217;obtenir la citoyennet\u00e9 (jus soli) <br>&#8211; Voies d\u2019acc\u00e8s \u00e0 la naturalisation sans crit\u00e8res racistes ou discriminatoires (nationalit\u00e9, origine, statut socio-\u00e9conomique\u2026) <br>&#8211; Droit d\u2019acqu\u00e9rir une citoyennet\u00e9 europ\u00e9enne non li\u00e9e \u00e0 un \u00c9tat membre <br>&#8211; Droit de vote pour toutes les personnes r\u00e9sidant dans l\u2019UE, quel que soit leur statut migratoire ou leur citoyennet\u00e9, aux \u00e9lections locales et europ\u00e9ennes <br>&#8211; Garantie que la citoyennet\u00e9 de l\u2019UE ne puisse jamais \u00eatre r\u00e9voqu\u00e9e, m\u00eame en cas de double ou de multiple nationalit\u00e9 <br>&#8211; Reconnaissance par l\u2019UE de sa responsabilit\u00e9 coloniale dans l\u2019exclusion des personnes racis\u00e9es du syst\u00e8me d\u00e9mocratique, et engagement vers plus d\u2019inclusion, de repr\u00e9sentation et de participation r\u00e9elle <br>&#8211; Mise en place d\u2019un syst\u00e8me harmonis\u00e9 de citoyennet\u00e9 europ\u00e9enne et application uniforme de la directive de 1997 sur la citoyennet\u00e9<\/td><\/tr><\/tbody><\/table><\/figure>\n<\/div>\n\n\n\n<div class=\"wp-block-column is-layout-flow wp-block-column-is-layout-flow\" style=\"flex-basis:40%\">\n<figure class=\"wp-block-image size-large\"><img loading=\"lazy\" decoding=\"async\" width=\"1500\" height=\"938\" src=\"https:\/\/euroalter.com\/wp-content\/uploads\/2024\/05\/53701842591_2b8ff447fd_k-1500x938.jpg\" alt=\"\" class=\"wp-image-25718\" srcset=\"https:\/\/euroalter.com\/wp-content\/uploads\/2024\/05\/53701842591_2b8ff447fd_k-1500x938.jpg 1500w, https:\/\/euroalter.com\/wp-content\/uploads\/2024\/05\/53701842591_2b8ff447fd_k-1024x640.jpg 1024w, https:\/\/euroalter.com\/wp-content\/uploads\/2024\/05\/53701842591_2b8ff447fd_k-600x375.jpg 600w, https:\/\/euroalter.com\/wp-content\/uploads\/2024\/05\/53701842591_2b8ff447fd_k.jpg 2048w\" sizes=\"auto, (max-width: 1500px) 100vw, 1500px\" \/><\/figure>\n\n\n\n<figure class=\"wp-block-image size-large\"><img loading=\"lazy\" decoding=\"async\" width=\"1500\" height=\"938\" src=\"https:\/\/euroalter.com\/wp-content\/uploads\/2024\/05\/53702605011_ceea7e4e8d_k-1500x938.jpg\" alt=\"\" class=\"wp-image-25809\" srcset=\"https:\/\/euroalter.com\/wp-content\/uploads\/2024\/05\/53702605011_ceea7e4e8d_k-1500x938.jpg 1500w, https:\/\/euroalter.com\/wp-content\/uploads\/2024\/05\/53702605011_ceea7e4e8d_k-1024x640.jpg 1024w, https:\/\/euroalter.com\/wp-content\/uploads\/2024\/05\/53702605011_ceea7e4e8d_k-600x375.jpg 600w, https:\/\/euroalter.com\/wp-content\/uploads\/2024\/05\/53702605011_ceea7e4e8d_k.jpg 2048w\" sizes=\"auto, (max-width: 1500px) 100vw, 1500px\" \/><\/figure>\n\n\n\n<figure class=\"wp-block-image size-large\"><img loading=\"lazy\" decoding=\"async\" width=\"1500\" height=\"938\" src=\"https:\/\/euroalter.com\/wp-content\/uploads\/2024\/05\/53703038750_75e7fdcf03_k-1500x938.jpg\" alt=\"\" class=\"wp-image-25812\" srcset=\"https:\/\/euroalter.com\/wp-content\/uploads\/2024\/05\/53703038750_75e7fdcf03_k-1500x938.jpg 1500w, https:\/\/euroalter.com\/wp-content\/uploads\/2024\/05\/53703038750_75e7fdcf03_k-1024x640.jpg 1024w, https:\/\/euroalter.com\/wp-content\/uploads\/2024\/05\/53703038750_75e7fdcf03_k-600x375.jpg 600w, https:\/\/euroalter.com\/wp-content\/uploads\/2024\/05\/53703038750_75e7fdcf03_k.jpg 2048w\" sizes=\"auto, (max-width: 1500px) 100vw, 1500px\" \/><\/figure>\n\n\n\n<figure class=\"wp-block-image size-large\"><img loading=\"lazy\" decoding=\"async\" width=\"1500\" height=\"938\" src=\"https:\/\/euroalter.com\/wp-content\/uploads\/2024\/05\/53702605991_c59eded6d1_k-1500x938.jpg\" alt=\"\" class=\"wp-image-25815\" srcset=\"https:\/\/euroalter.com\/wp-content\/uploads\/2024\/05\/53702605991_c59eded6d1_k-1500x938.jpg 1500w, https:\/\/euroalter.com\/wp-content\/uploads\/2024\/05\/53702605991_c59eded6d1_k-1024x640.jpg 1024w, https:\/\/euroalter.com\/wp-content\/uploads\/2024\/05\/53702605991_c59eded6d1_k-600x375.jpg 600w, https:\/\/euroalter.com\/wp-content\/uploads\/2024\/05\/53702605991_c59eded6d1_k.jpg 2048w\" sizes=\"auto, (max-width: 1500px) 100vw, 1500px\" \/><\/figure>\n\n\n\n<div class=\"wp-block-buttons is-layout-flex wp-block-buttons-is-layout-flex\">\n<div class=\"wp-block-button\"><a class=\"wp-block-button__link wp-element-button\" href=\"https:\/\/euroalter.com\/fr\/mep-candidates-sign-the-pact-for-equality-pledge\/\"><strong>Vous \u00eates candidat\u00b7e au Parlement europ\u00e9en ? Signez notre engagement et soutenez une Europe port\u00e9e par ses peuples.<\/strong><\/a><\/div>\n<\/div>\n<\/div>\n<\/div>\n\n\n<h5 class=\"wp-block-post-title\">Pacte pour l&#8217;\u00c9galit\u00e9<\/h5>\n\n\n<figure class=\"wp-block-image size-thumbnail is-style-default\"><img loading=\"lazy\" decoding=\"async\" width=\"600\" height=\"135\" src=\"https:\/\/euroalter.com\/wp-content\/uploads\/2025\/04\/FR_FundedbytheEU_RGB_WHITE-600x135.png\" alt=\"\" class=\"wp-image-28009\" srcset=\"https:\/\/euroalter.com\/wp-content\/uploads\/2025\/04\/FR_FundedbytheEU_RGB_WHITE-600x135.png 600w, https:\/\/euroalter.com\/wp-content\/uploads\/2025\/04\/FR_FundedbytheEU_RGB_WHITE-1024x231.png 1024w, https:\/\/euroalter.com\/wp-content\/uploads\/2025\/04\/FR_FundedbytheEU_RGB_WHITE-1500x338.png 1500w\" sizes=\"auto, (max-width: 600px) 100vw, 600px\" \/><\/figure>\n","protected":false},"excerpt":{"rendered":"<p>Avocats Sans Fronti\u00e8res, European Alternatives et un consortium de partenaires de la soci\u00e9t\u00e9 civile et du monde universitaire unissent leurs forces pour promouvoir l\u2019\u00e9galit\u00e9 et&hellip;<\/p>\n","protected":false},"author":8,"featured_media":0,"parent":0,"menu_order":0,"comment_status":"closed","ping_status":"closed","template":"","meta":{"_acf_changed":false,"footnotes":""},"class_list":["post-26018","page","type-page","status-publish","hentry"],"acf":[],"yoast_head":"<!-- This site is optimized with the Yoast SEO plugin v24.6 - https:\/\/yoast.com\/wordpress\/plugins\/seo\/ -->\n<title>Pacte pour l&#039;\u00c9galit\u00e9 - European Alternatives<\/title>\n<meta name=\"robots\" content=\"index, follow, max-snippet:-1, max-image-preview:large, max-video-preview:-1\" \/>\n<link rel=\"canonical\" href=\"https:\/\/euroalter.com\/fr\/pact-for-equality\/\" \/>\n<meta property=\"og:locale\" content=\"fr_FR\" \/>\n<meta property=\"og:type\" content=\"article\" \/>\n<meta property=\"og:title\" content=\"Pacte pour l&#039;\u00c9galit\u00e9 - European Alternatives\" \/>\n<meta property=\"og:description\" content=\"Avocats Sans Fronti\u00e8res, European Alternatives et un consortium de partenaires de la soci\u00e9t\u00e9 civile et du monde universitaire unissent leurs forces pour promouvoir l\u2019\u00e9galit\u00e9 et&hellip;\" \/>\n<meta property=\"og:url\" content=\"https:\/\/euroalter.com\/fr\/pact-for-equality\/\" \/>\n<meta property=\"og:site_name\" content=\"European Alternatives\" \/>\n<meta property=\"article:modified_time\" content=\"2025-04-25T12:42:39+00:00\" \/>\n<meta property=\"og:image\" content=\"https:\/\/euroalter.com\/wp-content\/uploads\/2024\/05\/53701842591_2b8ff447fd_k.jpg\" \/>\n\t<meta property=\"og:image:width\" content=\"2048\" \/>\n\t<meta property=\"og:image:height\" content=\"1280\" \/>\n\t<meta property=\"og:image:type\" content=\"image\/jpeg\" \/>\n<meta name=\"twitter:card\" content=\"summary_large_image\" \/>\n<meta name=\"twitter:label1\" content=\"Est. reading time\" \/>\n\t<meta name=\"twitter:data1\" content=\"6 minutes\" \/>\n<script type=\"application\/ld+json\" class=\"yoast-schema-graph\">{\"@context\":\"https:\/\/schema.org\",\"@graph\":[{\"@type\":\"WebPage\",\"@id\":\"https:\/\/euroalter.com\/fr\/pact-for-equality\/\",\"url\":\"https:\/\/euroalter.com\/fr\/pact-for-equality\/\",\"name\":\"Pacte pour l'\u00c9galit\u00e9 - European Alternatives\",\"isPartOf\":{\"@id\":\"https:\/\/euroalter.com\/#website\"},\"primaryImageOfPage\":{\"@id\":\"https:\/\/euroalter.com\/fr\/pact-for-equality\/#primaryimage\"},\"image\":{\"@id\":\"https:\/\/euroalter.com\/fr\/pact-for-equality\/#primaryimage\"},\"thumbnailUrl\":\"https:\/\/euroalter.com\/wp-content\/uploads\/2024\/05\/53701842591_2b8ff447fd_k-1500x938.jpg\",\"datePublished\":\"2024-05-22T12:20:56+00:00\",\"dateModified\":\"2025-04-25T12:42:39+00:00\",\"breadcrumb\":{\"@id\":\"https:\/\/euroalter.com\/fr\/pact-for-equality\/#breadcrumb\"},\"inLanguage\":\"fr-FR\",\"potentialAction\":[{\"@type\":\"ReadAction\",\"target\":[\"https:\/\/euroalter.com\/fr\/pact-for-equality\/\"]}]},{\"@type\":\"ImageObject\",\"inLanguage\":\"fr-FR\",\"@id\":\"https:\/\/euroalter.com\/fr\/pact-for-equality\/#primaryimage\",\"url\":\"https:\/\/euroalter.com\/wp-content\/uploads\/2024\/05\/53701842591_2b8ff447fd_k-1500x938.jpg\",\"contentUrl\":\"https:\/\/euroalter.com\/wp-content\/uploads\/2024\/05\/53701842591_2b8ff447fd_k-1500x938.jpg\"},{\"@type\":\"BreadcrumbList\",\"@id\":\"https:\/\/euroalter.com\/fr\/pact-for-equality\/#breadcrumb\",\"itemListElement\":[{\"@type\":\"ListItem\",\"position\":1,\"name\":\"Home\",\"item\":\"https:\/\/euroalter.com\/fr\/\"},{\"@type\":\"ListItem\",\"position\":2,\"name\":\"Pacte pour l&#8217;\u00c9galit\u00e9\"}]},{\"@type\":\"WebSite\",\"@id\":\"https:\/\/euroalter.com\/#website\",\"url\":\"https:\/\/euroalter.com\/\",\"name\":\"European Alternatives\",\"description\":\"Democracy, Equality and Culture beyond the nation\",\"potentialAction\":[{\"@type\":\"SearchAction\",\"target\":{\"@type\":\"EntryPoint\",\"urlTemplate\":\"https:\/\/euroalter.com\/?s={search_term_string}\"},\"query-input\":{\"@type\":\"PropertyValueSpecification\",\"valueRequired\":true,\"valueName\":\"search_term_string\"}}],\"inLanguage\":\"fr-FR\"}]}<\/script>\n<!-- \/ Yoast SEO plugin. -->","yoast_head_json":{"title":"Pacte pour l'\u00c9galit\u00e9 - European Alternatives","robots":{"index":"index","follow":"follow","max-snippet":"max-snippet:-1","max-image-preview":"max-image-preview:large","max-video-preview":"max-video-preview:-1"},"canonical":"https:\/\/euroalter.com\/fr\/pact-for-equality\/","og_locale":"fr_FR","og_type":"article","og_title":"Pacte pour l'\u00c9galit\u00e9 - European Alternatives","og_description":"Avocats Sans Fronti\u00e8res, European Alternatives et un consortium de partenaires de la soci\u00e9t\u00e9 civile et du monde universitaire unissent leurs forces pour promouvoir l\u2019\u00e9galit\u00e9 et&hellip;","og_url":"https:\/\/euroalter.com\/fr\/pact-for-equality\/","og_site_name":"European Alternatives","article_modified_time":"2025-04-25T12:42:39+00:00","og_image":[{"width":2048,"height":1280,"url":"https:\/\/euroalter.com\/wp-content\/uploads\/2024\/05\/53701842591_2b8ff447fd_k.jpg","type":"image\/jpeg"}],"twitter_card":"summary_large_image","twitter_misc":{"Est. reading time":"6 minutes"},"schema":{"@context":"https:\/\/schema.org","@graph":[{"@type":"WebPage","@id":"https:\/\/euroalter.com\/fr\/pact-for-equality\/","url":"https:\/\/euroalter.com\/fr\/pact-for-equality\/","name":"Pacte pour l'\u00c9galit\u00e9 - European Alternatives","isPartOf":{"@id":"https:\/\/euroalter.com\/#website"},"primaryImageOfPage":{"@id":"https:\/\/euroalter.com\/fr\/pact-for-equality\/#primaryimage"},"image":{"@id":"https:\/\/euroalter.com\/fr\/pact-for-equality\/#primaryimage"},"thumbnailUrl":"https:\/\/euroalter.com\/wp-content\/uploads\/2024\/05\/53701842591_2b8ff447fd_k-1500x938.jpg","datePublished":"2024-05-22T12:20:56+00:00","dateModified":"2025-04-25T12:42:39+00:00","breadcrumb":{"@id":"https:\/\/euroalter.com\/fr\/pact-for-equality\/#breadcrumb"},"inLanguage":"fr-FR","potentialAction":[{"@type":"ReadAction","target":["https:\/\/euroalter.com\/fr\/pact-for-equality\/"]}]},{"@type":"ImageObject","inLanguage":"fr-FR","@id":"https:\/\/euroalter.com\/fr\/pact-for-equality\/#primaryimage","url":"https:\/\/euroalter.com\/wp-content\/uploads\/2024\/05\/53701842591_2b8ff447fd_k-1500x938.jpg","contentUrl":"https:\/\/euroalter.com\/wp-content\/uploads\/2024\/05\/53701842591_2b8ff447fd_k-1500x938.jpg"},{"@type":"BreadcrumbList","@id":"https:\/\/euroalter.com\/fr\/pact-for-equality\/#breadcrumb","itemListElement":[{"@type":"ListItem","position":1,"name":"Home","item":"https:\/\/euroalter.com\/fr\/"},{"@type":"ListItem","position":2,"name":"Pacte pour l&#8217;\u00c9galit\u00e9"}]},{"@type":"WebSite","@id":"https:\/\/euroalter.com\/#website","url":"https:\/\/euroalter.com\/","name":"European Alternatives","description":"Democracy, Equality and Culture beyond the nation","potentialAction":[{"@type":"SearchAction","target":{"@type":"EntryPoint","urlTemplate":"https:\/\/euroalter.com\/?s={search_term_string}"},"query-input":{"@type":"PropertyValueSpecification","valueRequired":true,"valueName":"search_term_string"}}],"inLanguage":"fr-FR"}]}},"_links":{"self":[{"href":"https:\/\/euroalter.com\/fr\/wp-json\/wp\/v2\/pages\/26018","targetHints":{"allow":["GET"]}}],"collection":[{"href":"https:\/\/euroalter.com\/fr\/wp-json\/wp\/v2\/pages"}],"about":[{"href":"https:\/\/euroalter.com\/fr\/wp-json\/wp\/v2\/types\/page"}],"author":[{"embeddable":true,"href":"https:\/\/euroalter.com\/fr\/wp-json\/wp\/v2\/users\/8"}],"replies":[{"embeddable":true,"href":"https:\/\/euroalter.com\/fr\/wp-json\/wp\/v2\/comments?post=26018"}],"version-history":[{"count":6,"href":"https:\/\/euroalter.com\/fr\/wp-json\/wp\/v2\/pages\/26018\/revisions"}],"predecessor-version":[{"id":28059,"href":"https:\/\/euroalter.com\/fr\/wp-json\/wp\/v2\/pages\/26018\/revisions\/28059"}],"wp:attachment":[{"href":"https:\/\/euroalter.com\/fr\/wp-json\/wp\/v2\/media?parent=26018"}],"curies":[{"name":"wp","href":"https:\/\/api.w.org\/{rel}","templated":true}]}}