{"id":25978,"date":"2024-05-20T13:30:28","date_gmt":"2024-05-20T11:30:28","guid":{"rendered":"https:\/\/euroalter.com\/mep-candidates-sign-the-by-the-many-pledge\/"},"modified":"2025-04-23T17:05:00","modified_gmt":"2025-04-23T15:05:00","slug":"mep-candidates-sign-the-by-the-many-pledge","status":"publish","type":"page","link":"https:\/\/euroalter.com\/fr\/mep-candidates-sign-the-by-the-many-pledge\/","title":{"rendered":"Candidat\u00b7es d\u00e9put\u00e9\u00b7es europ\u00e9en\u00b7ne\u00b7s\u00a0: signez l\u2019engagement By The Many"},"content":{"rendered":"\r\n<div class=\"wp-block-columns is-style-sixty-forty is-layout-flex wp-container-core-columns-is-layout-1 wp-block-columns-is-layout-flex\">\r\n<div class=\"wp-block-column is-layout-flow wp-block-column-is-layout-flow\">\r\n<p class=\"has-60-font-size\">S\u2019engager pour une Europe citoyenne<\/p>\r\n\r\n\r\n\r\n<p>La plan\u00e8te et ses habitants sont exploit\u00e9s et mis \u00e0 mal au nom des super-profits des entreprises. Une trop grande partie de l\u2019establishment politique continue de proposer uniquement des solutions minimales qui servent \u00e0 maintenir l\u2019\u00e9quilibre des pouvoirs entre les mains d\u2019une minorit\u00e9. Les crises climatiques et du co\u00fbt de la vie qui en r\u00e9sultent ont un impact disproportionn\u00e9 sur les communaut\u00e9s vuln\u00e9rables dans le monde et en Europe.<\/p>\r\n\r\n\r\n\r\n<p>Nous devons imaginer, exiger et mettre en \u0153uvre des alternatives radicales. Nous avons besoin d\u2019une Europe cr\u00e9\u00e9e par le plus grand nombre et aliment\u00e9e par les citoyens.<\/p>\r\n\r\n\r\n\r\n<p>Remettre le pouvoir entre les mains des citoyens ordinaires est le seul moyen de perturber un syst\u00e8me d\u00e9faillant et de restaurer la promesse de la d\u00e9mocratie. Nous appelons \u00e0 une redistribution du pouvoir loin de l\u2019\u00c9tat vers les acteurs locaux qui travaillent au-del\u00e0 des fronti\u00e8res.<\/p>\r\n\r\n\r\n\r\n<p>Ensemble, nous pouvons lutter contre la haine, la division, la discrimination et l&#8217;exclusion. Nous pouvons adopter une alternative d\u00e8s maintenant pour montrer qu\u2019une autre Europe est possible et qu\u2019un autre monde est en train de se construire.<\/p>\r\n<\/div>\r\n\r\n\r\n\r\n<div class=\"wp-block-column is-layout-flow wp-block-column-is-layout-flow\" style=\"flex-basis:40%\"><\/div>\r\n<\/div>\r\n\r\n\r\n\r\n<h3 class=\"wp-block-heading\"><strong>Signez l&#8217;engagement<\/strong><\/h3>\r\n\r\n\r\n\r\n<p>Si vous \u00eates un candidat au Parlement europ\u00e9en, une organisation ou une personne concern\u00e9e, signez le formulaire BY THE MANY\u00a0! engagement ci-dessous. [Notez que le texte de l&#8217;engagement ne fait pas du tout partie du widget. Vous souhaiterez peut-\u00eatre l&#8217;ajouter au widget actuel en tant que pr\u00e9ambule]\r\n\r\n\r\n\r\n<div class=\"wp-block-group is-layout-constrained wp-container-core-group-is-layout-1 wp-block-group-is-layout-constrained\" style=\"padding-top:var(--wp--preset--spacing--20);padding-right:var(--wp--preset--spacing--20);padding-bottom:var(--wp--preset--spacing--20);padding-left:var(--wp--preset--spacing--20)\">\r\n<h4 class=\"wp-block-heading\"><strong>Pour une Europe et une plan\u00e8te fa\u00e7onn\u00e9es par le plus grand nombre ! Je m&#8217;engage \u00e0 :<\/strong><\/h4>\r\n\r\n\r\n\r\n<ul class=\"wp-block-list\">\r\n<li><strong>Travailler en \u00e9troite collaboration avec des organisations communautaires repr\u00e9sentant les personnes les plus touch\u00e9es par la l\u00e9gislation et les politiques de l&#8217;UE, o\u00f9 qu&#8217;elles se trouvent.<\/strong><\/li>\r\n\r\n\r\n\r\n<li><strong>R\u00e9duit l\u2019influence des int\u00e9r\u00eats des entreprises dans l\u2019\u00e9laboration des politiques<\/strong><\/li>\r\n\r\n\r\n\r\n<li><strong>Prot\u00e9ger les droits des personnes les plus vuln\u00e9rables de nos communaut\u00e9s\u00a0; les migrants, les r\u00e9fugi\u00e9s, les minorit\u00e9s raciales, ethniques et religieuses, y compris les communaut\u00e9s roms, les femmes et les filles, l&#8217;ensemble de la communaut\u00e9 LGBTQIA, les personnes handicap\u00e9es et les groupes \u00e0 revenus faibles ou nuls<\/strong><\/li>\r\n\r\n\r\n\r\n<li><strong>Prendre des mesures climatiques imm\u00e9diates pour se d\u00e9sengager des combustibles fossiles sans substituer une forme d\u2019exploitation et d\u2019extraction \u00e0 une autre, mettant ainsi en danger les personnes et la plan\u00e8te.<\/strong><\/li>\r\n\r\n\r\n\r\n<li><strong>Donner la priorit\u00e9 aux droits des travailleurs et au pouvoir collectif<\/strong><\/li>\r\n\r\n\r\n\r\n<li><strong>\u00c9tendre le droit de vote \u00e0 tous les r\u00e9sidents europ\u00e9ens et am\u00e9liorer la capacit\u00e9 de pleine participation d\u00e9mocratique de tous les membres de la soci\u00e9t\u00e9, ind\u00e9pendamment de leur nationalit\u00e9 ou de leur statut de r\u00e9sidence.<\/strong><\/li>\r\n\r\n\r\n\r\n<li><strong>Prot\u00e9ger tout le monde contre le racisme syst\u00e9mique, la discrimination et la violence de la part de l&#8217;\u00c9tat, des forces de l&#8217;ordre et des technologies de surveillance.<\/strong><\/li>\r\n<\/ul>\r\n<\/div>\r\n\r\n\r\n\r\n<p class=\"has-accent-2-color has-background-background-color has-text-color has-background has-link-color wp-elements-97a1ad46ab4ff3b3a34aa662ea4bb509\"><script src=\"https:\/\/widget.proca.app\/d\/ep2024_candidates_eualternatives\/eualternatives\/en\" async=\"\"><\/script><\/p>\r\n\r\n\r\n\r\n<p>Partagez notre badge d&#8217;engagement ci-dessous sur votre site Web, vos r\u00e9seaux sociaux ou vos photos de profil\u00a0!<a href=\"https:\/\/drive.google.com\/drive\/folders\/17zmwycN8FewiOERMiwFFq0HgAmI3_2Ow?usp=sharing\"> Cliquez ici pour t\u00e9l\u00e9charger le badge.<\/a><\/p>\r\n\r\n\r\n\r\n<figure class=\"wp-block-image size-full\"><img loading=\"lazy\" decoding=\"async\" width=\"695\" height=\"754\" src=\"https:\/\/euroalter.com\/wp-content\/uploads\/2024\/04\/By-the-many-pledge-badge-main.png\" alt=\"\" class=\"wp-image-25520\" srcset=\"https:\/\/euroalter.com\/wp-content\/uploads\/2024\/04\/By-the-many-pledge-badge-main.png 695w, https:\/\/euroalter.com\/wp-content\/uploads\/2024\/04\/By-the-many-pledge-badge-main-553x600.png 553w\" sizes=\"auto, (max-width: 695px) 100vw, 695px\" \/><\/figure>\r\n","protected":false},"excerpt":{"rendered":"<p>S\u2019engager pour une Europe citoyenne La plan\u00e8te et ses habitants sont exploit\u00e9s et mis \u00e0 mal au nom des super-profits des entreprises. Une trop grande&hellip;<\/p>\n","protected":false},"author":8,"featured_media":0,"parent":0,"menu_order":0,"comment_status":"closed","ping_status":"closed","template":"","meta":{"_acf_changed":false,"footnotes":""},"class_list":["post-25978","page","type-page","status-publish","hentry"],"acf":[],"yoast_head":"<!-- This site is optimized with the Yoast SEO plugin v24.6 - https:\/\/yoast.com\/wordpress\/plugins\/seo\/ -->\n<title>Candidat\u00b7es d\u00e9put\u00e9\u00b7es europ\u00e9en\u00b7ne\u00b7s\u00a0: signez l\u2019engagement By The Many - European Alternatives<\/title>\n<meta name=\"robots\" content=\"index, follow, max-snippet:-1, max-image-preview:large, max-video-preview:-1\" \/>\n<link rel=\"canonical\" href=\"https:\/\/euroalter.com\/fr\/mep-candidates-sign-the-by-the-many-pledge\/\" \/>\n<meta property=\"og:locale\" content=\"fr_FR\" \/>\n<meta property=\"og:type\" content=\"article\" \/>\n<meta property=\"og:title\" content=\"Candidat\u00b7es d\u00e9put\u00e9\u00b7es europ\u00e9en\u00b7ne\u00b7s\u00a0: signez l\u2019engagement By The Many - European Alternatives\" \/>\n<meta property=\"og:description\" content=\"S\u2019engager pour une Europe citoyenne La plan\u00e8te et ses habitants sont exploit\u00e9s et mis \u00e0 mal au nom des super-profits des entreprises. Une trop grande&hellip;\" \/>\n<meta property=\"og:url\" content=\"https:\/\/euroalter.com\/fr\/mep-candidates-sign-the-by-the-many-pledge\/\" \/>\n<meta property=\"og:site_name\" content=\"European Alternatives\" \/>\n<meta property=\"article:modified_time\" content=\"2025-04-23T15:05:00+00:00\" \/>\n<meta property=\"og:image\" content=\"https:\/\/euroalter.com\/wp-content\/uploads\/2024\/04\/By-the-many-pledge-badge-main.png\" \/>\n\t<meta property=\"og:image:width\" content=\"695\" \/>\n\t<meta property=\"og:image:height\" content=\"754\" \/>\n\t<meta property=\"og:image:type\" content=\"image\/png\" \/>\n<meta name=\"twitter:card\" content=\"summary_large_image\" \/>\n<meta name=\"twitter:label1\" content=\"Est. reading time\" \/>\n\t<meta name=\"twitter:data1\" content=\"3 minutes\" \/>\n<script type=\"application\/ld+json\" class=\"yoast-schema-graph\">{\"@context\":\"https:\/\/schema.org\",\"@graph\":[{\"@type\":\"WebPage\",\"@id\":\"https:\/\/euroalter.com\/fr\/mep-candidates-sign-the-by-the-many-pledge\/\",\"url\":\"https:\/\/euroalter.com\/fr\/mep-candidates-sign-the-by-the-many-pledge\/\",\"name\":\"Candidat\u00b7es d\u00e9put\u00e9\u00b7es europ\u00e9en\u00b7ne\u00b7s\u00a0: signez l\u2019engagement By The Many - European Alternatives\",\"isPartOf\":{\"@id\":\"https:\/\/euroalter.com\/#website\"},\"primaryImageOfPage\":{\"@id\":\"https:\/\/euroalter.com\/fr\/mep-candidates-sign-the-by-the-many-pledge\/#primaryimage\"},\"image\":{\"@id\":\"https:\/\/euroalter.com\/fr\/mep-candidates-sign-the-by-the-many-pledge\/#primaryimage\"},\"thumbnailUrl\":\"https:\/\/euroalter.com\/wp-content\/uploads\/2024\/04\/By-the-many-pledge-badge-main.png\",\"datePublished\":\"2024-05-20T11:30:28+00:00\",\"dateModified\":\"2025-04-23T15:05:00+00:00\",\"breadcrumb\":{\"@id\":\"https:\/\/euroalter.com\/fr\/mep-candidates-sign-the-by-the-many-pledge\/#breadcrumb\"},\"inLanguage\":\"fr-FR\",\"potentialAction\":[{\"@type\":\"ReadAction\",\"target\":[\"https:\/\/euroalter.com\/fr\/mep-candidates-sign-the-by-the-many-pledge\/\"]}]},{\"@type\":\"ImageObject\",\"inLanguage\":\"fr-FR\",\"@id\":\"https:\/\/euroalter.com\/fr\/mep-candidates-sign-the-by-the-many-pledge\/#primaryimage\",\"url\":\"https:\/\/euroalter.com\/wp-content\/uploads\/2024\/04\/By-the-many-pledge-badge-main.png\",\"contentUrl\":\"https:\/\/euroalter.com\/wp-content\/uploads\/2024\/04\/By-the-many-pledge-badge-main.png\"},{\"@type\":\"BreadcrumbList\",\"@id\":\"https:\/\/euroalter.com\/fr\/mep-candidates-sign-the-by-the-many-pledge\/#breadcrumb\",\"itemListElement\":[{\"@type\":\"ListItem\",\"position\":1,\"name\":\"Home\",\"item\":\"https:\/\/euroalter.com\/fr\/\"},{\"@type\":\"ListItem\",\"position\":2,\"name\":\"Candidat\u00b7es d\u00e9put\u00e9\u00b7es europ\u00e9en\u00b7ne\u00b7s\u00a0: signez l\u2019engagement By The Many\"}]},{\"@type\":\"WebSite\",\"@id\":\"https:\/\/euroalter.com\/#website\",\"url\":\"https:\/\/euroalter.com\/\",\"name\":\"European Alternatives\",\"description\":\"Democracy, Equality and Culture beyond the nation\",\"potentialAction\":[{\"@type\":\"SearchAction\",\"target\":{\"@type\":\"EntryPoint\",\"urlTemplate\":\"https:\/\/euroalter.com\/?s={search_term_string}\"},\"query-input\":{\"@type\":\"PropertyValueSpecification\",\"valueRequired\":true,\"valueName\":\"search_term_string\"}}],\"inLanguage\":\"fr-FR\"}]}<\/script>\n<!-- \/ Yoast SEO plugin. -->","yoast_head_json":{"title":"Candidat\u00b7es d\u00e9put\u00e9\u00b7es europ\u00e9en\u00b7ne\u00b7s\u00a0: signez l\u2019engagement By The Many - European Alternatives","robots":{"index":"index","follow":"follow","max-snippet":"max-snippet:-1","max-image-preview":"max-image-preview:large","max-video-preview":"max-video-preview:-1"},"canonical":"https:\/\/euroalter.com\/fr\/mep-candidates-sign-the-by-the-many-pledge\/","og_locale":"fr_FR","og_type":"article","og_title":"Candidat\u00b7es d\u00e9put\u00e9\u00b7es europ\u00e9en\u00b7ne\u00b7s\u00a0: signez l\u2019engagement By The Many - European Alternatives","og_description":"S\u2019engager pour une Europe citoyenne La plan\u00e8te et ses habitants sont exploit\u00e9s et mis \u00e0 mal au nom des super-profits des entreprises. Une trop grande&hellip;","og_url":"https:\/\/euroalter.com\/fr\/mep-candidates-sign-the-by-the-many-pledge\/","og_site_name":"European Alternatives","article_modified_time":"2025-04-23T15:05:00+00:00","og_image":[{"width":695,"height":754,"url":"https:\/\/euroalter.com\/wp-content\/uploads\/2024\/04\/By-the-many-pledge-badge-main.png","type":"image\/png"}],"twitter_card":"summary_large_image","twitter_misc":{"Est. reading time":"3 minutes"},"schema":{"@context":"https:\/\/schema.org","@graph":[{"@type":"WebPage","@id":"https:\/\/euroalter.com\/fr\/mep-candidates-sign-the-by-the-many-pledge\/","url":"https:\/\/euroalter.com\/fr\/mep-candidates-sign-the-by-the-many-pledge\/","name":"Candidat\u00b7es d\u00e9put\u00e9\u00b7es europ\u00e9en\u00b7ne\u00b7s\u00a0: signez l\u2019engagement By The Many - European Alternatives","isPartOf":{"@id":"https:\/\/euroalter.com\/#website"},"primaryImageOfPage":{"@id":"https:\/\/euroalter.com\/fr\/mep-candidates-sign-the-by-the-many-pledge\/#primaryimage"},"image":{"@id":"https:\/\/euroalter.com\/fr\/mep-candidates-sign-the-by-the-many-pledge\/#primaryimage"},"thumbnailUrl":"https:\/\/euroalter.com\/wp-content\/uploads\/2024\/04\/By-the-many-pledge-badge-main.png","datePublished":"2024-05-20T11:30:28+00:00","dateModified":"2025-04-23T15:05:00+00:00","breadcrumb":{"@id":"https:\/\/euroalter.com\/fr\/mep-candidates-sign-the-by-the-many-pledge\/#breadcrumb"},"inLanguage":"fr-FR","potentialAction":[{"@type":"ReadAction","target":["https:\/\/euroalter.com\/fr\/mep-candidates-sign-the-by-the-many-pledge\/"]}]},{"@type":"ImageObject","inLanguage":"fr-FR","@id":"https:\/\/euroalter.com\/fr\/mep-candidates-sign-the-by-the-many-pledge\/#primaryimage","url":"https:\/\/euroalter.com\/wp-content\/uploads\/2024\/04\/By-the-many-pledge-badge-main.png","contentUrl":"https:\/\/euroalter.com\/wp-content\/uploads\/2024\/04\/By-the-many-pledge-badge-main.png"},{"@type":"BreadcrumbList","@id":"https:\/\/euroalter.com\/fr\/mep-candidates-sign-the-by-the-many-pledge\/#breadcrumb","itemListElement":[{"@type":"ListItem","position":1,"name":"Home","item":"https:\/\/euroalter.com\/fr\/"},{"@type":"ListItem","position":2,"name":"Candidat\u00b7es d\u00e9put\u00e9\u00b7es europ\u00e9en\u00b7ne\u00b7s\u00a0: signez l\u2019engagement By The Many"}]},{"@type":"WebSite","@id":"https:\/\/euroalter.com\/#website","url":"https:\/\/euroalter.com\/","name":"European Alternatives","description":"Democracy, Equality and Culture beyond the nation","potentialAction":[{"@type":"SearchAction","target":{"@type":"EntryPoint","urlTemplate":"https:\/\/euroalter.com\/?s={search_term_string}"},"query-input":{"@type":"PropertyValueSpecification","valueRequired":true,"valueName":"search_term_string"}}],"inLanguage":"fr-FR"}]}},"_links":{"self":[{"href":"https:\/\/euroalter.com\/fr\/wp-json\/wp\/v2\/pages\/25978","targetHints":{"allow":["GET"]}}],"collection":[{"href":"https:\/\/euroalter.com\/fr\/wp-json\/wp\/v2\/pages"}],"about":[{"href":"https:\/\/euroalter.com\/fr\/wp-json\/wp\/v2\/types\/page"}],"author":[{"embeddable":true,"href":"https:\/\/euroalter.com\/fr\/wp-json\/wp\/v2\/users\/8"}],"replies":[{"embeddable":true,"href":"https:\/\/euroalter.com\/fr\/wp-json\/wp\/v2\/comments?post=25978"}],"version-history":[{"count":2,"href":"https:\/\/euroalter.com\/fr\/wp-json\/wp\/v2\/pages\/25978\/revisions"}],"predecessor-version":[{"id":28027,"href":"https:\/\/euroalter.com\/fr\/wp-json\/wp\/v2\/pages\/25978\/revisions\/28027"}],"wp:attachment":[{"href":"https:\/\/euroalter.com\/fr\/wp-json\/wp\/v2\/media?parent=25978"}],"curies":[{"name":"wp","href":"https:\/\/api.w.org\/{rel}","templated":true}]}}