{"id":25977,"date":"2024-05-20T13:30:10","date_gmt":"2024-05-20T11:30:10","guid":{"rendered":"https:\/\/euroalter.com\/individuals-organisations-sign-the-by-the-many-pledge\/"},"modified":"2025-04-23T17:48:16","modified_gmt":"2025-04-23T15:48:16","slug":"individuals-organisations-sign-the-by-the-many-pledge","status":"publish","type":"page","link":"https:\/\/euroalter.com\/fr\/individuals-organisations-sign-the-by-the-many-pledge\/","title":{"rendered":"Individus et organisations\u00a0: signez l&#8217;engagement By the Many\u00a0!"},"content":{"rendered":"\r\n<div class=\"wp-block-columns is-style-sixty-forty is-layout-flex wp-container-core-columns-is-layout-1 wp-block-columns-is-layout-flex\">\r\n<div class=\"wp-block-column is-layout-flow wp-block-column-is-layout-flow\">\r\n<p class=\"has-60-font-size\">Rejoignez l\u2019appel pour cr\u00e9er une Europe par tous !<\/p>\r\n\r\n\r\n\r\n<p><\/p>\r\n<\/div>\r\n\r\n\r\n\r\n<div class=\"wp-block-column is-layout-flow wp-block-column-is-layout-flow\" style=\"flex-basis:40%\"><\/div>\r\n<\/div>\r\n\r\n\r\n\r\n<h3 class=\"wp-block-heading\"><strong>Signez l&#8217;engagement<\/strong><\/h3>\r\n\r\n\r\n\r\n<p>Si vous \u00eates une organisation ou une personne concern\u00e9e, signez le formulaire BY THE MANY\u00a0! engagement ci-dessous.<\/p>\r\n\r\n\r\n\r\n<div class=\"wp-block-group has-accent-2-background-color has-background is-layout-constrained wp-container-core-group-is-layout-1 wp-block-group-is-layout-constrained\" style=\"padding-top:var(--wp--preset--spacing--20);padding-right:var(--wp--preset--spacing--20);padding-bottom:var(--wp--preset--spacing--20);padding-left:var(--wp--preset--spacing--20)\">\r\n<h4 class=\"wp-block-heading\"><strong>Pour une Europe et une plan\u00e8te fa\u00e7onn\u00e9es par le plus grand nombre ! Je m&#8217;engage \u00e0 :<\/strong><\/h4>\r\n\r\n\r\n\r\n<ul class=\"wp-block-list\">\r\n<li><strong>Travailler en \u00e9troite collaboration avec des organisations communautaires repr\u00e9sentant les personnes les plus touch\u00e9es par la l\u00e9gislation et les politiques de l&#8217;UE, o\u00f9 qu&#8217;elles se trouvent.<\/strong><\/li>\r\n\r\n\r\n\r\n<li><strong>R\u00e9duit l\u2019influence des int\u00e9r\u00eats des entreprises dans l\u2019\u00e9laboration des politiques<\/strong>.<\/li>\r\n\r\n\r\n\r\n<li><strong>Prot\u00e9ger les droits des personnes les plus vuln\u00e9rables de nos communaut\u00e9s\u00a0; les migrant\u00b7es, les r\u00e9fugi\u00e9\u00b7es, les minorit\u00e9s raciales, ethniques et religieuses, y compris les communaut\u00e9s roms, les femmes et les filles, l&#8217;ensemble de la communaut\u00e9 LGBTQIA, les personnes handicap\u00e9es et les groupes \u00e0 revenus faibles ou nuls<\/strong>.<\/li>\r\n\r\n\r\n\r\n<li><strong>Prendre des mesures climatiques imm\u00e9diates pour se d\u00e9sengager des combustibles fossiles sans substituer une forme d\u2019exploitation et d\u2019extraction \u00e0 une autre, mettant ainsi en danger les personnes et la plan\u00e8te.<\/strong><\/li>\r\n\r\n\r\n\r\n<li><strong>Donner la priorit\u00e9 aux droits des travailleurs et au pouvoir collectif<\/strong>.<\/li>\r\n\r\n\r\n\r\n<li><strong>\u00c9tendre le droit de vote \u00e0 tous les r\u00e9sidents europ\u00e9ens et am\u00e9liorer la capacit\u00e9 de pleine participation d\u00e9mocratique de tous les membres de la soci\u00e9t\u00e9, ind\u00e9pendamment de leur nationalit\u00e9 ou de leur statut de r\u00e9sidence.<\/strong><\/li>\r\n\r\n\r\n\r\n<li><strong>Prot\u00e9ger tout le monde contre le racisme syst\u00e9mique, la discrimination et la violence de la part de l&#8217;\u00c9tat, des forces de l&#8217;ordre et des technologies de surveillance.<\/strong><\/li>\r\n<\/ul>\r\n<\/div>\r\n\r\n\r\n\r\n<p class=\"has-accent-2-background-color has-background\"><script src=\"https:\/\/widget.proca.app\/d\/ep2024_citizen_eualternatives\/sign\"><\/script><\/p>\r\n","protected":false},"excerpt":{"rendered":"<p>Rejoignez l\u2019appel pour cr\u00e9er une Europe par tous ! Signez l&#8217;engagement Si vous \u00eates une organisation ou une personne concern\u00e9e, signez le formulaire BY THE&hellip;<\/p>\n","protected":false},"author":8,"featured_media":25558,"parent":0,"menu_order":0,"comment_status":"closed","ping_status":"closed","template":"","meta":{"_acf_changed":false,"footnotes":""},"class_list":["post-25977","page","type-page","status-publish","has-post-thumbnail","hentry"],"acf":[],"yoast_head":"<!-- This site is optimized with the Yoast SEO plugin v24.6 - https:\/\/yoast.com\/wordpress\/plugins\/seo\/ -->\n<title>Individus et organisations\u00a0: signez l&#039;engagement By the Many\u00a0! - European Alternatives<\/title>\n<meta name=\"robots\" content=\"index, follow, max-snippet:-1, max-image-preview:large, max-video-preview:-1\" \/>\n<link rel=\"canonical\" href=\"https:\/\/euroalter.com\/fr\/individuals-organisations-sign-the-by-the-many-pledge\/\" \/>\n<meta property=\"og:locale\" content=\"fr_FR\" \/>\n<meta property=\"og:type\" content=\"article\" \/>\n<meta property=\"og:title\" content=\"Individus et organisations\u00a0: signez l&#039;engagement By the Many\u00a0! - European Alternatives\" \/>\n<meta property=\"og:description\" content=\"Rejoignez l\u2019appel pour cr\u00e9er une Europe par tous ! Signez l&#8217;engagement Si vous \u00eates une organisation ou une personne concern\u00e9e, signez le formulaire BY THE&hellip;\" \/>\n<meta property=\"og:url\" content=\"https:\/\/euroalter.com\/fr\/individuals-organisations-sign-the-by-the-many-pledge\/\" \/>\n<meta property=\"og:site_name\" content=\"European Alternatives\" \/>\n<meta property=\"article:modified_time\" content=\"2025-04-23T15:48:16+00:00\" \/>\n<meta property=\"og:image\" content=\"https:\/\/euroalter.com\/wp-content\/uploads\/2024\/04\/Screenshot_24-4-2024_115730_www.canva_.com_.jpeg\" \/>\n\t<meta property=\"og:image:width\" content=\"2030\" \/>\n\t<meta property=\"og:image:height\" content=\"1052\" \/>\n\t<meta property=\"og:image:type\" content=\"image\/jpeg\" \/>\n<meta name=\"twitter:card\" content=\"summary_large_image\" \/>\n<meta name=\"twitter:label1\" content=\"Est. reading time\" \/>\n\t<meta name=\"twitter:data1\" content=\"1 minute\" \/>\n<script type=\"application\/ld+json\" class=\"yoast-schema-graph\">{\"@context\":\"https:\/\/schema.org\",\"@graph\":[{\"@type\":\"WebPage\",\"@id\":\"https:\/\/euroalter.com\/fr\/individuals-organisations-sign-the-by-the-many-pledge\/\",\"url\":\"https:\/\/euroalter.com\/fr\/individuals-organisations-sign-the-by-the-many-pledge\/\",\"name\":\"Individus et organisations\u00a0: signez l'engagement By the Many\u00a0! - European Alternatives\",\"isPartOf\":{\"@id\":\"https:\/\/euroalter.com\/#website\"},\"primaryImageOfPage\":{\"@id\":\"https:\/\/euroalter.com\/fr\/individuals-organisations-sign-the-by-the-many-pledge\/#primaryimage\"},\"image\":{\"@id\":\"https:\/\/euroalter.com\/fr\/individuals-organisations-sign-the-by-the-many-pledge\/#primaryimage\"},\"thumbnailUrl\":\"https:\/\/euroalter.com\/wp-content\/uploads\/2024\/04\/Screenshot_24-4-2024_115730_www.canva_.com_.jpeg\",\"datePublished\":\"2024-05-20T11:30:10+00:00\",\"dateModified\":\"2025-04-23T15:48:16+00:00\",\"breadcrumb\":{\"@id\":\"https:\/\/euroalter.com\/fr\/individuals-organisations-sign-the-by-the-many-pledge\/#breadcrumb\"},\"inLanguage\":\"fr-FR\",\"potentialAction\":[{\"@type\":\"ReadAction\",\"target\":[\"https:\/\/euroalter.com\/fr\/individuals-organisations-sign-the-by-the-many-pledge\/\"]}]},{\"@type\":\"ImageObject\",\"inLanguage\":\"fr-FR\",\"@id\":\"https:\/\/euroalter.com\/fr\/individuals-organisations-sign-the-by-the-many-pledge\/#primaryimage\",\"url\":\"https:\/\/euroalter.com\/wp-content\/uploads\/2024\/04\/Screenshot_24-4-2024_115730_www.canva_.com_.jpeg\",\"contentUrl\":\"https:\/\/euroalter.com\/wp-content\/uploads\/2024\/04\/Screenshot_24-4-2024_115730_www.canva_.com_.jpeg\",\"width\":2030,\"height\":1052},{\"@type\":\"BreadcrumbList\",\"@id\":\"https:\/\/euroalter.com\/fr\/individuals-organisations-sign-the-by-the-many-pledge\/#breadcrumb\",\"itemListElement\":[{\"@type\":\"ListItem\",\"position\":1,\"name\":\"Home\",\"item\":\"https:\/\/euroalter.com\/fr\/\"},{\"@type\":\"ListItem\",\"position\":2,\"name\":\"Individus et organisations\u00a0: signez l&#8217;engagement By the Many\u00a0!\"}]},{\"@type\":\"WebSite\",\"@id\":\"https:\/\/euroalter.com\/#website\",\"url\":\"https:\/\/euroalter.com\/\",\"name\":\"European Alternatives\",\"description\":\"Democracy, Equality and Culture beyond the nation\",\"potentialAction\":[{\"@type\":\"SearchAction\",\"target\":{\"@type\":\"EntryPoint\",\"urlTemplate\":\"https:\/\/euroalter.com\/?s={search_term_string}\"},\"query-input\":{\"@type\":\"PropertyValueSpecification\",\"valueRequired\":true,\"valueName\":\"search_term_string\"}}],\"inLanguage\":\"fr-FR\"}]}<\/script>\n<!-- \/ Yoast SEO plugin. -->","yoast_head_json":{"title":"Individus et organisations\u00a0: signez l'engagement By the Many\u00a0! - European Alternatives","robots":{"index":"index","follow":"follow","max-snippet":"max-snippet:-1","max-image-preview":"max-image-preview:large","max-video-preview":"max-video-preview:-1"},"canonical":"https:\/\/euroalter.com\/fr\/individuals-organisations-sign-the-by-the-many-pledge\/","og_locale":"fr_FR","og_type":"article","og_title":"Individus et organisations\u00a0: signez l'engagement By the Many\u00a0! - European Alternatives","og_description":"Rejoignez l\u2019appel pour cr\u00e9er une Europe par tous ! Signez l&#8217;engagement Si vous \u00eates une organisation ou une personne concern\u00e9e, signez le formulaire BY THE&hellip;","og_url":"https:\/\/euroalter.com\/fr\/individuals-organisations-sign-the-by-the-many-pledge\/","og_site_name":"European Alternatives","article_modified_time":"2025-04-23T15:48:16+00:00","og_image":[{"width":2030,"height":1052,"url":"https:\/\/euroalter.com\/wp-content\/uploads\/2024\/04\/Screenshot_24-4-2024_115730_www.canva_.com_.jpeg","type":"image\/jpeg"}],"twitter_card":"summary_large_image","twitter_misc":{"Est. reading time":"1 minute"},"schema":{"@context":"https:\/\/schema.org","@graph":[{"@type":"WebPage","@id":"https:\/\/euroalter.com\/fr\/individuals-organisations-sign-the-by-the-many-pledge\/","url":"https:\/\/euroalter.com\/fr\/individuals-organisations-sign-the-by-the-many-pledge\/","name":"Individus et organisations\u00a0: signez l'engagement By the Many\u00a0! - European Alternatives","isPartOf":{"@id":"https:\/\/euroalter.com\/#website"},"primaryImageOfPage":{"@id":"https:\/\/euroalter.com\/fr\/individuals-organisations-sign-the-by-the-many-pledge\/#primaryimage"},"image":{"@id":"https:\/\/euroalter.com\/fr\/individuals-organisations-sign-the-by-the-many-pledge\/#primaryimage"},"thumbnailUrl":"https:\/\/euroalter.com\/wp-content\/uploads\/2024\/04\/Screenshot_24-4-2024_115730_www.canva_.com_.jpeg","datePublished":"2024-05-20T11:30:10+00:00","dateModified":"2025-04-23T15:48:16+00:00","breadcrumb":{"@id":"https:\/\/euroalter.com\/fr\/individuals-organisations-sign-the-by-the-many-pledge\/#breadcrumb"},"inLanguage":"fr-FR","potentialAction":[{"@type":"ReadAction","target":["https:\/\/euroalter.com\/fr\/individuals-organisations-sign-the-by-the-many-pledge\/"]}]},{"@type":"ImageObject","inLanguage":"fr-FR","@id":"https:\/\/euroalter.com\/fr\/individuals-organisations-sign-the-by-the-many-pledge\/#primaryimage","url":"https:\/\/euroalter.com\/wp-content\/uploads\/2024\/04\/Screenshot_24-4-2024_115730_www.canva_.com_.jpeg","contentUrl":"https:\/\/euroalter.com\/wp-content\/uploads\/2024\/04\/Screenshot_24-4-2024_115730_www.canva_.com_.jpeg","width":2030,"height":1052},{"@type":"BreadcrumbList","@id":"https:\/\/euroalter.com\/fr\/individuals-organisations-sign-the-by-the-many-pledge\/#breadcrumb","itemListElement":[{"@type":"ListItem","position":1,"name":"Home","item":"https:\/\/euroalter.com\/fr\/"},{"@type":"ListItem","position":2,"name":"Individus et organisations\u00a0: signez l&#8217;engagement By the Many\u00a0!"}]},{"@type":"WebSite","@id":"https:\/\/euroalter.com\/#website","url":"https:\/\/euroalter.com\/","name":"European Alternatives","description":"Democracy, Equality and Culture beyond the nation","potentialAction":[{"@type":"SearchAction","target":{"@type":"EntryPoint","urlTemplate":"https:\/\/euroalter.com\/?s={search_term_string}"},"query-input":{"@type":"PropertyValueSpecification","valueRequired":true,"valueName":"search_term_string"}}],"inLanguage":"fr-FR"}]}},"_links":{"self":[{"href":"https:\/\/euroalter.com\/fr\/wp-json\/wp\/v2\/pages\/25977","targetHints":{"allow":["GET"]}}],"collection":[{"href":"https:\/\/euroalter.com\/fr\/wp-json\/wp\/v2\/pages"}],"about":[{"href":"https:\/\/euroalter.com\/fr\/wp-json\/wp\/v2\/types\/page"}],"author":[{"embeddable":true,"href":"https:\/\/euroalter.com\/fr\/wp-json\/wp\/v2\/users\/8"}],"replies":[{"embeddable":true,"href":"https:\/\/euroalter.com\/fr\/wp-json\/wp\/v2\/comments?post=25977"}],"version-history":[{"count":4,"href":"https:\/\/euroalter.com\/fr\/wp-json\/wp\/v2\/pages\/25977\/revisions"}],"predecessor-version":[{"id":28034,"href":"https:\/\/euroalter.com\/fr\/wp-json\/wp\/v2\/pages\/25977\/revisions\/28034"}],"wp:featuredmedia":[{"embeddable":true,"href":"https:\/\/euroalter.com\/fr\/wp-json\/wp\/v2\/media\/25558"}],"wp:attachment":[{"href":"https:\/\/euroalter.com\/fr\/wp-json\/wp\/v2\/media?parent=25977"}],"curies":[{"name":"wp","href":"https:\/\/api.w.org\/{rel}","templated":true}]}}