{"id":25976,"date":"2024-05-20T13:29:51","date_gmt":"2024-05-20T11:29:51","guid":{"rendered":"https:\/\/euroalter.com\/by-the-many-write-to-your-mep\/"},"modified":"2025-04-23T15:05:59","modified_gmt":"2025-04-23T13:05:59","slug":"by-the-many-write-to-your-mep","status":"publish","type":"page","link":"https:\/\/euroalter.com\/fr\/by-the-many-write-to-your-mep\/","title":{"rendered":"\u00c9crivez \u00e0 votre d\u00e9put\u00e9\u00b7e europ\u00e9en\u00b7ne"},"content":{"rendered":"\r\n<h2 class=\"wp-block-heading\">Encouragez votre candidat\u00b7e d\u00e9put\u00e9\u00b7e europ\u00e9en\u00b7ne \u00e0 s\u2019engager pour une Europe cr\u00e9\u00e9e par tous !<\/h2>\r\n\r\n\r\n\r\n<p>En envoyant directement un e-mail \u00e0 vos candidat\u00b7es d\u00e9put\u00e9\u00b7es europ\u00e9en\u00b7nes, vous leur faites savoir \u00e0 quel point il est important pour les \u00e9lecteurs comme vous qu&#8217;iels soient align\u00e9\u00b7es sur vos valeurs.<\/p>\r\n\r\n\r\n\r\n<p>Remplissez le formulaire ci-dessous avec votre email\/signature, et nous nous occuperons de vous envoyer l&#8217;e-mail. Nous vous avons pr\u00e9par\u00e9 un texte \u00e0 envoyer, mais n&#8217;h\u00e9sitez pas \u00e0 le personnaliser : il sera plus susceptible d&#8217;\u00eatre lu s&#8217;il est original et unique.<\/p>\r\n\r\n\r\n\r\n<p>Demandez \u00e0 vos amis d&#8217;envoyer \u00e9galement un e-mail \u00e0 leurs candidat\u00b7es d\u00e9put\u00e9\u00b7es europ\u00e9en\u00b7nes\u00a0!<\/p>\r\n\r\n\r\n\r\n<div class=\"wp-block-columns is-style-sixty-forty is-layout-flex wp-container-core-columns-is-layout-1 wp-block-columns-is-layout-flex\">\r\n<div class=\"wp-block-column has-accent-2-background-color has-background is-layout-flow wp-block-column-is-layout-flow\" style=\"flex-basis:40%\">\r\n<script src=\"https:\/\/widget.proca.app\/d\/ep2024_citizen_eualternatives\/eualternatives\/en\"><\/script>\r\n<\/div>\r\n<\/div>\r\n\r\n\r\n\r\n<p>Partagez notre badge d&#8217;engagement ci-dessous sur votre site Web, vos r\u00e9seaux sociaux ou vos photos de profil\u00a0!<a href=\"https:\/\/drive.google.com\/drive\/folders\/17zmwycN8FewiOERMiwFFq0HgAmI3_2Ow?usp=sharing\">Cliquez ici pour t\u00e9l\u00e9charger le badge.<\/a><\/p>\r\n\r\n\r\n\r\n<figure class=\"wp-block-image size-full\"><img loading=\"lazy\" decoding=\"async\" width=\"695\" height=\"754\" src=\"https:\/\/euroalter.com\/wp-content\/uploads\/2024\/04\/By-the-many-pledge-badge-main.png\" alt=\"\" class=\"wp-image-25520\" srcset=\"https:\/\/euroalter.com\/wp-content\/uploads\/2024\/04\/By-the-many-pledge-badge-main.png 695w, https:\/\/euroalter.com\/wp-content\/uploads\/2024\/04\/By-the-many-pledge-badge-main-553x600.png 553w\" sizes=\"auto, (max-width: 695px) 100vw, 695px\" \/><\/figure>\r\n","protected":false},"excerpt":{"rendered":"<p>Encouragez votre candidat\u00b7e d\u00e9put\u00e9\u00b7e europ\u00e9en\u00b7ne \u00e0 s\u2019engager pour une Europe cr\u00e9\u00e9e par tous ! En envoyant directement un e-mail \u00e0 vos candidat\u00b7es d\u00e9put\u00e9\u00b7es europ\u00e9en\u00b7nes, vous&hellip;<\/p>\n","protected":false},"author":8,"featured_media":0,"parent":0,"menu_order":0,"comment_status":"closed","ping_status":"closed","template":"","meta":{"_acf_changed":false,"footnotes":""},"class_list":["post-25976","page","type-page","status-publish","hentry"],"acf":[],"yoast_head":"<!-- This site is optimized with the Yoast SEO plugin v24.6 - https:\/\/yoast.com\/wordpress\/plugins\/seo\/ -->\n<title>\u00c9crivez \u00e0 votre d\u00e9put\u00e9\u00b7e europ\u00e9en\u00b7ne - European Alternatives<\/title>\n<meta name=\"robots\" content=\"index, follow, max-snippet:-1, max-image-preview:large, max-video-preview:-1\" \/>\n<link rel=\"canonical\" href=\"https:\/\/euroalter.com\/fr\/by-the-many-write-to-your-mep\/\" \/>\n<meta property=\"og:locale\" content=\"fr_FR\" \/>\n<meta property=\"og:type\" content=\"article\" \/>\n<meta property=\"og:title\" content=\"\u00c9crivez \u00e0 votre d\u00e9put\u00e9\u00b7e europ\u00e9en\u00b7ne - European Alternatives\" \/>\n<meta property=\"og:description\" content=\"Encouragez votre candidat\u00b7e d\u00e9put\u00e9\u00b7e europ\u00e9en\u00b7ne \u00e0 s\u2019engager pour une Europe cr\u00e9\u00e9e par tous ! En envoyant directement un e-mail \u00e0 vos candidat\u00b7es d\u00e9put\u00e9\u00b7es europ\u00e9en\u00b7nes, vous&hellip;\" \/>\n<meta property=\"og:url\" content=\"https:\/\/euroalter.com\/fr\/by-the-many-write-to-your-mep\/\" \/>\n<meta property=\"og:site_name\" content=\"European Alternatives\" \/>\n<meta property=\"article:modified_time\" content=\"2025-04-23T13:05:59+00:00\" \/>\n<meta property=\"og:image\" content=\"https:\/\/euroalter.com\/wp-content\/uploads\/2024\/04\/By-the-many-pledge-badge-main.png\" \/>\n\t<meta property=\"og:image:width\" content=\"695\" \/>\n\t<meta property=\"og:image:height\" content=\"754\" \/>\n\t<meta property=\"og:image:type\" content=\"image\/png\" \/>\n<meta name=\"twitter:card\" content=\"summary_large_image\" \/>\n<meta name=\"twitter:label1\" content=\"Est. reading time\" \/>\n\t<meta name=\"twitter:data1\" content=\"1 minute\" \/>\n<script type=\"application\/ld+json\" class=\"yoast-schema-graph\">{\"@context\":\"https:\/\/schema.org\",\"@graph\":[{\"@type\":\"WebPage\",\"@id\":\"https:\/\/euroalter.com\/fr\/by-the-many-write-to-your-mep\/\",\"url\":\"https:\/\/euroalter.com\/fr\/by-the-many-write-to-your-mep\/\",\"name\":\"\u00c9crivez \u00e0 votre d\u00e9put\u00e9\u00b7e europ\u00e9en\u00b7ne - European Alternatives\",\"isPartOf\":{\"@id\":\"https:\/\/euroalter.com\/#website\"},\"primaryImageOfPage\":{\"@id\":\"https:\/\/euroalter.com\/fr\/by-the-many-write-to-your-mep\/#primaryimage\"},\"image\":{\"@id\":\"https:\/\/euroalter.com\/fr\/by-the-many-write-to-your-mep\/#primaryimage\"},\"thumbnailUrl\":\"https:\/\/euroalter.com\/wp-content\/uploads\/2024\/04\/By-the-many-pledge-badge-main.png\",\"datePublished\":\"2024-05-20T11:29:51+00:00\",\"dateModified\":\"2025-04-23T13:05:59+00:00\",\"breadcrumb\":{\"@id\":\"https:\/\/euroalter.com\/fr\/by-the-many-write-to-your-mep\/#breadcrumb\"},\"inLanguage\":\"fr-FR\",\"potentialAction\":[{\"@type\":\"ReadAction\",\"target\":[\"https:\/\/euroalter.com\/fr\/by-the-many-write-to-your-mep\/\"]}]},{\"@type\":\"ImageObject\",\"inLanguage\":\"fr-FR\",\"@id\":\"https:\/\/euroalter.com\/fr\/by-the-many-write-to-your-mep\/#primaryimage\",\"url\":\"https:\/\/euroalter.com\/wp-content\/uploads\/2024\/04\/By-the-many-pledge-badge-main.png\",\"contentUrl\":\"https:\/\/euroalter.com\/wp-content\/uploads\/2024\/04\/By-the-many-pledge-badge-main.png\"},{\"@type\":\"BreadcrumbList\",\"@id\":\"https:\/\/euroalter.com\/fr\/by-the-many-write-to-your-mep\/#breadcrumb\",\"itemListElement\":[{\"@type\":\"ListItem\",\"position\":1,\"name\":\"Home\",\"item\":\"https:\/\/euroalter.com\/fr\/\"},{\"@type\":\"ListItem\",\"position\":2,\"name\":\"\u00c9crivez \u00e0 votre d\u00e9put\u00e9\u00b7e europ\u00e9en\u00b7ne\"}]},{\"@type\":\"WebSite\",\"@id\":\"https:\/\/euroalter.com\/#website\",\"url\":\"https:\/\/euroalter.com\/\",\"name\":\"European Alternatives\",\"description\":\"Democracy, Equality and Culture beyond the nation\",\"potentialAction\":[{\"@type\":\"SearchAction\",\"target\":{\"@type\":\"EntryPoint\",\"urlTemplate\":\"https:\/\/euroalter.com\/?s={search_term_string}\"},\"query-input\":{\"@type\":\"PropertyValueSpecification\",\"valueRequired\":true,\"valueName\":\"search_term_string\"}}],\"inLanguage\":\"fr-FR\"}]}<\/script>\n<!-- \/ Yoast SEO plugin. -->","yoast_head_json":{"title":"\u00c9crivez \u00e0 votre d\u00e9put\u00e9\u00b7e europ\u00e9en\u00b7ne - European Alternatives","robots":{"index":"index","follow":"follow","max-snippet":"max-snippet:-1","max-image-preview":"max-image-preview:large","max-video-preview":"max-video-preview:-1"},"canonical":"https:\/\/euroalter.com\/fr\/by-the-many-write-to-your-mep\/","og_locale":"fr_FR","og_type":"article","og_title":"\u00c9crivez \u00e0 votre d\u00e9put\u00e9\u00b7e europ\u00e9en\u00b7ne - European Alternatives","og_description":"Encouragez votre candidat\u00b7e d\u00e9put\u00e9\u00b7e europ\u00e9en\u00b7ne \u00e0 s\u2019engager pour une Europe cr\u00e9\u00e9e par tous ! En envoyant directement un e-mail \u00e0 vos candidat\u00b7es d\u00e9put\u00e9\u00b7es europ\u00e9en\u00b7nes, vous&hellip;","og_url":"https:\/\/euroalter.com\/fr\/by-the-many-write-to-your-mep\/","og_site_name":"European Alternatives","article_modified_time":"2025-04-23T13:05:59+00:00","og_image":[{"width":695,"height":754,"url":"https:\/\/euroalter.com\/wp-content\/uploads\/2024\/04\/By-the-many-pledge-badge-main.png","type":"image\/png"}],"twitter_card":"summary_large_image","twitter_misc":{"Est. reading time":"1 minute"},"schema":{"@context":"https:\/\/schema.org","@graph":[{"@type":"WebPage","@id":"https:\/\/euroalter.com\/fr\/by-the-many-write-to-your-mep\/","url":"https:\/\/euroalter.com\/fr\/by-the-many-write-to-your-mep\/","name":"\u00c9crivez \u00e0 votre d\u00e9put\u00e9\u00b7e europ\u00e9en\u00b7ne - European Alternatives","isPartOf":{"@id":"https:\/\/euroalter.com\/#website"},"primaryImageOfPage":{"@id":"https:\/\/euroalter.com\/fr\/by-the-many-write-to-your-mep\/#primaryimage"},"image":{"@id":"https:\/\/euroalter.com\/fr\/by-the-many-write-to-your-mep\/#primaryimage"},"thumbnailUrl":"https:\/\/euroalter.com\/wp-content\/uploads\/2024\/04\/By-the-many-pledge-badge-main.png","datePublished":"2024-05-20T11:29:51+00:00","dateModified":"2025-04-23T13:05:59+00:00","breadcrumb":{"@id":"https:\/\/euroalter.com\/fr\/by-the-many-write-to-your-mep\/#breadcrumb"},"inLanguage":"fr-FR","potentialAction":[{"@type":"ReadAction","target":["https:\/\/euroalter.com\/fr\/by-the-many-write-to-your-mep\/"]}]},{"@type":"ImageObject","inLanguage":"fr-FR","@id":"https:\/\/euroalter.com\/fr\/by-the-many-write-to-your-mep\/#primaryimage","url":"https:\/\/euroalter.com\/wp-content\/uploads\/2024\/04\/By-the-many-pledge-badge-main.png","contentUrl":"https:\/\/euroalter.com\/wp-content\/uploads\/2024\/04\/By-the-many-pledge-badge-main.png"},{"@type":"BreadcrumbList","@id":"https:\/\/euroalter.com\/fr\/by-the-many-write-to-your-mep\/#breadcrumb","itemListElement":[{"@type":"ListItem","position":1,"name":"Home","item":"https:\/\/euroalter.com\/fr\/"},{"@type":"ListItem","position":2,"name":"\u00c9crivez \u00e0 votre d\u00e9put\u00e9\u00b7e europ\u00e9en\u00b7ne"}]},{"@type":"WebSite","@id":"https:\/\/euroalter.com\/#website","url":"https:\/\/euroalter.com\/","name":"European Alternatives","description":"Democracy, Equality and Culture beyond the nation","potentialAction":[{"@type":"SearchAction","target":{"@type":"EntryPoint","urlTemplate":"https:\/\/euroalter.com\/?s={search_term_string}"},"query-input":{"@type":"PropertyValueSpecification","valueRequired":true,"valueName":"search_term_string"}}],"inLanguage":"fr-FR"}]}},"_links":{"self":[{"href":"https:\/\/euroalter.com\/fr\/wp-json\/wp\/v2\/pages\/25976","targetHints":{"allow":["GET"]}}],"collection":[{"href":"https:\/\/euroalter.com\/fr\/wp-json\/wp\/v2\/pages"}],"about":[{"href":"https:\/\/euroalter.com\/fr\/wp-json\/wp\/v2\/types\/page"}],"author":[{"embeddable":true,"href":"https:\/\/euroalter.com\/fr\/wp-json\/wp\/v2\/users\/8"}],"replies":[{"embeddable":true,"href":"https:\/\/euroalter.com\/fr\/wp-json\/wp\/v2\/comments?post=25976"}],"version-history":[{"count":2,"href":"https:\/\/euroalter.com\/fr\/wp-json\/wp\/v2\/pages\/25976\/revisions"}],"predecessor-version":[{"id":28008,"href":"https:\/\/euroalter.com\/fr\/wp-json\/wp\/v2\/pages\/25976\/revisions\/28008"}],"wp:attachment":[{"href":"https:\/\/euroalter.com\/fr\/wp-json\/wp\/v2\/media?parent=25976"}],"curies":[{"name":"wp","href":"https:\/\/api.w.org\/{rel}","templated":true}]}}