{"id":25972,"date":"2024-05-20T13:23:26","date_gmt":"2024-05-20T11:23:26","guid":{"rendered":"https:\/\/euroalter.com\/by-the-many-campaign\/"},"modified":"2025-04-23T15:09:01","modified_gmt":"2025-04-23T13:09:01","slug":"by-the-many-campaign","status":"publish","type":"page","link":"https:\/\/euroalter.com\/fr\/by-the-many-campaign\/","title":{"rendered":"Campagne By The Many!"},"content":{"rendered":"\n<div class=\"wp-block-columns is-style-sixty-forty is-layout-flex wp-container-core-columns-is-layout-1 wp-block-columns-is-layout-flex\">\n<div class=\"wp-block-column is-layout-flow wp-block-column-is-layout-flow\">\n<h1 class=\"wp-block-heading has-60-font-size\"><strong>Pour une Europe port\u00e9e par ses peuples<\/strong><\/h1>\n\n\n\n<figure class=\"wp-block-image size-large\"><img loading=\"lazy\" decoding=\"async\" width=\"1500\" height=\"777\" src=\"https:\/\/euroalter.com\/wp-content\/uploads\/2024\/04\/Screenshot_24-4-2024_115730_www.canva_.com_-1500x777.jpeg\" alt=\"\" class=\"wp-image-25557\" srcset=\"https:\/\/euroalter.com\/wp-content\/uploads\/2024\/04\/Screenshot_24-4-2024_115730_www.canva_.com_-1500x777.jpeg 1500w, https:\/\/euroalter.com\/wp-content\/uploads\/2024\/04\/Screenshot_24-4-2024_115730_www.canva_.com_-1024x531.jpeg 1024w, https:\/\/euroalter.com\/wp-content\/uploads\/2024\/04\/Screenshot_24-4-2024_115730_www.canva_.com_-600x311.jpeg 600w, https:\/\/euroalter.com\/wp-content\/uploads\/2024\/04\/Screenshot_24-4-2024_115730_www.canva_.com_.jpeg 2030w\" sizes=\"auto, (max-width: 1500px) 100vw, 1500px\" \/><\/figure>\n\n\n\n<p><p class=\"\" data-start=\"210\" data-end=\"576\">\u00c0 l\u2019approche des \u00e9lections europ\u00e9ennes de 2024, European Alternatives lance une campagne pour un changement politique radical, fond\u00e9 sur la force transformatrice des personnes qui agissent au-del\u00e0 des fronti\u00e8res. Nous imaginons une Europe d\u00e9mocratique o\u00f9 chacun\u00b7e peut mener une vie digne, et qui \u0153uvre pour une justice transnationale et une plan\u00e8te florissante. Nous appelons les citoyen\u00b7ne\u00b7s, les organisations et les d\u00e9put\u00e9\u00b7e\u00b7s europ\u00e9en\u00b7ne\u00b7s \u00e0 signer l\u2019engagement By The Many.<\/p>\nD\u00e9couvrez notre campagne ci-dessous.<\/p>\n\n\n\n<h3 class=\"wp-block-heading\"><strong>Le manifeste By The Many!<\/strong><\/h3>\n\n\n\n<p>Ce manifeste est n\u00e9 des nombreuses assembl\u00e9es citoyennes, projets et partenariats auxquels nous avons particip\u00e9 au fil des ann\u00e9es. Il refl\u00e8te les revendications de centaines de personnes et de collectifs \u00e0 travers l\u2019Europe.<\/p>\n\n\n\n<div class=\"wp-block-buttons is-layout-flex wp-block-buttons-is-layout-flex\">\n<div class=\"wp-block-button\"><a class=\"wp-block-button__link wp-element-button\" href=\"https:\/\/euroalter.com\/wp-content\/uploads\/2024\/04\/BTM-Manifesto-digital.pdf\" target=\"_blank\" rel=\"noreferrer noopener\">Cliquez ici pour lire le manifeste<\/a><\/div>\n<\/div>\n\n\n\n<p>Notre campagne est vivante et \u00e9volutive : toute personne ou organisation peut s&#8217;en saisir, porter nos revendications et les faire vivre \u00e0 sa mani\u00e8re.<\/p>\n\n\n\n<h3 class=\"wp-block-heading\">\u00c9crivez \u00e0 votre d\u00e9put\u00e9\u00b7e europ\u00e9en\u00b7ne<\/h3>\n\n\n\n<p>Demandez \u00e0 votre candidat\u00b7e aux \u00e9lections europ\u00e9ennes de signer notre engagement pour une Europe port\u00e9e par ses peuples \u2014 gr\u00e2ce \u00e0 notre outil d\u2019envoi d\u2019emails pr\u00e9-rempli :<\/p>\n\n\n\n<div class=\"wp-block-buttons is-layout-flex wp-block-buttons-is-layout-flex\">\n<div class=\"wp-block-button\"><a class=\"wp-block-button__link wp-element-button\" href=\"https:\/\/euroalter.com\/fr\/by-the-many-write-to-your-mep\/\">Cliquez ici pour \u00e9crire \u00e0 votre d\u00e9put\u00e9\u00b7e europ\u00e9en\u00b7ne<\/a><\/div>\n<\/div>\n\n\n\n<h3 class=\"wp-block-heading\">Vous \u00eates candidat\u00b7e au Parlement europ\u00e9en ?<\/h3>\n\n\n\n<p>Signez notre engagement et montrez votre volont\u00e9 de d\u00e9fendre une Europe fond\u00e9e sur le pouvoir du collectif.<\/p>\n\n\n\n<div class=\"wp-block-buttons is-layout-flex wp-block-buttons-is-layout-flex\">\n<div class=\"wp-block-button\"><a class=\"wp-block-button__link wp-element-button\" href=\"https:\/\/euroalter.com\/fr\/mep-candidates-sign-the-by-the-many-pledge\/\">Candidat\u00b7es, signez l&#8217;engagement ici<\/a><\/div>\n<\/div>\n\n\n\n<h3 class=\"wp-block-heading\">Organisation ou citoyen\u00b7ne engag\u00e9\u00b7e ? Vous pouvez aussi signer notre engagement pour une Europe par et pour ses peuples !<\/h3>\n\n\n\n<div class=\"wp-block-buttons is-layout-flex wp-block-buttons-is-layout-flex\">\n<div class=\"wp-block-button\"><a class=\"wp-block-button__link wp-element-button\" href=\"https:\/\/euroalter.com\/fr\/individuals-organisations-sign-the-by-the-many-pledge\/\">Cliquez ici pour signer notre engagement en tant qu&#8217;organisation ou individu<\/a><\/div>\n<\/div>\n\n\n\n<h3 class=\"wp-block-heading\"><strong>Partagez notre campagne<\/strong><\/h3>\n\n\n\n<p><a href=\"https:\/\/docs.google.com\/document\/d\/1u9mTIyp-NJuAE7x6LrsH_qC2yu8fmksmJLUrQGmqyXo\/edit?usp=sharing\">Cliquez ici<\/a> pour acc\u00e9der \u00e0 notre kit r\u00e9seaux sociaux. Si vous avez sign\u00e9 l&#8217;engagement, vous pouvez aussi t\u00e9l\u00e9charger et partager notre badge By The Many sur votre site web, vos r\u00e9seaux sociaux ou votre photo de profil.<a href=\"https:\/\/drive.google.com\/drive\/folders\/17zmwycN8FewiOERMiwFFq0HgAmI3_2Ow?usp=sharing\">&nbsp;Cliquez ici pour t\u00e9l\u00e9charger le badge.<\/a><\/p>\n\n\n\n<figure class=\"wp-block-image size-full\"><img loading=\"lazy\" decoding=\"async\" width=\"695\" height=\"754\" src=\"https:\/\/euroalter.com\/wp-content\/uploads\/2024\/04\/By-the-many-pledge-badge-main.png\" alt=\"\" class=\"wp-image-25520\" srcset=\"https:\/\/euroalter.com\/wp-content\/uploads\/2024\/04\/By-the-many-pledge-badge-main.png 695w, https:\/\/euroalter.com\/wp-content\/uploads\/2024\/04\/By-the-many-pledge-badge-main-553x600.png 553w\" sizes=\"auto, (max-width: 695px) 100vw, 695px\" \/><\/figure>\n<\/div>\n\n\n\n<div class=\"wp-block-column is-layout-flow wp-block-column-is-layout-flow\" style=\"flex-basis:40%\"><\/div>\n<\/div>\n\n\n\n<figure class=\"wp-block-image size-thumbnail\"><img loading=\"lazy\" decoding=\"async\" width=\"600\" height=\"135\" src=\"https:\/\/euroalter.com\/wp-content\/uploads\/2025\/04\/FR_FundedbytheEU_RGB_WHITE-600x135.png\" alt=\"\" class=\"wp-image-28009\" srcset=\"https:\/\/euroalter.com\/wp-content\/uploads\/2025\/04\/FR_FundedbytheEU_RGB_WHITE-600x135.png 600w, https:\/\/euroalter.com\/wp-content\/uploads\/2025\/04\/FR_FundedbytheEU_RGB_WHITE-1024x231.png 1024w, https:\/\/euroalter.com\/wp-content\/uploads\/2025\/04\/FR_FundedbytheEU_RGB_WHITE-1500x338.png 1500w\" sizes=\"auto, (max-width: 600px) 100vw, 600px\" \/><\/figure>\n\n\n\n<p><\/p>\n","protected":false},"excerpt":{"rendered":"<p>Pour une Europe port\u00e9e par ses peuples \u00c0 l\u2019approche des \u00e9lections europ\u00e9ennes de 2024, European Alternatives lance une campagne pour un changement politique radical, fond\u00e9&hellip;<\/p>\n","protected":false},"author":8,"featured_media":0,"parent":0,"menu_order":0,"comment_status":"closed","ping_status":"closed","template":"","meta":{"_acf_changed":false,"footnotes":""},"class_list":["post-25972","page","type-page","status-publish","hentry"],"acf":[],"yoast_head":"<!-- This site is optimized with the Yoast SEO plugin v24.6 - https:\/\/yoast.com\/wordpress\/plugins\/seo\/ -->\n<title>Campagne By The Many! - European Alternatives<\/title>\n<meta name=\"robots\" content=\"index, follow, max-snippet:-1, max-image-preview:large, max-video-preview:-1\" \/>\n<link rel=\"canonical\" href=\"https:\/\/euroalter.com\/fr\/by-the-many-campaign\/\" \/>\n<meta property=\"og:locale\" content=\"fr_FR\" \/>\n<meta property=\"og:type\" content=\"article\" \/>\n<meta property=\"og:title\" content=\"Campagne By The Many! - European Alternatives\" \/>\n<meta property=\"og:description\" content=\"Pour une Europe port\u00e9e par ses peuples \u00c0 l\u2019approche des \u00e9lections europ\u00e9ennes de 2024, European Alternatives lance une campagne pour un changement politique radical, fond\u00e9&hellip;\" \/>\n<meta property=\"og:url\" content=\"https:\/\/euroalter.com\/fr\/by-the-many-campaign\/\" \/>\n<meta property=\"og:site_name\" content=\"European Alternatives\" \/>\n<meta property=\"article:modified_time\" content=\"2025-04-23T13:09:01+00:00\" \/>\n<meta property=\"og:image\" content=\"https:\/\/euroalter.com\/wp-content\/uploads\/2024\/04\/Screenshot_24-4-2024_115730_www.canva_.com_.jpeg\" \/>\n\t<meta property=\"og:image:width\" content=\"2030\" \/>\n\t<meta property=\"og:image:height\" content=\"1052\" \/>\n\t<meta property=\"og:image:type\" content=\"image\/jpeg\" \/>\n<meta name=\"twitter:card\" content=\"summary_large_image\" \/>\n<meta name=\"twitter:label1\" content=\"Est. reading time\" \/>\n\t<meta name=\"twitter:data1\" content=\"2 minutes\" \/>\n<script type=\"application\/ld+json\" class=\"yoast-schema-graph\">{\"@context\":\"https:\/\/schema.org\",\"@graph\":[{\"@type\":\"WebPage\",\"@id\":\"https:\/\/euroalter.com\/fr\/by-the-many-campaign\/\",\"url\":\"https:\/\/euroalter.com\/fr\/by-the-many-campaign\/\",\"name\":\"Campagne By The Many! - European Alternatives\",\"isPartOf\":{\"@id\":\"https:\/\/euroalter.com\/#website\"},\"primaryImageOfPage\":{\"@id\":\"https:\/\/euroalter.com\/fr\/by-the-many-campaign\/#primaryimage\"},\"image\":{\"@id\":\"https:\/\/euroalter.com\/fr\/by-the-many-campaign\/#primaryimage\"},\"thumbnailUrl\":\"https:\/\/euroalter.com\/wp-content\/uploads\/2024\/04\/Screenshot_24-4-2024_115730_www.canva_.com_-1500x777.jpeg\",\"datePublished\":\"2024-05-20T11:23:26+00:00\",\"dateModified\":\"2025-04-23T13:09:01+00:00\",\"breadcrumb\":{\"@id\":\"https:\/\/euroalter.com\/fr\/by-the-many-campaign\/#breadcrumb\"},\"inLanguage\":\"fr-FR\",\"potentialAction\":[{\"@type\":\"ReadAction\",\"target\":[\"https:\/\/euroalter.com\/fr\/by-the-many-campaign\/\"]}]},{\"@type\":\"ImageObject\",\"inLanguage\":\"fr-FR\",\"@id\":\"https:\/\/euroalter.com\/fr\/by-the-many-campaign\/#primaryimage\",\"url\":\"https:\/\/euroalter.com\/wp-content\/uploads\/2024\/04\/Screenshot_24-4-2024_115730_www.canva_.com_-1500x777.jpeg\",\"contentUrl\":\"https:\/\/euroalter.com\/wp-content\/uploads\/2024\/04\/Screenshot_24-4-2024_115730_www.canva_.com_-1500x777.jpeg\"},{\"@type\":\"BreadcrumbList\",\"@id\":\"https:\/\/euroalter.com\/fr\/by-the-many-campaign\/#breadcrumb\",\"itemListElement\":[{\"@type\":\"ListItem\",\"position\":1,\"name\":\"Home\",\"item\":\"https:\/\/euroalter.com\/fr\/\"},{\"@type\":\"ListItem\",\"position\":2,\"name\":\"Campagne By The Many!\"}]},{\"@type\":\"WebSite\",\"@id\":\"https:\/\/euroalter.com\/#website\",\"url\":\"https:\/\/euroalter.com\/\",\"name\":\"European Alternatives\",\"description\":\"Democracy, Equality and Culture beyond the nation\",\"potentialAction\":[{\"@type\":\"SearchAction\",\"target\":{\"@type\":\"EntryPoint\",\"urlTemplate\":\"https:\/\/euroalter.com\/?s={search_term_string}\"},\"query-input\":{\"@type\":\"PropertyValueSpecification\",\"valueRequired\":true,\"valueName\":\"search_term_string\"}}],\"inLanguage\":\"fr-FR\"}]}<\/script>\n<!-- \/ Yoast SEO plugin. -->","yoast_head_json":{"title":"Campagne By The Many! - European Alternatives","robots":{"index":"index","follow":"follow","max-snippet":"max-snippet:-1","max-image-preview":"max-image-preview:large","max-video-preview":"max-video-preview:-1"},"canonical":"https:\/\/euroalter.com\/fr\/by-the-many-campaign\/","og_locale":"fr_FR","og_type":"article","og_title":"Campagne By The Many! - European Alternatives","og_description":"Pour une Europe port\u00e9e par ses peuples \u00c0 l\u2019approche des \u00e9lections europ\u00e9ennes de 2024, European Alternatives lance une campagne pour un changement politique radical, fond\u00e9&hellip;","og_url":"https:\/\/euroalter.com\/fr\/by-the-many-campaign\/","og_site_name":"European Alternatives","article_modified_time":"2025-04-23T13:09:01+00:00","og_image":[{"width":2030,"height":1052,"url":"https:\/\/euroalter.com\/wp-content\/uploads\/2024\/04\/Screenshot_24-4-2024_115730_www.canva_.com_.jpeg","type":"image\/jpeg"}],"twitter_card":"summary_large_image","twitter_misc":{"Est. reading time":"2 minutes"},"schema":{"@context":"https:\/\/schema.org","@graph":[{"@type":"WebPage","@id":"https:\/\/euroalter.com\/fr\/by-the-many-campaign\/","url":"https:\/\/euroalter.com\/fr\/by-the-many-campaign\/","name":"Campagne By The Many! - European Alternatives","isPartOf":{"@id":"https:\/\/euroalter.com\/#website"},"primaryImageOfPage":{"@id":"https:\/\/euroalter.com\/fr\/by-the-many-campaign\/#primaryimage"},"image":{"@id":"https:\/\/euroalter.com\/fr\/by-the-many-campaign\/#primaryimage"},"thumbnailUrl":"https:\/\/euroalter.com\/wp-content\/uploads\/2024\/04\/Screenshot_24-4-2024_115730_www.canva_.com_-1500x777.jpeg","datePublished":"2024-05-20T11:23:26+00:00","dateModified":"2025-04-23T13:09:01+00:00","breadcrumb":{"@id":"https:\/\/euroalter.com\/fr\/by-the-many-campaign\/#breadcrumb"},"inLanguage":"fr-FR","potentialAction":[{"@type":"ReadAction","target":["https:\/\/euroalter.com\/fr\/by-the-many-campaign\/"]}]},{"@type":"ImageObject","inLanguage":"fr-FR","@id":"https:\/\/euroalter.com\/fr\/by-the-many-campaign\/#primaryimage","url":"https:\/\/euroalter.com\/wp-content\/uploads\/2024\/04\/Screenshot_24-4-2024_115730_www.canva_.com_-1500x777.jpeg","contentUrl":"https:\/\/euroalter.com\/wp-content\/uploads\/2024\/04\/Screenshot_24-4-2024_115730_www.canva_.com_-1500x777.jpeg"},{"@type":"BreadcrumbList","@id":"https:\/\/euroalter.com\/fr\/by-the-many-campaign\/#breadcrumb","itemListElement":[{"@type":"ListItem","position":1,"name":"Home","item":"https:\/\/euroalter.com\/fr\/"},{"@type":"ListItem","position":2,"name":"Campagne By The Many!"}]},{"@type":"WebSite","@id":"https:\/\/euroalter.com\/#website","url":"https:\/\/euroalter.com\/","name":"European Alternatives","description":"Democracy, Equality and Culture beyond the nation","potentialAction":[{"@type":"SearchAction","target":{"@type":"EntryPoint","urlTemplate":"https:\/\/euroalter.com\/?s={search_term_string}"},"query-input":{"@type":"PropertyValueSpecification","valueRequired":true,"valueName":"search_term_string"}}],"inLanguage":"fr-FR"}]}},"_links":{"self":[{"href":"https:\/\/euroalter.com\/fr\/wp-json\/wp\/v2\/pages\/25972","targetHints":{"allow":["GET"]}}],"collection":[{"href":"https:\/\/euroalter.com\/fr\/wp-json\/wp\/v2\/pages"}],"about":[{"href":"https:\/\/euroalter.com\/fr\/wp-json\/wp\/v2\/types\/page"}],"author":[{"embeddable":true,"href":"https:\/\/euroalter.com\/fr\/wp-json\/wp\/v2\/users\/8"}],"replies":[{"embeddable":true,"href":"https:\/\/euroalter.com\/fr\/wp-json\/wp\/v2\/comments?post=25972"}],"version-history":[{"count":5,"href":"https:\/\/euroalter.com\/fr\/wp-json\/wp\/v2\/pages\/25972\/revisions"}],"predecessor-version":[{"id":28013,"href":"https:\/\/euroalter.com\/fr\/wp-json\/wp\/v2\/pages\/25972\/revisions\/28013"}],"wp:attachment":[{"href":"https:\/\/euroalter.com\/fr\/wp-json\/wp\/v2\/media?parent=25972"}],"curies":[{"name":"wp","href":"https:\/\/api.w.org\/{rel}","templated":true}]}}