{"id":25734,"date":"2020-02-04T19:55:24","date_gmt":"2020-02-04T18:55:24","guid":{"rendered":"https:\/\/euroalter.com\/mission-and-values\/"},"modified":"2025-04-23T19:35:48","modified_gmt":"2025-04-23T17:35:48","slug":"mission-and-values","status":"publish","type":"page","link":"https:\/\/euroalter.com\/fr\/notre-histoire\/mission-and-values\/","title":{"rendered":"Mission &#038; valeurs"},"content":{"rendered":"\r\n<div class=\"wp-block-columns is-style-sixty-forty is-layout-flex wp-container-core-columns-is-layout-1 wp-block-columns-is-layout-flex\">\r\n\r\n\r\n<div class=\"wp-block-column is-layout-flow wp-block-column-is-layout-flow\">\r\n\r\n\r\n<p class=\"has-60-font-size\">European Alternatives \u0153uvre \u00e0 promouvoir la d\u00e9mocratie, l\u2019\u00e9galit\u00e9 et la culture au-del\u00e0 de l\u2019\u00c9tat-nation, en imaginant, revendiquant et mettant en \u0153uvre des alternatives pour un avenir viable.<\/p>\r\n\r\n\r\n<\/div>\r\n\r\n\r\n\r\n<div class=\"wp-block-column is-layout-flow wp-block-column-is-layout-flow\" style=\"flex-basis: 40%;\"><\/div>\r\n\r\n\r\n<\/div>\r\n\r\n\r\n\r\n<p class=\"has-60-font-size\">Nous poursuivons cette mission en :<\/p>\r\n\r\n\r\n\r\n<div class=\"wp-block-columns is-layout-flex wp-container-core-columns-is-layout-2 wp-block-columns-is-layout-flex\" style=\"margin-bottom: var(--wp--preset--spacing--80);\">\r\n\r\n\r\n<div class=\"wp-block-column is-layout-flow wp-block-column-is-layout-flow\">\r\n\r\n\r\n\r\n<span style=\"text-decoration: underline;\">Formulant<\/span> une vision radicale et \u00e0 long terme d\u2019une politique, d\u2019une soci\u00e9t\u00e9 et d\u2019une culture d\u00e9mocratiques, justes et ouvertes au-del\u00e0 de l\u2019\u00c9tat-nation \u2013 pour l\u2019Europe et pour le monde.\r\n\r\n\r\n\r\n<\/div>\r\n\r\n\r\n\r\n<div class=\"wp-block-column is-layout-flow wp-block-column-is-layout-flow\">\r\n\r\n\r\n\r\n<span style=\"text-decoration: underline;\">Exp\u00e9rimentant<\/span> de nouvelles formes d\u2019action qui contribuent \u00e0 une transformation en profondeur des institutions politiques, de la soci\u00e9t\u00e9, de l\u2019\u00e9conomie et des imaginaires.\r\n\r\n\r\n\r\n<\/div>\r\n\r\n\r\n\r\n<div class=\"wp-block-column is-layout-flow wp-block-column-is-layout-flow\">\r\n\r\n\r\n\r\n<span style=\"text-decoration: underline;\">Renfor\u00e7ant<\/span> les capacit\u00e9s, la conscience mutuelle et les connexions entre membres, militant\u00b7e\u00b7s et organisations partageant nos valeurs.\r\n\r\n\r\n\r\n<\/div>\r\n\r\n\r\n\r\n<div class=\"wp-block-column is-layout-flow wp-block-column-is-layout-flow\">\r\n\r\n\r\n\r\n<span style=\"text-decoration: underline;\">D\u00e9fendant et promouvant les droits<\/span>, humains, fondamentaux, civiques, d\u00e9mocratiques et sociaux, au-del\u00e0 des fronti\u00e8res.\r\n\r\n\r\n\r\n<\/div>\r\n\r\n\r\n<\/div>\r\n\r\n\r\n\r\n<h2 class=\"wp-block-heading\">Nos valeurs<\/h2>\r\n\r\n\r\n\r\n<p class=\"has-60-font-size\">Nos valeurs orientent la mani\u00e8re dont nous menons notre mission :<\/p>\r\n\r\n\r\n\r\n<div class=\"wp-block-columns is-layout-flex wp-container-core-columns-is-layout-3 wp-block-columns-is-layout-flex\">\r\n\r\n\r\n<div class=\"wp-block-column is-layout-flow wp-block-column-is-layout-flow\">\r\n\r\n\r\n\r\nTransnationales and locales : nous croyons que les initiatives locales et r\u00e9gionales gagnent \u00e0 d\u00e9passer les fronti\u00e8res et int\u00e9r\u00eats nationaux\r\n\r\n\r\n\r\n<\/div>\r\n\r\n\r\n\r\n<div class=\"wp-block-column is-layout-flow wp-block-column-is-layout-flow\">\r\n\r\n\r\n\r\nTransdisciplinaires : nous pensons que les alternatives \u00e9mergent \u00e0 l\u2019intersection des disciplines et se nourrissent d\u2019expertises et de points de vue vari\u00e9s\r\n\r\n\r\n\r\n<\/div>\r\n\r\n\r\n\r\n<div class=\"wp-block-column is-layout-flow wp-block-column-is-layout-flow\">\r\n\r\n\r\n\r\nCr\u00e9atives and exp\u00e9rimentales : nous croyons au pouvoir des arts et de la culture pour ouvrir les imaginaires, et \u00e0 la n\u00e9cessit\u00e9 d\u2019apprendre en agissant et en exp\u00e9rimentant.\r\n\r\n\r\n\r\n<\/div>\r\n\r\n\r\n\r\n<div class=\"wp-block-column is-layout-flow wp-block-column-is-layout-flow\">\r\n\r\n\r\n\r\nOuvertes, inclusives and f\u00e9ministes : nous d\u00e9fendons une soci\u00e9t\u00e9 culturellement ouverte et consid\u00e9rons la diversit\u00e9 comme une condition essentielle \u00e0 l\u2019\u00e9mergence d\u2019alternatives durables\r\n\r\n\r\n\r\n<\/div>\r\n\r\n\r\n<\/div>\r\n\r\n\r\n\r\n<div class=\"wp-block-columns is-layout-flex wp-container-core-columns-is-layout-4 wp-block-columns-is-layout-flex\">\r\n\r\n\r\n<div class=\"wp-block-column is-layout-flow wp-block-column-is-layout-flow\">\r\n\r\n\r\n\r\nResponsabilisantes et participatives : nous cr\u00e9ons des espaces pour que les citoyen\u00b7ne\u00b7s puissent se mettre en r\u00e9seau, co-cr\u00e9er et participer activement \u00e0 nos activit\u00e9s et \u00e9v\u00e9nements\r\n\r\n\r\n\r\n<\/div>\r\n\r\n\r\n\r\n<div class=\"wp-block-column is-layout-flow wp-block-column-is-layout-flow\">\r\n\r\n\r\n\r\nAnti-eurocentr\u00e9es : nous pensons qu\u2019impliquer d\u2019autres r\u00e9gions du monde dans nos r\u00e9flexions et actions est indispensable pour faire \u00e9merger de nouvelles alternatives\r\n\r\n\r\n\r\n<\/div>\r\n\r\n\r\n\r\n<div class=\"wp-block-column is-layout-flow wp-block-column-is-layout-flow\">\r\n\r\n\r\n\r\n\r\n\r\n<\/div>\r\n\r\n\r\n\r\n<div class=\"wp-block-column is-layout-flow wp-block-column-is-layout-flow\">\r\n\r\n\r\n\r\n\r\n\r\n<\/div>\r\n\r\n\r\n<\/div>\r\n","protected":false},"excerpt":{"rendered":"<p>European Alternatives \u0153uvre \u00e0 promouvoir la d\u00e9mocratie, l\u2019\u00e9galit\u00e9 et la culture au-del\u00e0 de l\u2019\u00c9tat-nation, en imaginant, revendiquant et mettant en \u0153uvre des alternatives pour un&hellip;<\/p>\n","protected":false},"author":4,"featured_media":0,"parent":26384,"menu_order":0,"comment_status":"closed","ping_status":"closed","template":"page-templates\/page-header-story.php","meta":{"_acf_changed":false,"footnotes":""},"class_list":["post-25734","page","type-page","status-publish","hentry"],"acf":[],"yoast_head":"<!-- This site is optimized with the Yoast SEO plugin v24.6 - https:\/\/yoast.com\/wordpress\/plugins\/seo\/ -->\n<title>Mission &amp; valeurs - European Alternatives<\/title>\n<meta name=\"robots\" content=\"index, follow, max-snippet:-1, max-image-preview:large, max-video-preview:-1\" \/>\n<link rel=\"canonical\" href=\"https:\/\/euroalter.com\/fr\/notre-histoire\/mission-and-values\/\" \/>\n<meta property=\"og:locale\" content=\"fr_FR\" \/>\n<meta property=\"og:type\" content=\"article\" \/>\n<meta property=\"og:title\" content=\"Mission &amp; valeurs - European Alternatives\" \/>\n<meta property=\"og:description\" content=\"European Alternatives \u0153uvre \u00e0 promouvoir la d\u00e9mocratie, l\u2019\u00e9galit\u00e9 et la culture au-del\u00e0 de l\u2019\u00c9tat-nation, en imaginant, revendiquant et mettant en \u0153uvre des alternatives pour un&hellip;\" \/>\n<meta property=\"og:url\" content=\"https:\/\/euroalter.com\/fr\/notre-histoire\/mission-and-values\/\" \/>\n<meta property=\"og:site_name\" content=\"European Alternatives\" \/>\n<meta property=\"article:modified_time\" content=\"2025-04-23T17:35:48+00:00\" \/>\n<meta name=\"twitter:card\" content=\"summary_large_image\" \/>\n<meta name=\"twitter:label1\" content=\"Est. reading time\" \/>\n\t<meta name=\"twitter:data1\" content=\"2 minutes\" \/>\n<script type=\"application\/ld+json\" class=\"yoast-schema-graph\">{\"@context\":\"https:\/\/schema.org\",\"@graph\":[{\"@type\":\"WebPage\",\"@id\":\"https:\/\/euroalter.com\/fr\/notre-histoire\/mission-and-values\/\",\"url\":\"https:\/\/euroalter.com\/fr\/notre-histoire\/mission-and-values\/\",\"name\":\"Mission & valeurs - European Alternatives\",\"isPartOf\":{\"@id\":\"https:\/\/euroalter.com\/#website\"},\"datePublished\":\"2020-02-04T18:55:24+00:00\",\"dateModified\":\"2025-04-23T17:35:48+00:00\",\"breadcrumb\":{\"@id\":\"https:\/\/euroalter.com\/fr\/notre-histoire\/mission-and-values\/#breadcrumb\"},\"inLanguage\":\"fr-FR\",\"potentialAction\":[{\"@type\":\"ReadAction\",\"target\":[\"https:\/\/euroalter.com\/fr\/notre-histoire\/mission-and-values\/\"]}]},{\"@type\":\"BreadcrumbList\",\"@id\":\"https:\/\/euroalter.com\/fr\/notre-histoire\/mission-and-values\/#breadcrumb\",\"itemListElement\":[{\"@type\":\"ListItem\",\"position\":1,\"name\":\"Home\",\"item\":\"https:\/\/euroalter.com\/fr\/\"},{\"@type\":\"ListItem\",\"position\":2,\"name\":\"Notre histoire\",\"item\":\"https:\/\/euroalter.com\/fr\/notre-histoire\/\"},{\"@type\":\"ListItem\",\"position\":3,\"name\":\"Mission &#038; valeurs\"}]},{\"@type\":\"WebSite\",\"@id\":\"https:\/\/euroalter.com\/#website\",\"url\":\"https:\/\/euroalter.com\/\",\"name\":\"European Alternatives\",\"description\":\"Democracy, Equality and Culture beyond the nation\",\"potentialAction\":[{\"@type\":\"SearchAction\",\"target\":{\"@type\":\"EntryPoint\",\"urlTemplate\":\"https:\/\/euroalter.com\/?s={search_term_string}\"},\"query-input\":{\"@type\":\"PropertyValueSpecification\",\"valueRequired\":true,\"valueName\":\"search_term_string\"}}],\"inLanguage\":\"fr-FR\"}]}<\/script>\n<!-- \/ Yoast SEO plugin. -->","yoast_head_json":{"title":"Mission & valeurs - European Alternatives","robots":{"index":"index","follow":"follow","max-snippet":"max-snippet:-1","max-image-preview":"max-image-preview:large","max-video-preview":"max-video-preview:-1"},"canonical":"https:\/\/euroalter.com\/fr\/notre-histoire\/mission-and-values\/","og_locale":"fr_FR","og_type":"article","og_title":"Mission & valeurs - European Alternatives","og_description":"European Alternatives \u0153uvre \u00e0 promouvoir la d\u00e9mocratie, l\u2019\u00e9galit\u00e9 et la culture au-del\u00e0 de l\u2019\u00c9tat-nation, en imaginant, revendiquant et mettant en \u0153uvre des alternatives pour un&hellip;","og_url":"https:\/\/euroalter.com\/fr\/notre-histoire\/mission-and-values\/","og_site_name":"European Alternatives","article_modified_time":"2025-04-23T17:35:48+00:00","twitter_card":"summary_large_image","twitter_misc":{"Est. reading time":"2 minutes"},"schema":{"@context":"https:\/\/schema.org","@graph":[{"@type":"WebPage","@id":"https:\/\/euroalter.com\/fr\/notre-histoire\/mission-and-values\/","url":"https:\/\/euroalter.com\/fr\/notre-histoire\/mission-and-values\/","name":"Mission & valeurs - European Alternatives","isPartOf":{"@id":"https:\/\/euroalter.com\/#website"},"datePublished":"2020-02-04T18:55:24+00:00","dateModified":"2025-04-23T17:35:48+00:00","breadcrumb":{"@id":"https:\/\/euroalter.com\/fr\/notre-histoire\/mission-and-values\/#breadcrumb"},"inLanguage":"fr-FR","potentialAction":[{"@type":"ReadAction","target":["https:\/\/euroalter.com\/fr\/notre-histoire\/mission-and-values\/"]}]},{"@type":"BreadcrumbList","@id":"https:\/\/euroalter.com\/fr\/notre-histoire\/mission-and-values\/#breadcrumb","itemListElement":[{"@type":"ListItem","position":1,"name":"Home","item":"https:\/\/euroalter.com\/fr\/"},{"@type":"ListItem","position":2,"name":"Notre histoire","item":"https:\/\/euroalter.com\/fr\/notre-histoire\/"},{"@type":"ListItem","position":3,"name":"Mission &#038; valeurs"}]},{"@type":"WebSite","@id":"https:\/\/euroalter.com\/#website","url":"https:\/\/euroalter.com\/","name":"European Alternatives","description":"Democracy, Equality and Culture beyond the nation","potentialAction":[{"@type":"SearchAction","target":{"@type":"EntryPoint","urlTemplate":"https:\/\/euroalter.com\/?s={search_term_string}"},"query-input":{"@type":"PropertyValueSpecification","valueRequired":true,"valueName":"search_term_string"}}],"inLanguage":"fr-FR"}]}},"_links":{"self":[{"href":"https:\/\/euroalter.com\/fr\/wp-json\/wp\/v2\/pages\/25734","targetHints":{"allow":["GET"]}}],"collection":[{"href":"https:\/\/euroalter.com\/fr\/wp-json\/wp\/v2\/pages"}],"about":[{"href":"https:\/\/euroalter.com\/fr\/wp-json\/wp\/v2\/types\/page"}],"author":[{"embeddable":true,"href":"https:\/\/euroalter.com\/fr\/wp-json\/wp\/v2\/users\/4"}],"replies":[{"embeddable":true,"href":"https:\/\/euroalter.com\/fr\/wp-json\/wp\/v2\/comments?post=25734"}],"version-history":[{"count":4,"href":"https:\/\/euroalter.com\/fr\/wp-json\/wp\/v2\/pages\/25734\/revisions"}],"predecessor-version":[{"id":28038,"href":"https:\/\/euroalter.com\/fr\/wp-json\/wp\/v2\/pages\/25734\/revisions\/28038"}],"up":[{"embeddable":true,"href":"https:\/\/euroalter.com\/fr\/wp-json\/wp\/v2\/pages\/26384"}],"wp:attachment":[{"href":"https:\/\/euroalter.com\/fr\/wp-json\/wp\/v2\/media?parent=25734"}],"curies":[{"name":"wp","href":"https:\/\/api.w.org\/{rel}","templated":true}]}}