{"id":22750,"date":"2023-07-03T15:57:01","date_gmt":"2023-07-03T13:57:01","guid":{"rendered":"https:\/\/euroalter.local\/home\/"},"modified":"2025-12-09T16:06:50","modified_gmt":"2025-12-09T15:06:50","slug":"home","status":"publish","type":"page","link":"https:\/\/euroalter.com\/fr\/","title":{"rendered":"Accueil"},"content":{"rendered":"\n<h1 class=\"wp-block-heading has-background-color has-text-color has-link-color has-90-font-size wp-elements-b5addea7cf278b582bd9cbfb0dc18090\" style=\"margin-bottom:0\"><a href=\"https:\/\/euroalter.com\/fr\/notre-histoire\/mission-and-values\/\">Imaginer\nDemander\nMettre en \u0153uvre<\/a><\/h1>\n\n\n\n<p class=\"has-background-color has-text-color has-link-color has-60-font-size wp-elements-689b7d21b549e10caeb34e4a25d777d2\" style=\"margin-top:var(--wp--preset--spacing--40);margin-bottom:var(--wp--preset--spacing--40)\">European Alternatives \u0153uvre \u00e0 promouvoir la d\u00e9mocratie, l\u2019\u00e9galit\u00e9 et la culture au-del\u00e0 de l\u2019\u00c9tat-nation et \u00e0 imaginer, exiger et mettre en \u0153uvre des alternatives pour un avenir viable.<\/p>\n","protected":false},"excerpt":{"rendered":"<p>Imaginer Demander Mettre en \u0153uvre European Alternatives \u0153uvre \u00e0 promouvoir la d\u00e9mocratie, l\u2019\u00e9galit\u00e9 et la culture au-del\u00e0 de l\u2019\u00c9tat-nation et \u00e0 imaginer, exiger et mettre&hellip;<\/p>\n","protected":false},"author":3,"featured_media":21981,"parent":0,"menu_order":0,"comment_status":"closed","ping_status":"closed","template":"page-templates\/page-home.php","meta":{"_acf_changed":false,"footnotes":""},"class_list":["post-22750","page","type-page","status-publish","has-post-thumbnail","hentry"],"acf":[],"yoast_head":"<!-- This site is optimized with the Yoast SEO plugin v24.6 - https:\/\/yoast.com\/wordpress\/plugins\/seo\/ -->\n<title>Accueil - European Alternatives<\/title>\n<meta name=\"description\" content=\"\u0152uvrer \u00e0 la promotion de la d\u00e9mocratie, de l&#039;\u00e9galit\u00e9 et de la culture au-del\u00e0 de la nation.\" \/>\n<meta name=\"robots\" content=\"index, follow, max-snippet:-1, max-image-preview:large, max-video-preview:-1\" \/>\n<link rel=\"canonical\" href=\"https:\/\/euroalter.com\/fr\/\" \/>\n<meta property=\"og:locale\" content=\"fr_FR\" \/>\n<meta property=\"og:type\" content=\"article\" \/>\n<meta property=\"og:title\" content=\"Alternatives europ\u00e9ennes\" \/>\n<meta property=\"og:description\" content=\"\u0152uvrer \u00e0 la promotion de la d\u00e9mocratie, de l&#039;\u00e9galit\u00e9 et de la culture au-del\u00e0 de la nation.\" \/>\n<meta property=\"og:url\" content=\"https:\/\/euroalter.com\/fr\/\" \/>\n<meta property=\"og:site_name\" content=\"European Alternatives\" \/>\n<meta property=\"article:modified_time\" content=\"2025-12-09T15:06:50+00:00\" \/>\n<meta property=\"og:image\" content=\"https:\/\/euroalter.com\/wp-content\/uploads\/2020\/03\/facebook.png\" \/>\n<meta name=\"twitter:card\" content=\"summary_large_image\" \/>\n<meta name=\"twitter:title\" content=\"Alternatives europ\u00e9ennes\" \/>\n<meta name=\"twitter:description\" content=\"\u0152uvrer \u00e0 la promotion de la d\u00e9mocratie, de l&#039;\u00e9galit\u00e9 et de la culture au-del\u00e0 de la nation.\" \/>\n<meta name=\"twitter:image\" content=\"https:\/\/euroalter.com\/wp-content\/uploads\/2020\/03\/twitter.png\" \/>\n<script type=\"application\/ld+json\" class=\"yoast-schema-graph\">{\"@context\":\"https:\/\/schema.org\",\"@graph\":[{\"@type\":\"WebPage\",\"@id\":\"https:\/\/euroalter.com\/fr\/\",\"url\":\"https:\/\/euroalter.com\/fr\/\",\"name\":\"Accueil - European Alternatives\",\"isPartOf\":{\"@id\":\"https:\/\/euroalter.com\/#website\"},\"primaryImageOfPage\":{\"@id\":\"https:\/\/euroalter.com\/fr\/#primaryimage\"},\"image\":{\"@id\":\"https:\/\/euroalter.com\/fr\/#primaryimage\"},\"thumbnailUrl\":\"https:\/\/euroalter.com\/wp-content\/uploads\/2020\/03\/twitter.png\",\"datePublished\":\"2023-07-03T13:57:01+00:00\",\"dateModified\":\"2025-12-09T15:06:50+00:00\",\"description\":\"\u0152uvrer \u00e0 la promotion de la d\u00e9mocratie, de l'\u00e9galit\u00e9 et de la culture au-del\u00e0 de la nation.\",\"breadcrumb\":{\"@id\":\"https:\/\/euroalter.com\/fr\/#breadcrumb\"},\"inLanguage\":\"fr-FR\",\"potentialAction\":[{\"@type\":\"ReadAction\",\"target\":[\"https:\/\/euroalter.com\/fr\/\"]}]},{\"@type\":\"ImageObject\",\"inLanguage\":\"fr-FR\",\"@id\":\"https:\/\/euroalter.com\/fr\/#primaryimage\",\"url\":\"https:\/\/euroalter.com\/wp-content\/uploads\/2020\/03\/twitter.png\",\"contentUrl\":\"https:\/\/euroalter.com\/wp-content\/uploads\/2020\/03\/twitter.png\",\"width\":1024,\"height\":512},{\"@type\":\"BreadcrumbList\",\"@id\":\"https:\/\/euroalter.com\/fr\/#breadcrumb\",\"itemListElement\":[{\"@type\":\"ListItem\",\"position\":1,\"name\":\"Home\",\"item\":\"https:\/\/euroalter.com\/fr\/\"},{\"@type\":\"ListItem\",\"position\":2,\"name\":\"Accueil\"}]},{\"@type\":\"WebSite\",\"@id\":\"https:\/\/euroalter.com\/#website\",\"url\":\"https:\/\/euroalter.com\/\",\"name\":\"European Alternatives\",\"description\":\"Democracy, Equality and Culture beyond the nation\",\"potentialAction\":[{\"@type\":\"SearchAction\",\"target\":{\"@type\":\"EntryPoint\",\"urlTemplate\":\"https:\/\/euroalter.com\/?s={search_term_string}\"},\"query-input\":{\"@type\":\"PropertyValueSpecification\",\"valueRequired\":true,\"valueName\":\"search_term_string\"}}],\"inLanguage\":\"fr-FR\"}]}<\/script>\n<!-- \/ Yoast SEO plugin. -->","yoast_head_json":{"title":"Accueil - European Alternatives","description":"\u0152uvrer \u00e0 la promotion de la d\u00e9mocratie, de l'\u00e9galit\u00e9 et de la culture au-del\u00e0 de la nation.","robots":{"index":"index","follow":"follow","max-snippet":"max-snippet:-1","max-image-preview":"max-image-preview:large","max-video-preview":"max-video-preview:-1"},"canonical":"https:\/\/euroalter.com\/fr\/","og_locale":"fr_FR","og_type":"article","og_title":"Alternatives europ\u00e9ennes","og_description":"\u0152uvrer \u00e0 la promotion de la d\u00e9mocratie, de l'\u00e9galit\u00e9 et de la culture au-del\u00e0 de la nation.","og_url":"https:\/\/euroalter.com\/fr\/","og_site_name":"European Alternatives","article_modified_time":"2025-12-09T15:06:50+00:00","og_image":[{"url":"https:\/\/euroalter.com\/wp-content\/uploads\/2020\/03\/facebook.png","type":"","width":"","height":""}],"twitter_card":"summary_large_image","twitter_title":"Alternatives europ\u00e9ennes","twitter_description":"\u0152uvrer \u00e0 la promotion de la d\u00e9mocratie, de l'\u00e9galit\u00e9 et de la culture au-del\u00e0 de la nation.","twitter_image":"https:\/\/euroalter.com\/wp-content\/uploads\/2020\/03\/twitter.png","schema":{"@context":"https:\/\/schema.org","@graph":[{"@type":"WebPage","@id":"https:\/\/euroalter.com\/fr\/","url":"https:\/\/euroalter.com\/fr\/","name":"Accueil - European Alternatives","isPartOf":{"@id":"https:\/\/euroalter.com\/#website"},"primaryImageOfPage":{"@id":"https:\/\/euroalter.com\/fr\/#primaryimage"},"image":{"@id":"https:\/\/euroalter.com\/fr\/#primaryimage"},"thumbnailUrl":"https:\/\/euroalter.com\/wp-content\/uploads\/2020\/03\/twitter.png","datePublished":"2023-07-03T13:57:01+00:00","dateModified":"2025-12-09T15:06:50+00:00","description":"\u0152uvrer \u00e0 la promotion de la d\u00e9mocratie, de l'\u00e9galit\u00e9 et de la culture au-del\u00e0 de la nation.","breadcrumb":{"@id":"https:\/\/euroalter.com\/fr\/#breadcrumb"},"inLanguage":"fr-FR","potentialAction":[{"@type":"ReadAction","target":["https:\/\/euroalter.com\/fr\/"]}]},{"@type":"ImageObject","inLanguage":"fr-FR","@id":"https:\/\/euroalter.com\/fr\/#primaryimage","url":"https:\/\/euroalter.com\/wp-content\/uploads\/2020\/03\/twitter.png","contentUrl":"https:\/\/euroalter.com\/wp-content\/uploads\/2020\/03\/twitter.png","width":1024,"height":512},{"@type":"BreadcrumbList","@id":"https:\/\/euroalter.com\/fr\/#breadcrumb","itemListElement":[{"@type":"ListItem","position":1,"name":"Home","item":"https:\/\/euroalter.com\/fr\/"},{"@type":"ListItem","position":2,"name":"Accueil"}]},{"@type":"WebSite","@id":"https:\/\/euroalter.com\/#website","url":"https:\/\/euroalter.com\/","name":"European Alternatives","description":"Democracy, Equality and Culture beyond the nation","potentialAction":[{"@type":"SearchAction","target":{"@type":"EntryPoint","urlTemplate":"https:\/\/euroalter.com\/?s={search_term_string}"},"query-input":{"@type":"PropertyValueSpecification","valueRequired":true,"valueName":"search_term_string"}}],"inLanguage":"fr-FR"}]}},"_links":{"self":[{"href":"https:\/\/euroalter.com\/fr\/wp-json\/wp\/v2\/pages\/22750","targetHints":{"allow":["GET"]}}],"collection":[{"href":"https:\/\/euroalter.com\/fr\/wp-json\/wp\/v2\/pages"}],"about":[{"href":"https:\/\/euroalter.com\/fr\/wp-json\/wp\/v2\/types\/page"}],"author":[{"embeddable":true,"href":"https:\/\/euroalter.com\/fr\/wp-json\/wp\/v2\/users\/3"}],"replies":[{"embeddable":true,"href":"https:\/\/euroalter.com\/fr\/wp-json\/wp\/v2\/comments?post=22750"}],"version-history":[{"count":7,"href":"https:\/\/euroalter.com\/fr\/wp-json\/wp\/v2\/pages\/22750\/revisions"}],"predecessor-version":[{"id":29972,"href":"https:\/\/euroalter.com\/fr\/wp-json\/wp\/v2\/pages\/22750\/revisions\/29972"}],"wp:featuredmedia":[{"embeddable":true,"href":"https:\/\/euroalter.com\/fr\/wp-json\/wp\/v2\/media\/21981"}],"wp:attachment":[{"href":"https:\/\/euroalter.com\/fr\/wp-json\/wp\/v2\/media?parent=22750"}],"curies":[{"name":"wp","href":"https:\/\/api.w.org\/{rel}","templated":true}]}}